{"id":899,"date":"2015-12-02T10:34:15","date_gmt":"2015-12-02T10:34:15","guid":{"rendered":"http:\/\/logistics.stylemixthemes.com\/demo\/?page_id=899"},"modified":"2018-10-11T07:09:06","modified_gmt":"2018-10-11T09:09:06","slug":"uzklausa","status":"publish","type":"page","link":"https:\/\/rdksolutions.eu\/ru\/uzklausa\/","title":{"rendered":"\u0437\u0430\u043a\u0430\u0437"},"content":{"rendered":"<p>[vc_row css=&#187;.vc_custom_1449205477020{margin-bottom: 60px !important;}&#187;][vc_column][vc_custom_heading text=&#187;\u0417\u0430\u043f\u043e\u043b\u043d\u0438\u0442\u0435 \u0437\u0430\u044f\u0432\u043a\u0443 \u0438\u043b\u0438 \u0437\u0430\u043f\u0440\u043e\u0441. \u041c\u044b \u0441\u0432\u044f\u0436\u0435\u043c\u0441\u044f \u0441 \u0412\u0430\u043c\u0438.&#187; font_container=&#187;tag:h4|text_align:left&#187; use_theme_fonts=&#187;yes&#187;][vc_empty_space]\n<div class=\"wpcf7 no-js\" id=\"wpcf7-f3461-o3\" lang=\"en-US\" dir=\"ltr\">\n<div class=\"screen-reader-response\"><p role=\"status\" aria-live=\"polite\" aria-atomic=\"true\"><\/p> <ul><\/ul><\/div>\n<form action=\"\/ru\/wp-json\/wp\/v2\/pages\/899#wpcf7-f3461-o3\" method=\"post\" class=\"wpcf7-form init\" aria-label=\"Contact form\" novalidate=\"novalidate\" data-status=\"init\">\n<div style=\"display: none;\">\n<input type=\"hidden\" name=\"_wpcf7\" value=\"3461\" \/>\n<input type=\"hidden\" name=\"_wpcf7_version\" value=\"5.7.7\" \/>\n<input type=\"hidden\" name=\"_wpcf7_locale\" value=\"en_US\" \/>\n<input type=\"hidden\" name=\"_wpcf7_unit_tag\" value=\"wpcf7-f3461-o3\" \/>\n<input type=\"hidden\" name=\"_wpcf7_container_post\" value=\"0\" \/>\n<input type=\"hidden\" name=\"_wpcf7_posted_data_hash\" value=\"\" \/>\n<\/div>\n<div class=\"request_quote\">\n\t<div class=\"row\">\n\t\t<div class=\"col-lg-6 col-md-6 col-sm-6 col-xs-12\">\n\t\t\t<div class=\"input-group\">\n\t\t\t\t<p><span class=\"wpcf7-form-control-wrap\" data-name=\"freight_type\"><select class=\"wpcf7-form-control wpcf7-select\" aria-invalid=\"false\" name=\"freight_type\"><option value=\"\">\u0422\u0438\u043f \u0433\u0440\u0443\u0437\u0430<\/option><option value=\"\u041f\u043e\u043b\u043d\u044b\u0439 \u0433\u0440\u0443\u0437\">\u041f\u043e\u043b\u043d\u044b\u0439 \u0433\u0440\u0443\u0437<\/option><option value=\"\u0427\u0430\u0441\u0442\u0438\u0447\u043d\u044b\u0439 \u0433\u0440\u0443\u0437\">\u0427\u0430\u0441\u0442\u0438\u0447\u043d\u044b\u0439 \u0433\u0440\u0443\u0437<\/option><\/select><\/span>\n\t\t\t\t<\/p>\n\t\t\t<\/div>\n\t\t\t<div class=\"input-group\">\n\t\t\t\t<p><span class=\"wpcf7-form-control-wrap\" data-name=\"departure_city\"><input size=\"40\" class=\"wpcf7-form-control wpcf7-text wpcf7-validates-as-required\" aria-required=\"true\" aria-invalid=\"false\" placeholder=\"\u041c\u0435\u0441\u0442\u0430 \u0437\u0430\u0433\u0440\u0443\u0437\u043a\u0438\" value=\"\" type=\"text\" name=\"departure_city\" \/><\/span>\n\t\t\t\t<\/p>\n\t\t\t<\/div>\n\t\t\t<div class=\"input-group\">\n\t\t\t\t<p><span class=\"wpcf7-form-control-wrap\" data-name=\"delivery_city\"><input size=\"40\" class=\"wpcf7-form-control wpcf7-text\" aria-invalid=\"false\" placeholder=\"\u041c\u0435\u0441\u0442\u0430 \u0440\u0430\u0437\u0433\u0440\u0443\u0437\u043a\u0438\" value=\"\" type=\"text\" name=\"delivery_city\" \/><\/span>\n\t\t\t\t<\/p>\n\t\t\t<\/div>\n\t\t\t<div class=\"input-group\">\n\t\t\t\t<p><span class=\"wpcf7-form-control-wrap\" data-name=\"total_weight\"><input size=\"40\" class=\"wpcf7-form-control wpcf7-text\" aria-invalid=\"false\" placeholder=\"\u041f\u043e\u043b\u043d\u044b\u0439 \u0432\u0435\u0441 Gross, \u043a\u0433\" value=\"\" type=\"text\" name=\"total_weight\" \/><\/span>\n\t\t\t\t<\/p>\n\t\t\t<\/div>\n\t\t<\/div>\n\t\t<div class=\"col-lg-6 col-md-6 col-sm-6 col-xs-12\">\n\t\t\t<div class=\"input-group\">\n\t\t\t\t<p><span class=\"wpcf7-form-control-wrap\" data-name=\"dimension\"><input size=\"40\" class=\"wpcf7-form-control wpcf7-text\" aria-invalid=\"false\" placeholder=\"\u041e\u0431\u044a\u0435\u043c\u044b\" value=\"\" type=\"text\" name=\"dimension\" \/><\/span>\n\t\t\t\t<\/p>\n\t\t\t<\/div>\n\t\t\t<div class=\"input-group\">\n\t\t\t\t<p><span class=\"wpcf7-form-control-wrap\" data-name=\"email\"><input size=\"40\" class=\"wpcf7-form-control wpcf7-text wpcf7-email wpcf7-validates-as-required wpcf7-validates-as-email\" aria-required=\"true\" aria-invalid=\"false\" placeholder=\"\u042d\u043b. \u043f\u043e\u0447\u0442\u0430\" value=\"\" type=\"email\" name=\"email\" \/><\/span>\n\t\t\t\t<\/p>\n\t\t\t<\/div>\n\t\t\t<div class=\"input-group\">\n\t\t\t\t<p><span class=\"wpcf7-form-control-wrap\" data-name=\"message\"><textarea cols=\"40\" rows=\"10\" class=\"wpcf7-form-control wpcf7-textarea\" aria-invalid=\"false\" placeholder=\"\u0421\u043e\u043e\u0431\u0449\u0435\u043d\u0438\u0435\" name=\"message\"><\/textarea><\/span>\n\t\t\t\t<\/p>\n\t\t\t<\/div>\n\t\t\t<div class=\"input-group\">\n\t\t\t\t<p><button class=\"button size-sm fullwidth white-text theme-wpcf7-submit\">\u041e\u0442\u043f\u0440\u0430\u0432\u0438\u0442\u044c <i class=\"stm-arrow-next\"><\/i><\/button>\n\t\t\t\t<\/p>\n\t\t\t<\/div>\n\t\t<\/div>\n\t<\/div>\n<\/div><div class=\"wpcf7-response-output\" aria-hidden=\"true\"><\/div>\n<\/form>\n<\/div>\n[\/vc_column][\/vc_row][vc_row full_width=&#187;stretch_row_content&#187; equal_height=&#187;yes&#187; css=&#187;.vc_custom_1509373890980{margin-bottom: 0px !important;border-bottom-width: 0px !important;}&#187; el_class=&#187;baltai_tekstas&#187;][vc_column width=&#187;1\/3&#8243; css=&#187;.vc_custom_1539248926646{padding-top: 70px !important;padding-bottom: 70px !important;background-color: #ff9533 !important;}&#187;][stm_icon icon_size=&#187;67&#8243; icon_height=&#187;90&#8243; title_font_size=&#187;24&#8243; title_font_weight=&#187;700&#8243; align=&#187;center&#187; icon=&#187;stm-security&#187; title=&#187;\u0421\u041e\u0425\u0420\u0410\u041d\u041d\u041e\u0421\u0422\u042c&#187; icon_color=&#187;#ffffff&#187; title_color=&#187;#ffffff&#187; text_color=&#187;#ffffff&#187; css=&#187;.vc_custom_1511111379194{padding-right: 30px !important;padding-left: 30px !important;}&#187;][\/vc_column][vc_column width=&#187;1\/3&#8243; css=&#187;.vc_custom_1539248899473{padding-top: 70px !important;padding-bottom: 70px !important;background-color: #ff881a !important;}&#187;][stm_icon icon_size=&#187;67&#8243; icon_height=&#187;90&#8243; title_font_size=&#187;24&#8243; title_font_weight=&#187;700&#8243; align=&#187;center&#187; icon=&#187;stm-fast-delivery&#187; title=&#187;\u0421\u041a\u041e\u0420\u041e\u0421\u0422\u042c&#187; icon_color=&#187;#ffffff&#187; title_color=&#187;#ffffff&#187; text_color=&#187;#ffffff&#187; css=&#187;.vc_custom_1511111390884{padding-right: 30px !important;padding-left: 30px !important;}&#187;][\/vc_column][vc_column width=&#187;1\/3&#8243; css=&#187;.vc_custom_1539248854623{padding-top: 70px !important;padding-bottom: 70px !important;background-color: #ff7b00 !important;}&#187;][stm_icon icon_size=&#187;67&#8243; icon_height=&#187;90&#8243; title_font_size=&#187;24&#8243; title_font_weight=&#187;700&#8243; align=&#187;center&#187; icon=&#187;fa fa-mobile&#187; title=&#187;\u041f\u041e\u0414\u0414\u0415\u0420\u0416\u041a\u0410&#187; icon_color=&#187;#ffffff&#187; title_color=&#187;#ffffff&#187; text_color=&#187;#ffffff&#187; css=&#187;.vc_custom_1511111404325{padding-right: 30px !important;padding-left: 30px !important;}&#187;][\/vc_column][\/vc_row]<\/p>","protected":false},"excerpt":{"rendered":"<p>[vc_row css=&#187;.vc_custom_1449205477020{margin-bottom: 60px !important;}&#187;][vc_column][vc_custom_heading text=&#187;\u0417\u0430\u043f\u043e\u043b\u043d\u0438\u0442\u0435 \u0437\u0430\u044f\u0432\u043a\u0443 \u0438\u043b\u0438 \u0437\u0430\u043f\u0440\u043e\u0441. \u041c\u044b \u0441\u0432\u044f\u0436\u0435\u043c\u0441\u044f \u0441 \u0412\u0430\u043c\u0438.&#187; font_container=&#187;tag:h4|text_align:left&#187; use_theme_fonts=&#187;yes&#187;][vc_empty_space][\/vc_column][\/vc_row][vc_row full_width=&#187;stretch_row_content&#187; equal_height=&#187;yes&#187; css=&#187;.vc_custom_1509373890980{margin-bottom: 0px !important;border-bottom-width: 0px !important;}&#187; el_class=&#187;baltai_tekstas&#187;][vc_column width=&#187;1\/3&#8243; css=&#187;.vc_custom_1539248926646{padding-top: 70px !important;padding-bottom: 70px !important;background-color: #ff9533 !important;}&#187;][stm_icon icon_size=&#187;67&#8243; icon_height=&#187;90&#8243; title_font_size=&#187;24&#8243;&#8230;<\/p>\n","protected":false},"author":1,"featured_media":0,"parent":0,"menu_order":0,"comment_status":"closed","ping_status":"closed","template":"","meta":[],"yoast_head":"<!-- This site is optimized with the Yoast SEO plugin v21.1 - https:\/\/yoast.com\/wordpress\/plugins\/seo\/ -->\n<title>\u0437\u0430\u043a\u0430\u0437 - www.rdksolutions.eu<\/title>\n<meta name=\"robots\" content=\"index, follow, max-snippet:-1, max-image-preview:large, max-video-preview:-1\" \/>\n<link rel=\"canonical\" href=\"https:\/\/rdksolutions.eu\/pl\/uzklausa\/\" \/>\n<meta property=\"og:locale\" content=\"ru_RU\" \/>\n<meta property=\"og:type\" content=\"article\" \/>\n<meta property=\"og:title\" content=\"\u0437\u0430\u043a\u0430\u0437 - www.rdksolutions.eu\" \/>\n<meta property=\"og:description\" content=\"[vc_row css=&#187;.vc_custom_1449205477020{margin-bottom: 60px !important;}&#187;][vc_column][vc_custom_heading text=&#187;\u0417\u0430\u043f\u043e\u043b\u043d\u0438\u0442\u0435 \u0437\u0430\u044f\u0432\u043a\u0443 \u0438\u043b\u0438 \u0437\u0430\u043f\u0440\u043e\u0441. \u041c\u044b \u0441\u0432\u044f\u0436\u0435\u043c\u0441\u044f \u0441 \u0412\u0430\u043c\u0438.&#187; font_container=&#187;tag:h4|text_align:left&#187; use_theme_fonts=&#187;yes&#187;][vc_empty_space][\/vc_column][\/vc_row][vc_row full_width=&#187;stretch_row_content&#187; equal_height=&#187;yes&#187; css=&#187;.vc_custom_1509373890980{margin-bottom: 0px !important;border-bottom-width: 0px !important;}&#187; el_class=&#187;baltai_tekstas&#187;][vc_column width=&#187;1\/3&#8243; css=&#187;.vc_custom_1539248926646{padding-top: 70px !important;padding-bottom: 70px !important;background-color: #ff9533 !important;}&#187;][stm_icon icon_size=&#187;67&#8243; icon_height=&#187;90&#8243; title_font_size=&#187;24&#8243;...\" \/>\n<meta property=\"og:url\" content=\"https:\/\/rdksolutions.eu\/pl\/uzklausa\/\" \/>\n<meta property=\"og:site_name\" content=\"www.rdksolutions.eu\" \/>\n<meta property=\"article:modified_time\" content=\"2018-10-11T09:09:06+00:00\" \/>\n<meta name=\"twitter:card\" content=\"summary_large_image\" \/>\n<meta name=\"twitter:label1\" content=\"\u041f\u0440\u0438\u043c\u0435\u0440\u043d\u043e\u0435 \u0432\u0440\u0435\u043c\u044f \u0434\u043b\u044f \u0447\u0442\u0435\u043d\u0438\u044f\" \/>\n\t<meta name=\"twitter:data1\" content=\"5 \u043c\u0438\u043d\u0443\u0442\" \/>\n<script type=\"application\/ld+json\" class=\"yoast-schema-graph\">{\"@context\":\"https:\/\/schema.org\",\"@graph\":[{\"@type\":\"WebPage\",\"@id\":\"https:\/\/rdksolutions.eu\/pl\/uzklausa\/\",\"url\":\"https:\/\/rdksolutions.eu\/pl\/uzklausa\/\",\"name\":\"\u0437\u0430\u043a\u0430\u0437 - www.rdksolutions.eu\",\"isPartOf\":{\"@id\":\"https:\/\/rdksolutions.eu\/pl\/#website\"},\"datePublished\":\"2015-12-02T10:34:15+00:00\",\"dateModified\":\"2018-10-11T09:09:06+00:00\",\"breadcrumb\":{\"@id\":\"https:\/\/rdksolutions.eu\/pl\/uzklausa\/#breadcrumb\"},\"inLanguage\":\"ru-RU\",\"potentialAction\":[{\"@type\":\"ReadAction\",\"target\":[\"https:\/\/rdksolutions.eu\/pl\/uzklausa\/\"]}]},{\"@type\":\"BreadcrumbList\",\"@id\":\"https:\/\/rdksolutions.eu\/pl\/uzklausa\/#breadcrumb\",\"itemListElement\":[{\"@type\":\"ListItem\",\"position\":1,\"name\":\"Home\",\"item\":\"https:\/\/rdksolutions.eu\/\"},{\"@type\":\"ListItem\",\"position\":2,\"name\":\"Pro\u015bba o us\u0142ug\u0119\"}]},{\"@type\":\"WebSite\",\"@id\":\"https:\/\/rdksolutions.eu\/pl\/#website\",\"url\":\"https:\/\/rdksolutions.eu\/pl\/\",\"name\":\"www.rdksolutions.eu\",\"description\":\"Logistikos paslaugos - RDK Solutions\",\"publisher\":{\"@id\":\"https:\/\/rdksolutions.eu\/pl\/#organization\"},\"potentialAction\":[{\"@type\":\"SearchAction\",\"target\":{\"@type\":\"EntryPoint\",\"urlTemplate\":\"https:\/\/rdksolutions.eu\/pl\/?s={search_term_string}\"},\"query-input\":\"required name=search_term_string\"}],\"inLanguage\":\"ru-RU\"},{\"@type\":\"Organization\",\"@id\":\"https:\/\/rdksolutions.eu\/pl\/#organization\",\"name\":\"UAB \\\"RDK Solutions\\\"\",\"url\":\"https:\/\/rdksolutions.eu\/pl\/\",\"logo\":{\"@type\":\"ImageObject\",\"inLanguage\":\"ru-RU\",\"@id\":\"https:\/\/rdksolutions.eu\/pl\/#\/schema\/logo\/image\/\",\"url\":\"https:\/\/rdksolutions.eu\/wp-content\/uploads\/2017\/10\/logo_png_www.rdksolutions.eu_.png\",\"contentUrl\":\"https:\/\/rdksolutions.eu\/wp-content\/uploads\/2017\/10\/logo_png_www.rdksolutions.eu_.png\",\"width\":200,\"height\":90,\"caption\":\"UAB \\\"RDK Solutions\\\"\"},\"image\":{\"@id\":\"https:\/\/rdksolutions.eu\/pl\/#\/schema\/logo\/image\/\"}}]}<\/script>\n<!-- \/ Yoast SEO plugin. -->","yoast_head_json":{"title":"\u0437\u0430\u043a\u0430\u0437 - www.rdksolutions.eu","robots":{"index":"index","follow":"follow","max-snippet":"max-snippet:-1","max-image-preview":"max-image-preview:large","max-video-preview":"max-video-preview:-1"},"canonical":"https:\/\/rdksolutions.eu\/pl\/uzklausa\/","og_locale":"ru_RU","og_type":"article","og_title":"\u0437\u0430\u043a\u0430\u0437 - www.rdksolutions.eu","og_description":"[vc_row css=&#187;.vc_custom_1449205477020{margin-bottom: 60px !important;}&#187;][vc_column][vc_custom_heading text=&#187;\u0417\u0430\u043f\u043e\u043b\u043d\u0438\u0442\u0435 \u0437\u0430\u044f\u0432\u043a\u0443 \u0438\u043b\u0438 \u0437\u0430\u043f\u0440\u043e\u0441. \u041c\u044b \u0441\u0432\u044f\u0436\u0435\u043c\u0441\u044f \u0441 \u0412\u0430\u043c\u0438.&#187; font_container=&#187;tag:h4|text_align:left&#187; use_theme_fonts=&#187;yes&#187;][vc_empty_space][\/vc_column][\/vc_row][vc_row full_width=&#187;stretch_row_content&#187; equal_height=&#187;yes&#187; css=&#187;.vc_custom_1509373890980{margin-bottom: 0px !important;border-bottom-width: 0px !important;}&#187; el_class=&#187;baltai_tekstas&#187;][vc_column width=&#187;1\/3&#8243; css=&#187;.vc_custom_1539248926646{padding-top: 70px !important;padding-bottom: 70px !important;background-color: #ff9533 !important;}&#187;][stm_icon icon_size=&#187;67&#8243; icon_height=&#187;90&#8243; title_font_size=&#187;24&#8243;...","og_url":"https:\/\/rdksolutions.eu\/pl\/uzklausa\/","og_site_name":"www.rdksolutions.eu","article_modified_time":"2018-10-11T09:09:06+00:00","twitter_card":"summary_large_image","twitter_misc":{"\u041f\u0440\u0438\u043c\u0435\u0440\u043d\u043e\u0435 \u0432\u0440\u0435\u043c\u044f \u0434\u043b\u044f \u0447\u0442\u0435\u043d\u0438\u044f":"5 \u043c\u0438\u043d\u0443\u0442"},"schema":{"@context":"https:\/\/schema.org","@graph":[{"@type":"WebPage","@id":"https:\/\/rdksolutions.eu\/pl\/uzklausa\/","url":"https:\/\/rdksolutions.eu\/pl\/uzklausa\/","name":"\u0437\u0430\u043a\u0430\u0437 - www.rdksolutions.eu","isPartOf":{"@id":"https:\/\/rdksolutions.eu\/pl\/#website"},"datePublished":"2015-12-02T10:34:15+00:00","dateModified":"2018-10-11T09:09:06+00:00","breadcrumb":{"@id":"https:\/\/rdksolutions.eu\/pl\/uzklausa\/#breadcrumb"},"inLanguage":"ru-RU","potentialAction":[{"@type":"ReadAction","target":["https:\/\/rdksolutions.eu\/pl\/uzklausa\/"]}]},{"@type":"BreadcrumbList","@id":"https:\/\/rdksolutions.eu\/pl\/uzklausa\/#breadcrumb","itemListElement":[{"@type":"ListItem","position":1,"name":"Home","item":"https:\/\/rdksolutions.eu\/"},{"@type":"ListItem","position":2,"name":"Pro\u015bba o us\u0142ug\u0119"}]},{"@type":"WebSite","@id":"https:\/\/rdksolutions.eu\/pl\/#website","url":"https:\/\/rdksolutions.eu\/pl\/","name":"www.rdksolutions.eu","description":"Logistikos paslaugos - RDK Solutions","publisher":{"@id":"https:\/\/rdksolutions.eu\/pl\/#organization"},"potentialAction":[{"@type":"SearchAction","target":{"@type":"EntryPoint","urlTemplate":"https:\/\/rdksolutions.eu\/pl\/?s={search_term_string}"},"query-input":"required name=search_term_string"}],"inLanguage":"ru-RU"},{"@type":"Organization","@id":"https:\/\/rdksolutions.eu\/pl\/#organization","name":"UAB \"RDK Solutions\"","url":"https:\/\/rdksolutions.eu\/pl\/","logo":{"@type":"ImageObject","inLanguage":"ru-RU","@id":"https:\/\/rdksolutions.eu\/pl\/#\/schema\/logo\/image\/","url":"https:\/\/rdksolutions.eu\/wp-content\/uploads\/2017\/10\/logo_png_www.rdksolutions.eu_.png","contentUrl":"https:\/\/rdksolutions.eu\/wp-content\/uploads\/2017\/10\/logo_png_www.rdksolutions.eu_.png","width":200,"height":90,"caption":"UAB \"RDK Solutions\""},"image":{"@id":"https:\/\/rdksolutions.eu\/pl\/#\/schema\/logo\/image\/"}}]}},"_links":{"self":[{"href":"https:\/\/rdksolutions.eu\/ru\/wp-json\/wp\/v2\/pages\/899"}],"collection":[{"href":"https:\/\/rdksolutions.eu\/ru\/wp-json\/wp\/v2\/pages"}],"about":[{"href":"https:\/\/rdksolutions.eu\/ru\/wp-json\/wp\/v2\/types\/page"}],"author":[{"embeddable":true,"href":"https:\/\/rdksolutions.eu\/ru\/wp-json\/wp\/v2\/users\/1"}],"replies":[{"embeddable":true,"href":"https:\/\/rdksolutions.eu\/ru\/wp-json\/wp\/v2\/comments?post=899"}],"version-history":[{"count":20,"href":"https:\/\/rdksolutions.eu\/ru\/wp-json\/wp\/v2\/pages\/899\/revisions"}],"predecessor-version":[{"id":4003,"href":"https:\/\/rdksolutions.eu\/ru\/wp-json\/wp\/v2\/pages\/899\/revisions\/4003"}],"wp:attachment":[{"href":"https:\/\/rdksolutions.eu\/ru\/wp-json\/wp\/v2\/media?parent=899"}],"curies":[{"name":"wp","href":"https:\/\/api.w.org\/{rel}","templated":true}]}}