{"id":3420,"date":"2017-11-15T10:29:58","date_gmt":"2017-11-15T12:29:58","guid":{"rendered":"http:\/\/rdksolutions.eu\/?page_id=3420"},"modified":"2017-11-15T10:41:08","modified_gmt":"2017-11-15T12:41:08","slug":"juridiniu-asmenu-registro-israsas","status":"publish","type":"page","link":"https:\/\/rdksolutions.eu\/ru\/juridiniu-asmenu-registro-israsas\/","title":{"rendered":"Juridini\u0173 asmen\u0173 registro i\u0161ra\u0161as"},"content":{"rendered":"<p>[vc_row full_width=&#187;stretch_row&#187; gap=&#187;25&#8243; equal_height=&#187;yes&#187;][vc_column][vc_empty_space height=&#187;16&#8243;][vc_row_inner][vc_column_inner width=&#187;2\/12&#8243;][\/vc_column_inner][vc_column_inner width=&#187;4\/12&#8243;][vc_single_image image=&#187;3411&#8243; img_size=&#187;full&#187; add_caption=&#187;yes&#187; alignment=&#187;center&#187; style=&#187;vc_box_shadow&#187; onclick=&#187;img_link_large&#187; img_link_target=&#187;_blank&#187;][\/vc_column_inner][vc_column_inner width=&#187;4\/12&#8243;][vc_single_image image=&#187;3412&#8243; img_size=&#187;full&#187; add_caption=&#187;yes&#187; alignment=&#187;center&#187; style=&#187;vc_box_shadow&#187; onclick=&#187;img_link_large&#187; img_link_target=&#187;_blank&#187;][\/vc_column_inner][vc_column_inner width=&#187;2\/12&#8243;][\/vc_column_inner][\/vc_row_inner][vc_empty_space][vc_empty_space][\/vc_column][\/vc_row][vc_row full_width=&#187;stretch_row&#187; el_class=&#187;secondary_bg_color&#187; css=&#187;.vc_custom_1508741073199{margin-bottom: 0px !important;}&#187;][vc_column width=&#187;1\/12&#8243;][\/vc_column][vc_column width=&#187;10\/12&#8243;][vc_cta h2=&#187;Norite gauti pasi\u016blym\u0105?&#187; shape=&#187;square&#187; add_button=&#187;right&#187; btn_title=&#187;U\u017epildykite form\u0105&#187; btn_style=&#187;outline&#187; btn_shape=&#187;round&#187; btn_color=&#187;white&#187; btn_i_align=&#187;right&#187; btn_i_icon_fontawesome=&#187;stm-arrow-next&#187; btn_add_icon=&#187;true&#187; el_class=&#187;secondary_bg_color&#187; btn_link=&#187;url:http%3A%2F%2Frdksolutions.eu%2Fuzsakymas%2F|||&#187;][\/vc_cta][\/vc_column][vc_column width=&#187;1\/12&#8243;][\/vc_column][\/vc_row]<\/p>\n","protected":false},"excerpt":{"rendered":"<p>[vc_row full_width=&#187;stretch_row&#187; gap=&#187;25&#8243; equal_height=&#187;yes&#187;][vc_column][vc_empty_space height=&#187;16&#8243;][vc_row_inner][vc_column_inner width=&#187;2\/12&#8243;][\/vc_column_inner][vc_column_inner width=&#187;4\/12&#8243;][vc_single_image image=&#187;3411&#8243; img_size=&#187;full&#187; add_caption=&#187;yes&#187; alignment=&#187;center&#187; style=&#187;vc_box_shadow&#187; onclick=&#187;img_link_large&#187; img_link_target=&#187;_blank&#187;][\/vc_column_inner][vc_column_inner width=&#187;4\/12&#8243;][vc_single_image image=&#187;3412&#8243; img_size=&#187;full&#187; add_caption=&#187;yes&#187; alignment=&#187;center&#187; style=&#187;vc_box_shadow&#187; onclick=&#187;img_link_large&#187; img_link_target=&#187;_blank&#187;][\/vc_column_inner][vc_column_inner width=&#187;2\/12&#8243;][\/vc_column_inner][\/vc_row_inner][vc_empty_space][vc_empty_space][\/vc_column][\/vc_row][vc_row full_width=&#187;stretch_row&#187; el_class=&#187;secondary_bg_color&#187; css=&#187;.vc_custom_1508741073199{margin-bottom: 0px !important;}&#187;][vc_column width=&#187;1\/12&#8243;][\/vc_column][vc_column width=&#187;10\/12&#8243;][vc_cta h2=&#187;Norite gauti pasi\u016blym\u0105?&#187;&#8230;<\/p>\n","protected":false},"author":1,"featured_media":0,"parent":0,"menu_order":0,"comment_status":"closed","ping_status":"closed","template":"","meta":[],"yoast_head":"<!-- This site is optimized with the Yoast SEO plugin v21.1 - https:\/\/yoast.com\/wordpress\/plugins\/seo\/ -->\n<title>Juridini\u0173 asmen\u0173 registro i\u0161ra\u0161as - www.rdksolutions.eu<\/title>\n<meta name=\"robots\" content=\"index, follow, max-snippet:-1, max-image-preview:large, max-video-preview:-1\" \/>\n<link rel=\"canonical\" href=\"https:\/\/rdksolutions.eu\/ru\/juridiniu-asmenu-registro-israsas\/\" \/>\n<meta property=\"og:locale\" content=\"ru_RU\" \/>\n<meta property=\"og:type\" content=\"article\" \/>\n<meta property=\"og:title\" content=\"Juridini\u0173 asmen\u0173 registro i\u0161ra\u0161as - www.rdksolutions.eu\" \/>\n<meta property=\"og:description\" content=\"[vc_row full_width=&#187;stretch_row&#187; gap=&#187;25&#8243; equal_height=&#187;yes&#187;][vc_column][vc_empty_space height=&#187;16&#8243;][vc_row_inner][vc_column_inner width=&#187;2\/12&#8243;][\/vc_column_inner][vc_column_inner width=&#187;4\/12&#8243;][vc_single_image image=&#187;3411&#8243; img_size=&#187;full&#187; add_caption=&#187;yes&#187; alignment=&#187;center&#187; style=&#187;vc_box_shadow&#187; onclick=&#187;img_link_large&#187; img_link_target=&#187;_blank&#187;][\/vc_column_inner][vc_column_inner width=&#187;4\/12&#8243;][vc_single_image image=&#187;3412&#8243; img_size=&#187;full&#187; add_caption=&#187;yes&#187; alignment=&#187;center&#187; style=&#187;vc_box_shadow&#187; onclick=&#187;img_link_large&#187; img_link_target=&#187;_blank&#187;][\/vc_column_inner][vc_column_inner width=&#187;2\/12&#8243;][\/vc_column_inner][\/vc_row_inner][vc_empty_space][vc_empty_space][\/vc_column][\/vc_row][vc_row full_width=&#187;stretch_row&#187; el_class=&#187;secondary_bg_color&#187; css=&#187;.vc_custom_1508741073199{margin-bottom: 0px !important;}&#187;][vc_column width=&#187;1\/12&#8243;][\/vc_column][vc_column width=&#187;10\/12&#8243;][vc_cta h2=&#187;Norite gauti pasi\u016blym\u0105?&#187;...\" \/>\n<meta property=\"og:url\" content=\"https:\/\/rdksolutions.eu\/ru\/juridiniu-asmenu-registro-israsas\/\" \/>\n<meta property=\"og:site_name\" content=\"www.rdksolutions.eu\" \/>\n<meta property=\"article:modified_time\" content=\"2017-11-15T12:41:08+00:00\" \/>\n<meta name=\"twitter:card\" content=\"summary_large_image\" \/>\n<meta name=\"twitter:label1\" content=\"\u041f\u0440\u0438\u043c\u0435\u0440\u043d\u043e\u0435 \u0432\u0440\u0435\u043c\u044f \u0434\u043b\u044f \u0447\u0442\u0435\u043d\u0438\u044f\" \/>\n\t<meta name=\"twitter:data1\" content=\"1 \u043c\u0438\u043d\u0443\u0442\u0430\" \/>\n<script type=\"application\/ld+json\" class=\"yoast-schema-graph\">{\"@context\":\"https:\/\/schema.org\",\"@graph\":[{\"@type\":\"WebPage\",\"@id\":\"https:\/\/rdksolutions.eu\/ru\/juridiniu-asmenu-registro-israsas\/\",\"url\":\"https:\/\/rdksolutions.eu\/ru\/juridiniu-asmenu-registro-israsas\/\",\"name\":\"Juridini\u0173 asmen\u0173 registro i\u0161ra\u0161as - www.rdksolutions.eu\",\"isPartOf\":{\"@id\":\"https:\/\/rdksolutions.eu\/pl\/#website\"},\"datePublished\":\"2017-11-15T12:29:58+00:00\",\"dateModified\":\"2017-11-15T12:41:08+00:00\",\"breadcrumb\":{\"@id\":\"https:\/\/rdksolutions.eu\/ru\/juridiniu-asmenu-registro-israsas\/#breadcrumb\"},\"inLanguage\":\"ru-RU\",\"potentialAction\":[{\"@type\":\"ReadAction\",\"target\":[\"https:\/\/rdksolutions.eu\/ru\/juridiniu-asmenu-registro-israsas\/\"]}]},{\"@type\":\"BreadcrumbList\",\"@id\":\"https:\/\/rdksolutions.eu\/ru\/juridiniu-asmenu-registro-israsas\/#breadcrumb\",\"itemListElement\":[{\"@type\":\"ListItem\",\"position\":1,\"name\":\"Home\",\"item\":\"https:\/\/rdksolutions.eu\/\"},{\"@type\":\"ListItem\",\"position\":2,\"name\":\"Juridini\u0173 asmen\u0173 registro i\u0161ra\u0161as\"}]},{\"@type\":\"WebSite\",\"@id\":\"https:\/\/rdksolutions.eu\/pl\/#website\",\"url\":\"https:\/\/rdksolutions.eu\/pl\/\",\"name\":\"www.rdksolutions.eu\",\"description\":\"Logistikos paslaugos - RDK Solutions\",\"publisher\":{\"@id\":\"https:\/\/rdksolutions.eu\/pl\/#organization\"},\"potentialAction\":[{\"@type\":\"SearchAction\",\"target\":{\"@type\":\"EntryPoint\",\"urlTemplate\":\"https:\/\/rdksolutions.eu\/pl\/?s={search_term_string}\"},\"query-input\":\"required name=search_term_string\"}],\"inLanguage\":\"ru-RU\"},{\"@type\":\"Organization\",\"@id\":\"https:\/\/rdksolutions.eu\/pl\/#organization\",\"name\":\"UAB \\\"RDK Solutions\\\"\",\"url\":\"https:\/\/rdksolutions.eu\/pl\/\",\"logo\":{\"@type\":\"ImageObject\",\"inLanguage\":\"ru-RU\",\"@id\":\"https:\/\/rdksolutions.eu\/pl\/#\/schema\/logo\/image\/\",\"url\":\"https:\/\/rdksolutions.eu\/wp-content\/uploads\/2017\/10\/logo_png_www.rdksolutions.eu_.png\",\"contentUrl\":\"https:\/\/rdksolutions.eu\/wp-content\/uploads\/2017\/10\/logo_png_www.rdksolutions.eu_.png\",\"width\":200,\"height\":90,\"caption\":\"UAB \\\"RDK Solutions\\\"\"},\"image\":{\"@id\":\"https:\/\/rdksolutions.eu\/pl\/#\/schema\/logo\/image\/\"}}]}<\/script>\n<!-- \/ Yoast SEO plugin. -->","yoast_head_json":{"title":"Juridini\u0173 asmen\u0173 registro i\u0161ra\u0161as - www.rdksolutions.eu","robots":{"index":"index","follow":"follow","max-snippet":"max-snippet:-1","max-image-preview":"max-image-preview:large","max-video-preview":"max-video-preview:-1"},"canonical":"https:\/\/rdksolutions.eu\/ru\/juridiniu-asmenu-registro-israsas\/","og_locale":"ru_RU","og_type":"article","og_title":"Juridini\u0173 asmen\u0173 registro i\u0161ra\u0161as - www.rdksolutions.eu","og_description":"[vc_row full_width=&#187;stretch_row&#187; gap=&#187;25&#8243; equal_height=&#187;yes&#187;][vc_column][vc_empty_space height=&#187;16&#8243;][vc_row_inner][vc_column_inner width=&#187;2\/12&#8243;][\/vc_column_inner][vc_column_inner width=&#187;4\/12&#8243;][vc_single_image image=&#187;3411&#8243; img_size=&#187;full&#187; add_caption=&#187;yes&#187; alignment=&#187;center&#187; style=&#187;vc_box_shadow&#187; onclick=&#187;img_link_large&#187; img_link_target=&#187;_blank&#187;][\/vc_column_inner][vc_column_inner width=&#187;4\/12&#8243;][vc_single_image image=&#187;3412&#8243; img_size=&#187;full&#187; add_caption=&#187;yes&#187; alignment=&#187;center&#187; style=&#187;vc_box_shadow&#187; onclick=&#187;img_link_large&#187; img_link_target=&#187;_blank&#187;][\/vc_column_inner][vc_column_inner width=&#187;2\/12&#8243;][\/vc_column_inner][\/vc_row_inner][vc_empty_space][vc_empty_space][\/vc_column][\/vc_row][vc_row full_width=&#187;stretch_row&#187; el_class=&#187;secondary_bg_color&#187; css=&#187;.vc_custom_1508741073199{margin-bottom: 0px !important;}&#187;][vc_column width=&#187;1\/12&#8243;][\/vc_column][vc_column width=&#187;10\/12&#8243;][vc_cta h2=&#187;Norite gauti pasi\u016blym\u0105?&#187;...","og_url":"https:\/\/rdksolutions.eu\/ru\/juridiniu-asmenu-registro-israsas\/","og_site_name":"www.rdksolutions.eu","article_modified_time":"2017-11-15T12:41:08+00:00","twitter_card":"summary_large_image","twitter_misc":{"\u041f\u0440\u0438\u043c\u0435\u0440\u043d\u043e\u0435 \u0432\u0440\u0435\u043c\u044f \u0434\u043b\u044f \u0447\u0442\u0435\u043d\u0438\u044f":"1 \u043c\u0438\u043d\u0443\u0442\u0430"},"schema":{"@context":"https:\/\/schema.org","@graph":[{"@type":"WebPage","@id":"https:\/\/rdksolutions.eu\/ru\/juridiniu-asmenu-registro-israsas\/","url":"https:\/\/rdksolutions.eu\/ru\/juridiniu-asmenu-registro-israsas\/","name":"Juridini\u0173 asmen\u0173 registro i\u0161ra\u0161as - www.rdksolutions.eu","isPartOf":{"@id":"https:\/\/rdksolutions.eu\/pl\/#website"},"datePublished":"2017-11-15T12:29:58+00:00","dateModified":"2017-11-15T12:41:08+00:00","breadcrumb":{"@id":"https:\/\/rdksolutions.eu\/ru\/juridiniu-asmenu-registro-israsas\/#breadcrumb"},"inLanguage":"ru-RU","potentialAction":[{"@type":"ReadAction","target":["https:\/\/rdksolutions.eu\/ru\/juridiniu-asmenu-registro-israsas\/"]}]},{"@type":"BreadcrumbList","@id":"https:\/\/rdksolutions.eu\/ru\/juridiniu-asmenu-registro-israsas\/#breadcrumb","itemListElement":[{"@type":"ListItem","position":1,"name":"Home","item":"https:\/\/rdksolutions.eu\/"},{"@type":"ListItem","position":2,"name":"Juridini\u0173 asmen\u0173 registro i\u0161ra\u0161as"}]},{"@type":"WebSite","@id":"https:\/\/rdksolutions.eu\/pl\/#website","url":"https:\/\/rdksolutions.eu\/pl\/","name":"www.rdksolutions.eu","description":"Logistikos paslaugos - RDK Solutions","publisher":{"@id":"https:\/\/rdksolutions.eu\/pl\/#organization"},"potentialAction":[{"@type":"SearchAction","target":{"@type":"EntryPoint","urlTemplate":"https:\/\/rdksolutions.eu\/pl\/?s={search_term_string}"},"query-input":"required name=search_term_string"}],"inLanguage":"ru-RU"},{"@type":"Organization","@id":"https:\/\/rdksolutions.eu\/pl\/#organization","name":"UAB \"RDK Solutions\"","url":"https:\/\/rdksolutions.eu\/pl\/","logo":{"@type":"ImageObject","inLanguage":"ru-RU","@id":"https:\/\/rdksolutions.eu\/pl\/#\/schema\/logo\/image\/","url":"https:\/\/rdksolutions.eu\/wp-content\/uploads\/2017\/10\/logo_png_www.rdksolutions.eu_.png","contentUrl":"https:\/\/rdksolutions.eu\/wp-content\/uploads\/2017\/10\/logo_png_www.rdksolutions.eu_.png","width":200,"height":90,"caption":"UAB \"RDK Solutions\""},"image":{"@id":"https:\/\/rdksolutions.eu\/pl\/#\/schema\/logo\/image\/"}}]}},"_links":{"self":[{"href":"https:\/\/rdksolutions.eu\/ru\/wp-json\/wp\/v2\/pages\/3420"}],"collection":[{"href":"https:\/\/rdksolutions.eu\/ru\/wp-json\/wp\/v2\/pages"}],"about":[{"href":"https:\/\/rdksolutions.eu\/ru\/wp-json\/wp\/v2\/types\/page"}],"author":[{"embeddable":true,"href":"https:\/\/rdksolutions.eu\/ru\/wp-json\/wp\/v2\/users\/1"}],"replies":[{"embeddable":true,"href":"https:\/\/rdksolutions.eu\/ru\/wp-json\/wp\/v2\/comments?post=3420"}],"version-history":[{"count":3,"href":"https:\/\/rdksolutions.eu\/ru\/wp-json\/wp\/v2\/pages\/3420\/revisions"}],"predecessor-version":[{"id":3427,"href":"https:\/\/rdksolutions.eu\/ru\/wp-json\/wp\/v2\/pages\/3420\/revisions\/3427"}],"wp:attachment":[{"href":"https:\/\/rdksolutions.eu\/ru\/wp-json\/wp\/v2\/media?parent=3420"}],"curies":[{"name":"wp","href":"https:\/\/api.w.org\/{rel}","templated":true}]}}