{"id":3053,"date":"2017-10-26T10:02:29","date_gmt":"2017-10-26T12:02:29","guid":{"rendered":"http:\/\/rdksolutions.eu\/?page_id=3053"},"modified":"2017-11-22T06:00:52","modified_gmt":"2017-11-22T08:00:52","slug":"daliniu-kroviniu-pervezimas","status":"publish","type":"page","link":"https:\/\/rdksolutions.eu\/ru\/daliniu-kroviniu-pervezimas\/","title":{"rendered":"\u041f\u0435\u0440\u0435\u0432\u043e\u0437\u043a\u0430 \u0447\u0430\u0441\u0442\u0438\u0447\u043d\u044b\u0445 \u0433\u0440\u0443\u0437\u043e\u0432"},"content":{"rendered":"<p>[vc_row][vc_column][vc_empty_space][\/vc_column][\/vc_row][vc_row full_width=&#187;stretch_row&#187; gap=&#187;25&#8243;][vc_column width=&#187;8\/12&#8243;][vc_column_text]\u00abRDK Solutions\u00bb \u0441\u043e\u0431\u0438\u0440\u0430\u0435\u0442 \u043c\u0435\u043b\u043a\u0438\u0435 \u0438 \u0447\u0430\u0441\u0442\u0438\u0447\u043d\u044b\u0435 \u0433\u0440\u0443\u0437\u044b \u043f\u043e \u0432\u0441\u0435\u0439 \u0415\u0432\u0440\u043e\u043f\u0435 \u0438 \u0437\u0430 \u0435\u0435 \u043f\u0440\u0435\u0434\u0435\u043b\u0430\u043c\u0438. \u042d\u0442\u0430 \u0443\u0441\u043b\u0443\u0433\u0430 \u043e\u0441\u043e\u0431\u043e \u0430\u043a\u0442\u0443\u0430\u043b\u044c\u043d\u0430 \u0434\u043b\u044f \u043c\u0435\u043b\u043a\u0438\u0445 \u043f\u0440\u0435\u0434\u043f\u0440\u0438\u044f\u0442\u0438\u0439, \u043a\u043e\u0442\u043e\u0440\u044b\u0435 \u043f\u0435\u0440\u0435\u0432\u043e\u0437\u044f\u0442 \u0433\u0440\u0443\u0437\u044b \u043d\u0435\u0431\u043e\u043b\u044c\u0448\u043e\u0433\u043e \u043e\u0431\u044a\u0435\u043c\u0430, \u043d\u0435 \u0437\u0430\u043d\u0438\u043c\u0430\u044e\u0449\u0438\u0435 \u0432\u0441\u0435 \u043f\u0440\u043e\u0441\u0442\u0440\u0430\u043d\u0441\u0442\u0432\u043e \u0432 \u0442\u0440\u0430\u043d\u0441\u043f\u043e\u0440\u0442\u043d\u043e\u043c \u0441\u0440\u0435\u0434\u0441\u0442\u0432\u0435. \u0414\u043b\u044f \u043e\u0431\u0435\u0441\u043f\u0435\u0447\u0435\u043d\u0438\u044f \u043c\u0438\u043d\u0438\u043c\u0430\u043b\u044c\u043d\u044b\u0445 \u0442\u0440\u0430\u043d\u0441\u043f\u043e\u0440\u0442\u043d\u044b\u0445 \u0440\u0430\u0441\u0445\u043e\u0434\u043e\u0432 \u043c\u044b \u0440\u0430\u0431\u043e\u0442\u0430\u0435\u043c \u043f\u043e \u043f\u0440\u0438\u043d\u0446\u0438\u043f\u0443, \u043f\u043e \u043a\u043e\u0442\u043e\u0440\u043e\u043c\u0443 \u0441\u043e\u0431\u0438\u0440\u0430\u0435\u043c \u0433\u0440\u0443\u0437\u044b \u0443 \u043d\u0435\u0441\u043a\u043e\u043b\u044c\u043a\u0438\u0445 \u043a\u043e\u043c\u043f\u0430\u043d\u0438\u0439 \u0438 \u043f\u0435\u0440\u0435\u0432\u043e\u0437\u0438\u043c \u0438\u0445 \u0432 \u043e\u0434\u043d\u043e\u043c \u0442\u0440\u0430\u043d\u0441\u043f\u043e\u0440\u0442\u043d\u043e\u043c \u0441\u0440\u0435\u0434\u0441\u0442\u0432\u0435.<\/p>\n<p>\u041f\u043e\u0441\u043a\u043e\u043b\u044c\u043a\u0443 \u043c\u044b \u0440\u0435\u0433\u0443\u043b\u044f\u0440\u043d\u043e \u043f\u0435\u0440\u0435\u0432\u043e\u0437\u0438\u043c \u0447\u0430\u0441\u0442\u0438\u0447\u043d\u044b\u0435 \u0433\u0440\u0443\u0437\u044b \u043f\u043e \u0441\u0430\u043c\u044b\u043c \u043f\u043e\u043f\u0443\u043b\u044f\u0440\u043d\u044b\u043c \u043c\u0430\u0440\u0448\u0440\u0443\u0442\u0430\u043c \u2013 \u0432 \u0441\u0442\u0440\u0430\u043d\u044b \u0415\u0432\u0440\u043e\u043f\u044b \u0438 \u0421\u041d\u0413, \u043c\u044b \u043c\u043e\u0436\u0435\u043c \u043e\u043f\u0435\u0440\u0430\u0442\u0438\u0432\u043d\u043e \u0441\u043e\u0431\u0440\u0430\u0442\u044c \u043f\u043e\u043b\u043d\u044b\u0439 \u0440\u0435\u0439\u0441. \u042d\u0442\u043e \u043f\u043e\u0437\u0432\u043e\u043b\u044f\u0435\u0442 \u043d\u0435 \u043f\u0440\u0438\u0447\u0438\u043d\u044f\u0442\u044c \u043a\u043b\u0438\u0435\u043d\u0442\u0430\u043c \u043d\u0438\u043a\u0430\u043a\u043e\u0433\u043e \u0434\u0438\u0441\u043a\u043e\u043c\u0444\u043e\u0440\u0442\u0430, \u043a\u043e\u0433\u0434\u0430 \u0438\u0445 \u043c\u0430\u0440\u0448\u0440\u0443\u0442 \u0431\u044b\u043b\u043e \u0431\u044b \u043d\u0435\u043e\u0431\u0445\u043e\u0434\u0438\u043c\u043e \u043f\u043e\u0434\u0441\u0442\u0440\u0430\u0438\u0432\u0430\u0442\u044c \u043f\u043e\u0434 \u0434\u0440\u0443\u0433\u0438\u0435, \u0447\u0442\u043e \u043d\u0435 \u043f\u043e\u0437\u0432\u043e\u043b\u0438\u043b\u043e \u0431\u044b \u0434\u043e\u0441\u0442\u0430\u0432\u0438\u0442\u044c \u0442\u043e\u0432\u0430\u0440\u044b \u0432 \u0437\u0430\u043f\u043b\u0430\u043d\u0438\u0440\u043e\u0432\u0430\u043d\u043d\u043e\u0435 \u0432\u0440\u0435\u043c\u044f. \u0412 \u0446\u0435\u043b\u044f\u0445 \u043e\u0431\u0435\u0441\u043f\u0435\u0447\u0435\u043d\u0438\u044f \u043c\u0430\u043a\u0441\u0438\u043c\u0430\u043b\u044c\u043d\u043e\u0439 \u0441\u043e\u0445\u0440\u0430\u043d\u043d\u043e\u0441\u0442\u0438 \u043c\u044b \u043f\u0435\u0440\u0435\u0432\u043e\u0437\u0438\u043c \u0433\u0440\u0443\u0437\u044b \u043d\u043e\u0432\u0435\u0439\u0448\u0438\u043c\u0438 \u0442\u0440\u0430\u043d\u0441\u043f\u043e\u0440\u0442\u043d\u044b\u043c\u0438 \u0441\u0440\u0435\u0434\u0441\u0442\u0432\u0430\u043c\u0438, \u043a\u043e\u043d\u0442\u0440\u043e\u043b\u044c \u0437\u0430 \u043a\u043e\u0442\u043e\u0440\u044b\u043c\u0438 \u043e\u0431\u0435\u0441\u043f\u0435\u0447\u0438\u0432\u0430\u044e\u0442 \u043e\u043f\u044b\u0442\u043d\u044b\u0435 \u0441\u043f\u0435\u0446\u0438\u0430\u043b\u0438\u0441\u0442\u044b \u0432 \u0441\u0432\u043e\u0435\u0439 \u043e\u0431\u043b\u0430\u0441\u0442\u0438, \u043f\u043e\u0441\u0442\u043e\u044f\u043d\u043d\u043e \u043f\u0440\u0435\u0434\u043e\u0441\u0442\u0430\u0432\u043b\u044f\u044e\u0449\u0438\u0435 \u0441\u0430\u043c\u0443\u044e \u043f\u043e\u0441\u043b\u0435\u0434\u043d\u044e\u044e \u0438\u043d\u0444\u043e\u0440\u043c\u0430\u0446\u0438\u044e \u043e \u0441\u0443\u0449\u0435\u0441\u0442\u0432\u0443\u044e\u0449\u0435\u0439 \u0441\u0438\u0442\u0443\u0430\u0446\u0438\u0438.<\/p>\n<p>\u00abRDK Solutions\u00bb \u2013 \u0431\u044b\u0441\u0442\u0440\u044b\u0439 \u0438 \u0442\u043e\u0447\u043d\u044b\u0439 \u043f\u0430\u0440\u0442\u043d\u0435\u0440 \u043f\u043e \u043b\u043e\u0433\u0438\u0441\u0442\u0438\u043a\u0435![\/vc_column_text][\/vc_column][vc_column width=&#187;4\/12&#8243;][vc_btn title=&#187;\u0421\u043f\u0440\u043e\u0441\u0438\u0442\u0435 \u043d\u0430\u0448\u0435\u0433\u043e \u044d\u043a\u0441\u043f\u0435\u0440\u0442\u0430&#187; style=&#187;outline&#187; shape=&#187;round&#187; color=&#187;theme_style_1&#8243; i_icon_fontawesome=&#187;fa fa-phone&#187; add_icon=&#187;true&#187; link=&#187;url:http%3A%2F%2Frdksolutions.eu%2Fkontaktai%2F|||&#187;][\/vc_column][\/vc_row][vc_row][vc_column][vc_empty_space][vc_empty_space][\/vc_column][\/vc_row][vc_row full_width=&#187;stretch_row&#187; el_class=&#187;secondary_bg_color&#187; css=&#187;.vc_custom_1508741073199{margin-bottom: 0px !important;}&#187;][vc_column width=&#187;1\/12&#8243;][\/vc_column][vc_column width=&#187;10\/12&#8243;][vc_cta h2=&#187;\u0416\u0435\u043b\u0430\u0435\u0442\u0435 \u043f\u043e\u043b\u0443\u0447\u0438\u0442\u044c \u043f\u0440\u0435\u0434\u043b\u043e\u0436\u0435\u043d\u0438\u0435?&#187; shape=&#187;square&#187; add_button=&#187;right&#187; btn_title=&#187;\u0417\u0410\u041f\u041e\u041b\u041d\u0418\u0422\u0415 \u0424\u041e\u0420\u041c\u0423&#187; btn_style=&#187;outline&#187; btn_shape=&#187;round&#187; btn_color=&#187;white&#187; btn_i_align=&#187;right&#187; btn_i_icon_fontawesome=&#187;stm-arrow-next&#187; btn_add_icon=&#187;true&#187; el_class=&#187;secondary_bg_color&#187; btn_link=&#187;url:http%3A%2F%2Frdksolutions.eu%2Fuzklausa%2F|||&#187;][\/vc_cta][\/vc_column][vc_column width=&#187;1\/12&#8243;][\/vc_column][\/vc_row]<\/p>","protected":false},"excerpt":{"rendered":"<p>[vc_row][vc_column][vc_empty_space][\/vc_column][\/vc_row][vc_row full_width=&#187;stretch_row&#187; gap=&#187;25&#8243;][vc_column width=&#187;8\/12&#8243;][vc_column_text]\u00abRDK Solutions\u00bb \u0441\u043e\u0431\u0438\u0440\u0430\u0435\u0442 \u043c\u0435\u043b\u043a\u0438\u0435 \u0438 \u0447\u0430\u0441\u0442\u0438\u0447\u043d\u044b\u0435 \u0433\u0440\u0443\u0437\u044b \u043f\u043e \u0432\u0441\u0435\u0439 \u0415\u0432\u0440\u043e\u043f\u0435 \u0438 \u0437\u0430 \u0435\u0435 \u043f\u0440\u0435\u0434\u0435\u043b\u0430\u043c\u0438. \u042d\u0442\u0430 \u0443\u0441\u043b\u0443\u0433\u0430 \u043e\u0441\u043e\u0431\u043e \u0430\u043a\u0442\u0443\u0430\u043b\u044c\u043d\u0430 \u0434\u043b\u044f \u043c\u0435\u043b\u043a\u0438\u0445 \u043f\u0440\u0435\u0434\u043f\u0440\u0438\u044f\u0442\u0438\u0439, \u043a\u043e\u0442\u043e\u0440\u044b\u0435 \u043f\u0435\u0440\u0435\u0432\u043e\u0437\u044f\u0442 \u0433\u0440\u0443\u0437\u044b \u043d\u0435\u0431\u043e\u043b\u044c\u0448\u043e\u0433\u043e \u043e\u0431\u044a\u0435\u043c\u0430, \u043d\u0435 \u0437\u0430\u043d\u0438\u043c\u0430\u044e\u0449\u0438\u0435 \u0432\u0441\u0435 \u043f\u0440\u043e\u0441\u0442\u0440\u0430\u043d\u0441\u0442\u0432\u043e&#8230;<\/p>\n","protected":false},"author":1,"featured_media":0,"parent":0,"menu_order":0,"comment_status":"closed","ping_status":"closed","template":"","meta":[],"yoast_head":"<!-- This site is optimized with the Yoast SEO plugin v21.1 - https:\/\/yoast.com\/wordpress\/plugins\/seo\/ -->\n<title>Dalini\u0173 krovini\u0173 perve\u017eimas<\/title>\n<meta name=\"description\" content=\"Dalini\u0173 krovini\u0173 perve\u017eimas\" \/>\n<meta name=\"robots\" content=\"index, follow, max-snippet:-1, max-image-preview:large, max-video-preview:-1\" \/>\n<link rel=\"canonical\" href=\"https:\/\/rdksolutions.eu\/daliniu-kroviniu-pervezimas\/\" \/>\n<meta property=\"og:locale\" content=\"ru_RU\" \/>\n<meta property=\"og:type\" content=\"article\" \/>\n<meta property=\"og:title\" content=\"Dalini\u0173 krovini\u0173 perve\u017eimas\" \/>\n<meta property=\"og:description\" content=\"Dalini\u0173 krovini\u0173 perve\u017eimas\" \/>\n<meta property=\"og:url\" content=\"https:\/\/rdksolutions.eu\/daliniu-kroviniu-pervezimas\/\" \/>\n<meta property=\"og:site_name\" content=\"www.rdksolutions.eu\" \/>\n<meta property=\"article:modified_time\" content=\"2017-11-22T08:00:52+00:00\" \/>\n<meta name=\"twitter:card\" content=\"summary_large_image\" \/>\n<meta name=\"twitter:label1\" content=\"\u041f\u0440\u0438\u043c\u0435\u0440\u043d\u043e\u0435 \u0432\u0440\u0435\u043c\u044f \u0434\u043b\u044f \u0447\u0442\u0435\u043d\u0438\u044f\" \/>\n\t<meta name=\"twitter:data1\" content=\"6 \u043c\u0438\u043d\u0443\u0442\" \/>\n<script type=\"application\/ld+json\" class=\"yoast-schema-graph\">{\"@context\":\"https:\/\/schema.org\",\"@graph\":[{\"@type\":\"WebPage\",\"@id\":\"https:\/\/rdksolutions.eu\/daliniu-kroviniu-pervezimas\/\",\"url\":\"https:\/\/rdksolutions.eu\/daliniu-kroviniu-pervezimas\/\",\"name\":\"Dalini\u0173 krovini\u0173 perve\u017eimas\",\"isPartOf\":{\"@id\":\"https:\/\/rdksolutions.eu\/pl\/#website\"},\"datePublished\":\"2017-10-26T12:02:29+00:00\",\"dateModified\":\"2017-11-22T08:00:52+00:00\",\"description\":\"Dalini\u0173 krovini\u0173 perve\u017eimas\",\"breadcrumb\":{\"@id\":\"https:\/\/rdksolutions.eu\/daliniu-kroviniu-pervezimas\/#breadcrumb\"},\"inLanguage\":\"ru-RU\",\"potentialAction\":[{\"@type\":\"ReadAction\",\"target\":[\"https:\/\/rdksolutions.eu\/daliniu-kroviniu-pervezimas\/\"]}]},{\"@type\":\"BreadcrumbList\",\"@id\":\"https:\/\/rdksolutions.eu\/daliniu-kroviniu-pervezimas\/#breadcrumb\",\"itemListElement\":[{\"@type\":\"ListItem\",\"position\":1,\"name\":\"Home\",\"item\":\"https:\/\/rdksolutions.eu\/\"},{\"@type\":\"ListItem\",\"position\":2,\"name\":\"Cz\u0119\u015bciowy przew\u00f3z towar\u00f3w\"}]},{\"@type\":\"WebSite\",\"@id\":\"https:\/\/rdksolutions.eu\/pl\/#website\",\"url\":\"https:\/\/rdksolutions.eu\/pl\/\",\"name\":\"www.rdksolutions.eu\",\"description\":\"Logistikos paslaugos - RDK Solutions\",\"publisher\":{\"@id\":\"https:\/\/rdksolutions.eu\/pl\/#organization\"},\"potentialAction\":[{\"@type\":\"SearchAction\",\"target\":{\"@type\":\"EntryPoint\",\"urlTemplate\":\"https:\/\/rdksolutions.eu\/pl\/?s={search_term_string}\"},\"query-input\":\"required name=search_term_string\"}],\"inLanguage\":\"ru-RU\"},{\"@type\":\"Organization\",\"@id\":\"https:\/\/rdksolutions.eu\/pl\/#organization\",\"name\":\"UAB \\\"RDK Solutions\\\"\",\"url\":\"https:\/\/rdksolutions.eu\/pl\/\",\"logo\":{\"@type\":\"ImageObject\",\"inLanguage\":\"ru-RU\",\"@id\":\"https:\/\/rdksolutions.eu\/pl\/#\/schema\/logo\/image\/\",\"url\":\"https:\/\/rdksolutions.eu\/wp-content\/uploads\/2017\/10\/logo_png_www.rdksolutions.eu_.png\",\"contentUrl\":\"https:\/\/rdksolutions.eu\/wp-content\/uploads\/2017\/10\/logo_png_www.rdksolutions.eu_.png\",\"width\":200,\"height\":90,\"caption\":\"UAB \\\"RDK Solutions\\\"\"},\"image\":{\"@id\":\"https:\/\/rdksolutions.eu\/pl\/#\/schema\/logo\/image\/\"}}]}<\/script>\n<!-- \/ Yoast SEO plugin. -->","yoast_head_json":{"title":"Dalini\u0173 krovini\u0173 perve\u017eimas","description":"Dalini\u0173 krovini\u0173 perve\u017eimas","robots":{"index":"index","follow":"follow","max-snippet":"max-snippet:-1","max-image-preview":"max-image-preview:large","max-video-preview":"max-video-preview:-1"},"canonical":"https:\/\/rdksolutions.eu\/daliniu-kroviniu-pervezimas\/","og_locale":"ru_RU","og_type":"article","og_title":"Dalini\u0173 krovini\u0173 perve\u017eimas","og_description":"Dalini\u0173 krovini\u0173 perve\u017eimas","og_url":"https:\/\/rdksolutions.eu\/daliniu-kroviniu-pervezimas\/","og_site_name":"www.rdksolutions.eu","article_modified_time":"2017-11-22T08:00:52+00:00","twitter_card":"summary_large_image","twitter_misc":{"\u041f\u0440\u0438\u043c\u0435\u0440\u043d\u043e\u0435 \u0432\u0440\u0435\u043c\u044f \u0434\u043b\u044f \u0447\u0442\u0435\u043d\u0438\u044f":"6 \u043c\u0438\u043d\u0443\u0442"},"schema":{"@context":"https:\/\/schema.org","@graph":[{"@type":"WebPage","@id":"https:\/\/rdksolutions.eu\/daliniu-kroviniu-pervezimas\/","url":"https:\/\/rdksolutions.eu\/daliniu-kroviniu-pervezimas\/","name":"Dalini\u0173 krovini\u0173 perve\u017eimas","isPartOf":{"@id":"https:\/\/rdksolutions.eu\/pl\/#website"},"datePublished":"2017-10-26T12:02:29+00:00","dateModified":"2017-11-22T08:00:52+00:00","description":"Dalini\u0173 krovini\u0173 perve\u017eimas","breadcrumb":{"@id":"https:\/\/rdksolutions.eu\/daliniu-kroviniu-pervezimas\/#breadcrumb"},"inLanguage":"ru-RU","potentialAction":[{"@type":"ReadAction","target":["https:\/\/rdksolutions.eu\/daliniu-kroviniu-pervezimas\/"]}]},{"@type":"BreadcrumbList","@id":"https:\/\/rdksolutions.eu\/daliniu-kroviniu-pervezimas\/#breadcrumb","itemListElement":[{"@type":"ListItem","position":1,"name":"Home","item":"https:\/\/rdksolutions.eu\/"},{"@type":"ListItem","position":2,"name":"Cz\u0119\u015bciowy przew\u00f3z towar\u00f3w"}]},{"@type":"WebSite","@id":"https:\/\/rdksolutions.eu\/pl\/#website","url":"https:\/\/rdksolutions.eu\/pl\/","name":"www.rdksolutions.eu","description":"Logistikos paslaugos - RDK Solutions","publisher":{"@id":"https:\/\/rdksolutions.eu\/pl\/#organization"},"potentialAction":[{"@type":"SearchAction","target":{"@type":"EntryPoint","urlTemplate":"https:\/\/rdksolutions.eu\/pl\/?s={search_term_string}"},"query-input":"required name=search_term_string"}],"inLanguage":"ru-RU"},{"@type":"Organization","@id":"https:\/\/rdksolutions.eu\/pl\/#organization","name":"UAB \"RDK Solutions\"","url":"https:\/\/rdksolutions.eu\/pl\/","logo":{"@type":"ImageObject","inLanguage":"ru-RU","@id":"https:\/\/rdksolutions.eu\/pl\/#\/schema\/logo\/image\/","url":"https:\/\/rdksolutions.eu\/wp-content\/uploads\/2017\/10\/logo_png_www.rdksolutions.eu_.png","contentUrl":"https:\/\/rdksolutions.eu\/wp-content\/uploads\/2017\/10\/logo_png_www.rdksolutions.eu_.png","width":200,"height":90,"caption":"UAB \"RDK Solutions\""},"image":{"@id":"https:\/\/rdksolutions.eu\/pl\/#\/schema\/logo\/image\/"}}]}},"_links":{"self":[{"href":"https:\/\/rdksolutions.eu\/ru\/wp-json\/wp\/v2\/pages\/3053"}],"collection":[{"href":"https:\/\/rdksolutions.eu\/ru\/wp-json\/wp\/v2\/pages"}],"about":[{"href":"https:\/\/rdksolutions.eu\/ru\/wp-json\/wp\/v2\/types\/page"}],"author":[{"embeddable":true,"href":"https:\/\/rdksolutions.eu\/ru\/wp-json\/wp\/v2\/users\/1"}],"replies":[{"embeddable":true,"href":"https:\/\/rdksolutions.eu\/ru\/wp-json\/wp\/v2\/comments?post=3053"}],"version-history":[{"count":8,"href":"https:\/\/rdksolutions.eu\/ru\/wp-json\/wp\/v2\/pages\/3053\/revisions"}],"predecessor-version":[{"id":3632,"href":"https:\/\/rdksolutions.eu\/ru\/wp-json\/wp\/v2\/pages\/3053\/revisions\/3632"}],"wp:attachment":[{"href":"https:\/\/rdksolutions.eu\/ru\/wp-json\/wp\/v2\/media?parent=3053"}],"curies":[{"name":"wp","href":"https:\/\/api.w.org\/{rel}","templated":true}]}}