{"id":685,"date":"2015-11-24T07:42:31","date_gmt":"2015-11-24T09:42:31","guid":{"rendered":"http:\/\/logistics.stylemixthemes.com\/demo\/?page_id=685"},"modified":"2018-10-11T06:38:06","modified_gmt":"2018-10-11T08:38:06","slug":"paslaugos","status":"publish","type":"page","link":"https:\/\/rdksolutions.eu\/pl\/paslaugos\/","title":{"rendered":"Us\u0142ugi"},"content":{"rendered":"<p>[vc_row full_width=&#8221;stretch_row_content&#8221; css=&#8221;.vc_custom_1508770963973{margin-top: 0px !important;border-top-width: 0px !important;padding-top: 0px !important;background-image: url(http:\/\/rdksolutions.eu\/wp-content\/uploads\/2015\/10\/apie_mus_bg_gelezinkelio_www.rdksolutions.eu_.jpg?id=2377) !important;}&#8221;][vc_column width=&#8221;2\/12&#8243;][\/vc_column][vc_column width=&#8221;8\/12&#8243;][vc_custom_heading text=&#8221;US\u0141UGI TRANSPORTU I &#8221; font_container=&#8221;tag:h3|text_align:center|color:%23adaaaf&#8221; use_theme_fonts=&#8221;yes&#8221; css=&#8221;.vc_custom_1511034732790{margin-bottom: 0px !important;border-bottom-width: 0px !important;padding-bottom: 0px !important;}&#8221;][vc_custom_heading text=&#8221;LOGISTYKI&#8221; font_container=&#8221;tag:h2|text_align:center&#8221; use_theme_fonts=&#8221;yes&#8221; css=&#8221;.vc_custom_1511034748506{margin-top: -30px !important;border-top-width: 0px !important;padding-top: 0px !important;}&#8221;][vc_column_text]Oferujemy wyj\u0105tkowo szerokie spektrum us\u0142ug obejmuj\u0105ce przew\u00f3z \u0142adunk\u00f3w transportem drogowym, morskim, powietrznym lun kolejowym. Po\u015bredniczymy tak\u017ce w urz\u0119dach celnych, wykonujemy prace prze\u0142adunku towar\u00f3w, mo\u017cemy stworzy\u0107 wszelkie warunki do magazynowania, mamy silny zesp\u00f3\u0142 spedytor\u00f3w.<\/p>\n<p>\u0141adunki przewozimy nie tylko na Litwie i w Europie, ale tak\u017ce w krajach WNP i innych. Posiadamy wspaniale rozwini\u0119t\u0105 sie\u0107 przewoz\u00f3w, dlatego swoje us\u0142ugi \u015bwiadczymy za wyj\u0105tkowo konkurencyjn\u0105 cen\u0119.[\/vc_column_text][vc_empty_space][vc_empty_space][\/vc_column][vc_column width=&#8221;2\/12&#8243;][\/vc_column][\/vc_row][vc_row full_width=&#8221;stretch_row&#8221; gap=&#8221;25&#8243; full_height=&#8221;yes&#8221; columns_placement=&#8221;top&#8221; equal_height=&#8221;yes&#8221; content_placement=&#8221;top&#8221; parallax=&#8221;content-moving&#8221; css=&#8221;.vc_custom_1508774129932{margin-top: 0px !important;margin-bottom: 0px !important;border-top-width: 0px !important;border-bottom-width: 0px !important;padding-top: 0px !important;padding-bottom: 0px !important;background-image: url(http:\/\/rdksolutions.eu\/wp-content\/uploads\/2015\/11\/sandelys3_www.rdksolutions..jpg?id=2807) !important;}&#8221;][vc_column][vc_empty_space][vc_row_inner equal_height=&#8221;yes&#8221; gap=&#8221;25&#8243; css=&#8221;.vc_custom_1508773222003{margin-top: 0px !important;margin-bottom: 0px !important;border-top-width: 0px !important;border-bottom-width: 0px !important;padding-top: 0px !important;padding-bottom: 0px !important;background-position: center !important;background-repeat: no-repeat !important;background-size: cover !important;}&#8221;][vc_column_inner width=&#8221;1\/3&#8243;][stm_service_info img_size=&#8221;500\/300&#8243; image=&#8221;2816&#8243; css=&#8221;.vc_custom_1511034850217{background-color: #f4f4f4 !important;}&#8221;]<\/p>\n<h6 style=\"text-align: center;\"><a style=\"decoration: none!Important; color: #333;\" href=\"http:\/\/rdksolutions.eu\/kroviniu-pervezimas-autotransportu\/\">PRZEW\u00d3Z \u0141ADUNK\u00d3W AUTO TRANSPORTEM<\/a><\/h6>\n<p style=\"text-align: center;\">Auto transportem przewozimy \u0142adunki cz\u0119\u015bciowe oraz ca\u0142kowite. Gwarantujemy przestrzeganie termin\u00f3w, dobre ceny i bezpiecze\u0144stwo \u0142adunku.<\/p>\n<p style=\"text-align: center;\"><a href=\"http:\/\/rdksolutions.eu\/kroviniu-pervezimas-autotransportu\/\">szerzej <i class=\"fa fa-long-arrow-right\" aria-hidden=\"true\"><\/i><\/a><\/p>\n<p>[\/stm_service_info][\/vc_column_inner][vc_column_inner width=&#8221;1\/3&#8243;][stm_service_info img_size=&#8221;500\/300&#8243; image=&#8221;2817&#8243; css=&#8221;.vc_custom_1511034909713{background-color: #f4f4f4 !important;}&#8221;]<\/p>\n<h6 style=\"text-align: center;\"><a style=\"decoration: none!Important; color: #333;\" href=\"http:\/\/rdksolutions.eu\/kroviniu-gabenimas-oru\/\">PRZEW\u00d3Z \u0141ADUNK\u00d3W TRANSPORTEM POWIETRZNYM<\/a><\/h6>\n<p style=\"text-align: center;\">Nasza sp\u00f3\u0142ka organizuje eksport z Litwy do podstawowych \u015bwiatowych lotnisk i odwrotnie \u2013 z zagranicy na Litw\u0119.<\/p>\n<p style=\"text-align: center;\"><a href=\"http:\/\/rdksolutions.eu\/kroviniu-gabenimas-oru\/\">szerzej <i class=\"fa fa-long-arrow-right\" aria-hidden=\"true\"><\/i><\/a><\/p>\n<p>[\/stm_service_info][\/vc_column_inner][vc_column_inner width=&#8221;1\/3&#8243;][stm_service_info img_size=&#8221;500\/300&#8243; image=&#8221;2818&#8243; css=&#8221;.vc_custom_1511034961557{background-color: #f4f4f4 !important;}&#8221;]<\/p>\n<h6 style=\"text-align: center;\"><a style=\"decoration: none!Important; color: #333;\" href=\"http:\/\/rdksolutions.eu\/kroviniu-gabenimas-jura\/\">PRZEW\u00d3Z \u0141ADUNK\u00d3W TRANSPORTEM MORSKIM<\/a><\/h6>\n<p style=\"text-align: center;\">\u015awiadczymy profesjonalne us\u0142ugi w zakresie przewozu \u0142adunk\u00f3w transportem morskim, musz\u0105 pa\u0144stwo poda\u0107 tylko miejsce za\u0142adunku i roz\u0142adunku.<\/p>\n<p style=\"text-align: center;\"><a href=\"http:\/\/rdksolutions.eu\/kroviniu-gabenimas-jura\/\">szerzej <i class=\"fa fa-long-arrow-right\" aria-hidden=\"true\"><\/i><\/a><\/p>\n<p>[\/stm_service_info][\/vc_column_inner][\/vc_row_inner][vc_row_inner equal_height=&#8221;yes&#8221; gap=&#8221;25&#8243; css=&#8221;.vc_custom_1508773227890{margin-top: 0px !important;margin-bottom: 0px !important;border-top-width: 0px !important;border-bottom-width: 0px !important;padding-top: 0px !important;padding-bottom: 0px !important;background-position: center !important;background-repeat: no-repeat !important;background-size: cover !important;}&#8221;][vc_column_inner width=&#8221;1\/3&#8243;][stm_service_info img_size=&#8221;500\/300&#8243; image=&#8221;2825&#8243; css=&#8221;.vc_custom_1511035013398{background-color: #f4f4f4 !important;}&#8221;]<\/p>\n<h6 style=\"text-align: center;\"><a style=\"decoration: none!Important; color: #333;\" href=\"http:\/\/rdksolutions.eu\/kroviniu-gabenimas-gelezinkeliais\/\">PRZEW\u00d3Z \u0141ADUNK\u00d3W TRANSPORTEM KOLEJOWYM<\/a><\/h6>\n<p style=\"text-align: center;\">Zwracajcie si\u0119 do profesjonalist\u00f3w, kt\u00f3rzy zadbaj\u0105 o transport \u0142adunk\u00f3w kolej\u0105. Mo\u017cliwe kierunki: kraje ba\u0142tyckie, Europa, WNP, Azja.<\/p>\n<p style=\"text-align: center;\"><a href=\"http:\/\/rdksolutions.eu\/kroviniu-gabenimas-gelezinkeliais\/\">szerzej <i class=\"fa fa-long-arrow-right\" aria-hidden=\"true\"><\/i><\/a><\/p>\n<p>[\/stm_service_info][\/vc_column_inner][vc_column_inner width=&#8221;1\/3&#8243;][stm_service_info img_size=&#8221;500\/300&#8243; image=&#8221;2827&#8243; css=&#8221;.vc_custom_1511035068750{background-color: #f4f4f4 !important;}&#8221;]<\/p>\n<h6 style=\"text-align: center;\"><a style=\"decoration: none!Important; color: #333;\" href=\"http:\/\/rdksolutions.eu\/daliniu-kroviniu-pervezimas\/\">PRZEW\u00d3Z \u0141ADUNK\u00d3W CZ\u0118\u015aCIOWYCH<\/a><\/h6>\n<p style=\"text-align: center;\">\u201eRDK Solutions\u201c gromadzi drobne i cz\u0119\u015bciowe \u0142adunki i przewozi je po ca\u0142ej Europie i poza jej granicami.<\/p>\n<p style=\"text-align: center;\"><a href=\"http:\/\/rdksolutions.eu\/daliniu-kroviniu-pervezimas\/\">szerzej <i class=\"fa fa-long-arrow-right\" aria-hidden=\"true\"><\/i><\/a><\/p>\n<p>[\/stm_service_info][\/vc_column_inner][vc_column_inner width=&#8221;1\/3&#8243;][stm_service_info img_size=&#8221;full&#8221; image=&#8221;2821&#8243; css=&#8221;.vc_custom_1511035112306{background-color: #f4f4f4 !important;}&#8221;]<\/p>\n<h6 style=\"text-align: center;\"><a style=\"decoration: none!Important; color: #333;\" href=\"http:\/\/rdksolutions.eu\/pavojingu-kroviniu-pervezimas\/\">PRZEW\u00d3Z \u0141ADUNK\u00d3W NIEBEZPIECZNYCH<\/a><\/h6>\n<p style=\"text-align: center;\">Oferujemy niezawodne us\u0142ugi przewozu \u0142adunk\u00f3w niebezpiecznych oraz us\u0142ugi spedycyjne transportem drogowym, morskim, powietrznym i kolejowym.<\/p>\n<p style=\"text-align: center;\"><a href=\"http:\/\/rdksolutions.eu\/pavojingu-kroviniu-pervezimas\/\">szerzej <i class=\"fa fa-long-arrow-right\" aria-hidden=\"true\"><\/i><\/a><\/p>\n<p>[\/stm_service_info][\/vc_column_inner][\/vc_row_inner][vc_row_inner equal_height=&#8221;yes&#8221; gap=&#8221;25&#8243; css=&#8221;.vc_custom_1508773227890{margin-top: 0px !important;margin-bottom: 0px !important;border-top-width: 0px !important;border-bottom-width: 0px !important;padding-top: 0px !important;padding-bottom: 0px !important;background-position: center !important;background-repeat: no-repeat !important;background-size: cover !important;}&#8221;][vc_column_inner width=&#8221;1\/3&#8243;][stm_service_info img_size=&#8221;500\/300&#8243; image=&#8221;2822&#8243; css=&#8221;.vc_custom_1511035158274{background-color: #f4f4f4 !important;}&#8221;]<\/p>\n<h6 style=\"text-align: center;\"><a style=\"decoration: none!Important; color: #333;\" href=\"http:\/\/rdksolutions.eu\/negabaritiniu-kroviniu-gabenimas\/\">PRZEW\u00d3Z \u0141ADUNK\u00d3W PONADGABARYTOWYCH<\/a><\/h6>\n<p style=\"text-align: center;\">Mamy do\u015bwiadczony zesp\u00f3\u0142 odpowiedzialny za p\u0142ynne i nieprzerwalne procesy przewozu \u0142adunk\u00f3w wagi ci\u0119\u017ckiej.<\/p>\n<p style=\"text-align: center;\"><a href=\"http:\/\/rdksolutions.eu\/negabaritiniu-kroviniu-gabenimas\/\">szerzej <i class=\"fa fa-long-arrow-right\" aria-hidden=\"true\"><\/i><\/a><\/p>\n<p>[\/stm_service_info][\/vc_column_inner][vc_column_inner width=&#8221;1\/3&#8243;][stm_service_info img_size=&#8221;500\/300&#8243; image=&#8221;3256&#8243; css=&#8221;.vc_custom_1511168632499{background-color: #f4f4f4 !important;}&#8221;]<\/p>\n<h6 style=\"text-align: center;\"><a style=\"decoration: none!Important; color: #333;\" href=\"http:\/\/rdksolutions.eu\/muitines-tarpininkavimas\/\">PO\u015aREDNICTWO CELNE<\/a><\/h6>\n<p style=\"text-align: center;\">Przygotujemy wszystkie niezb\u0119dne dokumenty, pomo\u017cemy uzyska\u0107 pozwolenia, zadbamy o procedury kontroli wykonywanej przez urz\u0105d celny.<\/p>\n<p style=\"text-align: center;\"><a href=\"http:\/\/rdksolutions.eu\/muitines-tarpininkavimas\/\">szerzej <i class=\"fa fa-long-arrow-right\" aria-hidden=\"true\"><\/i><\/a><\/p>\n<p>[\/stm_service_info][\/vc_column_inner][vc_column_inner width=&#8221;1\/3&#8243;][stm_service_info img_size=&#8221;500\/300&#8243; image=&#8221;2823&#8243; css=&#8221;.vc_custom_1511035243974{background-color: #f4f4f4 !important;}&#8221;]<\/p>\n<h6 style=\"text-align: center;\"><a style=\"decoration: none!Important; color: #333;\" href=\"http:\/\/rdksolutions.eu\/kroviniu-perkrovimo-sandeliavimo-paslaugos\/\">US\u0141UGI MAGAZYNOWANIA<\/a><\/h6>\n<p style=\"text-align: center;\">W razie potrzeby mo\u017cemy zorganizowa\u0107 roz\u0142adunek\/za\u0142adunek ze \u015brodka transportu do magazynu.<\/p>\n<p style=\"text-align: center;\"><a href=\"http:\/\/rdksolutions.eu\/kroviniu-perkrovimo-sandeliavimo-paslaugos\">szerzej <i class=\"fa fa-long-arrow-right\" aria-hidden=\"true\"><\/i><\/a><\/p>\n<p>[\/stm_service_info][\/vc_column_inner][\/vc_row_inner][vc_empty_space][\/vc_column][\/vc_row][vc_row full_width=&#8221;stretch_row&#8221; gap=&#8221;25&#8243; equal_height=&#8221;yes&#8221; content_placement=&#8221;middle&#8221; css=&#8221;.vc_custom_1508937564621{margin-top: 0px !important;margin-right: 0px !important;margin-bottom: 0px !important;border-top-width: 0px !important;border-right-width: 0px !important;border-bottom-width: 0px !important;padding-top: 0px !important;padding-right: 0px !important;padding-bottom: 0px !important;background-color: #f7f7f7 !important;background-position: center !important;background-repeat: no-repeat !important;background-size: cover !important;}&#8221;][vc_column width=&#8221;2\/3&#8243; css=&#8221;.vc_custom_1508828020644{margin-bottom: 40px !important;padding-top: 100px !important;padding-bottom: 100px !important;}&#8221;][vc_custom_heading text=&#8221;Wskaz\u00f3wki&#8221; font_container=&#8221;tag:h4|text_align:left&#8221; use_theme_fonts=&#8221;yes&#8221;][vc_empty_space][vc_column_text]\u201eRDK Solutions\u201c\u00a0 \u015bwiadczy us\u0142ugi przewozu i \u0142adunk\u00f3w w ca\u0142ej Europie. Podstawowe kierunki Skandynawia, kraje ba\u0142tyckie, Rosja, Kazachstan, Uzbekistan i inne kraje WNP. Przewozimy tak\u017ce \u0142adunki z\/do W\u0142och, Hiszpanii, Francji, Portugalii, Polski i innych kraj\u00f3w UE.<\/p>\n<p>[\/vc_column_text][vc_row_inner][vc_column_inner width=&#8221;1\/4&#8243; offset=&#8221;vc_hidden-sm vc_hidden-xs&#8221;][stm_circle_progress title=&#8221;Europa&#8221; value=&#8221;40&#8243; size=&#8221;110&#8243; fill_color=&#8221;#ff7b00&#8243;][\/vc_column_inner][vc_column_inner width=&#8221;1\/4&#8243; offset=&#8221;vc_hidden-sm vc_hidden-xs&#8221;][stm_circle_progress title=&#8221;Rosja i WNP&#8221; value=&#8221;30&#8243; size=&#8221;110&#8243; fill_color=&#8221;#ff7b00&#8243;][\/vc_column_inner][vc_column_inner width=&#8221;1\/4&#8243; offset=&#8221;vc_hidden-sm vc_hidden-xs&#8221;][stm_circle_progress title=&#8221;Kraje ba\u0142tyckie&#8221; value=&#8221;20&#8243; size=&#8221;110&#8243; fill_color=&#8221;#ff7b00&#8243;][\/vc_column_inner][vc_column_inner width=&#8221;1\/4&#8243; offset=&#8221;vc_hidden-sm vc_hidden-xs&#8221;][stm_circle_progress title=&#8221;Skandynawia&#8221; value=&#8221;10&#8243; size=&#8221;110&#8243; fill_color=&#8221;#ff7b00&#8243;][\/vc_column_inner][\/vc_row_inner][\/vc_column][vc_column parallax=&#8221;content-moving&#8221; parallax_speed_bg=&#8221;3&#8243; width=&#8221;1\/3&#8243; css=&#8221;.vc_custom_1509886885190{background-position: center !important;background-repeat: no-repeat !important;background-size: cover !important;}&#8221; offset=&#8221;vc_hidden-sm vc_hidden-xs&#8221;][vc_single_image image=&#8221;3266&#8243; img_size=&#8221;full&#8221; alignment=&#8221;center&#8221; style=&#8221;vc_box_outline&#8221; onclick=&#8221;img_link_large&#8221; css_animation=&#8221;fadeIn&#8221;][\/vc_column][\/vc_row][vc_row full_width=&#8221;stretch_row_content&#8221; equal_height=&#8221;yes&#8221; css=&#8221;.vc_custom_1509294590008{margin-bottom: 0px !important;border-bottom-width: 0px !important;}&#8221; el_class=&#8221;baltai_tekstas&#8221;][vc_column width=&#8221;1\/3&#8243; css=&#8221;.vc_custom_1539244003603{padding-top: 70px !important;padding-bottom: 70px !important;background-color: #ff9533 !important;}&#8221;][stm_icon icon_size=&#8221;67&#8243; icon_height=&#8221;90&#8243; title_font_size=&#8221;24&#8243; title_font_weight=&#8221;700&#8243; align=&#8221;center&#8221; icon=&#8221;stm-security&#8221; title=&#8221;BEZPIECZE\u0143STWO&#8221; text=&#8221;Ca\u0142kowita gwarancja bezpiecze\u0144stwa \u0142adunku i cz\u0119\u015bciowego, i ca\u0142kowitego&#8221; icon_color=&#8221;#ffffff&#8221; title_color=&#8221;#ffffff&#8221; text_color=&#8221;#ffffff&#8221; css=&#8221;.vc_custom_1511035407713{padding-right: 30px !important;padding-left: 30px !important;}&#8221;][\/vc_column][vc_column width=&#8221;1\/3&#8243; css=&#8221;.vc_custom_1539244014344{padding-top: 70px !important;padding-bottom: 70px !important;background-color: #ff881a !important;}&#8221;][stm_icon icon_size=&#8221;67&#8243; icon_height=&#8221;90&#8243; title_font_size=&#8221;24&#8243; title_font_weight=&#8221;700&#8243; align=&#8221;center&#8221; icon=&#8221;stm-fast-delivery&#8221; title=&#8221;SZYBKO\u015a\u0106&#8221; text=&#8221;Indywidualne rozwi\u0105zania pozwalaj\u0105ce dostarczy\u0107 \u0142adunek szybko i w terminie&#8221; icon_color=&#8221;#ffffff&#8221; title_color=&#8221;#ffffff&#8221; text_color=&#8221;#ffffff&#8221; css=&#8221;.vc_custom_1511035428732{padding-right: 30px !important;padding-left: 30px !important;}&#8221;][\/vc_column][vc_column width=&#8221;1\/3&#8243; css=&#8221;.vc_custom_1539243798040{padding-top: 70px !important;padding-bottom: 70px !important;background-color: #ff7b00 !important;}&#8221;][stm_icon icon_size=&#8221;67&#8243; icon_height=&#8221;90&#8243; title_font_size=&#8221;24&#8243; title_font_weight=&#8221;700&#8243; align=&#8221;center&#8221; icon=&#8221;fa fa-mobile&#8221; title=&#8221;WSPARCIE&#8221; text=&#8221;Wsparcie zespo\u0142u \u201eRDK Solutions\u201c 24\/7&#8243; icon_color=&#8221;#ffffff&#8221; title_color=&#8221;#ffffff&#8221; text_color=&#8221;#ffffff&#8221; css=&#8221;.vc_custom_1511035449940{padding-right: 30px !important;padding-left: 30px !important;}&#8221;][\/vc_column][\/vc_row]<\/p>","protected":false},"excerpt":{"rendered":"<p>[vc_row full_width=&#8221;stretch_row_content&#8221; css=&#8221;.vc_custom_1508770963973{margin-top: 0px !important;border-top-width: 0px !important;padding-top: 0px !important;background-image: url(http:\/\/rdksolutions.eu\/wp-content\/uploads\/2015\/10\/apie_mus_bg_gelezinkelio_www.rdksolutions.eu_.jpg?id=2377) !important;}&#8221;][vc_column width=&#8221;2\/12&#8243;][\/vc_column][vc_column width=&#8221;8\/12&#8243;][vc_custom_heading text=&#8221;US\u0141UGI TRANSPORTU I &#8221; font_container=&#8221;tag:h3|text_align:center|color:%23adaaaf&#8221; use_theme_fonts=&#8221;yes&#8221; css=&#8221;.vc_custom_1511034732790{margin-bottom: 0px !important;border-bottom-width: 0px !important;padding-bottom: 0px !important;}&#8221;][vc_custom_heading text=&#8221;LOGISTYKI&#8221; font_container=&#8221;tag:h2|text_align:center&#8221; use_theme_fonts=&#8221;yes&#8221; css=&#8221;.vc_custom_1511034748506{margin-top: -30px !important;border-top-width: 0px&#8230;<\/p>\n","protected":false},"author":1,"featured_media":0,"parent":0,"menu_order":0,"comment_status":"closed","ping_status":"closed","template":"","meta":[],"yoast_head":"<!-- This site is optimized with the Yoast SEO plugin v21.1 - https:\/\/yoast.com\/wordpress\/plugins\/seo\/ -->\n<title>Krovini\u0173 perve\u017eimo ir logistikos paslaugos Vilniuje, prekyba<\/title>\n<meta name=\"description\" content=\"Kokybi\u0161kos krovini\u0173 perve\u017eimo ir logistikos paslaugos Vilniuje, prekyba, muitin\u0117s tarpininkavimas- \u201eRDK Solutions\u201c\" \/>\n<meta name=\"robots\" content=\"index, follow, max-snippet:-1, max-image-preview:large, max-video-preview:-1\" \/>\n<link rel=\"canonical\" href=\"https:\/\/rdksolutions.eu\/en\/paslaugos\/\" \/>\n<meta property=\"og:locale\" content=\"pl_PL\" \/>\n<meta property=\"og:type\" content=\"article\" \/>\n<meta property=\"og:title\" content=\"Krovini\u0173 perve\u017eimo ir logistikos paslaugos Vilniuje, prekyba\" \/>\n<meta property=\"og:description\" content=\"Kokybi\u0161kos krovini\u0173 perve\u017eimo ir logistikos paslaugos Vilniuje, prekyba, muitin\u0117s tarpininkavimas- \u201eRDK Solutions\u201c\" \/>\n<meta property=\"og:url\" content=\"https:\/\/rdksolutions.eu\/en\/paslaugos\/\" \/>\n<meta property=\"og:site_name\" content=\"www.rdksolutions.eu\" \/>\n<meta property=\"article:modified_time\" content=\"2018-10-11T08:38:06+00:00\" \/>\n<meta name=\"twitter:card\" content=\"summary_large_image\" \/>\n<meta name=\"twitter:label1\" content=\"Szacowany czas czytania\" \/>\n\t<meta name=\"twitter:data1\" content=\"25 minut\" \/>\n<script type=\"application\/ld+json\" class=\"yoast-schema-graph\">{\"@context\":\"https:\/\/schema.org\",\"@graph\":[{\"@type\":\"WebPage\",\"@id\":\"https:\/\/rdksolutions.eu\/en\/paslaugos\/\",\"url\":\"https:\/\/rdksolutions.eu\/en\/paslaugos\/\",\"name\":\"Krovini\u0173 perve\u017eimo ir logistikos paslaugos Vilniuje, prekyba\",\"isPartOf\":{\"@id\":\"https:\/\/rdksolutions.eu\/pl\/#website\"},\"datePublished\":\"2015-11-24T09:42:31+00:00\",\"dateModified\":\"2018-10-11T08:38:06+00:00\",\"description\":\"Kokybi\u0161kos krovini\u0173 perve\u017eimo ir logistikos paslaugos Vilniuje, prekyba, muitin\u0117s tarpininkavimas- \u201eRDK Solutions\u201c\",\"breadcrumb\":{\"@id\":\"https:\/\/rdksolutions.eu\/en\/paslaugos\/#breadcrumb\"},\"inLanguage\":\"pl-PL\",\"potentialAction\":[{\"@type\":\"ReadAction\",\"target\":[\"https:\/\/rdksolutions.eu\/en\/paslaugos\/\"]}]},{\"@type\":\"BreadcrumbList\",\"@id\":\"https:\/\/rdksolutions.eu\/en\/paslaugos\/#breadcrumb\",\"itemListElement\":[{\"@type\":\"ListItem\",\"position\":1,\"name\":\"Home\",\"item\":\"https:\/\/rdksolutions.eu\/\"},{\"@type\":\"ListItem\",\"position\":2,\"name\":\"SERVICES\"}]},{\"@type\":\"WebSite\",\"@id\":\"https:\/\/rdksolutions.eu\/pl\/#website\",\"url\":\"https:\/\/rdksolutions.eu\/pl\/\",\"name\":\"www.rdksolutions.eu\",\"description\":\"Transport, logistyka - RDK Solutions\",\"publisher\":{\"@id\":\"https:\/\/rdksolutions.eu\/pl\/#organization\"},\"potentialAction\":[{\"@type\":\"SearchAction\",\"target\":{\"@type\":\"EntryPoint\",\"urlTemplate\":\"https:\/\/rdksolutions.eu\/pl\/?s={search_term_string}\"},\"query-input\":\"required name=search_term_string\"}],\"inLanguage\":\"pl-PL\"},{\"@type\":\"Organization\",\"@id\":\"https:\/\/rdksolutions.eu\/pl\/#organization\",\"name\":\"UAB \\\"RDK Solutions\\\"\",\"url\":\"https:\/\/rdksolutions.eu\/pl\/\",\"logo\":{\"@type\":\"ImageObject\",\"inLanguage\":\"pl-PL\",\"@id\":\"https:\/\/rdksolutions.eu\/pl\/#\/schema\/logo\/image\/\",\"url\":\"https:\/\/rdksolutions.eu\/wp-content\/uploads\/2017\/10\/logo_png_www.rdksolutions.eu_.png\",\"contentUrl\":\"https:\/\/rdksolutions.eu\/wp-content\/uploads\/2017\/10\/logo_png_www.rdksolutions.eu_.png\",\"width\":200,\"height\":90,\"caption\":\"UAB \\\"RDK Solutions\\\"\"},\"image\":{\"@id\":\"https:\/\/rdksolutions.eu\/pl\/#\/schema\/logo\/image\/\"}}]}<\/script>\n<!-- \/ Yoast SEO plugin. -->","yoast_head_json":{"title":"Krovini\u0173 perve\u017eimo ir logistikos paslaugos Vilniuje, prekyba","description":"Kokybi\u0161kos krovini\u0173 perve\u017eimo ir logistikos paslaugos Vilniuje, prekyba, muitin\u0117s tarpininkavimas- \u201eRDK Solutions\u201c","robots":{"index":"index","follow":"follow","max-snippet":"max-snippet:-1","max-image-preview":"max-image-preview:large","max-video-preview":"max-video-preview:-1"},"canonical":"https:\/\/rdksolutions.eu\/en\/paslaugos\/","og_locale":"pl_PL","og_type":"article","og_title":"Krovini\u0173 perve\u017eimo ir logistikos paslaugos Vilniuje, prekyba","og_description":"Kokybi\u0161kos krovini\u0173 perve\u017eimo ir logistikos paslaugos Vilniuje, prekyba, muitin\u0117s tarpininkavimas- \u201eRDK Solutions\u201c","og_url":"https:\/\/rdksolutions.eu\/en\/paslaugos\/","og_site_name":"www.rdksolutions.eu","article_modified_time":"2018-10-11T08:38:06+00:00","twitter_card":"summary_large_image","twitter_misc":{"Szacowany czas czytania":"25 minut"},"schema":{"@context":"https:\/\/schema.org","@graph":[{"@type":"WebPage","@id":"https:\/\/rdksolutions.eu\/en\/paslaugos\/","url":"https:\/\/rdksolutions.eu\/en\/paslaugos\/","name":"Krovini\u0173 perve\u017eimo ir logistikos paslaugos Vilniuje, prekyba","isPartOf":{"@id":"https:\/\/rdksolutions.eu\/pl\/#website"},"datePublished":"2015-11-24T09:42:31+00:00","dateModified":"2018-10-11T08:38:06+00:00","description":"Kokybi\u0161kos krovini\u0173 perve\u017eimo ir logistikos paslaugos Vilniuje, prekyba, muitin\u0117s tarpininkavimas- \u201eRDK Solutions\u201c","breadcrumb":{"@id":"https:\/\/rdksolutions.eu\/en\/paslaugos\/#breadcrumb"},"inLanguage":"pl-PL","potentialAction":[{"@type":"ReadAction","target":["https:\/\/rdksolutions.eu\/en\/paslaugos\/"]}]},{"@type":"BreadcrumbList","@id":"https:\/\/rdksolutions.eu\/en\/paslaugos\/#breadcrumb","itemListElement":[{"@type":"ListItem","position":1,"name":"Home","item":"https:\/\/rdksolutions.eu\/"},{"@type":"ListItem","position":2,"name":"SERVICES"}]},{"@type":"WebSite","@id":"https:\/\/rdksolutions.eu\/pl\/#website","url":"https:\/\/rdksolutions.eu\/pl\/","name":"www.rdksolutions.eu","description":"Transport, logistyka - RDK Solutions","publisher":{"@id":"https:\/\/rdksolutions.eu\/pl\/#organization"},"potentialAction":[{"@type":"SearchAction","target":{"@type":"EntryPoint","urlTemplate":"https:\/\/rdksolutions.eu\/pl\/?s={search_term_string}"},"query-input":"required name=search_term_string"}],"inLanguage":"pl-PL"},{"@type":"Organization","@id":"https:\/\/rdksolutions.eu\/pl\/#organization","name":"UAB \"RDK Solutions\"","url":"https:\/\/rdksolutions.eu\/pl\/","logo":{"@type":"ImageObject","inLanguage":"pl-PL","@id":"https:\/\/rdksolutions.eu\/pl\/#\/schema\/logo\/image\/","url":"https:\/\/rdksolutions.eu\/wp-content\/uploads\/2017\/10\/logo_png_www.rdksolutions.eu_.png","contentUrl":"https:\/\/rdksolutions.eu\/wp-content\/uploads\/2017\/10\/logo_png_www.rdksolutions.eu_.png","width":200,"height":90,"caption":"UAB \"RDK Solutions\""},"image":{"@id":"https:\/\/rdksolutions.eu\/pl\/#\/schema\/logo\/image\/"}}]}},"_links":{"self":[{"href":"https:\/\/rdksolutions.eu\/pl\/wp-json\/wp\/v2\/pages\/685"}],"collection":[{"href":"https:\/\/rdksolutions.eu\/pl\/wp-json\/wp\/v2\/pages"}],"about":[{"href":"https:\/\/rdksolutions.eu\/pl\/wp-json\/wp\/v2\/types\/page"}],"author":[{"embeddable":true,"href":"https:\/\/rdksolutions.eu\/pl\/wp-json\/wp\/v2\/users\/1"}],"replies":[{"embeddable":true,"href":"https:\/\/rdksolutions.eu\/pl\/wp-json\/wp\/v2\/comments?post=685"}],"version-history":[{"count":64,"href":"https:\/\/rdksolutions.eu\/pl\/wp-json\/wp\/v2\/pages\/685\/revisions"}],"predecessor-version":[{"id":3995,"href":"https:\/\/rdksolutions.eu\/pl\/wp-json\/wp\/v2\/pages\/685\/revisions\/3995"}],"wp:attachment":[{"href":"https:\/\/rdksolutions.eu\/pl\/wp-json\/wp\/v2\/media?parent=685"}],"curies":[{"name":"wp","href":"https:\/\/api.w.org\/{rel}","templated":true}]}}