{"id":442,"date":"2015-11-17T05:09:58","date_gmt":"2015-11-17T05:09:58","guid":{"rendered":"http:\/\/logistics.stylemixthemes.com\/demo\/?page_id=442"},"modified":"2022-11-29T08:17:13","modified_gmt":"2022-11-29T10:17:13","slug":"kontaktai","status":"publish","type":"page","link":"https:\/\/rdksolutions.eu\/pl\/kontaktai\/","title":{"rendered":"Kontakty"},"content":{"rendered":"<p>[vc_row][vc_column][vc_custom_heading text=&#8221;Skontaktuj si\u0119 z nami&#8221; font_container=&#8221;tag:h4|text_align:left&#8221; use_theme_fonts=&#8221;yes&#8221;][vc_column_text css=&#8221;.vc_custom_1511110864950{margin-bottom: 0px !important;border-bottom-width: 0px !important;padding-bottom: 32px !important;}&#8221;]Prosimy o kontakt zgodnie z podana ni\u017cej informacj\u0105 lub o wype\u0142nienie formularza kontaktowego i my sami si\u0119 z Pa\u0144stwem skontaktujemy![\/vc_column_text][vc_row_inner][vc_column_inner width=&#8221;1\/3&#8243; css=&#8221;.vc_custom_1510260576608{margin-bottom: 0px !important;border-bottom-width: 0px !important;padding-bottom: 32px !important;}&#8221;][vc_column_text css=&#8221;.vc_custom_1511171492591{margin-bottom: 0px !important;border-bottom-width: 0px !important;padding-bottom: 0px !important;}&#8221;]<strong>UAB \u201eRDK Solutions\u201c<\/strong><br \/>\nRegon: 304686432<br \/>\nNIP kod: LT100011244714[\/vc_column_text][\/vc_column_inner][vc_column_inner width=&#8221;1\/3&#8243;][stm_icon icon_position=&#8221;icon_position_left&#8221; icon_size=&#8221;16&#8243; icon_width=&#8221;30&#8243; title_font_size=&#8221;14&#8243; title_font_weight=&#8221;500&#8243; icon=&#8221;stm-location&#8221; title=&#8221;Pa\u0161to g. 13, Pabrad\u0117, LT-18175 Lietuva&#8221; icon_color=&#8221;#ff7b00&#8243;][vc_empty_space height=&#8221;16&#8243;][stm_icon icon_position=&#8221;icon_position_left&#8221; icon_size=&#8221;16&#8243; icon_width=&#8221;30&#8243; title_font_size=&#8221;14&#8243; title_font_weight=&#8221;500&#8243; icon=&#8221;stm-email&#8221; title=&#8221;info@rdksolutions.eu&#8221; icon_color=&#8221;#ff7b00&#8243;][vc_empty_space height=&#8221;16&#8243;][\/vc_column_inner][vc_column_inner width=&#8221;1\/3&#8243;][stm_icon icon_position=&#8221;icon_position_left&#8221; icon_size=&#8221;16&#8243; icon_width=&#8221;30&#8243; title_font_size=&#8221;14&#8243; title_font_weight=&#8221;500&#8243; icon=&#8221;stm-iphone&#8221; title=&#8221;+370 611 37771&#8243; icon_color=&#8221;#ff7b00&#8243;][vc_empty_space height=&#8221;16&#8243;][stm_icon icon_position=&#8221;icon_position_left&#8221; icon_size=&#8221;16&#8243; icon_width=&#8221;30&#8243; title_font_size=&#8221;14&#8243; title_font_weight=&#8221;500&#8243; icon=&#8221;stm-phone&#8221; title=&#8221;+370 5 2497246&#8243; icon_color=&#8221;#ff7b00&#8243;][vc_empty_space height=&#8221;16&#8243;][\/vc_column_inner][\/vc_row_inner][\/vc_column][\/vc_row][vc_row][vc_column][vc_empty_space height=&#8221;32&#8243;]\n<div class=\"wpcf7 no-js\" id=\"wpcf7-f3561-o4\" lang=\"en-US\" dir=\"ltr\">\n<div class=\"screen-reader-response\"><p role=\"status\" aria-live=\"polite\" aria-atomic=\"true\"><\/p> <ul><\/ul><\/div>\n<form action=\"\/pl\/wp-json\/wp\/v2\/pages\/442#wpcf7-f3561-o4\" method=\"post\" class=\"wpcf7-form init\" aria-label=\"Contact form\" novalidate=\"novalidate\" data-status=\"init\">\n<div style=\"display: none;\">\n<input type=\"hidden\" name=\"_wpcf7\" value=\"3561\" \/>\n<input type=\"hidden\" name=\"_wpcf7_version\" value=\"5.7.7\" \/>\n<input type=\"hidden\" name=\"_wpcf7_locale\" value=\"en_US\" \/>\n<input type=\"hidden\" name=\"_wpcf7_unit_tag\" value=\"wpcf7-f3561-o4\" \/>\n<input type=\"hidden\" name=\"_wpcf7_container_post\" value=\"0\" \/>\n<input type=\"hidden\" name=\"_wpcf7_posted_data_hash\" value=\"\" \/>\n<\/div>\n<div class=\"contact_form\">\n\t<div class=\"row\">\n\t\t<div class=\"col-lg-6 col-md-6 col-sm-12 col-xs-12\">\n\t\t\t<div class=\"input-group\">\n\t\t\t\t<p><span class=\"wpcf7-form-control-wrap\" data-name=\"your-name\"><input size=\"40\" class=\"wpcf7-form-control wpcf7-text wpcf7-validates-as-required\" aria-required=\"true\" aria-invalid=\"false\" placeholder=\"Imi\u0119 *\" value=\"\" type=\"text\" name=\"your-name\" \/><\/span>\n\t\t\t\t<\/p>\n\t\t\t<\/div>\n\t\t\t<div class=\"input-group\">\n\t\t\t\t<p><span class=\"wpcf7-form-control-wrap\" data-name=\"email\"><input size=\"40\" class=\"wpcf7-form-control wpcf7-text wpcf7-email wpcf7-validates-as-required wpcf7-validates-as-email\" aria-required=\"true\" aria-invalid=\"false\" placeholder=\"E-mail*\" value=\"\" type=\"email\" name=\"email\" \/><\/span>\n\t\t\t\t<\/p>\n\t\t\t<\/div>\n\t\t<\/div>\n\t\t<div class=\"col-lg-6 col-md-6 col-sm-12 col-xs-12\">\n\t\t\t<p><span class=\"wpcf7-form-control-wrap\" data-name=\"message\"><textarea cols=\"40\" rows=\"10\" class=\"wpcf7-form-control wpcf7-textarea wpcf7-validates-as-required\" aria-required=\"true\" aria-invalid=\"false\" placeholder=\"Wiadomo\u015b\u0107 *\" name=\"message\"><\/textarea><\/span>\n\t\t\t<\/p>\n\t\t<\/div>\n\t<\/div>\n\t<div class=\"row\">\n\t\t<div class=\"col-lg-6 col-md-6 col-sm-12 col-xs-12\">\n\t\t\t<div class=\"input-group\">\n\t\t\t\t<p><span class=\"wpcf7-form-control-wrap\" data-name=\"newsletter\"><span class=\"wpcf7-form-control wpcf7-checkbox\"><span class=\"wpcf7-list-item first last\"><label><input type=\"checkbox\" name=\"newsletter[]\" value=\"Zam\u00f3w nasz Newsletter\" \/><span class=\"wpcf7-list-item-label\">Zam\u00f3w nasz Newsletter<\/span><\/label><\/span><\/span><\/span>\n\t\t\t\t<\/p>\n\t\t\t<\/div>\n\t\t<\/div>\n\t\t<div class=\"col-lg-6 col-md-6 col-sm-12 col-xs-12 text-right\">\n\t\t\t<div class=\"input-group\">\n\t\t\t\t<p><button class=\"button icon_right size-sm theme-wpcf7-submit\">Wy\u015blij <i class=\"stm-arrow-next\"><\/i><\/button>\n\t\t\t\t<\/p>\n\t\t\t<\/div>\n\t\t<\/div>\n\t<\/div>\n<\/div><div class=\"wpcf7-response-output\" aria-hidden=\"true\"><\/div>\n<\/form>\n<\/div>\n[\/vc_column][\/vc_row][vc_row full_width=&#8221;stretch_row_content_no_spaces&#8221; css=&#8221;.vc_custom_1508908690739{margin-bottom: 0px !important;}&#8221;][vc_column][vc_empty_space][vc_empty_space][vc_gmaps link=&#8221;#E-8_JTNDaWZyYW1lJTIwc3JjJTNEJTIyaHR0cHMlM0ElMkYlMkZ3d3cuZ29vZ2xlLmNvbSUyRm1hcHMlMkZlbWJlZCUzRnBiJTNEJTIxMW0xOCUyMTFtMTIlMjExbTMlMjExZDIyODkuNDM1NDUxNTY1MDI2NiUyMTJkMjUuNzcyMzA5NzE1OTAwNzk2JTIxM2Q1NC45ODI5OTg4ODAzNTQ0OCUyMTJtMyUyMTFmMCUyMTJmMCUyMTNmMCUyMTNtMiUyMTFpMTAyNCUyMTJpNzY4JTIxNGYxMy4xJTIxM20zJTIxMW0yJTIxMXMweDQ2ZGQwYzkxNzMzMDVkMzclMjUzQTB4ODY1M2VlODg2YWI2Y2FlZSUyMTJzUGElMjVDNSUyNUExdG8lMjUyMGcuJTI1MjAxMyUyNTJDJTI1MjBQYWJyYWQlMjVDNCUyNTk3JTI1MjAxODE4MiUyNTJDJTI1MjBMaXR3YSUyMTVlMCUyMTNtMiUyMTFzcGwlMjEyc3BsJTIxNHYxNTgwOTA1MDM3NTkwJTIxNW0yJTIxMXNwbCUyMTJzcGwlMjIlMjB3aWR0aCUzRCUyMjIwMDAlMjIlMjBoZWlnaHQlM0QlMjI0MDAlMjIlMjBmcmFtZWJvcmRlciUzRCUyMjAlMjIlMjBzdHlsZSUzRCUyMmJvcmRlciUzQTAlM0IlMjIlMjBhbGxvd2Z1bGxzY3JlZW4lM0QlMjIlMjIlM0UlM0MlMkZpZnJhbWUlM0U=&#8221;][\/vc_column][\/vc_row]<\/p>","protected":false},"excerpt":{"rendered":"<p>[vc_row][vc_column][vc_custom_heading text=&#8221;Skontaktuj si\u0119 z nami&#8221; font_container=&#8221;tag:h4|text_align:left&#8221; use_theme_fonts=&#8221;yes&#8221;][vc_column_text css=&#8221;.vc_custom_1511110864950{margin-bottom: 0px !important;border-bottom-width: 0px !important;padding-bottom: 32px !important;}&#8221;]Prosimy o kontakt zgodnie z podana ni\u017cej informacj\u0105 lub o wype\u0142nienie formularza kontaktowego i my sami si\u0119 z Pa\u0144stwem skontaktujemy![\/vc_column_text][vc_row_inner][vc_column_inner&#8230;<\/p>\n","protected":false},"author":1,"featured_media":0,"parent":0,"menu_order":0,"comment_status":"closed","ping_status":"closed","template":"","meta":[],"yoast_head":"<!-- This site is optimized with the Yoast SEO plugin v21.1 - https:\/\/yoast.com\/wordpress\/plugins\/seo\/ -->\n<title>Kontakty - www.rdksolutions.eu<\/title>\n<meta name=\"robots\" content=\"index, follow, max-snippet:-1, max-image-preview:large, max-video-preview:-1\" \/>\n<link rel=\"canonical\" href=\"https:\/\/rdksolutions.eu\/kontaktai\/\" \/>\n<meta property=\"og:locale\" content=\"pl_PL\" \/>\n<meta property=\"og:type\" content=\"article\" \/>\n<meta property=\"og:title\" content=\"Kontakty - www.rdksolutions.eu\" \/>\n<meta property=\"og:description\" content=\"[vc_row][vc_column][vc_custom_heading text=&#8221;Skontaktuj si\u0119 z nami&#8221; font_container=&#8221;tag:h4|text_align:left&#8221; use_theme_fonts=&#8221;yes&#8221;][vc_column_text css=&#8221;.vc_custom_1511110864950{margin-bottom: 0px !important;border-bottom-width: 0px !important;padding-bottom: 32px !important;}&#8221;]Prosimy o kontakt zgodnie z podana ni\u017cej informacj\u0105 lub o wype\u0142nienie formularza kontaktowego i my sami si\u0119 z Pa\u0144stwem skontaktujemy![\/vc_column_text][vc_row_inner][vc_column_inner...\" \/>\n<meta property=\"og:url\" content=\"https:\/\/rdksolutions.eu\/kontaktai\/\" \/>\n<meta property=\"og:site_name\" content=\"www.rdksolutions.eu\" \/>\n<meta property=\"article:modified_time\" content=\"2022-11-29T10:17:13+00:00\" \/>\n<meta name=\"twitter:card\" content=\"summary_large_image\" \/>\n<meta name=\"twitter:label1\" content=\"Szacowany czas czytania\" \/>\n\t<meta name=\"twitter:data1\" content=\"1 minuta\" \/>\n<script type=\"application\/ld+json\" class=\"yoast-schema-graph\">{\"@context\":\"https:\/\/schema.org\",\"@graph\":[{\"@type\":\"WebPage\",\"@id\":\"https:\/\/rdksolutions.eu\/kontaktai\/\",\"url\":\"https:\/\/rdksolutions.eu\/kontaktai\/\",\"name\":\"Kontakty - www.rdksolutions.eu\",\"isPartOf\":{\"@id\":\"https:\/\/rdksolutions.eu\/pl\/#website\"},\"datePublished\":\"2015-11-17T05:09:58+00:00\",\"dateModified\":\"2022-11-29T10:17:13+00:00\",\"breadcrumb\":{\"@id\":\"https:\/\/rdksolutions.eu\/kontaktai\/#breadcrumb\"},\"inLanguage\":\"pl-PL\",\"potentialAction\":[{\"@type\":\"ReadAction\",\"target\":[\"https:\/\/rdksolutions.eu\/kontaktai\/\"]}]},{\"@type\":\"BreadcrumbList\",\"@id\":\"https:\/\/rdksolutions.eu\/kontaktai\/#breadcrumb\",\"itemListElement\":[{\"@type\":\"ListItem\",\"position\":1,\"name\":\"Home\",\"item\":\"https:\/\/rdksolutions.eu\/\"},{\"@type\":\"ListItem\",\"position\":2,\"name\":\"Kontakty\"}]},{\"@type\":\"WebSite\",\"@id\":\"https:\/\/rdksolutions.eu\/pl\/#website\",\"url\":\"https:\/\/rdksolutions.eu\/pl\/\",\"name\":\"www.rdksolutions.eu\",\"description\":\"Transport, logistyka - RDK Solutions\",\"publisher\":{\"@id\":\"https:\/\/rdksolutions.eu\/pl\/#organization\"},\"potentialAction\":[{\"@type\":\"SearchAction\",\"target\":{\"@type\":\"EntryPoint\",\"urlTemplate\":\"https:\/\/rdksolutions.eu\/pl\/?s={search_term_string}\"},\"query-input\":\"required name=search_term_string\"}],\"inLanguage\":\"pl-PL\"},{\"@type\":\"Organization\",\"@id\":\"https:\/\/rdksolutions.eu\/pl\/#organization\",\"name\":\"UAB \\\"RDK Solutions\\\"\",\"url\":\"https:\/\/rdksolutions.eu\/pl\/\",\"logo\":{\"@type\":\"ImageObject\",\"inLanguage\":\"pl-PL\",\"@id\":\"https:\/\/rdksolutions.eu\/pl\/#\/schema\/logo\/image\/\",\"url\":\"https:\/\/rdksolutions.eu\/wp-content\/uploads\/2017\/10\/logo_png_www.rdksolutions.eu_.png\",\"contentUrl\":\"https:\/\/rdksolutions.eu\/wp-content\/uploads\/2017\/10\/logo_png_www.rdksolutions.eu_.png\",\"width\":200,\"height\":90,\"caption\":\"UAB \\\"RDK Solutions\\\"\"},\"image\":{\"@id\":\"https:\/\/rdksolutions.eu\/pl\/#\/schema\/logo\/image\/\"}}]}<\/script>\n<!-- \/ Yoast SEO plugin. -->","yoast_head_json":{"title":"Kontakty - www.rdksolutions.eu","robots":{"index":"index","follow":"follow","max-snippet":"max-snippet:-1","max-image-preview":"max-image-preview:large","max-video-preview":"max-video-preview:-1"},"canonical":"https:\/\/rdksolutions.eu\/kontaktai\/","og_locale":"pl_PL","og_type":"article","og_title":"Kontakty - www.rdksolutions.eu","og_description":"[vc_row][vc_column][vc_custom_heading text=&#8221;Skontaktuj si\u0119 z nami&#8221; font_container=&#8221;tag:h4|text_align:left&#8221; use_theme_fonts=&#8221;yes&#8221;][vc_column_text css=&#8221;.vc_custom_1511110864950{margin-bottom: 0px !important;border-bottom-width: 0px !important;padding-bottom: 32px !important;}&#8221;]Prosimy o kontakt zgodnie z podana ni\u017cej informacj\u0105 lub o wype\u0142nienie formularza kontaktowego i my sami si\u0119 z Pa\u0144stwem skontaktujemy![\/vc_column_text][vc_row_inner][vc_column_inner...","og_url":"https:\/\/rdksolutions.eu\/kontaktai\/","og_site_name":"www.rdksolutions.eu","article_modified_time":"2022-11-29T10:17:13+00:00","twitter_card":"summary_large_image","twitter_misc":{"Szacowany czas czytania":"1 minuta"},"schema":{"@context":"https:\/\/schema.org","@graph":[{"@type":"WebPage","@id":"https:\/\/rdksolutions.eu\/kontaktai\/","url":"https:\/\/rdksolutions.eu\/kontaktai\/","name":"Kontakty - www.rdksolutions.eu","isPartOf":{"@id":"https:\/\/rdksolutions.eu\/pl\/#website"},"datePublished":"2015-11-17T05:09:58+00:00","dateModified":"2022-11-29T10:17:13+00:00","breadcrumb":{"@id":"https:\/\/rdksolutions.eu\/kontaktai\/#breadcrumb"},"inLanguage":"pl-PL","potentialAction":[{"@type":"ReadAction","target":["https:\/\/rdksolutions.eu\/kontaktai\/"]}]},{"@type":"BreadcrumbList","@id":"https:\/\/rdksolutions.eu\/kontaktai\/#breadcrumb","itemListElement":[{"@type":"ListItem","position":1,"name":"Home","item":"https:\/\/rdksolutions.eu\/"},{"@type":"ListItem","position":2,"name":"Kontakty"}]},{"@type":"WebSite","@id":"https:\/\/rdksolutions.eu\/pl\/#website","url":"https:\/\/rdksolutions.eu\/pl\/","name":"www.rdksolutions.eu","description":"Transport, logistyka - RDK Solutions","publisher":{"@id":"https:\/\/rdksolutions.eu\/pl\/#organization"},"potentialAction":[{"@type":"SearchAction","target":{"@type":"EntryPoint","urlTemplate":"https:\/\/rdksolutions.eu\/pl\/?s={search_term_string}"},"query-input":"required name=search_term_string"}],"inLanguage":"pl-PL"},{"@type":"Organization","@id":"https:\/\/rdksolutions.eu\/pl\/#organization","name":"UAB \"RDK Solutions\"","url":"https:\/\/rdksolutions.eu\/pl\/","logo":{"@type":"ImageObject","inLanguage":"pl-PL","@id":"https:\/\/rdksolutions.eu\/pl\/#\/schema\/logo\/image\/","url":"https:\/\/rdksolutions.eu\/wp-content\/uploads\/2017\/10\/logo_png_www.rdksolutions.eu_.png","contentUrl":"https:\/\/rdksolutions.eu\/wp-content\/uploads\/2017\/10\/logo_png_www.rdksolutions.eu_.png","width":200,"height":90,"caption":"UAB \"RDK Solutions\""},"image":{"@id":"https:\/\/rdksolutions.eu\/pl\/#\/schema\/logo\/image\/"}}]}},"_links":{"self":[{"href":"https:\/\/rdksolutions.eu\/pl\/wp-json\/wp\/v2\/pages\/442"}],"collection":[{"href":"https:\/\/rdksolutions.eu\/pl\/wp-json\/wp\/v2\/pages"}],"about":[{"href":"https:\/\/rdksolutions.eu\/pl\/wp-json\/wp\/v2\/types\/page"}],"author":[{"embeddable":true,"href":"https:\/\/rdksolutions.eu\/pl\/wp-json\/wp\/v2\/users\/1"}],"replies":[{"embeddable":true,"href":"https:\/\/rdksolutions.eu\/pl\/wp-json\/wp\/v2\/comments?post=442"}],"version-history":[{"count":95,"href":"https:\/\/rdksolutions.eu\/pl\/wp-json\/wp\/v2\/pages\/442\/revisions"}],"predecessor-version":[{"id":4188,"href":"https:\/\/rdksolutions.eu\/pl\/wp-json\/wp\/v2\/pages\/442\/revisions\/4188"}],"wp:attachment":[{"href":"https:\/\/rdksolutions.eu\/pl\/wp-json\/wp\/v2\/media?parent=442"}],"curies":[{"name":"wp","href":"https:\/\/api.w.org\/{rel}","templated":true}]}}