{"id":415,"date":"2015-11-17T04:19:36","date_gmt":"2015-11-17T04:19:36","guid":{"rendered":"http:\/\/logistics.stylemixthemes.com\/demo\/?page_id=415"},"modified":"2018-10-11T08:58:21","modified_gmt":"2018-10-11T10:58:21","slug":"apie-mus","status":"publish","type":"page","link":"https:\/\/rdksolutions.eu\/pl\/apie-mus\/","title":{"rendered":"O NAS"},"content":{"rendered":"<p>[vc_row full_width=&#8221;stretch_row&#8221; gap=&#8221;25&#8243; equal_height=&#8221;yes&#8221; css=&#8221;.vc_custom_1508768618797{background-image: url(http:\/\/rdksolutions.eu\/wp-content\/uploads\/2015\/10\/apie_mus_bg_gelezinkelio_www.rdksolutions.eu_.jpg?id=2377) !important;}&#8221;][vc_column][vc_custom_heading text=&#8221;US\u0141UGI LOGISTYCZNE S\u0141U\u017b\u0104CE TOBIE!&#8221; font_container=&#8221;tag:h3|text_align:center|color:%23adaaaf&#8221; use_theme_fonts=&#8221;yes&#8221; css=&#8221;.vc_custom_1511030667596{margin-bottom: 0px !important;border-bottom-width: 0px !important;padding-bottom: 0px !important;}&#8221;][vc_custom_heading text=&#8221;RDK Solutions&#8221; font_container=&#8221;tag:h2|text_align:center&#8221; use_theme_fonts=&#8221;yes&#8221; css=&#8221;.vc_custom_1508768455907{margin-top: -30px !important;margin-bottom: 0px !important;border-top-width: 0px !important;border-bottom-width: 0px !important;padding-bottom: 0px !important;}&#8221;][vc_empty_space height=&#8221;32&#8243;][vc_row_inner][vc_column_inner width=&#8221;1\/12&#8243;][\/vc_column_inner][vc_column_inner width=&#8221;10\/12&#8243;][vc_column_text]Nieroz\u0142\u0105czn\u0105 cz\u0119\u015bci\u0105 pomy\u015blnego biznesu w sferze handlu jest logistyka. Je\u017celi szukasz profesjonalnego, wiarygodnego partnera mog\u0105cego zapewni\u0107 wysok\u0105 jako\u015b\u0107 us\u0142ug w sferze transportu \u2013 wybieraj \u201eRDK Solutions\u201c!<\/p>\n<p>Oferujemy wyj\u0105tkowo szerokie spektrum us\u0142ug obejmuj\u0105ce przew\u00f3z \u0142adunk\u00f3w transportem l\u0105dowym, morskim, wodnym, powietrznym i kolejowym. Po\u015bredniczymy tak\u017ce w urz\u0119dzie celnym, wykonujemy prace prze\u0142adunkowe towar\u00f3w, mo\u017cemy stworzy\u0107 wszelkie warunki do ich magazynowania, mamy silny zesp\u00f3\u0142 spedytorski.<\/p>\n<p>\u0141adunki przewozimy nie tylko na Litwie i w Europie, ale tak\u017ce w krajach WNP i innych. Posiadamy wspaniale rozwini\u0119t\u0105 sie\u0107 przewoz\u00f3w, dlatego swoje us\u0142ugi \u015bwiadczymy za wyj\u0105tkowo konkurencyjn\u0105 cen\u0119. Aby zapewni\u0107 bezpiecze\u0144stwo wszystkich przewo\u017conych \u0142adunk\u00f3w, wsp\u00f3\u0142pracujemy z wiarygodnymi i dobrze znanymi towarzystwami ubezpieczeniowymi takimi jak \u201eMarine Underwriting Services\u201c i \u201eCoface\u201c.<\/p>\n<p>Powierzaj\u0105c nam logistyk\u0119 mog\u0105 by\u0107 Pa\u0144stwo pewni, \u017ce Pa\u0144stwa \u0142adunek dotrze do celu bezpiecznie, zadbamy o wszystkie procesy od zam\u00f3wienia do dostarczenia wraz z za\u0142atwieniem wszystkich niezb\u0119dnych dokument\u00f3w.[\/vc_column_text][\/vc_column_inner][vc_column_inner width=&#8221;1\/12&#8243;][\/vc_column_inner][\/vc_row_inner][vc_empty_space height=&#8221;32&#8243;][vc_empty_space height=&#8221;32&#8243;][vc_custom_heading text=&#8221;NASZE WARTO\u015aCI&#8221; font_container=&#8221;tag:h2|text_align:center&#8221; use_theme_fonts=&#8221;yes&#8221; css=&#8221;.vc_custom_1511030725169{margin-top: -30px !important;margin-bottom: 0px !important;border-top-width: 0px !important;border-bottom-width: 0px !important;padding-bottom: 0px !important;}&#8221;][vc_empty_space height=&#8221;32&#8243;][\/vc_column][\/vc_row][vc_row full_width=&#8221;stretch_row_content&#8221; equal_height=&#8221;yes&#8221; css=&#8221;.vc_custom_1509294503570{margin-bottom: 0px !important;border-bottom-width: 0px !important;}&#8221; el_class=&#8221;baltai_tekstas&#8221;][vc_column width=&#8221;1\/3&#8243; css=&#8221;.vc_custom_1539255412073{padding-top: 70px !important;padding-bottom: 70px !important;background-color: #ff9533 !important;}&#8221;][stm_icon icon_size=&#8221;67&#8243; icon_height=&#8221;90&#8243; title_font_size=&#8221;24&#8243; title_font_weight=&#8221;700&#8243; align=&#8221;center&#8221; icon=&#8221;stm-security&#8221; title=&#8221;Profesjonalizm&#8221; text=&#8221;Rozumiemy, \u017ce w celu zarz\u0105dzania przewozem r\u00f3\u017cnego rodzaju \u0142adunk\u00f3w niezb\u0119dna jest wiedza w tym zakresie oraz do\u015bwiadczenie, dlatego stworzyli\u015bmy niezawodny zesp\u00f3\u0142 wykwalifikowanych specjalist\u00f3w, kt\u00f3ry z sferze transportu pracuje nie jeden rok i wie, jak rozwi\u0105za\u0107 nawet najbardziej skomplikowane sytuacje.&#8221; icon_color=&#8221;#ffffff&#8221; title_color=&#8221;#ffffff&#8221; text_color=&#8221;#ffffff&#8221;][\/vc_column][vc_column width=&#8221;1\/3&#8243; css=&#8221;.vc_custom_1539255425951{padding-top: 70px !important;padding-bottom: 70px !important;background-color: #ff881a !important;}&#8221;][stm_icon icon_size=&#8221;67&#8243; icon_height=&#8221;90&#8243; title_font_size=&#8221;24&#8243; title_font_weight=&#8221;700&#8243; align=&#8221;center&#8221; icon=&#8221;stm-fast-delivery&#8221; title=&#8221;Wsp\u00f3\u0142praca&#8221; text=&#8221;Utrzymujemy \u015bcis\u0142y kontakt ze swymi klientami i partnerami, wys\u0142uchujemy ich potrzeby i robimy wszystko, aby nie tylko spe\u0142ni\u0107, ale nawet przekroczy\u0107 pok\u0142adane w nas oczekiwania. Aby klienci zostali wci\u0105gni\u0119ci w proces pracy i mogli czu\u0107 si\u0119 bezpieczni o sw\u00f3j \u0142adunek, udzielamy wszelkich informacji o miejscu po\u0142o\u017cenia \u0142adunku oraz etapie przewozu.&#8221; icon_color=&#8221;#ffffff&#8221; title_color=&#8221;#ffffff&#8221; text_color=&#8221;#ffffff&#8221;][\/vc_column][vc_column width=&#8221;1\/3&#8243; css=&#8221;.vc_custom_1539255500974{padding-top: 70px !important;padding-bottom: 70px !important;background-color: #ff7b00 !important;}&#8221;][stm_icon icon_size=&#8221;67&#8243; icon_height=&#8221;90&#8243; title_font_size=&#8221;24&#8243; title_font_weight=&#8221;700&#8243; align=&#8221;center&#8221; icon=&#8221;fa fa-mobile&#8221; title=&#8221;Operatywno\u015b\u0107&#8221; text=&#8221;Na ka\u017cd\u0105 zaistnia\u0142\u0105 sytuacj\u0119 reagujemy operatywnie anga\u017cuj\u0105c specjalist\u00f3w, kt\u00f3rzy mog\u0105 pom\u00f3c w zapewnieniu maksymalnej efektywno\u015bci us\u0142ug. Wsp\u00f3\u0142pracujemy z prawnikami, przedstawicielami urz\u0119du celnego i innymi osobami reprezentuj\u0105cymi sfer\u0119 logistyki na ca\u0142ym \u015bwiecie, dlatego na sw\u0105 prac\u0119 patrzymy kompleksowo, obejmuj\u0105c wszelk\u0105 wiedz\u0119 niezb\u0119dn\u0105 dla jako\u015bciowego transportowania lub spedycji \u0142adunk\u00f3w.&#8221; icon_color=&#8221;#ffffff&#8221; title_color=&#8221;#ffffff&#8221; text_color=&#8221;#ffffff&#8221;][\/vc_column][\/vc_row][vc_row full_width=&#8221;stretch_row&#8221; el_class=&#8221;secondary_bg_color&#8221; css=&#8221;.vc_custom_1508741073199{margin-bottom: 0px !important;}&#8221;][vc_column width=&#8221;1\/12&#8243;][\/vc_column][vc_column width=&#8221;10\/12&#8243;][\/vc_column][vc_column width=&#8221;1\/12&#8243;][\/vc_column][\/vc_row][vc_row full_width=&#8221;stretch_row&#8221; css=&#8221;.vc_custom_1539255271693{background-color: #f47824 !important;}&#8221;][vc_column][vc_cta h2=&#8221;Chcesz otrzymywa\u0107 oferty? &#8221; shape=&#8221;square&#8221; add_button=&#8221;right&#8221; btn_title=&#8221;WYPE\u0141NIJ FORMULARZ&#8221; btn_style=&#8221;outline&#8221; btn_shape=&#8221;round&#8221; btn_color=&#8221;white&#8221; btn_i_align=&#8221;right&#8221; btn_i_icon_fontawesome=&#8221;stm-arrow-next&#8221; btn_add_icon=&#8221;true&#8221; el_class=&#8221;secondary_bg_color&#8221; btn_link=&#8221;url:http%3A%2F%2Frdksolutions.eu%2Fuzklausa%2F|||&#8221;][\/vc_cta][\/vc_column][\/vc_row]<\/p>","protected":false},"excerpt":{"rendered":"<p>[vc_row full_width=&#8221;stretch_row&#8221; gap=&#8221;25&#8243; equal_height=&#8221;yes&#8221; css=&#8221;.vc_custom_1508768618797{background-image: url(http:\/\/rdksolutions.eu\/wp-content\/uploads\/2015\/10\/apie_mus_bg_gelezinkelio_www.rdksolutions.eu_.jpg?id=2377) !important;}&#8221;][vc_column][vc_custom_heading text=&#8221;US\u0141UGI LOGISTYCZNE S\u0141U\u017b\u0104CE TOBIE!&#8221; font_container=&#8221;tag:h3|text_align:center|color:%23adaaaf&#8221; use_theme_fonts=&#8221;yes&#8221; css=&#8221;.vc_custom_1511030667596{margin-bottom: 0px !important;border-bottom-width: 0px !important;padding-bottom: 0px !important;}&#8221;][vc_custom_heading text=&#8221;RDK Solutions&#8221; font_container=&#8221;tag:h2|text_align:center&#8221; use_theme_fonts=&#8221;yes&#8221; css=&#8221;.vc_custom_1508768455907{margin-top: -30px !important;margin-bottom: 0px !important;border-top-width: 0px !important;border-bottom-width: 0px !important;padding-bottom:&#8230;<\/p>\n","protected":false},"author":1,"featured_media":0,"parent":0,"menu_order":0,"comment_status":"closed","ping_status":"closed","template":"","meta":[],"yoast_head":"<!-- This site is optimized with the Yoast SEO plugin v21.1 - https:\/\/yoast.com\/wordpress\/plugins\/seo\/ -->\n<title>Apie mus-\u201eRDK Solutions\u201c<\/title>\n<meta name=\"description\" content=\"Apie mus-\u201eRDK Solutions\u201c\" \/>\n<meta name=\"robots\" content=\"index, follow, max-snippet:-1, max-image-preview:large, max-video-preview:-1\" \/>\n<link rel=\"canonical\" href=\"https:\/\/rdksolutions.eu\/apie-mus\/\" \/>\n<meta property=\"og:locale\" content=\"pl_PL\" \/>\n<meta property=\"og:type\" content=\"article\" \/>\n<meta property=\"og:title\" content=\"Apie mus-\u201eRDK Solutions\u201c\" \/>\n<meta property=\"og:description\" content=\"Apie mus-\u201eRDK Solutions\u201c\" \/>\n<meta property=\"og:url\" content=\"https:\/\/rdksolutions.eu\/apie-mus\/\" \/>\n<meta property=\"og:site_name\" content=\"www.rdksolutions.eu\" \/>\n<meta property=\"article:modified_time\" content=\"2018-10-11T10:58:21+00:00\" \/>\n<meta name=\"twitter:card\" content=\"summary_large_image\" \/>\n<meta name=\"twitter:label1\" content=\"Szacowany czas czytania\" \/>\n\t<meta name=\"twitter:data1\" content=\"14 minut\" \/>\n<script type=\"application\/ld+json\" class=\"yoast-schema-graph\">{\"@context\":\"https:\/\/schema.org\",\"@graph\":[{\"@type\":\"WebPage\",\"@id\":\"https:\/\/rdksolutions.eu\/apie-mus\/\",\"url\":\"https:\/\/rdksolutions.eu\/apie-mus\/\",\"name\":\"Apie mus-\u201eRDK Solutions\u201c\",\"isPartOf\":{\"@id\":\"https:\/\/rdksolutions.eu\/pl\/#website\"},\"datePublished\":\"2015-11-17T04:19:36+00:00\",\"dateModified\":\"2018-10-11T10:58:21+00:00\",\"description\":\"Apie mus-\u201eRDK Solutions\u201c\",\"breadcrumb\":{\"@id\":\"https:\/\/rdksolutions.eu\/apie-mus\/#breadcrumb\"},\"inLanguage\":\"pl-PL\",\"potentialAction\":[{\"@type\":\"ReadAction\",\"target\":[\"https:\/\/rdksolutions.eu\/apie-mus\/\"]}]},{\"@type\":\"BreadcrumbList\",\"@id\":\"https:\/\/rdksolutions.eu\/apie-mus\/#breadcrumb\",\"itemListElement\":[{\"@type\":\"ListItem\",\"position\":1,\"name\":\"Home\",\"item\":\"https:\/\/rdksolutions.eu\/\"},{\"@type\":\"ListItem\",\"position\":2,\"name\":\"O NAS\"}]},{\"@type\":\"WebSite\",\"@id\":\"https:\/\/rdksolutions.eu\/pl\/#website\",\"url\":\"https:\/\/rdksolutions.eu\/pl\/\",\"name\":\"www.rdksolutions.eu\",\"description\":\"Transport, logistyka - RDK Solutions\",\"publisher\":{\"@id\":\"https:\/\/rdksolutions.eu\/pl\/#organization\"},\"potentialAction\":[{\"@type\":\"SearchAction\",\"target\":{\"@type\":\"EntryPoint\",\"urlTemplate\":\"https:\/\/rdksolutions.eu\/pl\/?s={search_term_string}\"},\"query-input\":\"required name=search_term_string\"}],\"inLanguage\":\"pl-PL\"},{\"@type\":\"Organization\",\"@id\":\"https:\/\/rdksolutions.eu\/pl\/#organization\",\"name\":\"UAB \\\"RDK Solutions\\\"\",\"url\":\"https:\/\/rdksolutions.eu\/pl\/\",\"logo\":{\"@type\":\"ImageObject\",\"inLanguage\":\"pl-PL\",\"@id\":\"https:\/\/rdksolutions.eu\/pl\/#\/schema\/logo\/image\/\",\"url\":\"https:\/\/rdksolutions.eu\/wp-content\/uploads\/2017\/10\/logo_png_www.rdksolutions.eu_.png\",\"contentUrl\":\"https:\/\/rdksolutions.eu\/wp-content\/uploads\/2017\/10\/logo_png_www.rdksolutions.eu_.png\",\"width\":200,\"height\":90,\"caption\":\"UAB \\\"RDK Solutions\\\"\"},\"image\":{\"@id\":\"https:\/\/rdksolutions.eu\/pl\/#\/schema\/logo\/image\/\"}}]}<\/script>\n<!-- \/ Yoast SEO plugin. -->","yoast_head_json":{"title":"Apie mus-\u201eRDK Solutions\u201c","description":"Apie mus-\u201eRDK Solutions\u201c","robots":{"index":"index","follow":"follow","max-snippet":"max-snippet:-1","max-image-preview":"max-image-preview:large","max-video-preview":"max-video-preview:-1"},"canonical":"https:\/\/rdksolutions.eu\/apie-mus\/","og_locale":"pl_PL","og_type":"article","og_title":"Apie mus-\u201eRDK Solutions\u201c","og_description":"Apie mus-\u201eRDK Solutions\u201c","og_url":"https:\/\/rdksolutions.eu\/apie-mus\/","og_site_name":"www.rdksolutions.eu","article_modified_time":"2018-10-11T10:58:21+00:00","twitter_card":"summary_large_image","twitter_misc":{"Szacowany czas czytania":"14 minut"},"schema":{"@context":"https:\/\/schema.org","@graph":[{"@type":"WebPage","@id":"https:\/\/rdksolutions.eu\/apie-mus\/","url":"https:\/\/rdksolutions.eu\/apie-mus\/","name":"Apie mus-\u201eRDK Solutions\u201c","isPartOf":{"@id":"https:\/\/rdksolutions.eu\/pl\/#website"},"datePublished":"2015-11-17T04:19:36+00:00","dateModified":"2018-10-11T10:58:21+00:00","description":"Apie mus-\u201eRDK Solutions\u201c","breadcrumb":{"@id":"https:\/\/rdksolutions.eu\/apie-mus\/#breadcrumb"},"inLanguage":"pl-PL","potentialAction":[{"@type":"ReadAction","target":["https:\/\/rdksolutions.eu\/apie-mus\/"]}]},{"@type":"BreadcrumbList","@id":"https:\/\/rdksolutions.eu\/apie-mus\/#breadcrumb","itemListElement":[{"@type":"ListItem","position":1,"name":"Home","item":"https:\/\/rdksolutions.eu\/"},{"@type":"ListItem","position":2,"name":"O NAS"}]},{"@type":"WebSite","@id":"https:\/\/rdksolutions.eu\/pl\/#website","url":"https:\/\/rdksolutions.eu\/pl\/","name":"www.rdksolutions.eu","description":"Transport, logistyka - RDK Solutions","publisher":{"@id":"https:\/\/rdksolutions.eu\/pl\/#organization"},"potentialAction":[{"@type":"SearchAction","target":{"@type":"EntryPoint","urlTemplate":"https:\/\/rdksolutions.eu\/pl\/?s={search_term_string}"},"query-input":"required name=search_term_string"}],"inLanguage":"pl-PL"},{"@type":"Organization","@id":"https:\/\/rdksolutions.eu\/pl\/#organization","name":"UAB \"RDK Solutions\"","url":"https:\/\/rdksolutions.eu\/pl\/","logo":{"@type":"ImageObject","inLanguage":"pl-PL","@id":"https:\/\/rdksolutions.eu\/pl\/#\/schema\/logo\/image\/","url":"https:\/\/rdksolutions.eu\/wp-content\/uploads\/2017\/10\/logo_png_www.rdksolutions.eu_.png","contentUrl":"https:\/\/rdksolutions.eu\/wp-content\/uploads\/2017\/10\/logo_png_www.rdksolutions.eu_.png","width":200,"height":90,"caption":"UAB \"RDK Solutions\""},"image":{"@id":"https:\/\/rdksolutions.eu\/pl\/#\/schema\/logo\/image\/"}}]}},"_links":{"self":[{"href":"https:\/\/rdksolutions.eu\/pl\/wp-json\/wp\/v2\/pages\/415"}],"collection":[{"href":"https:\/\/rdksolutions.eu\/pl\/wp-json\/wp\/v2\/pages"}],"about":[{"href":"https:\/\/rdksolutions.eu\/pl\/wp-json\/wp\/v2\/types\/page"}],"author":[{"embeddable":true,"href":"https:\/\/rdksolutions.eu\/pl\/wp-json\/wp\/v2\/users\/1"}],"replies":[{"embeddable":true,"href":"https:\/\/rdksolutions.eu\/pl\/wp-json\/wp\/v2\/comments?post=415"}],"version-history":[{"count":127,"href":"https:\/\/rdksolutions.eu\/pl\/wp-json\/wp\/v2\/pages\/415\/revisions"}],"predecessor-version":[{"id":4012,"href":"https:\/\/rdksolutions.eu\/pl\/wp-json\/wp\/v2\/pages\/415\/revisions\/4012"}],"wp:attachment":[{"href":"https:\/\/rdksolutions.eu\/pl\/wp-json\/wp\/v2\/media?parent=415"}],"curies":[{"name":"wp","href":"https:\/\/api.w.org\/{rel}","templated":true}]}}