{"id":4104,"date":"2019-04-17T10:06:55","date_gmt":"2019-04-17T12:06:55","guid":{"rendered":"http:\/\/rdksolutions.eu\/?page_id=4104"},"modified":"2019-04-17T10:38:59","modified_gmt":"2019-04-17T12:38:59","slug":"vadybininko-nuoma","status":"publish","type":"page","link":"https:\/\/rdksolutions.eu\/pl\/vadybininko-nuoma\/","title":{"rendered":"Wynajem mened\u017cera"},"content":{"rendered":"<p>[vc_row full_width=&#8221;stretch_row&#8221; equal_height=&#8221;yes&#8221; css=&#8221;.vc_custom_1551188675347{background-image: url(http:\/\/rdksolutions.eu\/wp-content\/uploads\/2015\/10\/apie_mus_bg_gelezinkelio_www.rdksolutions.eu_.jpg?id=2377) !important;}&#8221;][vc_column][vc_custom_heading text=&#8221; Aby Pa\u0144stwa plany biznesowe nie zna\u0142y granic!&#8221; font_container=&#8221;tag:h3|text_align:center|color:%23adaaaf&#8221; use_theme_fonts=&#8221;yes&#8221; css=&#8221;.vc_custom_1511107673201{margin-bottom: 0px !important;border-bottom-width: 0px !important;padding-bottom: 0px !important;}&#8221;][vc_custom_heading text=&#8221;RDK Solutions&#8221; font_container=&#8221;tag:h2|text_align:center&#8221; use_theme_fonts=&#8221;yes&#8221; css=&#8221;.vc_custom_1508768455907{margin-top: -30px !important;margin-bottom: 0px !important;border-top-width: 0px !important;border-bottom-width: 0px !important;padding-bottom: 0px !important;}&#8221;][vc_empty_space height=&#8221;32&#8243;][vc_row_inner content_placement=&#8221;middle&#8221;][vc_column_inner][vc_custom_heading text=&#8221;Jako jedni z pierwszych na Litwie oferujemy wyj\u0105tkow\u0105 us\u0142ug\u0119 \u2013 wynajem managera ds. sprzeda\u017cy&#8221; font_container=&#8221;tag:h2|text_align:center|color:%23ff7b00&#8243; use_theme_fonts=&#8221;yes&#8221; css_animation=&#8221;fadeInLeft&#8221; css=&#8221;.vc_custom_1555503950850{margin-bottom: 0px !important;border-bottom-width: 0px !important;padding-bottom: 20px !important;}&#8221;][vc_single_image image=&#8221;4114&#8243; img_size=&#8221;large&#8221; alignment=&#8221;center&#8221;][\/vc_column_inner][\/vc_row_inner][vc_empty_space height=&#8221;52&#8243;][vc_row_inner][vc_column_inner width=&#8221;2\/12&#8243;][\/vc_column_inner][vc_column_inner width=&#8221;8\/12&#8243;][vc_empty_space height=&#8221;22px&#8221;][vc_column_text]<\/p>\n<p style=\"text-align: justify;\"><span style=\"font-size: 14pt;\"><strong>Co to?<\/strong><\/span><br \/>\nWynaj\u0119cie managera ds. sprzeda\u017cy \u2013 to mo\u017cliwo\u015b\u0107, aby Pa\u0144stwa firma mia\u0142a profesjonalnego przedstawiciela w swej dziedzinie, kt\u00f3rego nie trzeba zatrudnia\u0107 jako sta\u0142ego pracownika sp\u00f3\u0142ki. Po przeanalizowaniu Pa\u0144stwa dzia\u0142alno\u015bci i potrzeb wybierzemy najlepiej nadaj\u0105cego si\u0119 profesjonalist\u0119, kt\u00f3ry zadba o poszukiwanie towar\u00f3w, ich sprzeda\u017c, transport, wprowadzenie na rynki zagraniczne, tak\u017ce wykona inne zadania, kt\u00f3re pomog\u0105 pomy\u015blnie rozwija\u0107 biznes.<br \/>\nDzia\u0142amy nie tylko w regionie ba\u0142tyckim, ale te\u017c we wszystkich krajach europejskich i WNP, doskonale znamy zwyczaje ich konsument\u00f3w, ustawodawstwo kraj\u00f3w i akty prawne, dlatego niewa\u017cne, czy potrzebuj\u0105 Pa\u0144stwo managera na Litwie, czy profesjonalist\u0119 w mi\u0119dzynarodowym zakresie \u2013 b\u0119d\u0105 mogli Pa\u0144stwo wybra\u0107 z wyj\u0105tkowo szerokiej sieci profesjonalist\u00f3w.<\/p>\n<p>[\/vc_column_text][vc_column_text]<\/p>\n<p style=\"text-align: justify;\"><span style=\"font-size: 14pt;\"><strong>Dlaczego warto wybra\u0107 wynajem managera?<\/strong><\/span><\/p>\n<ul style=\"text-align: justify;\">\n<li>Nie musz\u0105 Pa\u0144stwo zatrudnia\u0107 pracownika na sta\u0142e i p\u0142aci\u0107 podatk\u00f3w oraz zapewnia\u0107 gwarancji socjalnych.<\/li>\n<li>Nie trzeba tworzy\u0107 miejsca pracy managera oraz narz\u0119dzi pracy.<\/li>\n<li>Nie dotycz\u0105 Pa\u0144stwa takie problemu, jak urlop pracownika, choroba lub urlop wychowawczy.<\/li>\n<li>Nie musz\u0105 Pa\u0144stwo wykorzystywa\u0107 zasob\u00f3w firmy na poszukiwanie i przyci\u0105ganie nowych pracownik\u00f3w.<\/li>\n<li>Praca nigdy nie zatrzymuje si\u0119, a je\u017celi potrzebni s\u0105 dodatkowi pracownicy, mo\u017cemy zwi\u0119kszy\u0107 moce i zatrudni\u0107 wi\u0119cej manager\u00f3w.<\/li>\n<\/ul>\n<p style=\"text-align: justify;\"><span style=\"font-size: 14pt;\"><strong>Kto mo\u017ce na tym skorzysta\u0107?<\/strong><\/span><\/p>\n<ul style=\"text-align: justify;\">\n<li>Sp\u00f3\u0142ki, kt\u00f3re rozpoczynaj\u0105 sw\u0105 dzia\u0142alno\u015b\u0107 i nie maj\u0105 bud\u017cetu na tworzenie nowego dzia\u0142u.<\/li>\n<li>Sp\u00f3\u0142ki, kt\u00f3re nie maj\u0105 czasu na poszukiwanie i szkolenie nowych pracownik\u00f3w i chc\u0105 od razu pracowa\u0107 z profesjonalistami.<\/li>\n<li>Sp\u00f3\u0142ki, kt\u00f3re postanowi\u0142y rozwija\u0107 sw\u00f3j biznes i chc\u0105 wypr\u00f3bowa\u0107 sw\u0105 dzia\u0142alno\u015b\u0107 na innych rynkach.<\/li>\n<li>Sp\u00f3\u0142ki, kt\u00f3re dzia\u0142aj\u0105 w dynamicznym otoczeniu iw ich dzia\u0142alno\u015bci stale pojawiaj\u0105 si\u0119 nieprzewidziane prace, do wykonania kt\u00f3rych potrzebna jest dodatkowa si\u0142a robocza.<\/li>\n<\/ul>\n<p style=\"text-align: justify;\"><span style=\"font-size: 14pt;\"><strong>Jakie us\u0142ugi \u015bwiadczymy?<\/strong><\/span><\/p>\n<ul style=\"text-align: justify;\">\n<li>Dok\u0142adnie analizujemy Pa\u0144stwa dzia\u0142alno\u015b\u0107 i okre\u015blamy cele sprzeda\u017cy.<\/li>\n<li>Tworzymy strategi\u0119, kt\u00f3ra pomo\u017ce przyci\u0105gn\u0105\u0107 nowych klient\u00f3w i wzmocni lojalno\u015b\u0107 ju\u017c istniej\u0105cych klient\u00f3w.<\/li>\n<li>Wykonujemy wszystkie dzia\u0142ania niezb\u0119dne dla realizacji strategii.<\/li>\n<li>Opracowujemy oferty komercyjne, umowy sprzeda\u017cy, prowadzimy negocjacje.<\/li>\n<li>Poszukujemy owych partner\u00f3w i nawi\u0105zujemy nowe znajomo\u015bci korzystne dla biznesu.<\/li>\n<li>Analizujemy wyniki i dzielimy si\u0119 spostrze\u017ceniami, jak ulepszy\u0107 plany dzia\u0142alno\u015bci.<\/li>\n<li>Wykonujemy inne prace zwi\u0105zane z rozwojem sprzeda\u017cy.<\/li>\n<\/ul>\n<p style=\"text-align: justify;\"><span style=\"font-size: 14pt;\"><strong>Jakich gwarancji udzielamy?<\/strong><\/span><\/p>\n<ul>\n<li style=\"text-align: justify;\">Umawiamy si\u0119 na 3-miesi\u0119czny okres pr\u00f3bny.<\/li>\n<li style=\"text-align: justify;\">Je\u017celi praca managera zadowala Pa\u0144stwa, podpisujemy umow\u0119 na okres 1 roku.<\/li>\n<li style=\"text-align: justify;\">Co miesi\u0105c p\u0142ac\u0105 Pa\u0144stwo ustalon\u0105 op\u0142at\u0119, kt\u00f3re nie zmienia si\u0119.<\/li>\n<li style=\"text-align: justify;\">W razie naruszenia umowy wyp\u0142acamy swym klientom odszkodowanie w wysoko\u015bci 10 tysi\u0119cy euro.<\/li>\n<\/ul>\n<p>[\/vc_column_text][\/vc_column_inner][vc_column_inner width=&#8221;2\/12&#8243;][\/vc_column_inner][\/vc_row_inner][vc_empty_space][vc_empty_space][vc_empty_space][\/vc_column][\/vc_row][vc_row full_width=&#8221;stretch_row&#8221; el_class=&#8221;secondary_bg_color&#8221; css=&#8221;.vc_custom_1508741073199{margin-bottom: 0px !important;}&#8221;][vc_column width=&#8221;1\/12&#8243;][\/vc_column][vc_column width=&#8221;10\/12&#8243;][vc_cta h2=&#8221;Chcesz otrzymywa\u0107 oferty? &#8221; shape=&#8221;square&#8221; add_button=&#8221;right&#8221; btn_title=&#8221;WYPE\u0141NIJ FORMULARZ&#8221; btn_style=&#8221;outline&#8221; btn_shape=&#8221;round&#8221; btn_color=&#8221;white&#8221; btn_i_align=&#8221;right&#8221; btn_i_icon_fontawesome=&#8221;stm-arrow-next&#8221; btn_add_icon=&#8221;true&#8221; el_class=&#8221;secondary_bg_color&#8221; btn_link=&#8221;url:http%3A%2F%2Frdksolutions.eu%2Fuzsakymas-prekyba%2F%3Fpreview%3Dtrue||target:%20_blank|&#8221;][\/vc_cta][\/vc_column][vc_column width=&#8221;1\/12&#8243;][\/vc_column][\/vc_row]<\/p>","protected":false},"excerpt":{"rendered":"<p>[vc_row full_width=&#8221;stretch_row&#8221; equal_height=&#8221;yes&#8221; css=&#8221;.vc_custom_1551188675347{background-image: url(http:\/\/rdksolutions.eu\/wp-content\/uploads\/2015\/10\/apie_mus_bg_gelezinkelio_www.rdksolutions.eu_.jpg?id=2377) !important;}&#8221;][vc_column][vc_custom_heading text=&#8221; Aby Pa\u0144stwa plany biznesowe nie zna\u0142y granic!&#8221; font_container=&#8221;tag:h3|text_align:center|color:%23adaaaf&#8221; use_theme_fonts=&#8221;yes&#8221; css=&#8221;.vc_custom_1511107673201{margin-bottom: 0px !important;border-bottom-width: 0px !important;padding-bottom: 0px !important;}&#8221;][vc_custom_heading text=&#8221;RDK Solutions&#8221; font_container=&#8221;tag:h2|text_align:center&#8221; use_theme_fonts=&#8221;yes&#8221; css=&#8221;.vc_custom_1508768455907{margin-top: -30px !important;margin-bottom: 0px !important;border-top-width: 0px&#8230;<\/p>\n","protected":false},"author":1,"featured_media":0,"parent":0,"menu_order":0,"comment_status":"closed","ping_status":"closed","template":"","meta":[],"yoast_head":"<!-- This site is optimized with the Yoast SEO plugin v21.1 - https:\/\/yoast.com\/wordpress\/plugins\/seo\/ -->\n<title>Wynajem mened\u017cera - www.rdksolutions.eu<\/title>\n<meta name=\"description\" content=\"Prekyba\" \/>\n<meta name=\"robots\" content=\"index, follow, max-snippet:-1, max-image-preview:large, max-video-preview:-1\" \/>\n<link rel=\"canonical\" href=\"https:\/\/rdksolutions.eu\/vadybininko-nuoma\/\" \/>\n<meta property=\"og:locale\" content=\"pl_PL\" \/>\n<meta property=\"og:type\" content=\"article\" \/>\n<meta property=\"og:title\" content=\"Wynajem mened\u017cera - www.rdksolutions.eu\" \/>\n<meta property=\"og:description\" content=\"Prekyba\" \/>\n<meta property=\"og:url\" content=\"https:\/\/rdksolutions.eu\/vadybininko-nuoma\/\" \/>\n<meta property=\"og:site_name\" content=\"www.rdksolutions.eu\" \/>\n<meta property=\"article:modified_time\" content=\"2019-04-17T12:38:59+00:00\" \/>\n<meta name=\"twitter:card\" content=\"summary_large_image\" \/>\n<meta name=\"twitter:label1\" content=\"Szacowany czas czytania\" \/>\n\t<meta name=\"twitter:data1\" content=\"13 minut\" \/>\n<script type=\"application\/ld+json\" class=\"yoast-schema-graph\">{\"@context\":\"https:\/\/schema.org\",\"@graph\":[{\"@type\":\"WebPage\",\"@id\":\"https:\/\/rdksolutions.eu\/vadybininko-nuoma\/\",\"url\":\"https:\/\/rdksolutions.eu\/vadybininko-nuoma\/\",\"name\":\"Wynajem mened\u017cera - www.rdksolutions.eu\",\"isPartOf\":{\"@id\":\"https:\/\/rdksolutions.eu\/pl\/#website\"},\"datePublished\":\"2019-04-17T12:06:55+00:00\",\"dateModified\":\"2019-04-17T12:38:59+00:00\",\"description\":\"Prekyba\",\"breadcrumb\":{\"@id\":\"https:\/\/rdksolutions.eu\/vadybininko-nuoma\/#breadcrumb\"},\"inLanguage\":\"pl-PL\",\"potentialAction\":[{\"@type\":\"ReadAction\",\"target\":[\"https:\/\/rdksolutions.eu\/vadybininko-nuoma\/\"]}]},{\"@type\":\"BreadcrumbList\",\"@id\":\"https:\/\/rdksolutions.eu\/vadybininko-nuoma\/#breadcrumb\",\"itemListElement\":[{\"@type\":\"ListItem\",\"position\":1,\"name\":\"Home\",\"item\":\"https:\/\/rdksolutions.eu\/\"},{\"@type\":\"ListItem\",\"position\":2,\"name\":\"Vadybininko nuoma\"}]},{\"@type\":\"WebSite\",\"@id\":\"https:\/\/rdksolutions.eu\/pl\/#website\",\"url\":\"https:\/\/rdksolutions.eu\/pl\/\",\"name\":\"www.rdksolutions.eu\",\"description\":\"Transport, logistyka - RDK Solutions\",\"publisher\":{\"@id\":\"https:\/\/rdksolutions.eu\/pl\/#organization\"},\"potentialAction\":[{\"@type\":\"SearchAction\",\"target\":{\"@type\":\"EntryPoint\",\"urlTemplate\":\"https:\/\/rdksolutions.eu\/pl\/?s={search_term_string}\"},\"query-input\":\"required name=search_term_string\"}],\"inLanguage\":\"pl-PL\"},{\"@type\":\"Organization\",\"@id\":\"https:\/\/rdksolutions.eu\/pl\/#organization\",\"name\":\"UAB \\\"RDK Solutions\\\"\",\"url\":\"https:\/\/rdksolutions.eu\/pl\/\",\"logo\":{\"@type\":\"ImageObject\",\"inLanguage\":\"pl-PL\",\"@id\":\"https:\/\/rdksolutions.eu\/pl\/#\/schema\/logo\/image\/\",\"url\":\"https:\/\/rdksolutions.eu\/wp-content\/uploads\/2017\/10\/logo_png_www.rdksolutions.eu_.png\",\"contentUrl\":\"https:\/\/rdksolutions.eu\/wp-content\/uploads\/2017\/10\/logo_png_www.rdksolutions.eu_.png\",\"width\":200,\"height\":90,\"caption\":\"UAB \\\"RDK Solutions\\\"\"},\"image\":{\"@id\":\"https:\/\/rdksolutions.eu\/pl\/#\/schema\/logo\/image\/\"}}]}<\/script>\n<!-- \/ Yoast SEO plugin. -->","yoast_head_json":{"title":"Wynajem mened\u017cera - www.rdksolutions.eu","description":"Prekyba","robots":{"index":"index","follow":"follow","max-snippet":"max-snippet:-1","max-image-preview":"max-image-preview:large","max-video-preview":"max-video-preview:-1"},"canonical":"https:\/\/rdksolutions.eu\/vadybininko-nuoma\/","og_locale":"pl_PL","og_type":"article","og_title":"Wynajem mened\u017cera - www.rdksolutions.eu","og_description":"Prekyba","og_url":"https:\/\/rdksolutions.eu\/vadybininko-nuoma\/","og_site_name":"www.rdksolutions.eu","article_modified_time":"2019-04-17T12:38:59+00:00","twitter_card":"summary_large_image","twitter_misc":{"Szacowany czas czytania":"13 minut"},"schema":{"@context":"https:\/\/schema.org","@graph":[{"@type":"WebPage","@id":"https:\/\/rdksolutions.eu\/vadybininko-nuoma\/","url":"https:\/\/rdksolutions.eu\/vadybininko-nuoma\/","name":"Wynajem mened\u017cera - www.rdksolutions.eu","isPartOf":{"@id":"https:\/\/rdksolutions.eu\/pl\/#website"},"datePublished":"2019-04-17T12:06:55+00:00","dateModified":"2019-04-17T12:38:59+00:00","description":"Prekyba","breadcrumb":{"@id":"https:\/\/rdksolutions.eu\/vadybininko-nuoma\/#breadcrumb"},"inLanguage":"pl-PL","potentialAction":[{"@type":"ReadAction","target":["https:\/\/rdksolutions.eu\/vadybininko-nuoma\/"]}]},{"@type":"BreadcrumbList","@id":"https:\/\/rdksolutions.eu\/vadybininko-nuoma\/#breadcrumb","itemListElement":[{"@type":"ListItem","position":1,"name":"Home","item":"https:\/\/rdksolutions.eu\/"},{"@type":"ListItem","position":2,"name":"Vadybininko nuoma"}]},{"@type":"WebSite","@id":"https:\/\/rdksolutions.eu\/pl\/#website","url":"https:\/\/rdksolutions.eu\/pl\/","name":"www.rdksolutions.eu","description":"Transport, logistyka - RDK Solutions","publisher":{"@id":"https:\/\/rdksolutions.eu\/pl\/#organization"},"potentialAction":[{"@type":"SearchAction","target":{"@type":"EntryPoint","urlTemplate":"https:\/\/rdksolutions.eu\/pl\/?s={search_term_string}"},"query-input":"required name=search_term_string"}],"inLanguage":"pl-PL"},{"@type":"Organization","@id":"https:\/\/rdksolutions.eu\/pl\/#organization","name":"UAB \"RDK Solutions\"","url":"https:\/\/rdksolutions.eu\/pl\/","logo":{"@type":"ImageObject","inLanguage":"pl-PL","@id":"https:\/\/rdksolutions.eu\/pl\/#\/schema\/logo\/image\/","url":"https:\/\/rdksolutions.eu\/wp-content\/uploads\/2017\/10\/logo_png_www.rdksolutions.eu_.png","contentUrl":"https:\/\/rdksolutions.eu\/wp-content\/uploads\/2017\/10\/logo_png_www.rdksolutions.eu_.png","width":200,"height":90,"caption":"UAB \"RDK Solutions\""},"image":{"@id":"https:\/\/rdksolutions.eu\/pl\/#\/schema\/logo\/image\/"}}]}},"_links":{"self":[{"href":"https:\/\/rdksolutions.eu\/pl\/wp-json\/wp\/v2\/pages\/4104"}],"collection":[{"href":"https:\/\/rdksolutions.eu\/pl\/wp-json\/wp\/v2\/pages"}],"about":[{"href":"https:\/\/rdksolutions.eu\/pl\/wp-json\/wp\/v2\/types\/page"}],"author":[{"embeddable":true,"href":"https:\/\/rdksolutions.eu\/pl\/wp-json\/wp\/v2\/users\/1"}],"replies":[{"embeddable":true,"href":"https:\/\/rdksolutions.eu\/pl\/wp-json\/wp\/v2\/comments?post=4104"}],"version-history":[{"count":16,"href":"https:\/\/rdksolutions.eu\/pl\/wp-json\/wp\/v2\/pages\/4104\/revisions"}],"predecessor-version":[{"id":4122,"href":"https:\/\/rdksolutions.eu\/pl\/wp-json\/wp\/v2\/pages\/4104\/revisions\/4122"}],"wp:attachment":[{"href":"https:\/\/rdksolutions.eu\/pl\/wp-json\/wp\/v2\/media?parent=4104"}],"curies":[{"name":"wp","href":"https:\/\/api.w.org\/{rel}","templated":true}]}}