{"id":4086,"date":"2019-03-22T05:20:00","date_gmt":"2019-03-22T07:20:00","guid":{"rendered":"http:\/\/rdksolutions.eu\/?page_id=4086"},"modified":"2019-03-22T05:53:58","modified_gmt":"2019-03-22T07:53:58","slug":"distribucija","status":"publish","type":"page","link":"https:\/\/rdksolutions.eu\/pl\/distribucija\/","title":{"rendered":"Dystrybucja"},"content":{"rendered":"<p>[vc_row full_width=&#8221;stretch_row&#8221; equal_height=&#8221;yes&#8221; css=&#8221;.vc_custom_1551188675347{background-image: url(http:\/\/rdksolutions.eu\/wp-content\/uploads\/2015\/10\/apie_mus_bg_gelezinkelio_www.rdksolutions.eu_.jpg?id=2377) !important;}&#8221;][vc_column][vc_custom_heading text=&#8221;ABY PA\u0143STWA PLANY BIZNESOWE NIE ZNA\u0141Y GRANIC!<br \/>\n&#8221; font_container=&#8221;tag:h3|text_align:center|color:%23adaaaf&#8221; use_theme_fonts=&#8221;yes&#8221; css=&#8221;.vc_custom_1553239930461{margin-bottom: 0px !important;border-bottom-width: 0px !important;padding-bottom: 0px !important;}&#8221;][vc_custom_heading text=&#8221;RDK Solutions&#8221; font_container=&#8221;tag:h2|text_align:center&#8221; use_theme_fonts=&#8221;yes&#8221; css=&#8221;.vc_custom_1508768455907{margin-top: -30px !important;margin-bottom: 0px !important;border-top-width: 0px !important;border-bottom-width: 0px !important;padding-bottom: 0px !important;}&#8221;][vc_empty_space height=&#8221;32&#8243;][vc_row_inner content_placement=&#8221;middle&#8221;][vc_column_inner][vc_single_image image=&#8221;4093&#8243; img_size=&#8221;large&#8221; alignment=&#8221;center&#8221; css_animation=&#8221;fadeInRight&#8221;][\/vc_column_inner][\/vc_row_inner][vc_empty_space height=&#8221;52&#8243;][vc_row_inner][vc_column_inner width=&#8221;2\/12&#8243;][\/vc_column_inner][vc_column_inner width=&#8221;8\/12&#8243;][vc_column_text]<\/p>\n<p style=\"text-align: justify;\">Oferujemy kompleksowe us\u0142ugi dystrybucji od A do Z. Zadbamy o import towar\u00f3w, magazynowanie, dostaw\u0119, wprowadzenie na rynek oraz o realizacj\u0119 strategii marketingowej, sprzeda\u017cy i rozwoju. \u00a0W realizacji wszystkich projekt\u00f3w oraz zapewnieniu klientom pomy\u015blnych wynik\u00f3w pomaga nam d\u0142ugoletnie do\u015bwiadczenie, du\u017cy zesp\u00f3\u0142 ekspert\u00f3w w swej dziedzinie i przedstawiciele pracuj\u0105cy na rynku litewskim oraz na rynkach zagranicznych.<\/p>\n<p style=\"text-align: justify;\">Wsp\u00f3\u0142pracuj\u0105c w r\u00f3\u017cnych segmentach biznesu wyklarowali\u015bmy procesy logistyczne oraz sprzeda\u017cy i marketingu, dlatego ka\u017cdemu klientowi mo\u017cemy zaoferowa\u0107 i dostosowa\u0107 wymierzone decyzje najlepiej nadaj\u0105ce si\u0119 do osi\u0105gni\u0119cia cel\u00f3w. Ka\u017cdy znak towarowy lub projekt ma swego kierownika, kt\u00f3ry kuruje innych odpowiedzialnych ekspert\u00f3w. Zapewniamy tak\u017ce wszechstronn\u0105 synergi\u0119 oraz sp\u00f3jny nadz\u00f3r i zarz\u0105dzanie znakami towarowymi, co ma wp\u0142yw na wspania\u0142e sprzeda\u017ce i atrakcyjny wizerunek na rynku.<\/p>\n<p>&nbsp;<\/p>\n<p><strong><span style=\"font-size: 18pt;\">Lista oferowanych przez nas us\u0142ug<\/span><\/strong><\/p>\n<p>&nbsp;<\/p>\n<p><em>Logistyka:<\/em><\/p>\n<ul>\n<li>przewozy mi\u0119dzynarodowe;<\/li>\n<li>magazynowanie towar\u00f3w;<\/li>\n<li>transport lokalny;<\/li>\n<li>zarz\u0105dzanie reszt\u0105 towar\u00f3w;<\/li>\n<li>import;<\/li>\n<li>przygotowanie towar\u00f3w do wprowadzenia na rynek:<\/li>\n<li>oznakowanie towar\u00f3w;<\/li>\n<li>dostawa towar\u00f3w dostawcom i klientom.<\/li>\n<\/ul>\n<p><em>Sprzeda\u017ce:<\/em><\/p>\n<ul>\n<li>do\u015bwiadczony zesp\u00f3\u0142 ds. sprzeda\u017cy;<\/li>\n<li>d\u0142ugookresowa strategia promocji sprzeda\u017cy i analiza dzia\u0142a\u0144;<\/li>\n<li>wprowadzenie towar\u00f3w na rynek;<\/li>\n<li>monitoring cen i rynku;<\/li>\n<li>prowadzenie negocjacji;<\/li>\n<li>kontrola towar\u00f3w na p\u00f3\u0142kach;<\/li>\n<li>sporz\u0105dzanie, wykonywanie i kontrola zam\u00f3wie\u0144;<\/li>\n<\/ul>\n<p><em>Marketing:<\/em><\/p>\n<ul>\n<li>do\u015bwiadczony zesp\u00f3\u0142 ekspert\u00f3w ds. marketingu;<\/li>\n<li>d\u0142ugookresowa strategia marketingu i analiza dzia\u0142a\u0144;<\/li>\n<li>dzia\u0142ania w zakresie marketingu wprowadzaj\u0105cego towary na rynek;<\/li>\n<li>tworzenie i utrzymywanie wizerunku znaku towarowego;<\/li>\n<li>organizacja kampanii reklamowych;<\/li>\n<li>analiza konkurencji, tworzenie marketingu;<\/li>\n<li>tworzenie i produkcja materia\u0142\u00f3w reklamowych.<\/li>\n<\/ul>\n<p>[\/vc_column_text][\/vc_column_inner][vc_column_inner width=&#8221;2\/12&#8243;][\/vc_column_inner][\/vc_row_inner][vc_empty_space][vc_empty_space][vc_empty_space][\/vc_column][\/vc_row][vc_row full_width=&#8221;stretch_row&#8221; el_class=&#8221;secondary_bg_color&#8221; css=&#8221;.vc_custom_1508741073199{margin-bottom: 0px !important;}&#8221;][vc_column width=&#8221;1\/12&#8243;][\/vc_column][vc_column width=&#8221;10\/12&#8243;][vc_cta h2=&#8221;Chcesz otrzymywa\u0107 oferty? &#8221; shape=&#8221;square&#8221; add_button=&#8221;right&#8221; btn_title=&#8221;WYPE\u0141NIJ FORMULARZ&#8221; btn_style=&#8221;outline&#8221; btn_shape=&#8221;round&#8221; btn_color=&#8221;white&#8221; btn_i_align=&#8221;right&#8221; btn_i_icon_fontawesome=&#8221;stm-arrow-next&#8221; btn_add_icon=&#8221;true&#8221; el_class=&#8221;secondary_bg_color&#8221; btn_link=&#8221;url:http%3A%2F%2Frdksolutions.eu%2Fuzsakymas-prekyba%2F%3Fpreview%3Dtrue||target:%20_blank|&#8221;][\/vc_cta][\/vc_column][vc_column width=&#8221;1\/12&#8243;][\/vc_column][\/vc_row]<\/p>","protected":false},"excerpt":{"rendered":"<p>[vc_row full_width=&#8221;stretch_row&#8221; equal_height=&#8221;yes&#8221; css=&#8221;.vc_custom_1551188675347{background-image: url(http:\/\/rdksolutions.eu\/wp-content\/uploads\/2015\/10\/apie_mus_bg_gelezinkelio_www.rdksolutions.eu_.jpg?id=2377) !important;}&#8221;][vc_column][vc_custom_heading text=&#8221;ABY PA\u0143STWA PLANY BIZNESOWE NIE ZNA\u0141Y GRANIC! &#8221; font_container=&#8221;tag:h3|text_align:center|color:%23adaaaf&#8221; use_theme_fonts=&#8221;yes&#8221; css=&#8221;.vc_custom_1553239930461{margin-bottom: 0px !important;border-bottom-width: 0px !important;padding-bottom: 0px !important;}&#8221;][vc_custom_heading text=&#8221;RDK Solutions&#8221; font_container=&#8221;tag:h2|text_align:center&#8221; use_theme_fonts=&#8221;yes&#8221; css=&#8221;.vc_custom_1508768455907{margin-top: -30px !important;margin-bottom: 0px !important;border-top-width: 0px&#8230;<\/p>\n","protected":false},"author":1,"featured_media":0,"parent":0,"menu_order":0,"comment_status":"closed","ping_status":"closed","template":"","meta":[],"yoast_head":"<!-- This site is optimized with the Yoast SEO plugin v21.1 - https:\/\/yoast.com\/wordpress\/plugins\/seo\/ -->\n<title>Dystrybucja - www.rdksolutions.eu<\/title>\n<meta name=\"description\" content=\"Prekyba\" \/>\n<meta name=\"robots\" content=\"index, follow, max-snippet:-1, max-image-preview:large, max-video-preview:-1\" \/>\n<link rel=\"canonical\" href=\"https:\/\/rdksolutions.eu\/distribucija\/\" \/>\n<meta property=\"og:locale\" content=\"pl_PL\" \/>\n<meta property=\"og:type\" content=\"article\" \/>\n<meta property=\"og:title\" content=\"Dystrybucja - www.rdksolutions.eu\" \/>\n<meta property=\"og:description\" content=\"Prekyba\" \/>\n<meta property=\"og:url\" content=\"https:\/\/rdksolutions.eu\/distribucija\/\" \/>\n<meta property=\"og:site_name\" content=\"www.rdksolutions.eu\" \/>\n<meta property=\"article:modified_time\" content=\"2019-03-22T07:53:58+00:00\" \/>\n<meta name=\"twitter:card\" content=\"summary_large_image\" \/>\n<meta name=\"twitter:label1\" content=\"Szacowany czas czytania\" \/>\n\t<meta name=\"twitter:data1\" content=\"9 minut\" \/>\n<script type=\"application\/ld+json\" class=\"yoast-schema-graph\">{\"@context\":\"https:\/\/schema.org\",\"@graph\":[{\"@type\":\"WebPage\",\"@id\":\"https:\/\/rdksolutions.eu\/distribucija\/\",\"url\":\"https:\/\/rdksolutions.eu\/distribucija\/\",\"name\":\"Dystrybucja - www.rdksolutions.eu\",\"isPartOf\":{\"@id\":\"https:\/\/rdksolutions.eu\/pl\/#website\"},\"datePublished\":\"2019-03-22T07:20:00+00:00\",\"dateModified\":\"2019-03-22T07:53:58+00:00\",\"description\":\"Prekyba\",\"breadcrumb\":{\"@id\":\"https:\/\/rdksolutions.eu\/distribucija\/#breadcrumb\"},\"inLanguage\":\"pl-PL\",\"potentialAction\":[{\"@type\":\"ReadAction\",\"target\":[\"https:\/\/rdksolutions.eu\/distribucija\/\"]}]},{\"@type\":\"BreadcrumbList\",\"@id\":\"https:\/\/rdksolutions.eu\/distribucija\/#breadcrumb\",\"itemListElement\":[{\"@type\":\"ListItem\",\"position\":1,\"name\":\"Home\",\"item\":\"https:\/\/rdksolutions.eu\/\"},{\"@type\":\"ListItem\",\"position\":2,\"name\":\"Dystrybucja\"}]},{\"@type\":\"WebSite\",\"@id\":\"https:\/\/rdksolutions.eu\/pl\/#website\",\"url\":\"https:\/\/rdksolutions.eu\/pl\/\",\"name\":\"www.rdksolutions.eu\",\"description\":\"Transport, logistyka - RDK Solutions\",\"publisher\":{\"@id\":\"https:\/\/rdksolutions.eu\/pl\/#organization\"},\"potentialAction\":[{\"@type\":\"SearchAction\",\"target\":{\"@type\":\"EntryPoint\",\"urlTemplate\":\"https:\/\/rdksolutions.eu\/pl\/?s={search_term_string}\"},\"query-input\":\"required name=search_term_string\"}],\"inLanguage\":\"pl-PL\"},{\"@type\":\"Organization\",\"@id\":\"https:\/\/rdksolutions.eu\/pl\/#organization\",\"name\":\"UAB \\\"RDK Solutions\\\"\",\"url\":\"https:\/\/rdksolutions.eu\/pl\/\",\"logo\":{\"@type\":\"ImageObject\",\"inLanguage\":\"pl-PL\",\"@id\":\"https:\/\/rdksolutions.eu\/pl\/#\/schema\/logo\/image\/\",\"url\":\"https:\/\/rdksolutions.eu\/wp-content\/uploads\/2017\/10\/logo_png_www.rdksolutions.eu_.png\",\"contentUrl\":\"https:\/\/rdksolutions.eu\/wp-content\/uploads\/2017\/10\/logo_png_www.rdksolutions.eu_.png\",\"width\":200,\"height\":90,\"caption\":\"UAB \\\"RDK Solutions\\\"\"},\"image\":{\"@id\":\"https:\/\/rdksolutions.eu\/pl\/#\/schema\/logo\/image\/\"}}]}<\/script>\n<!-- \/ Yoast SEO plugin. -->","yoast_head_json":{"title":"Dystrybucja - www.rdksolutions.eu","description":"Prekyba","robots":{"index":"index","follow":"follow","max-snippet":"max-snippet:-1","max-image-preview":"max-image-preview:large","max-video-preview":"max-video-preview:-1"},"canonical":"https:\/\/rdksolutions.eu\/distribucija\/","og_locale":"pl_PL","og_type":"article","og_title":"Dystrybucja - www.rdksolutions.eu","og_description":"Prekyba","og_url":"https:\/\/rdksolutions.eu\/distribucija\/","og_site_name":"www.rdksolutions.eu","article_modified_time":"2019-03-22T07:53:58+00:00","twitter_card":"summary_large_image","twitter_misc":{"Szacowany czas czytania":"9 minut"},"schema":{"@context":"https:\/\/schema.org","@graph":[{"@type":"WebPage","@id":"https:\/\/rdksolutions.eu\/distribucija\/","url":"https:\/\/rdksolutions.eu\/distribucija\/","name":"Dystrybucja - www.rdksolutions.eu","isPartOf":{"@id":"https:\/\/rdksolutions.eu\/pl\/#website"},"datePublished":"2019-03-22T07:20:00+00:00","dateModified":"2019-03-22T07:53:58+00:00","description":"Prekyba","breadcrumb":{"@id":"https:\/\/rdksolutions.eu\/distribucija\/#breadcrumb"},"inLanguage":"pl-PL","potentialAction":[{"@type":"ReadAction","target":["https:\/\/rdksolutions.eu\/distribucija\/"]}]},{"@type":"BreadcrumbList","@id":"https:\/\/rdksolutions.eu\/distribucija\/#breadcrumb","itemListElement":[{"@type":"ListItem","position":1,"name":"Home","item":"https:\/\/rdksolutions.eu\/"},{"@type":"ListItem","position":2,"name":"Dystrybucja"}]},{"@type":"WebSite","@id":"https:\/\/rdksolutions.eu\/pl\/#website","url":"https:\/\/rdksolutions.eu\/pl\/","name":"www.rdksolutions.eu","description":"Transport, logistyka - RDK Solutions","publisher":{"@id":"https:\/\/rdksolutions.eu\/pl\/#organization"},"potentialAction":[{"@type":"SearchAction","target":{"@type":"EntryPoint","urlTemplate":"https:\/\/rdksolutions.eu\/pl\/?s={search_term_string}"},"query-input":"required name=search_term_string"}],"inLanguage":"pl-PL"},{"@type":"Organization","@id":"https:\/\/rdksolutions.eu\/pl\/#organization","name":"UAB \"RDK Solutions\"","url":"https:\/\/rdksolutions.eu\/pl\/","logo":{"@type":"ImageObject","inLanguage":"pl-PL","@id":"https:\/\/rdksolutions.eu\/pl\/#\/schema\/logo\/image\/","url":"https:\/\/rdksolutions.eu\/wp-content\/uploads\/2017\/10\/logo_png_www.rdksolutions.eu_.png","contentUrl":"https:\/\/rdksolutions.eu\/wp-content\/uploads\/2017\/10\/logo_png_www.rdksolutions.eu_.png","width":200,"height":90,"caption":"UAB \"RDK Solutions\""},"image":{"@id":"https:\/\/rdksolutions.eu\/pl\/#\/schema\/logo\/image\/"}}]}},"_links":{"self":[{"href":"https:\/\/rdksolutions.eu\/pl\/wp-json\/wp\/v2\/pages\/4086"}],"collection":[{"href":"https:\/\/rdksolutions.eu\/pl\/wp-json\/wp\/v2\/pages"}],"about":[{"href":"https:\/\/rdksolutions.eu\/pl\/wp-json\/wp\/v2\/types\/page"}],"author":[{"embeddable":true,"href":"https:\/\/rdksolutions.eu\/pl\/wp-json\/wp\/v2\/users\/1"}],"replies":[{"embeddable":true,"href":"https:\/\/rdksolutions.eu\/pl\/wp-json\/wp\/v2\/comments?post=4086"}],"version-history":[{"count":10,"href":"https:\/\/rdksolutions.eu\/pl\/wp-json\/wp\/v2\/pages\/4086\/revisions"}],"predecessor-version":[{"id":4099,"href":"https:\/\/rdksolutions.eu\/pl\/wp-json\/wp\/v2\/pages\/4086\/revisions\/4099"}],"wp:attachment":[{"href":"https:\/\/rdksolutions.eu\/pl\/wp-json\/wp\/v2\/media?parent=4086"}],"curies":[{"name":"wp","href":"https:\/\/api.w.org\/{rel}","templated":true}]}}