{"id":3403,"date":"2017-11-12T06:09:33","date_gmt":"2017-11-12T08:09:33","guid":{"rendered":"http:\/\/rdksolutions.eu\/?page_id=3403"},"modified":"2017-12-06T17:27:26","modified_gmt":"2017-12-06T19:27:26","slug":"logistikos-paslaugu-nauda-imonems","status":"publish","type":"page","link":"https:\/\/rdksolutions.eu\/pl\/logistikos-paslaugu-nauda-imonems\/","title":{"rendered":"Poszukujemy do\u015bwiadczonych specjalist\u00f3w ds. logistyki!"},"content":{"rendered":"<p>[vc_row][vc_column][vc_empty_space][\/vc_column][\/vc_row][vc_row][vc_column width=&#8221;1\/12&#8243;][\/vc_column][vc_column width=&#8221;10\/12&#8243;][vc_custom_heading text=&#8221;Poszukujemy do\u015bwiadczonych specjalist\u00f3w ds. logistyki!&#8221; font_container=&#8221;tag:h4|text_align:left&#8221; use_theme_fonts=&#8221;yes&#8221;][vc_text_separator title=&#8221;2017 12 06&#8243; title_align=&#8221;separator_align_left&#8221; align=&#8221;align_left&#8221; style=&#8221;dashed&#8221;][vc_column_text]Znowu zdenerwowali Ci\u0119 w pracy?<br \/>\nWsp\u00f3\u0142pracownik zabra\u0142 Ci klienta?<br \/>\nWybierz prac\u0119 wed\u0142ug w\u0142asnych standard\u00f3w i zarabiaj pieni\u0105dze godne Twych umiej\u0119tno\u015bci!<\/p>\n<p>Oferujemy atrakcyjn\u0105 prac\u0119 dla perspektywicznych specjalist\u00f3w ds. logistyki, kt\u00f3rzy chc\u0105 wypr\u00f3bowa\u0107 swych si\u0142 w biznesie i by\u0107 dla siebie szefem. Jeste\u015bmy kuratorami du\u017cych projekt\u00f3w na Litwie, dlatego poszukujemy specjalist\u00f3w ds. logistyki, kt\u00f3rzy ju\u017c si\u0119 oswoili w tej dziedzinie, znaj\u0105 j\u0105 i widz\u0105 w tym swoj\u0105 przysz\u0142o\u015b\u0107, kt\u00f3rzy mog\u0105 do\u0142\u0105czy\u0107 do naszego profesjonalnego zespo\u0142u.<\/p>\n<p>Na Litwie coraz wi\u0119cej przedsi\u0119biorczych i profesjonalnych specjalist\u00f3w poszukuje mo\u017cliwo\u015bci rozpocz\u0119cia pracy na w\u0142asn\u0105 r\u0119k\u0119, jednak obci\u0105\u017cenie podatkowe, biurokracja lub strach przed strat\u0105 ju\u017c nawi\u0105zanych kontakt\u00f3w z klientami i partnerami nierzadko nie pozwala podj\u0105\u0107 decyzji. Dlatego proponujemy wypr\u00f3bowanie pracy na w\u0142asn\u0105 r\u0119k\u0119 bez \u017cadnego ryzyka.<\/p>\n<p><strong>Jak to dzia\u0142a?<\/strong><\/p>\n<p>W naszej firmie pracuje ca\u0142y zesp\u00f3\u0142 profesjonalist\u00f3w utwierdzonych w sferze logistyki, kt\u00f3rzy codziennie wsp\u00f3\u0142pracuj\u0105 ze swymi klientami i do naszego zespo\u0142u weszli ju\u017c z w\u0142asnym baga\u017cem do\u015bwiadczenia. To pozwala ka\u017cdemu pracowa\u0107 z ju\u017c utrwalonymi kontaktami, dlatego jest to o wiele bardziej bezpieczne i niezawodne, ni\u017c praca w nowej firmie, gdy t\u0105 sam\u0105 ju\u017c wydeptan\u0105 \u015bcie\u017ck\u0105 trzeba przej\u015b\u0107 od nowa.<\/p>\n<p>Dla ka\u017cdego specjalisty, kt\u00f3ry do\u0142\u0105czy do zespo\u0142u ze swoimi partnerami, zapewniamy zatrudnienie w firmie i dowolny czas pracy, udzielamy gwarancji socjalnych. Zapomnij o obowi\u0105zkowych godzinach pracy, gdy po zako\u0144czeniu wszystkich zada\u0144 trzeba czeka\u0107 do ko\u0144ca dnia pracy. Harmonogram czasu pracy u\u0142o\u017cysz samodzielnie, a od ka\u017cdego \u0142adunku zarobisz 40-50 proc. zysk\u00f3w be\u017c \u017cadnych ogranicze\u0144.<\/p>\n<p><strong>Dlaczego warto wypr\u00f3bowa\u0107?<\/strong><\/p>\n<p>Praktyka wykazuje, \u017ce wi\u0119kszo\u015b\u0107 manager\u00f3w zawieraj\u0105cych umowy przewozu \u0142adunk\u00f3w w firmach logistycznych nie jest zadowolona z oceny swej pracy, poniewa\u017c otrzymuj\u0105 zaledwie 15-20 proc. zysk\u00f3w od zawartych um\u00f3w przewozu \u0142adunk\u00f3w. Niestety, nie ka\u017cda firma umie motywowa\u0107 swych pracownik\u00f3w, dlatego coraz wi\u0119cej specjalist\u00f3w ds. logistyki szuka mo\u017cliwo\u015bci samorealizacji unikaj\u0105c pracy dla firm.<\/p>\n<p>Jeste\u015b jednym z takich specjalist\u00f3w? Ju\u017c dawno chcia\u0142e\u015b wypr\u00f3bowa\u0107 pracy bez sprawozda\u0144 dla pracodawcy i pr\u00f3\u015bb o wcze\u015bniejsze wyj\u015bcie z pracy? Do\u0142\u0105cz do naszego zespo\u0142u profesjonalist\u00f3w i przywr\u00f3\u0107 sobie przyjemno\u015b\u0107 wykonywania ulubionej pracy.<\/p>\n<p>Zatelefonuj lub napisz do nas ju\u017c teraz i wsp\u00f3lnie to zrealizujemy!<\/p>\n<p>Gwarantujemy poufno\u015b\u0107 informacji.<\/p>\n<p>Tel.: +370 520 00565, +370 520 00566, e-mail <a href=\"mailto:info@rdksolutions.eu\">info@rdksolutions.eu<\/a><\/p>\n<p>\u201eRDK Solutions\u201c UAB[\/vc_column_text][\/vc_column][vc_column width=&#8221;1\/12&#8243;][\/vc_column][\/vc_row]<\/p>","protected":false},"excerpt":{"rendered":"<p>[vc_row][vc_column][vc_empty_space][\/vc_column][\/vc_row][vc_row][vc_column width=&#8221;1\/12&#8243;][\/vc_column][vc_column width=&#8221;10\/12&#8243;][vc_custom_heading text=&#8221;Poszukujemy do\u015bwiadczonych specjalist\u00f3w ds. logistyki!&#8221; font_container=&#8221;tag:h4|text_align:left&#8221; use_theme_fonts=&#8221;yes&#8221;][vc_text_separator title=&#8221;2017 12 06&#8243; title_align=&#8221;separator_align_left&#8221; align=&#8221;align_left&#8221; style=&#8221;dashed&#8221;][vc_column_text]Znowu zdenerwowali Ci\u0119 w pracy? Wsp\u00f3\u0142pracownik zabra\u0142 Ci klienta? Wybierz prac\u0119 wed\u0142ug w\u0142asnych standard\u00f3w i zarabiaj pieni\u0105dze godne&#8230;<\/p>\n","protected":false},"author":1,"featured_media":0,"parent":0,"menu_order":0,"comment_status":"closed","ping_status":"closed","template":"","meta":[],"yoast_head":"<!-- This site is optimized with the Yoast SEO plugin v21.1 - https:\/\/yoast.com\/wordpress\/plugins\/seo\/ -->\n<title>Poszukujemy do\u015bwiadczonych specjalist\u00f3w ds. logistyki! - www.rdksolutions.eu<\/title>\n<meta name=\"robots\" content=\"index, follow, max-snippet:-1, max-image-preview:large, max-video-preview:-1\" \/>\n<link rel=\"canonical\" href=\"https:\/\/rdksolutions.eu\/logistikos-paslaugu-nauda-imonems\/\" \/>\n<meta property=\"og:locale\" content=\"pl_PL\" \/>\n<meta property=\"og:type\" content=\"article\" \/>\n<meta property=\"og:title\" content=\"Poszukujemy do\u015bwiadczonych specjalist\u00f3w ds. logistyki! - www.rdksolutions.eu\" \/>\n<meta property=\"og:description\" content=\"[vc_row][vc_column][vc_empty_space][\/vc_column][\/vc_row][vc_row][vc_column width=&#8221;1\/12&#8243;][\/vc_column][vc_column width=&#8221;10\/12&#8243;][vc_custom_heading text=&#8221;Poszukujemy do\u015bwiadczonych specjalist\u00f3w ds. logistyki!&#8221; font_container=&#8221;tag:h4|text_align:left&#8221; use_theme_fonts=&#8221;yes&#8221;][vc_text_separator title=&#8221;2017 12 06&#8243; title_align=&#8221;separator_align_left&#8221; align=&#8221;align_left&#8221; style=&#8221;dashed&#8221;][vc_column_text]Znowu zdenerwowali Ci\u0119 w pracy? Wsp\u00f3\u0142pracownik zabra\u0142 Ci klienta? Wybierz prac\u0119 wed\u0142ug w\u0142asnych standard\u00f3w i zarabiaj pieni\u0105dze godne...\" \/>\n<meta property=\"og:url\" content=\"https:\/\/rdksolutions.eu\/logistikos-paslaugu-nauda-imonems\/\" \/>\n<meta property=\"og:site_name\" content=\"www.rdksolutions.eu\" \/>\n<meta property=\"article:modified_time\" content=\"2017-12-06T19:27:26+00:00\" \/>\n<meta name=\"twitter:card\" content=\"summary_large_image\" \/>\n<meta name=\"twitter:label1\" content=\"Szacowany czas czytania\" \/>\n\t<meta name=\"twitter:data1\" content=\"9 minut\" \/>\n<script type=\"application\/ld+json\" class=\"yoast-schema-graph\">{\"@context\":\"https:\/\/schema.org\",\"@graph\":[{\"@type\":\"WebPage\",\"@id\":\"https:\/\/rdksolutions.eu\/logistikos-paslaugu-nauda-imonems\/\",\"url\":\"https:\/\/rdksolutions.eu\/logistikos-paslaugu-nauda-imonems\/\",\"name\":\"Poszukujemy do\u015bwiadczonych specjalist\u00f3w ds. logistyki! - www.rdksolutions.eu\",\"isPartOf\":{\"@id\":\"https:\/\/rdksolutions.eu\/pl\/#website\"},\"datePublished\":\"2017-11-12T08:09:33+00:00\",\"dateModified\":\"2017-12-06T19:27:26+00:00\",\"breadcrumb\":{\"@id\":\"https:\/\/rdksolutions.eu\/logistikos-paslaugu-nauda-imonems\/#breadcrumb\"},\"inLanguage\":\"pl-PL\",\"potentialAction\":[{\"@type\":\"ReadAction\",\"target\":[\"https:\/\/rdksolutions.eu\/logistikos-paslaugu-nauda-imonems\/\"]}]},{\"@type\":\"BreadcrumbList\",\"@id\":\"https:\/\/rdksolutions.eu\/logistikos-paslaugu-nauda-imonems\/#breadcrumb\",\"itemListElement\":[{\"@type\":\"ListItem\",\"position\":1,\"name\":\"Home\",\"item\":\"https:\/\/rdksolutions.eu\/\"},{\"@type\":\"ListItem\",\"position\":2,\"name\":\"Poszukujemy do\u015bwiadczonych specjalist\u00f3w ds. logistyki!\"}]},{\"@type\":\"WebSite\",\"@id\":\"https:\/\/rdksolutions.eu\/pl\/#website\",\"url\":\"https:\/\/rdksolutions.eu\/pl\/\",\"name\":\"www.rdksolutions.eu\",\"description\":\"Transport, logistyka - RDK Solutions\",\"publisher\":{\"@id\":\"https:\/\/rdksolutions.eu\/pl\/#organization\"},\"potentialAction\":[{\"@type\":\"SearchAction\",\"target\":{\"@type\":\"EntryPoint\",\"urlTemplate\":\"https:\/\/rdksolutions.eu\/pl\/?s={search_term_string}\"},\"query-input\":\"required name=search_term_string\"}],\"inLanguage\":\"pl-PL\"},{\"@type\":\"Organization\",\"@id\":\"https:\/\/rdksolutions.eu\/pl\/#organization\",\"name\":\"UAB \\\"RDK Solutions\\\"\",\"url\":\"https:\/\/rdksolutions.eu\/pl\/\",\"logo\":{\"@type\":\"ImageObject\",\"inLanguage\":\"pl-PL\",\"@id\":\"https:\/\/rdksolutions.eu\/pl\/#\/schema\/logo\/image\/\",\"url\":\"https:\/\/rdksolutions.eu\/wp-content\/uploads\/2017\/10\/logo_png_www.rdksolutions.eu_.png\",\"contentUrl\":\"https:\/\/rdksolutions.eu\/wp-content\/uploads\/2017\/10\/logo_png_www.rdksolutions.eu_.png\",\"width\":200,\"height\":90,\"caption\":\"UAB \\\"RDK Solutions\\\"\"},\"image\":{\"@id\":\"https:\/\/rdksolutions.eu\/pl\/#\/schema\/logo\/image\/\"}}]}<\/script>\n<!-- \/ Yoast SEO plugin. -->","yoast_head_json":{"title":"Poszukujemy do\u015bwiadczonych specjalist\u00f3w ds. logistyki! - www.rdksolutions.eu","robots":{"index":"index","follow":"follow","max-snippet":"max-snippet:-1","max-image-preview":"max-image-preview:large","max-video-preview":"max-video-preview:-1"},"canonical":"https:\/\/rdksolutions.eu\/logistikos-paslaugu-nauda-imonems\/","og_locale":"pl_PL","og_type":"article","og_title":"Poszukujemy do\u015bwiadczonych specjalist\u00f3w ds. logistyki! - www.rdksolutions.eu","og_description":"[vc_row][vc_column][vc_empty_space][\/vc_column][\/vc_row][vc_row][vc_column width=&#8221;1\/12&#8243;][\/vc_column][vc_column width=&#8221;10\/12&#8243;][vc_custom_heading text=&#8221;Poszukujemy do\u015bwiadczonych specjalist\u00f3w ds. logistyki!&#8221; font_container=&#8221;tag:h4|text_align:left&#8221; use_theme_fonts=&#8221;yes&#8221;][vc_text_separator title=&#8221;2017 12 06&#8243; title_align=&#8221;separator_align_left&#8221; align=&#8221;align_left&#8221; style=&#8221;dashed&#8221;][vc_column_text]Znowu zdenerwowali Ci\u0119 w pracy? Wsp\u00f3\u0142pracownik zabra\u0142 Ci klienta? Wybierz prac\u0119 wed\u0142ug w\u0142asnych standard\u00f3w i zarabiaj pieni\u0105dze godne...","og_url":"https:\/\/rdksolutions.eu\/logistikos-paslaugu-nauda-imonems\/","og_site_name":"www.rdksolutions.eu","article_modified_time":"2017-12-06T19:27:26+00:00","twitter_card":"summary_large_image","twitter_misc":{"Szacowany czas czytania":"9 minut"},"schema":{"@context":"https:\/\/schema.org","@graph":[{"@type":"WebPage","@id":"https:\/\/rdksolutions.eu\/logistikos-paslaugu-nauda-imonems\/","url":"https:\/\/rdksolutions.eu\/logistikos-paslaugu-nauda-imonems\/","name":"Poszukujemy do\u015bwiadczonych specjalist\u00f3w ds. logistyki! - www.rdksolutions.eu","isPartOf":{"@id":"https:\/\/rdksolutions.eu\/pl\/#website"},"datePublished":"2017-11-12T08:09:33+00:00","dateModified":"2017-12-06T19:27:26+00:00","breadcrumb":{"@id":"https:\/\/rdksolutions.eu\/logistikos-paslaugu-nauda-imonems\/#breadcrumb"},"inLanguage":"pl-PL","potentialAction":[{"@type":"ReadAction","target":["https:\/\/rdksolutions.eu\/logistikos-paslaugu-nauda-imonems\/"]}]},{"@type":"BreadcrumbList","@id":"https:\/\/rdksolutions.eu\/logistikos-paslaugu-nauda-imonems\/#breadcrumb","itemListElement":[{"@type":"ListItem","position":1,"name":"Home","item":"https:\/\/rdksolutions.eu\/"},{"@type":"ListItem","position":2,"name":"Poszukujemy do\u015bwiadczonych specjalist\u00f3w ds. logistyki!"}]},{"@type":"WebSite","@id":"https:\/\/rdksolutions.eu\/pl\/#website","url":"https:\/\/rdksolutions.eu\/pl\/","name":"www.rdksolutions.eu","description":"Transport, logistyka - RDK Solutions","publisher":{"@id":"https:\/\/rdksolutions.eu\/pl\/#organization"},"potentialAction":[{"@type":"SearchAction","target":{"@type":"EntryPoint","urlTemplate":"https:\/\/rdksolutions.eu\/pl\/?s={search_term_string}"},"query-input":"required name=search_term_string"}],"inLanguage":"pl-PL"},{"@type":"Organization","@id":"https:\/\/rdksolutions.eu\/pl\/#organization","name":"UAB \"RDK Solutions\"","url":"https:\/\/rdksolutions.eu\/pl\/","logo":{"@type":"ImageObject","inLanguage":"pl-PL","@id":"https:\/\/rdksolutions.eu\/pl\/#\/schema\/logo\/image\/","url":"https:\/\/rdksolutions.eu\/wp-content\/uploads\/2017\/10\/logo_png_www.rdksolutions.eu_.png","contentUrl":"https:\/\/rdksolutions.eu\/wp-content\/uploads\/2017\/10\/logo_png_www.rdksolutions.eu_.png","width":200,"height":90,"caption":"UAB \"RDK Solutions\""},"image":{"@id":"https:\/\/rdksolutions.eu\/pl\/#\/schema\/logo\/image\/"}}]}},"_links":{"self":[{"href":"https:\/\/rdksolutions.eu\/pl\/wp-json\/wp\/v2\/pages\/3403"}],"collection":[{"href":"https:\/\/rdksolutions.eu\/pl\/wp-json\/wp\/v2\/pages"}],"about":[{"href":"https:\/\/rdksolutions.eu\/pl\/wp-json\/wp\/v2\/types\/page"}],"author":[{"embeddable":true,"href":"https:\/\/rdksolutions.eu\/pl\/wp-json\/wp\/v2\/users\/1"}],"replies":[{"embeddable":true,"href":"https:\/\/rdksolutions.eu\/pl\/wp-json\/wp\/v2\/comments?post=3403"}],"version-history":[{"count":5,"href":"https:\/\/rdksolutions.eu\/pl\/wp-json\/wp\/v2\/pages\/3403\/revisions"}],"predecessor-version":[{"id":3816,"href":"https:\/\/rdksolutions.eu\/pl\/wp-json\/wp\/v2\/pages\/3403\/revisions\/3816"}],"wp:attachment":[{"href":"https:\/\/rdksolutions.eu\/pl\/wp-json\/wp\/v2\/media?parent=3403"}],"curies":[{"name":"wp","href":"https:\/\/api.w.org\/{rel}","templated":true}]}}