{"id":3174,"date":"2017-10-28T13:15:31","date_gmt":"2017-10-28T15:15:31","guid":{"rendered":"http:\/\/rdksolutions.eu\/?page_id=3174"},"modified":"2017-11-20T13:24:05","modified_gmt":"2017-11-20T15:24:05","slug":"muitines-tarpininko-atstovas","status":"publish","type":"page","link":"https:\/\/rdksolutions.eu\/pl\/muitines-tarpininko-atstovas\/","title":{"rendered":"PRZEDSTAWICIEL PO\u015aREDNIKA CELNEGO"},"content":{"rendered":"<p>[vc_row full_width=&#8221;stretch_row_content&#8221; gap=&#8221;25&#8243; equal_height=&#8221;yes&#8221;][vc_column width=&#8221;2\/12&#8243;][\/vc_column][vc_column width=&#8221;8\/12&#8243;][vc_empty_space height=&#8221;32&#8243;][vc_column_text el_class=&#8221;.darbo_pasiulymas&#8221;]<strong>Charakter pracy:<\/strong><\/p>\n<ul>\n<li>Reprezentacja klient\u00f3w w urz\u0119dzie celnym podczas wykonywania procedur celnych (import, eksport);<\/li>\n<li>Przygotowanie dokument\u00f3w do urz\u0119du celnego (sprawdzenie otrzymanych dokument\u00f3w, informowanie o braku dokument\u00f3w, niedok\u0142adno\u015bciach, przygotowanie dokument\u00f3w do wys\u0142ania, odbioru);<\/li>\n<li>Opracowanie dokument\u00f3w \u0142adunku (Invoice, Packing list);<\/li>\n<li>Reprezentacja firmy w urz\u0119dzie celnym.<\/li>\n<\/ul>\n<p><strong>Wymagania:<\/strong><\/p>\n<ul>\n<li>Posiadanie wa\u017cnego \u015bwiadectwa po\u015brednika celnego;<\/li>\n<li>Co najmniej 2-letnie do\u015bwiadczenie zawodowe;<\/li>\n<li>Wiedza w zakresie obowi\u0105zuj\u0105cych akt\u00f3w prawnych reglamentuj\u0105cych procedury celne;<\/li>\n<li>Bardzo dobra znajomo\u015b\u0107 j\u0119zyka angielskiego i rosyjskiego (znajomo\u015b\u0107 innych j\u0119zyk\u00f3w obcych \u2013 zaleta);<\/li>\n<\/ul>\n<p><strong>Firma oferuje:<\/strong><\/p>\n<ul>\n<li>Interesuj\u0105c\u0105, dynamiczn\u0105 prac\u0119 w przyjaznym zespole;<\/li>\n<\/ul>\n<p>Dobre wynagrodzenie i system motywacyjny.[\/vc_column_text][\/vc_column][vc_column width=&#8221;2\/12&#8243;][\/vc_column][\/vc_row][vc_row full_width=&#8221;stretch_row_content_no_spaces&#8221; gap=&#8221;25&#8243; equal_height=&#8221;yes&#8221; css=&#8221;.vc_custom_1509085985366{padding-top: 0px !important;}&#8221;][vc_column][vc_row_inner][vc_column_inner width=&#8221;2\/12&#8243;][\/vc_column_inner][vc_column_inner width=&#8221;8\/12&#8243;][vc_empty_space height=&#8221;16&#8243;][vc_custom_heading text=&#8221;Wy\u015blij swoje CV&#8221; font_container=&#8221;tag:h4|text_align:left&#8221; use_theme_fonts=&#8221;yes&#8221;][vc_empty_space height=&#8221;16&#8243;]\n<div class=\"wpcf7 no-js\" id=\"wpcf7-f3636-o4\" lang=\"en-US\" dir=\"ltr\">\n<div class=\"screen-reader-response\"><p role=\"status\" aria-live=\"polite\" aria-atomic=\"true\"><\/p> <ul><\/ul><\/div>\n<form action=\"\/pl\/wp-json\/wp\/v2\/pages\/3174#wpcf7-f3636-o4\" method=\"post\" class=\"wpcf7-form init\" aria-label=\"Contact form\" enctype=\"multipart\/form-data\" novalidate=\"novalidate\" data-status=\"init\">\n<div style=\"display: none;\">\n<input type=\"hidden\" name=\"_wpcf7\" value=\"3636\" \/>\n<input type=\"hidden\" name=\"_wpcf7_version\" value=\"5.7.7\" \/>\n<input type=\"hidden\" name=\"_wpcf7_locale\" value=\"en_US\" \/>\n<input type=\"hidden\" name=\"_wpcf7_unit_tag\" value=\"wpcf7-f3636-o4\" \/>\n<input type=\"hidden\" name=\"_wpcf7_container_post\" value=\"0\" \/>\n<input type=\"hidden\" name=\"_wpcf7_posted_data_hash\" value=\"\" \/>\n<\/div>\n<div class=\"request_quote\">\n\t<div class=\"row\">\n\t\t<div class=\"col-lg-6 col-md-6 col-sm-6 col-xs-12\">\n\t\t\t<div class=\"input-group\">\n\t\t\t\t<p><span class=\"wpcf7-form-control-wrap\" data-name=\"text-427\"><input size=\"40\" class=\"wpcf7-form-control wpcf7-text wpcf7-validates-as-required\" aria-required=\"true\" aria-invalid=\"false\" placeholder=\"Imi\u0119, nazwisko\" value=\"\" type=\"text\" name=\"text-427\" \/><\/span>\n\t\t\t\t<\/p>\n\t\t\t\t<p><span class=\"wpcf7-form-control-wrap\" data-name=\"text-428\"><input size=\"40\" class=\"wpcf7-form-control wpcf7-text wpcf7-validates-as-required\" aria-required=\"true\" aria-invalid=\"false\" placeholder=\"Pozycja stanowiska pracy\" value=\"\" type=\"text\" name=\"text-428\" \/><\/span>\n\t\t\t\t<\/p>\n\t\t\t\t<p><span class=\"wpcf7-form-control-wrap\" data-name=\"file-147\"><input size=\"40\" class=\"wpcf7-form-control wpcf7-file wpcf7-validates-as-required\" accept=\"audio\/*,video\/*,image\/*\" aria-required=\"true\" aria-invalid=\"false\" type=\"file\" name=\"file-147\" \/><\/span>\n\t\t\t\t<\/p>\n\t\t\t<\/div>\n\t\t\t<div class=\"input-group\">\n\t\t\t\t<p><button class=\"button size-sm fullwidth white-text theme-wpcf7-submit\">Wy\u015blij <i class=\"stm-arrow-next\"><\/i><\/button>\n\t\t\t\t<\/p>\n\t\t\t<\/div>\n\t\t<\/div>\n\t<\/div>\n<\/div><div class=\"wpcf7-response-output\" aria-hidden=\"true\"><\/div>\n<\/form>\n<\/div>\n[\/vc_column_inner][vc_column_inner width=&#8221;2\/12&#8243;][\/vc_column_inner][\/vc_row_inner][vc_empty_space][vc_empty_space][\/vc_column][\/vc_row]<\/p>","protected":false},"excerpt":{"rendered":"<p>[vc_row full_width=&#8221;stretch_row_content&#8221; gap=&#8221;25&#8243; equal_height=&#8221;yes&#8221;][vc_column width=&#8221;2\/12&#8243;][\/vc_column][vc_column width=&#8221;8\/12&#8243;][vc_empty_space height=&#8221;32&#8243;][vc_column_text el_class=&#8221;.darbo_pasiulymas&#8221;]Charakter pracy: Reprezentacja klient\u00f3w w urz\u0119dzie celnym podczas wykonywania procedur celnych (import, eksport); Przygotowanie dokument\u00f3w do urz\u0119du celnego (sprawdzenie otrzymanych dokument\u00f3w, informowanie o braku dokument\u00f3w, niedok\u0142adno\u015bciach,&#8230;<\/p>\n","protected":false},"author":1,"featured_media":0,"parent":0,"menu_order":0,"comment_status":"closed","ping_status":"closed","template":"","meta":[],"yoast_head":"<!-- This site is optimized with the Yoast SEO plugin v21.1 - https:\/\/yoast.com\/wordpress\/plugins\/seo\/ -->\n<title>PRZEDSTAWICIEL PO\u015aREDNIKA CELNEGO - www.rdksolutions.eu<\/title>\n<meta name=\"description\" content=\"MUITIN\u0116S TARPININKO ATSTOVAS (-\u0116)\" \/>\n<meta name=\"robots\" content=\"index, follow, max-snippet:-1, max-image-preview:large, max-video-preview:-1\" \/>\n<link rel=\"canonical\" href=\"https:\/\/rdksolutions.eu\/muitines-tarpininko-atstovas\/\" \/>\n<meta property=\"og:locale\" content=\"pl_PL\" \/>\n<meta property=\"og:type\" content=\"article\" \/>\n<meta property=\"og:title\" content=\"PRZEDSTAWICIEL PO\u015aREDNIKA CELNEGO - www.rdksolutions.eu\" \/>\n<meta property=\"og:description\" content=\"MUITIN\u0116S TARPININKO ATSTOVAS (-\u0116)\" \/>\n<meta property=\"og:url\" content=\"https:\/\/rdksolutions.eu\/muitines-tarpininko-atstovas\/\" \/>\n<meta property=\"og:site_name\" content=\"www.rdksolutions.eu\" \/>\n<meta property=\"article:modified_time\" content=\"2017-11-20T15:24:05+00:00\" \/>\n<meta name=\"twitter:card\" content=\"summary_large_image\" \/>\n<meta name=\"twitter:label1\" content=\"Szacowany czas czytania\" \/>\n\t<meta name=\"twitter:data1\" content=\"4 minuty\" \/>\n<script type=\"application\/ld+json\" class=\"yoast-schema-graph\">{\"@context\":\"https:\/\/schema.org\",\"@graph\":[{\"@type\":\"WebPage\",\"@id\":\"https:\/\/rdksolutions.eu\/muitines-tarpininko-atstovas\/\",\"url\":\"https:\/\/rdksolutions.eu\/muitines-tarpininko-atstovas\/\",\"name\":\"PRZEDSTAWICIEL PO\u015aREDNIKA CELNEGO - www.rdksolutions.eu\",\"isPartOf\":{\"@id\":\"https:\/\/rdksolutions.eu\/pl\/#website\"},\"datePublished\":\"2017-10-28T15:15:31+00:00\",\"dateModified\":\"2017-11-20T15:24:05+00:00\",\"description\":\"MUITIN\u0116S TARPININKO ATSTOVAS (-\u0116)\",\"breadcrumb\":{\"@id\":\"https:\/\/rdksolutions.eu\/muitines-tarpininko-atstovas\/#breadcrumb\"},\"inLanguage\":\"pl-PL\",\"potentialAction\":[{\"@type\":\"ReadAction\",\"target\":[\"https:\/\/rdksolutions.eu\/muitines-tarpininko-atstovas\/\"]}]},{\"@type\":\"BreadcrumbList\",\"@id\":\"https:\/\/rdksolutions.eu\/muitines-tarpininko-atstovas\/#breadcrumb\",\"itemListElement\":[{\"@type\":\"ListItem\",\"position\":1,\"name\":\"Home\",\"item\":\"https:\/\/rdksolutions.eu\/\"},{\"@type\":\"ListItem\",\"position\":2,\"name\":\"MUITIN\u0116S TARPININKO ATSTOVAS (-\u0116)\"}]},{\"@type\":\"WebSite\",\"@id\":\"https:\/\/rdksolutions.eu\/pl\/#website\",\"url\":\"https:\/\/rdksolutions.eu\/pl\/\",\"name\":\"www.rdksolutions.eu\",\"description\":\"Transport, logistyka - RDK Solutions\",\"publisher\":{\"@id\":\"https:\/\/rdksolutions.eu\/pl\/#organization\"},\"potentialAction\":[{\"@type\":\"SearchAction\",\"target\":{\"@type\":\"EntryPoint\",\"urlTemplate\":\"https:\/\/rdksolutions.eu\/pl\/?s={search_term_string}\"},\"query-input\":\"required name=search_term_string\"}],\"inLanguage\":\"pl-PL\"},{\"@type\":\"Organization\",\"@id\":\"https:\/\/rdksolutions.eu\/pl\/#organization\",\"name\":\"UAB \\\"RDK Solutions\\\"\",\"url\":\"https:\/\/rdksolutions.eu\/pl\/\",\"logo\":{\"@type\":\"ImageObject\",\"inLanguage\":\"pl-PL\",\"@id\":\"https:\/\/rdksolutions.eu\/pl\/#\/schema\/logo\/image\/\",\"url\":\"https:\/\/rdksolutions.eu\/wp-content\/uploads\/2017\/10\/logo_png_www.rdksolutions.eu_.png\",\"contentUrl\":\"https:\/\/rdksolutions.eu\/wp-content\/uploads\/2017\/10\/logo_png_www.rdksolutions.eu_.png\",\"width\":200,\"height\":90,\"caption\":\"UAB \\\"RDK Solutions\\\"\"},\"image\":{\"@id\":\"https:\/\/rdksolutions.eu\/pl\/#\/schema\/logo\/image\/\"}}]}<\/script>\n<!-- \/ Yoast SEO plugin. -->","yoast_head_json":{"title":"PRZEDSTAWICIEL PO\u015aREDNIKA CELNEGO - www.rdksolutions.eu","description":"MUITIN\u0116S TARPININKO ATSTOVAS (-\u0116)","robots":{"index":"index","follow":"follow","max-snippet":"max-snippet:-1","max-image-preview":"max-image-preview:large","max-video-preview":"max-video-preview:-1"},"canonical":"https:\/\/rdksolutions.eu\/muitines-tarpininko-atstovas\/","og_locale":"pl_PL","og_type":"article","og_title":"PRZEDSTAWICIEL PO\u015aREDNIKA CELNEGO - www.rdksolutions.eu","og_description":"MUITIN\u0116S TARPININKO ATSTOVAS (-\u0116)","og_url":"https:\/\/rdksolutions.eu\/muitines-tarpininko-atstovas\/","og_site_name":"www.rdksolutions.eu","article_modified_time":"2017-11-20T15:24:05+00:00","twitter_card":"summary_large_image","twitter_misc":{"Szacowany czas czytania":"4 minuty"},"schema":{"@context":"https:\/\/schema.org","@graph":[{"@type":"WebPage","@id":"https:\/\/rdksolutions.eu\/muitines-tarpininko-atstovas\/","url":"https:\/\/rdksolutions.eu\/muitines-tarpininko-atstovas\/","name":"PRZEDSTAWICIEL PO\u015aREDNIKA CELNEGO - www.rdksolutions.eu","isPartOf":{"@id":"https:\/\/rdksolutions.eu\/pl\/#website"},"datePublished":"2017-10-28T15:15:31+00:00","dateModified":"2017-11-20T15:24:05+00:00","description":"MUITIN\u0116S TARPININKO ATSTOVAS (-\u0116)","breadcrumb":{"@id":"https:\/\/rdksolutions.eu\/muitines-tarpininko-atstovas\/#breadcrumb"},"inLanguage":"pl-PL","potentialAction":[{"@type":"ReadAction","target":["https:\/\/rdksolutions.eu\/muitines-tarpininko-atstovas\/"]}]},{"@type":"BreadcrumbList","@id":"https:\/\/rdksolutions.eu\/muitines-tarpininko-atstovas\/#breadcrumb","itemListElement":[{"@type":"ListItem","position":1,"name":"Home","item":"https:\/\/rdksolutions.eu\/"},{"@type":"ListItem","position":2,"name":"MUITIN\u0116S TARPININKO ATSTOVAS (-\u0116)"}]},{"@type":"WebSite","@id":"https:\/\/rdksolutions.eu\/pl\/#website","url":"https:\/\/rdksolutions.eu\/pl\/","name":"www.rdksolutions.eu","description":"Transport, logistyka - RDK Solutions","publisher":{"@id":"https:\/\/rdksolutions.eu\/pl\/#organization"},"potentialAction":[{"@type":"SearchAction","target":{"@type":"EntryPoint","urlTemplate":"https:\/\/rdksolutions.eu\/pl\/?s={search_term_string}"},"query-input":"required name=search_term_string"}],"inLanguage":"pl-PL"},{"@type":"Organization","@id":"https:\/\/rdksolutions.eu\/pl\/#organization","name":"UAB \"RDK Solutions\"","url":"https:\/\/rdksolutions.eu\/pl\/","logo":{"@type":"ImageObject","inLanguage":"pl-PL","@id":"https:\/\/rdksolutions.eu\/pl\/#\/schema\/logo\/image\/","url":"https:\/\/rdksolutions.eu\/wp-content\/uploads\/2017\/10\/logo_png_www.rdksolutions.eu_.png","contentUrl":"https:\/\/rdksolutions.eu\/wp-content\/uploads\/2017\/10\/logo_png_www.rdksolutions.eu_.png","width":200,"height":90,"caption":"UAB \"RDK Solutions\""},"image":{"@id":"https:\/\/rdksolutions.eu\/pl\/#\/schema\/logo\/image\/"}}]}},"_links":{"self":[{"href":"https:\/\/rdksolutions.eu\/pl\/wp-json\/wp\/v2\/pages\/3174"}],"collection":[{"href":"https:\/\/rdksolutions.eu\/pl\/wp-json\/wp\/v2\/pages"}],"about":[{"href":"https:\/\/rdksolutions.eu\/pl\/wp-json\/wp\/v2\/types\/page"}],"author":[{"embeddable":true,"href":"https:\/\/rdksolutions.eu\/pl\/wp-json\/wp\/v2\/users\/1"}],"replies":[{"embeddable":true,"href":"https:\/\/rdksolutions.eu\/pl\/wp-json\/wp\/v2\/comments?post=3174"}],"version-history":[{"count":9,"href":"https:\/\/rdksolutions.eu\/pl\/wp-json\/wp\/v2\/pages\/3174\/revisions"}],"predecessor-version":[{"id":3659,"href":"https:\/\/rdksolutions.eu\/pl\/wp-json\/wp\/v2\/pages\/3174\/revisions\/3659"}],"wp:attachment":[{"href":"https:\/\/rdksolutions.eu\/pl\/wp-json\/wp\/v2\/media?parent=3174"}],"curies":[{"name":"wp","href":"https:\/\/api.w.org\/{rel}","templated":true}]}}