{"id":3169,"date":"2017-10-28T13:04:16","date_gmt":"2017-10-28T15:04:16","guid":{"rendered":"http:\/\/rdksolutions.eu\/?page_id=3169"},"modified":"2017-11-20T13:30:07","modified_gmt":"2017-11-20T15:30:07","slug":"gelezinkelio-juros-ir-oro-transporto-vadybininkas","status":"publish","type":"page","link":"https:\/\/rdksolutions.eu\/pl\/gelezinkelio-juros-ir-oro-transporto-vadybininkas\/","title":{"rendered":"MANAGER DS TRANSPORTU KOLEJOWEGO\/MORSKIEGO\/POWIETRZNEGO"},"content":{"rendered":"<p>[vc_row full_width=&#8221;stretch_row_content&#8221; gap=&#8221;25&#8243; equal_height=&#8221;yes&#8221;][vc_column width=&#8221;2\/12&#8243;][\/vc_column][vc_column width=&#8221;8\/12&#8243;][vc_empty_space height=&#8221;32&#8243;][vc_column_text el_class=&#8221;.darbo_pasiulymas&#8221;]<strong>Charakter pracy:<\/strong><\/p>\n<ul>\n<li>Organizacja przewozu \u0142adunk\u00f3w transportem powietrznym, morskim i kolejowym.<\/li>\n<li>Aktywny zakup i sprzeda\u017c oferowanych przez sp\u00f3\u0142k\u0119 towar\u00f3w;<\/li>\n<li>Opracowywanie ofert komercyjnych, negocjacje z klientami, zawieranie um\u00f3w i kontrola ich wykonywania;<\/li>\n<li>Sk\u0142adanie niezb\u0119dnych dokument\u00f3w;<\/li>\n<li>Wsp\u00f3\u0142praca z klientami i dostawcami;<\/li>\n<li>Uzgadnianie korzystnych dla klient\u00f3w warunk\u00f3w;<\/li>\n<li>Przegl\u0105d rozlicze\u0144.<\/li>\n<\/ul>\n<p><strong>Wymagania:<\/strong><\/p>\n<ul>\n<li>Do\u015bwiadczenie pracy w dziedzinie sprzeda\u017cy i spedycji \u0142adunk\u00f3w transportem powietrznym, kolejowym i morskim;<\/li>\n<li>Wiedza w zakresie celnych procedur eksportowych, tranzytowych i importowych;<\/li>\n<li>Bardzo dobra znajomo\u015b\u0107 j\u0119zyka angielskiego i rosyjskiego (znajomo\u015b\u0107 innych j\u0119zyk\u00f3w obcych \u2013 zaleta);<\/li>\n<li>Wspania\u0142e nawyki negocjacyjne;<\/li>\n<li>Rzetelno\u015b\u0107, odpowiedzialno\u015b\u0107, komunikatywno\u015b\u0107, szybka orientacja, inicjatywno\u015b\u0107 i samodzielno\u015b\u0107.<\/li>\n<\/ul>\n<p><strong>Firma oferuje:<\/strong><\/p>\n<ul>\n<li>Odpowiedzialna prac\u0119 w dzia\u0142aj\u0105cej z powodzeniem firmie, mo\u017cliwo\u015bci doskonalenia si\u0119 zawodowego, przyjazny kolektyw;<\/li>\n<\/ul>\n<p>Konkurencyjne wynagrodzenie.[\/vc_column_text][\/vc_column][vc_column width=&#8221;2\/12&#8243;][\/vc_column][\/vc_row][vc_row full_width=&#8221;stretch_row_content_no_spaces&#8221; gap=&#8221;25&#8243; equal_height=&#8221;yes&#8221; css=&#8221;.vc_custom_1509085985366{padding-top: 0px !important;}&#8221;][vc_column][vc_row_inner][vc_column_inner width=&#8221;2\/12&#8243;][\/vc_column_inner][vc_column_inner width=&#8221;8\/12&#8243;][vc_empty_space height=&#8221;16&#8243;][vc_custom_heading text=&#8221;Wy\u015blij swoje CV&#8221; font_container=&#8221;tag:h4|text_align:left&#8221; use_theme_fonts=&#8221;yes&#8221;][vc_empty_space height=&#8221;16&#8243;]\n<div class=\"wpcf7 no-js\" id=\"wpcf7-f3636-o4\" lang=\"en-US\" dir=\"ltr\">\n<div class=\"screen-reader-response\"><p role=\"status\" aria-live=\"polite\" aria-atomic=\"true\"><\/p> <ul><\/ul><\/div>\n<form action=\"\/pl\/wp-json\/wp\/v2\/pages\/3169#wpcf7-f3636-o4\" method=\"post\" class=\"wpcf7-form init\" aria-label=\"Contact form\" enctype=\"multipart\/form-data\" novalidate=\"novalidate\" data-status=\"init\">\n<div style=\"display: none;\">\n<input type=\"hidden\" name=\"_wpcf7\" value=\"3636\" \/>\n<input type=\"hidden\" name=\"_wpcf7_version\" value=\"5.7.7\" \/>\n<input type=\"hidden\" name=\"_wpcf7_locale\" value=\"en_US\" \/>\n<input type=\"hidden\" name=\"_wpcf7_unit_tag\" value=\"wpcf7-f3636-o4\" \/>\n<input type=\"hidden\" name=\"_wpcf7_container_post\" value=\"0\" \/>\n<input type=\"hidden\" name=\"_wpcf7_posted_data_hash\" value=\"\" \/>\n<\/div>\n<div class=\"request_quote\">\n\t<div class=\"row\">\n\t\t<div class=\"col-lg-6 col-md-6 col-sm-6 col-xs-12\">\n\t\t\t<div class=\"input-group\">\n\t\t\t\t<p><span class=\"wpcf7-form-control-wrap\" data-name=\"text-427\"><input size=\"40\" class=\"wpcf7-form-control wpcf7-text wpcf7-validates-as-required\" aria-required=\"true\" aria-invalid=\"false\" placeholder=\"Imi\u0119, nazwisko\" value=\"\" type=\"text\" name=\"text-427\" \/><\/span>\n\t\t\t\t<\/p>\n\t\t\t\t<p><span class=\"wpcf7-form-control-wrap\" data-name=\"text-428\"><input size=\"40\" class=\"wpcf7-form-control wpcf7-text wpcf7-validates-as-required\" aria-required=\"true\" aria-invalid=\"false\" placeholder=\"Pozycja stanowiska pracy\" value=\"\" type=\"text\" name=\"text-428\" \/><\/span>\n\t\t\t\t<\/p>\n\t\t\t\t<p><span class=\"wpcf7-form-control-wrap\" data-name=\"file-147\"><input size=\"40\" class=\"wpcf7-form-control wpcf7-file wpcf7-validates-as-required\" accept=\"audio\/*,video\/*,image\/*\" aria-required=\"true\" aria-invalid=\"false\" type=\"file\" name=\"file-147\" \/><\/span>\n\t\t\t\t<\/p>\n\t\t\t<\/div>\n\t\t\t<div class=\"input-group\">\n\t\t\t\t<p><button class=\"button size-sm fullwidth white-text theme-wpcf7-submit\">Wy\u015blij <i class=\"stm-arrow-next\"><\/i><\/button>\n\t\t\t\t<\/p>\n\t\t\t<\/div>\n\t\t<\/div>\n\t<\/div>\n<\/div><div class=\"wpcf7-response-output\" aria-hidden=\"true\"><\/div>\n<\/form>\n<\/div>\n[\/vc_column_inner][vc_column_inner width=&#8221;2\/12&#8243;][\/vc_column_inner][\/vc_row_inner][vc_empty_space][vc_empty_space][\/vc_column][\/vc_row]<\/p>","protected":false},"excerpt":{"rendered":"<p>[vc_row full_width=&#8221;stretch_row_content&#8221; gap=&#8221;25&#8243; equal_height=&#8221;yes&#8221;][vc_column width=&#8221;2\/12&#8243;][\/vc_column][vc_column width=&#8221;8\/12&#8243;][vc_empty_space height=&#8221;32&#8243;][vc_column_text el_class=&#8221;.darbo_pasiulymas&#8221;]Charakter pracy: Organizacja przewozu \u0142adunk\u00f3w transportem powietrznym, morskim i kolejowym. Aktywny zakup i sprzeda\u017c oferowanych przez sp\u00f3\u0142k\u0119 towar\u00f3w; Opracowywanie ofert komercyjnych, negocjacje z klientami, zawieranie um\u00f3w&#8230;<\/p>\n","protected":false},"author":1,"featured_media":0,"parent":0,"menu_order":0,"comment_status":"closed","ping_status":"closed","template":"","meta":[],"yoast_head":"<!-- This site is optimized with the Yoast SEO plugin v21.1 - https:\/\/yoast.com\/wordpress\/plugins\/seo\/ -->\n<title>GELE\u017dINKELIO\/J\u016aROS\/ORO TRANSPORTO VADYBININKAS (-\u0116)<\/title>\n<meta name=\"description\" content=\"GELE\u017dINKELIO\/J\u016aROS\/ORO TRANSPORTO VADYBININKAS (-\u0116)\" \/>\n<meta name=\"robots\" content=\"index, follow, max-snippet:-1, max-image-preview:large, max-video-preview:-1\" \/>\n<link rel=\"canonical\" href=\"https:\/\/rdksolutions.eu\/gelezinkelio-juros-ir-oro-transporto-vadybininkas\/\" \/>\n<meta property=\"og:locale\" content=\"pl_PL\" \/>\n<meta property=\"og:type\" content=\"article\" \/>\n<meta property=\"og:title\" content=\"GELE\u017dINKELIO\/J\u016aROS\/ORO TRANSPORTO VADYBININKAS (-\u0116)\" \/>\n<meta property=\"og:description\" content=\"GELE\u017dINKELIO\/J\u016aROS\/ORO TRANSPORTO VADYBININKAS (-\u0116)\" \/>\n<meta property=\"og:url\" content=\"https:\/\/rdksolutions.eu\/gelezinkelio-juros-ir-oro-transporto-vadybininkas\/\" \/>\n<meta property=\"og:site_name\" content=\"www.rdksolutions.eu\" \/>\n<meta property=\"article:modified_time\" content=\"2017-11-20T15:30:07+00:00\" \/>\n<meta name=\"twitter:card\" content=\"summary_large_image\" \/>\n<meta name=\"twitter:label1\" content=\"Szacowany czas czytania\" \/>\n\t<meta name=\"twitter:data1\" content=\"5 minut\" \/>\n<script type=\"application\/ld+json\" class=\"yoast-schema-graph\">{\"@context\":\"https:\/\/schema.org\",\"@graph\":[{\"@type\":\"WebPage\",\"@id\":\"https:\/\/rdksolutions.eu\/gelezinkelio-juros-ir-oro-transporto-vadybininkas\/\",\"url\":\"https:\/\/rdksolutions.eu\/gelezinkelio-juros-ir-oro-transporto-vadybininkas\/\",\"name\":\"GELE\u017dINKELIO\/J\u016aROS\/ORO TRANSPORTO VADYBININKAS (-\u0116)\",\"isPartOf\":{\"@id\":\"https:\/\/rdksolutions.eu\/pl\/#website\"},\"datePublished\":\"2017-10-28T15:04:16+00:00\",\"dateModified\":\"2017-11-20T15:30:07+00:00\",\"description\":\"GELE\u017dINKELIO\/J\u016aROS\/ORO TRANSPORTO VADYBININKAS (-\u0116)\",\"breadcrumb\":{\"@id\":\"https:\/\/rdksolutions.eu\/gelezinkelio-juros-ir-oro-transporto-vadybininkas\/#breadcrumb\"},\"inLanguage\":\"pl-PL\",\"potentialAction\":[{\"@type\":\"ReadAction\",\"target\":[\"https:\/\/rdksolutions.eu\/gelezinkelio-juros-ir-oro-transporto-vadybininkas\/\"]}]},{\"@type\":\"BreadcrumbList\",\"@id\":\"https:\/\/rdksolutions.eu\/gelezinkelio-juros-ir-oro-transporto-vadybininkas\/#breadcrumb\",\"itemListElement\":[{\"@type\":\"ListItem\",\"position\":1,\"name\":\"Home\",\"item\":\"https:\/\/rdksolutions.eu\/\"},{\"@type\":\"ListItem\",\"position\":2,\"name\":\"MANAGER DS TRANSPORTU KOLEJOWEGO\/MORSKIEGO\/POWIETRZNEGO\"}]},{\"@type\":\"WebSite\",\"@id\":\"https:\/\/rdksolutions.eu\/pl\/#website\",\"url\":\"https:\/\/rdksolutions.eu\/pl\/\",\"name\":\"www.rdksolutions.eu\",\"description\":\"Transport, logistyka - RDK Solutions\",\"publisher\":{\"@id\":\"https:\/\/rdksolutions.eu\/pl\/#organization\"},\"potentialAction\":[{\"@type\":\"SearchAction\",\"target\":{\"@type\":\"EntryPoint\",\"urlTemplate\":\"https:\/\/rdksolutions.eu\/pl\/?s={search_term_string}\"},\"query-input\":\"required name=search_term_string\"}],\"inLanguage\":\"pl-PL\"},{\"@type\":\"Organization\",\"@id\":\"https:\/\/rdksolutions.eu\/pl\/#organization\",\"name\":\"UAB \\\"RDK Solutions\\\"\",\"url\":\"https:\/\/rdksolutions.eu\/pl\/\",\"logo\":{\"@type\":\"ImageObject\",\"inLanguage\":\"pl-PL\",\"@id\":\"https:\/\/rdksolutions.eu\/pl\/#\/schema\/logo\/image\/\",\"url\":\"https:\/\/rdksolutions.eu\/wp-content\/uploads\/2017\/10\/logo_png_www.rdksolutions.eu_.png\",\"contentUrl\":\"https:\/\/rdksolutions.eu\/wp-content\/uploads\/2017\/10\/logo_png_www.rdksolutions.eu_.png\",\"width\":200,\"height\":90,\"caption\":\"UAB \\\"RDK Solutions\\\"\"},\"image\":{\"@id\":\"https:\/\/rdksolutions.eu\/pl\/#\/schema\/logo\/image\/\"}}]}<\/script>\n<!-- \/ Yoast SEO plugin. -->","yoast_head_json":{"title":"GELE\u017dINKELIO\/J\u016aROS\/ORO TRANSPORTO VADYBININKAS (-\u0116)","description":"GELE\u017dINKELIO\/J\u016aROS\/ORO TRANSPORTO VADYBININKAS (-\u0116)","robots":{"index":"index","follow":"follow","max-snippet":"max-snippet:-1","max-image-preview":"max-image-preview:large","max-video-preview":"max-video-preview:-1"},"canonical":"https:\/\/rdksolutions.eu\/gelezinkelio-juros-ir-oro-transporto-vadybininkas\/","og_locale":"pl_PL","og_type":"article","og_title":"GELE\u017dINKELIO\/J\u016aROS\/ORO TRANSPORTO VADYBININKAS (-\u0116)","og_description":"GELE\u017dINKELIO\/J\u016aROS\/ORO TRANSPORTO VADYBININKAS (-\u0116)","og_url":"https:\/\/rdksolutions.eu\/gelezinkelio-juros-ir-oro-transporto-vadybininkas\/","og_site_name":"www.rdksolutions.eu","article_modified_time":"2017-11-20T15:30:07+00:00","twitter_card":"summary_large_image","twitter_misc":{"Szacowany czas czytania":"5 minut"},"schema":{"@context":"https:\/\/schema.org","@graph":[{"@type":"WebPage","@id":"https:\/\/rdksolutions.eu\/gelezinkelio-juros-ir-oro-transporto-vadybininkas\/","url":"https:\/\/rdksolutions.eu\/gelezinkelio-juros-ir-oro-transporto-vadybininkas\/","name":"GELE\u017dINKELIO\/J\u016aROS\/ORO TRANSPORTO VADYBININKAS (-\u0116)","isPartOf":{"@id":"https:\/\/rdksolutions.eu\/pl\/#website"},"datePublished":"2017-10-28T15:04:16+00:00","dateModified":"2017-11-20T15:30:07+00:00","description":"GELE\u017dINKELIO\/J\u016aROS\/ORO TRANSPORTO VADYBININKAS (-\u0116)","breadcrumb":{"@id":"https:\/\/rdksolutions.eu\/gelezinkelio-juros-ir-oro-transporto-vadybininkas\/#breadcrumb"},"inLanguage":"pl-PL","potentialAction":[{"@type":"ReadAction","target":["https:\/\/rdksolutions.eu\/gelezinkelio-juros-ir-oro-transporto-vadybininkas\/"]}]},{"@type":"BreadcrumbList","@id":"https:\/\/rdksolutions.eu\/gelezinkelio-juros-ir-oro-transporto-vadybininkas\/#breadcrumb","itemListElement":[{"@type":"ListItem","position":1,"name":"Home","item":"https:\/\/rdksolutions.eu\/"},{"@type":"ListItem","position":2,"name":"MANAGER DS TRANSPORTU KOLEJOWEGO\/MORSKIEGO\/POWIETRZNEGO"}]},{"@type":"WebSite","@id":"https:\/\/rdksolutions.eu\/pl\/#website","url":"https:\/\/rdksolutions.eu\/pl\/","name":"www.rdksolutions.eu","description":"Transport, logistyka - RDK Solutions","publisher":{"@id":"https:\/\/rdksolutions.eu\/pl\/#organization"},"potentialAction":[{"@type":"SearchAction","target":{"@type":"EntryPoint","urlTemplate":"https:\/\/rdksolutions.eu\/pl\/?s={search_term_string}"},"query-input":"required name=search_term_string"}],"inLanguage":"pl-PL"},{"@type":"Organization","@id":"https:\/\/rdksolutions.eu\/pl\/#organization","name":"UAB \"RDK Solutions\"","url":"https:\/\/rdksolutions.eu\/pl\/","logo":{"@type":"ImageObject","inLanguage":"pl-PL","@id":"https:\/\/rdksolutions.eu\/pl\/#\/schema\/logo\/image\/","url":"https:\/\/rdksolutions.eu\/wp-content\/uploads\/2017\/10\/logo_png_www.rdksolutions.eu_.png","contentUrl":"https:\/\/rdksolutions.eu\/wp-content\/uploads\/2017\/10\/logo_png_www.rdksolutions.eu_.png","width":200,"height":90,"caption":"UAB \"RDK Solutions\""},"image":{"@id":"https:\/\/rdksolutions.eu\/pl\/#\/schema\/logo\/image\/"}}]}},"_links":{"self":[{"href":"https:\/\/rdksolutions.eu\/pl\/wp-json\/wp\/v2\/pages\/3169"}],"collection":[{"href":"https:\/\/rdksolutions.eu\/pl\/wp-json\/wp\/v2\/pages"}],"about":[{"href":"https:\/\/rdksolutions.eu\/pl\/wp-json\/wp\/v2\/types\/page"}],"author":[{"embeddable":true,"href":"https:\/\/rdksolutions.eu\/pl\/wp-json\/wp\/v2\/users\/1"}],"replies":[{"embeddable":true,"href":"https:\/\/rdksolutions.eu\/pl\/wp-json\/wp\/v2\/comments?post=3169"}],"version-history":[{"count":9,"href":"https:\/\/rdksolutions.eu\/pl\/wp-json\/wp\/v2\/pages\/3169\/revisions"}],"predecessor-version":[{"id":3662,"href":"https:\/\/rdksolutions.eu\/pl\/wp-json\/wp\/v2\/pages\/3169\/revisions\/3662"}],"wp:attachment":[{"href":"https:\/\/rdksolutions.eu\/pl\/wp-json\/wp\/v2\/media?parent=3169"}],"curies":[{"name":"wp","href":"https:\/\/api.w.org\/{rel}","templated":true}]}}