{"id":3061,"date":"2017-10-26T10:17:09","date_gmt":"2017-10-26T12:17:09","guid":{"rendered":"http:\/\/rdksolutions.eu\/?page_id=3061"},"modified":"2017-11-22T06:03:28","modified_gmt":"2017-11-22T08:03:28","slug":"negabaritiniu-kroviniu-gabenimas","status":"publish","type":"page","link":"https:\/\/rdksolutions.eu\/pl\/negabaritiniu-kroviniu-gabenimas\/","title":{"rendered":"Przew\u00f3z \u0142adunk\u00f3w ponadgabarytowych"},"content":{"rendered":"<p>[vc_row][vc_column][vc_empty_space][\/vc_column][\/vc_row][vc_row full_width=&#8221;stretch_row&#8221; gap=&#8221;25&#8243;][vc_column width=&#8221;8\/12&#8243;][vc_column_text]\u0141adunki ponadgabarytowe &#8211; \u00a0to \u0142adunki, kt\u00f3rych faktyczne wymiary lub waga s\u0105 wi\u0119ksze ni\u017c dopuszczalne maksymalne wielko\u015bci ustalone w krajach, przez terytorium kt\u00f3rych \u0142adunek b\u0119dzie przewo\u017cony. To oznacza, \u017ce w celu przewiezienia \u0142adunku takiego typu niezb\u0119dna jest specjalna technika, sprz\u0119t, eskorta, uprzednie porozumienia oraz profesjonalni pracownicy posiadaj\u0105cy odpowiedni\u0105 wiedz\u0119 w tej dziedzinie.<\/p>\n<p>Mamy do\u015bwiadczony zesp\u00f3\u0142 odpowiedzialny za Mamy do\u015bwiadczony zesp\u00f3\u0142 odpowiedzialny za p\u0142ynne i nieprzerwalne procesy przewozu \u0142adunk\u00f3w wagi ci\u0119\u017ckiej, dlatego mog\u0105 Pa\u0144stwo by\u0107 pewni, \u017ce zwracaj\u0105c si\u0119 do \u201eRDK Solutions\u201c zyskaj\u0105 Pa\u0144stwo jako\u015bciowa obs\u0142ug\u0119 obejmuj\u0105c\u0105 uzgodnienie niezb\u0119dnych pozwole\u0144, wyb\u00f3r optymalnej trasy, wsp\u00f3\u0142prac\u0119 z instytucjami odpowiedzialnymi oraz wszelkie inne us\u0142ugi.<\/p>\n<p>W razie pyta\u0107 dotycz\u0105cych przewozu \u0142adunk\u00f3w ponadgabarytowych lub innych us\u0142ug transportowych, prosimy zawraca\u0107 do nas i wsp\u00f3lnie znajdziemy dla Pa\u0144stwa firmy najbardziej korzystne rozwi\u0105zanie!<\/p>\n<p>[\/vc_column_text][\/vc_column][vc_column width=&#8221;4\/12&#8243;][vc_btn title=&#8221;Zapytaj naszego eksperta&#8221; style=&#8221;outline&#8221; shape=&#8221;round&#8221; color=&#8221;theme_style_1&#8243; i_icon_fontawesome=&#8221;fa fa-phone&#8221; add_icon=&#8221;true&#8221; link=&#8221;url:http%3A%2F%2Frdksolutions.eu%2Fkontaktai%2F|||&#8221;][\/vc_column][\/vc_row][vc_row][vc_column][vc_empty_space][vc_empty_space][\/vc_column][\/vc_row][vc_row full_width=&#8221;stretch_row&#8221; el_class=&#8221;secondary_bg_color&#8221; css=&#8221;.vc_custom_1508741073199{margin-bottom: 0px !important;}&#8221;][vc_column width=&#8221;1\/12&#8243;][\/vc_column][vc_column width=&#8221;10\/12&#8243;][vc_cta h2=&#8221;Chcesz otrzymywa\u0107 oferty&#8221; shape=&#8221;square&#8221; add_button=&#8221;right&#8221; btn_title=&#8221;WYPE\u0141NIJ FORMULARZ&#8221; btn_style=&#8221;outline&#8221; btn_shape=&#8221;round&#8221; btn_color=&#8221;white&#8221; btn_i_align=&#8221;right&#8221; btn_i_icon_fontawesome=&#8221;stm-arrow-next&#8221; btn_add_icon=&#8221;true&#8221; el_class=&#8221;secondary_bg_color&#8221; btn_link=&#8221;url:http%3A%2F%2Frdksolutions.eu%2Fuzklausa%2F|||&#8221;][\/vc_cta][\/vc_column][vc_column width=&#8221;1\/12&#8243;][\/vc_column][\/vc_row]<\/p>","protected":false},"excerpt":{"rendered":"<p>[vc_row][vc_column][vc_empty_space][\/vc_column][\/vc_row][vc_row full_width=&#8221;stretch_row&#8221; gap=&#8221;25&#8243;][vc_column width=&#8221;8\/12&#8243;][vc_column_text]\u0141adunki ponadgabarytowe &#8211; \u00a0to \u0142adunki, kt\u00f3rych faktyczne wymiary lub waga s\u0105 wi\u0119ksze ni\u017c dopuszczalne maksymalne wielko\u015bci ustalone w krajach, przez terytorium kt\u00f3rych \u0142adunek b\u0119dzie przewo\u017cony. To oznacza, \u017ce w celu&#8230;<\/p>\n","protected":false},"author":1,"featured_media":0,"parent":0,"menu_order":0,"comment_status":"closed","ping_status":"closed","template":"","meta":[],"yoast_head":"<!-- This site is optimized with the Yoast SEO plugin v21.1 - https:\/\/yoast.com\/wordpress\/plugins\/seo\/ -->\n<title>Przew\u00f3z \u0142adunk\u00f3w ponadgabarytowych - www.rdksolutions.eu<\/title>\n<meta name=\"description\" content=\"Negabaritini\u0173 krovini\u0173 gabenimas\" \/>\n<meta name=\"robots\" content=\"index, follow, max-snippet:-1, max-image-preview:large, max-video-preview:-1\" \/>\n<link rel=\"canonical\" href=\"https:\/\/rdksolutions.eu\/negabaritiniu-kroviniu-gabenimas\/\" \/>\n<meta property=\"og:locale\" content=\"pl_PL\" \/>\n<meta property=\"og:type\" content=\"article\" \/>\n<meta property=\"og:title\" content=\"Przew\u00f3z \u0142adunk\u00f3w ponadgabarytowych - www.rdksolutions.eu\" \/>\n<meta property=\"og:description\" content=\"Negabaritini\u0173 krovini\u0173 gabenimas\" \/>\n<meta property=\"og:url\" content=\"https:\/\/rdksolutions.eu\/negabaritiniu-kroviniu-gabenimas\/\" \/>\n<meta property=\"og:site_name\" content=\"www.rdksolutions.eu\" \/>\n<meta property=\"article:modified_time\" content=\"2017-11-22T08:03:28+00:00\" \/>\n<meta name=\"twitter:card\" content=\"summary_large_image\" \/>\n<meta name=\"twitter:label1\" content=\"Szacowany czas czytania\" \/>\n\t<meta name=\"twitter:data1\" content=\"5 minut\" \/>\n<script type=\"application\/ld+json\" class=\"yoast-schema-graph\">{\"@context\":\"https:\/\/schema.org\",\"@graph\":[{\"@type\":\"WebPage\",\"@id\":\"https:\/\/rdksolutions.eu\/negabaritiniu-kroviniu-gabenimas\/\",\"url\":\"https:\/\/rdksolutions.eu\/negabaritiniu-kroviniu-gabenimas\/\",\"name\":\"Przew\u00f3z \u0142adunk\u00f3w ponadgabarytowych - www.rdksolutions.eu\",\"isPartOf\":{\"@id\":\"https:\/\/rdksolutions.eu\/pl\/#website\"},\"datePublished\":\"2017-10-26T12:17:09+00:00\",\"dateModified\":\"2017-11-22T08:03:28+00:00\",\"description\":\"Negabaritini\u0173 krovini\u0173 gabenimas\",\"breadcrumb\":{\"@id\":\"https:\/\/rdksolutions.eu\/negabaritiniu-kroviniu-gabenimas\/#breadcrumb\"},\"inLanguage\":\"pl-PL\",\"potentialAction\":[{\"@type\":\"ReadAction\",\"target\":[\"https:\/\/rdksolutions.eu\/negabaritiniu-kroviniu-gabenimas\/\"]}]},{\"@type\":\"BreadcrumbList\",\"@id\":\"https:\/\/rdksolutions.eu\/negabaritiniu-kroviniu-gabenimas\/#breadcrumb\",\"itemListElement\":[{\"@type\":\"ListItem\",\"position\":1,\"name\":\"Home\",\"item\":\"https:\/\/rdksolutions.eu\/\"},{\"@type\":\"ListItem\",\"position\":2,\"name\":\"Negabaritini\u0173 krovini\u0173 gabenimas\"}]},{\"@type\":\"WebSite\",\"@id\":\"https:\/\/rdksolutions.eu\/pl\/#website\",\"url\":\"https:\/\/rdksolutions.eu\/pl\/\",\"name\":\"www.rdksolutions.eu\",\"description\":\"Transport, logistyka - RDK Solutions\",\"publisher\":{\"@id\":\"https:\/\/rdksolutions.eu\/pl\/#organization\"},\"potentialAction\":[{\"@type\":\"SearchAction\",\"target\":{\"@type\":\"EntryPoint\",\"urlTemplate\":\"https:\/\/rdksolutions.eu\/pl\/?s={search_term_string}\"},\"query-input\":\"required name=search_term_string\"}],\"inLanguage\":\"pl-PL\"},{\"@type\":\"Organization\",\"@id\":\"https:\/\/rdksolutions.eu\/pl\/#organization\",\"name\":\"UAB \\\"RDK Solutions\\\"\",\"url\":\"https:\/\/rdksolutions.eu\/pl\/\",\"logo\":{\"@type\":\"ImageObject\",\"inLanguage\":\"pl-PL\",\"@id\":\"https:\/\/rdksolutions.eu\/pl\/#\/schema\/logo\/image\/\",\"url\":\"https:\/\/rdksolutions.eu\/wp-content\/uploads\/2017\/10\/logo_png_www.rdksolutions.eu_.png\",\"contentUrl\":\"https:\/\/rdksolutions.eu\/wp-content\/uploads\/2017\/10\/logo_png_www.rdksolutions.eu_.png\",\"width\":200,\"height\":90,\"caption\":\"UAB \\\"RDK Solutions\\\"\"},\"image\":{\"@id\":\"https:\/\/rdksolutions.eu\/pl\/#\/schema\/logo\/image\/\"}}]}<\/script>\n<!-- \/ Yoast SEO plugin. -->","yoast_head_json":{"title":"Przew\u00f3z \u0142adunk\u00f3w ponadgabarytowych - www.rdksolutions.eu","description":"Negabaritini\u0173 krovini\u0173 gabenimas","robots":{"index":"index","follow":"follow","max-snippet":"max-snippet:-1","max-image-preview":"max-image-preview:large","max-video-preview":"max-video-preview:-1"},"canonical":"https:\/\/rdksolutions.eu\/negabaritiniu-kroviniu-gabenimas\/","og_locale":"pl_PL","og_type":"article","og_title":"Przew\u00f3z \u0142adunk\u00f3w ponadgabarytowych - www.rdksolutions.eu","og_description":"Negabaritini\u0173 krovini\u0173 gabenimas","og_url":"https:\/\/rdksolutions.eu\/negabaritiniu-kroviniu-gabenimas\/","og_site_name":"www.rdksolutions.eu","article_modified_time":"2017-11-22T08:03:28+00:00","twitter_card":"summary_large_image","twitter_misc":{"Szacowany czas czytania":"5 minut"},"schema":{"@context":"https:\/\/schema.org","@graph":[{"@type":"WebPage","@id":"https:\/\/rdksolutions.eu\/negabaritiniu-kroviniu-gabenimas\/","url":"https:\/\/rdksolutions.eu\/negabaritiniu-kroviniu-gabenimas\/","name":"Przew\u00f3z \u0142adunk\u00f3w ponadgabarytowych - www.rdksolutions.eu","isPartOf":{"@id":"https:\/\/rdksolutions.eu\/pl\/#website"},"datePublished":"2017-10-26T12:17:09+00:00","dateModified":"2017-11-22T08:03:28+00:00","description":"Negabaritini\u0173 krovini\u0173 gabenimas","breadcrumb":{"@id":"https:\/\/rdksolutions.eu\/negabaritiniu-kroviniu-gabenimas\/#breadcrumb"},"inLanguage":"pl-PL","potentialAction":[{"@type":"ReadAction","target":["https:\/\/rdksolutions.eu\/negabaritiniu-kroviniu-gabenimas\/"]}]},{"@type":"BreadcrumbList","@id":"https:\/\/rdksolutions.eu\/negabaritiniu-kroviniu-gabenimas\/#breadcrumb","itemListElement":[{"@type":"ListItem","position":1,"name":"Home","item":"https:\/\/rdksolutions.eu\/"},{"@type":"ListItem","position":2,"name":"Negabaritini\u0173 krovini\u0173 gabenimas"}]},{"@type":"WebSite","@id":"https:\/\/rdksolutions.eu\/pl\/#website","url":"https:\/\/rdksolutions.eu\/pl\/","name":"www.rdksolutions.eu","description":"Transport, logistyka - RDK Solutions","publisher":{"@id":"https:\/\/rdksolutions.eu\/pl\/#organization"},"potentialAction":[{"@type":"SearchAction","target":{"@type":"EntryPoint","urlTemplate":"https:\/\/rdksolutions.eu\/pl\/?s={search_term_string}"},"query-input":"required name=search_term_string"}],"inLanguage":"pl-PL"},{"@type":"Organization","@id":"https:\/\/rdksolutions.eu\/pl\/#organization","name":"UAB \"RDK Solutions\"","url":"https:\/\/rdksolutions.eu\/pl\/","logo":{"@type":"ImageObject","inLanguage":"pl-PL","@id":"https:\/\/rdksolutions.eu\/pl\/#\/schema\/logo\/image\/","url":"https:\/\/rdksolutions.eu\/wp-content\/uploads\/2017\/10\/logo_png_www.rdksolutions.eu_.png","contentUrl":"https:\/\/rdksolutions.eu\/wp-content\/uploads\/2017\/10\/logo_png_www.rdksolutions.eu_.png","width":200,"height":90,"caption":"UAB \"RDK Solutions\""},"image":{"@id":"https:\/\/rdksolutions.eu\/pl\/#\/schema\/logo\/image\/"}}]}},"_links":{"self":[{"href":"https:\/\/rdksolutions.eu\/pl\/wp-json\/wp\/v2\/pages\/3061"}],"collection":[{"href":"https:\/\/rdksolutions.eu\/pl\/wp-json\/wp\/v2\/pages"}],"about":[{"href":"https:\/\/rdksolutions.eu\/pl\/wp-json\/wp\/v2\/types\/page"}],"author":[{"embeddable":true,"href":"https:\/\/rdksolutions.eu\/pl\/wp-json\/wp\/v2\/users\/1"}],"replies":[{"embeddable":true,"href":"https:\/\/rdksolutions.eu\/pl\/wp-json\/wp\/v2\/comments?post=3061"}],"version-history":[{"count":7,"href":"https:\/\/rdksolutions.eu\/pl\/wp-json\/wp\/v2\/pages\/3061\/revisions"}],"predecessor-version":[{"id":3719,"href":"https:\/\/rdksolutions.eu\/pl\/wp-json\/wp\/v2\/pages\/3061\/revisions\/3719"}],"wp:attachment":[{"href":"https:\/\/rdksolutions.eu\/pl\/wp-json\/wp\/v2\/media?parent=3061"}],"curies":[{"name":"wp","href":"https:\/\/api.w.org\/{rel}","templated":true}]}}