{"id":3057,"date":"2017-10-26T10:15:41","date_gmt":"2017-10-26T12:15:41","guid":{"rendered":"http:\/\/rdksolutions.eu\/?page_id=3057"},"modified":"2017-11-22T06:06:45","modified_gmt":"2017-11-22T08:06:45","slug":"pavojingu-kroviniu-pervezimas","status":"publish","type":"page","link":"https:\/\/rdksolutions.eu\/pl\/pavojingu-kroviniu-pervezimas\/","title":{"rendered":"Przew\u00f3z \u0142adunk\u00f3w niebezpiecznych"},"content":{"rendered":"<p>[vc_row][vc_column][vc_empty_space][\/vc_column][\/vc_row][vc_row full_width=&#8221;stretch_row&#8221; gap=&#8221;25&#8243;][vc_column width=&#8221;8\/12&#8243;][vc_column_text]Przew\u00f3z niebezpiecznych \u0142adunk\u00f3w wymaga spe\u0142nienia wyj\u0105tkowych wymog\u00f3w bezpiecze\u0144stwa oraz zaanga\u017cowania pracownik\u00f3w najwy\u017cszego poziomu, kt\u00f3rzy mog\u0105 zapewni\u0107, aby mienie zosta\u0142o przewiezione nienaruszone oraz by\u0142o odpowiednio nadzorowane.\u00a0 Oferujemy niezawodne us\u0142ugi przewozu i spedycji \u0142adunk\u00f3w niebezpiecznych transportem drogowym, morskim, powietrznym i kolejowym.<\/p>\n<p>Pracujemy w zakresie wszystkich dziewi\u0119ciu klas zagro\u017cenia okre\u015blonych w ADR (umowa europejska dotycz\u0105ca mi\u0119dzynarodowego przewozu drogowego towar\u00f3w niebezpiecznych) i wsp\u00f3\u0142pracujemy wy\u0142\u0105cznie ze sprawdzonymi firmami posiadaj\u0105cymi licencje na przew\u00f3z \u0142adunk\u00f3w ADR oraz kierowcami, kt\u00f3rzy uko\u0144czyli specjalne kursy.<\/p>\n<p>Je\u017celi interesuje Pa\u0144stwa transport niebezpiecznych \u0142adunk\u00f3w, prosimy zwraca\u0107 si\u0119 do \u201eRDK Solutions\u201c, gdzie o Pa\u0144stwa zam\u00f3wienie zadbamy od A do Z![\/vc_column_text][\/vc_column][vc_column width=&#8221;4\/12&#8243;][vc_btn title=&#8221;Zapytaj naszego eksperta&#8221; style=&#8221;outline&#8221; shape=&#8221;round&#8221; color=&#8221;theme_style_1&#8243; i_icon_fontawesome=&#8221;fa fa-phone&#8221; add_icon=&#8221;true&#8221; link=&#8221;url:http%3A%2F%2Frdksolutions.eu%2Fkontaktai%2F|||&#8221;][\/vc_column][\/vc_row][vc_row][vc_column][vc_empty_space][vc_empty_space][\/vc_column][\/vc_row][vc_row full_width=&#8221;stretch_row&#8221; el_class=&#8221;secondary_bg_color&#8221; css=&#8221;.vc_custom_1508741073199{margin-bottom: 0px !important;}&#8221;][vc_column width=&#8221;1\/12&#8243;][\/vc_column][vc_column width=&#8221;10\/12&#8243;][vc_cta h2=&#8221;Chcesz otrzymywa\u0107 oferty? &#8221; shape=&#8221;square&#8221; add_button=&#8221;right&#8221; btn_title=&#8221;WYPE\u0141NIJ FORMULARZ&#8221; btn_style=&#8221;outline&#8221; btn_shape=&#8221;round&#8221; btn_color=&#8221;white&#8221; btn_i_align=&#8221;right&#8221; btn_i_icon_fontawesome=&#8221;stm-arrow-next&#8221; btn_add_icon=&#8221;true&#8221; el_class=&#8221;secondary_bg_color&#8221; btn_link=&#8221;url:http%3A%2F%2Frdksolutions.eu%2Fuzklausa%2F|||&#8221;][\/vc_cta][\/vc_column][vc_column width=&#8221;1\/12&#8243;][\/vc_column][\/vc_row]<\/p>","protected":false},"excerpt":{"rendered":"<p>[vc_row][vc_column][vc_empty_space][\/vc_column][\/vc_row][vc_row full_width=&#8221;stretch_row&#8221; gap=&#8221;25&#8243;][vc_column width=&#8221;8\/12&#8243;][vc_column_text]Przew\u00f3z niebezpiecznych \u0142adunk\u00f3w wymaga spe\u0142nienia wyj\u0105tkowych wymog\u00f3w bezpiecze\u0144stwa oraz zaanga\u017cowania pracownik\u00f3w najwy\u017cszego poziomu, kt\u00f3rzy mog\u0105 zapewni\u0107, aby mienie zosta\u0142o przewiezione nienaruszone oraz by\u0142o odpowiednio nadzorowane.\u00a0 Oferujemy niezawodne us\u0142ugi przewozu i&#8230;<\/p>\n","protected":false},"author":1,"featured_media":0,"parent":0,"menu_order":0,"comment_status":"closed","ping_status":"closed","template":"","meta":[],"yoast_head":"<!-- This site is optimized with the Yoast SEO plugin v21.1 - https:\/\/yoast.com\/wordpress\/plugins\/seo\/ -->\n<title>Przew\u00f3z \u0142adunk\u00f3w niebezpiecznych - www.rdksolutions.eu<\/title>\n<meta name=\"description\" content=\"Pavojing\u0173 krovini\u0173 perve\u017eimas- kokybi\u0161kos krovini\u0173 perve\u017eimo ir logistikos paslaugos, sand\u0117liavimas- \u201eRDK Solutions\u201c\" \/>\n<meta name=\"robots\" content=\"index, follow, max-snippet:-1, max-image-preview:large, max-video-preview:-1\" \/>\n<link rel=\"canonical\" href=\"https:\/\/rdksolutions.eu\/pavojingu-kroviniu-pervezimas\/\" \/>\n<meta property=\"og:locale\" content=\"pl_PL\" \/>\n<meta property=\"og:type\" content=\"article\" \/>\n<meta property=\"og:title\" content=\"Przew\u00f3z \u0142adunk\u00f3w niebezpiecznych - www.rdksolutions.eu\" \/>\n<meta property=\"og:description\" content=\"Pavojing\u0173 krovini\u0173 perve\u017eimas- kokybi\u0161kos krovini\u0173 perve\u017eimo ir logistikos paslaugos, sand\u0117liavimas- \u201eRDK Solutions\u201c\" \/>\n<meta property=\"og:url\" content=\"https:\/\/rdksolutions.eu\/pavojingu-kroviniu-pervezimas\/\" \/>\n<meta property=\"og:site_name\" content=\"www.rdksolutions.eu\" \/>\n<meta property=\"article:modified_time\" content=\"2017-11-22T08:06:45+00:00\" \/>\n<meta name=\"twitter:card\" content=\"summary_large_image\" \/>\n<meta name=\"twitter:label1\" content=\"Szacowany czas czytania\" \/>\n\t<meta name=\"twitter:data1\" content=\"5 minut\" \/>\n<script type=\"application\/ld+json\" class=\"yoast-schema-graph\">{\"@context\":\"https:\/\/schema.org\",\"@graph\":[{\"@type\":\"WebPage\",\"@id\":\"https:\/\/rdksolutions.eu\/pavojingu-kroviniu-pervezimas\/\",\"url\":\"https:\/\/rdksolutions.eu\/pavojingu-kroviniu-pervezimas\/\",\"name\":\"Przew\u00f3z \u0142adunk\u00f3w niebezpiecznych - www.rdksolutions.eu\",\"isPartOf\":{\"@id\":\"https:\/\/rdksolutions.eu\/pl\/#website\"},\"datePublished\":\"2017-10-26T12:15:41+00:00\",\"dateModified\":\"2017-11-22T08:06:45+00:00\",\"description\":\"Pavojing\u0173 krovini\u0173 perve\u017eimas- kokybi\u0161kos krovini\u0173 perve\u017eimo ir logistikos paslaugos, sand\u0117liavimas- \u201eRDK Solutions\u201c\",\"breadcrumb\":{\"@id\":\"https:\/\/rdksolutions.eu\/pavojingu-kroviniu-pervezimas\/#breadcrumb\"},\"inLanguage\":\"pl-PL\",\"potentialAction\":[{\"@type\":\"ReadAction\",\"target\":[\"https:\/\/rdksolutions.eu\/pavojingu-kroviniu-pervezimas\/\"]}]},{\"@type\":\"BreadcrumbList\",\"@id\":\"https:\/\/rdksolutions.eu\/pavojingu-kroviniu-pervezimas\/#breadcrumb\",\"itemListElement\":[{\"@type\":\"ListItem\",\"position\":1,\"name\":\"Home\",\"item\":\"https:\/\/rdksolutions.eu\/\"},{\"@type\":\"ListItem\",\"position\":2,\"name\":\"Pavojing\u0173 krovini\u0173 perve\u017eimas\"}]},{\"@type\":\"WebSite\",\"@id\":\"https:\/\/rdksolutions.eu\/pl\/#website\",\"url\":\"https:\/\/rdksolutions.eu\/pl\/\",\"name\":\"www.rdksolutions.eu\",\"description\":\"Transport, logistyka - RDK Solutions\",\"publisher\":{\"@id\":\"https:\/\/rdksolutions.eu\/pl\/#organization\"},\"potentialAction\":[{\"@type\":\"SearchAction\",\"target\":{\"@type\":\"EntryPoint\",\"urlTemplate\":\"https:\/\/rdksolutions.eu\/pl\/?s={search_term_string}\"},\"query-input\":\"required name=search_term_string\"}],\"inLanguage\":\"pl-PL\"},{\"@type\":\"Organization\",\"@id\":\"https:\/\/rdksolutions.eu\/pl\/#organization\",\"name\":\"UAB \\\"RDK Solutions\\\"\",\"url\":\"https:\/\/rdksolutions.eu\/pl\/\",\"logo\":{\"@type\":\"ImageObject\",\"inLanguage\":\"pl-PL\",\"@id\":\"https:\/\/rdksolutions.eu\/pl\/#\/schema\/logo\/image\/\",\"url\":\"https:\/\/rdksolutions.eu\/wp-content\/uploads\/2017\/10\/logo_png_www.rdksolutions.eu_.png\",\"contentUrl\":\"https:\/\/rdksolutions.eu\/wp-content\/uploads\/2017\/10\/logo_png_www.rdksolutions.eu_.png\",\"width\":200,\"height\":90,\"caption\":\"UAB \\\"RDK Solutions\\\"\"},\"image\":{\"@id\":\"https:\/\/rdksolutions.eu\/pl\/#\/schema\/logo\/image\/\"}}]}<\/script>\n<!-- \/ Yoast SEO plugin. -->","yoast_head_json":{"title":"Przew\u00f3z \u0142adunk\u00f3w niebezpiecznych - www.rdksolutions.eu","description":"Pavojing\u0173 krovini\u0173 perve\u017eimas- kokybi\u0161kos krovini\u0173 perve\u017eimo ir logistikos paslaugos, sand\u0117liavimas- \u201eRDK Solutions\u201c","robots":{"index":"index","follow":"follow","max-snippet":"max-snippet:-1","max-image-preview":"max-image-preview:large","max-video-preview":"max-video-preview:-1"},"canonical":"https:\/\/rdksolutions.eu\/pavojingu-kroviniu-pervezimas\/","og_locale":"pl_PL","og_type":"article","og_title":"Przew\u00f3z \u0142adunk\u00f3w niebezpiecznych - www.rdksolutions.eu","og_description":"Pavojing\u0173 krovini\u0173 perve\u017eimas- kokybi\u0161kos krovini\u0173 perve\u017eimo ir logistikos paslaugos, sand\u0117liavimas- \u201eRDK Solutions\u201c","og_url":"https:\/\/rdksolutions.eu\/pavojingu-kroviniu-pervezimas\/","og_site_name":"www.rdksolutions.eu","article_modified_time":"2017-11-22T08:06:45+00:00","twitter_card":"summary_large_image","twitter_misc":{"Szacowany czas czytania":"5 minut"},"schema":{"@context":"https:\/\/schema.org","@graph":[{"@type":"WebPage","@id":"https:\/\/rdksolutions.eu\/pavojingu-kroviniu-pervezimas\/","url":"https:\/\/rdksolutions.eu\/pavojingu-kroviniu-pervezimas\/","name":"Przew\u00f3z \u0142adunk\u00f3w niebezpiecznych - www.rdksolutions.eu","isPartOf":{"@id":"https:\/\/rdksolutions.eu\/pl\/#website"},"datePublished":"2017-10-26T12:15:41+00:00","dateModified":"2017-11-22T08:06:45+00:00","description":"Pavojing\u0173 krovini\u0173 perve\u017eimas- kokybi\u0161kos krovini\u0173 perve\u017eimo ir logistikos paslaugos, sand\u0117liavimas- \u201eRDK Solutions\u201c","breadcrumb":{"@id":"https:\/\/rdksolutions.eu\/pavojingu-kroviniu-pervezimas\/#breadcrumb"},"inLanguage":"pl-PL","potentialAction":[{"@type":"ReadAction","target":["https:\/\/rdksolutions.eu\/pavojingu-kroviniu-pervezimas\/"]}]},{"@type":"BreadcrumbList","@id":"https:\/\/rdksolutions.eu\/pavojingu-kroviniu-pervezimas\/#breadcrumb","itemListElement":[{"@type":"ListItem","position":1,"name":"Home","item":"https:\/\/rdksolutions.eu\/"},{"@type":"ListItem","position":2,"name":"Pavojing\u0173 krovini\u0173 perve\u017eimas"}]},{"@type":"WebSite","@id":"https:\/\/rdksolutions.eu\/pl\/#website","url":"https:\/\/rdksolutions.eu\/pl\/","name":"www.rdksolutions.eu","description":"Transport, logistyka - RDK Solutions","publisher":{"@id":"https:\/\/rdksolutions.eu\/pl\/#organization"},"potentialAction":[{"@type":"SearchAction","target":{"@type":"EntryPoint","urlTemplate":"https:\/\/rdksolutions.eu\/pl\/?s={search_term_string}"},"query-input":"required name=search_term_string"}],"inLanguage":"pl-PL"},{"@type":"Organization","@id":"https:\/\/rdksolutions.eu\/pl\/#organization","name":"UAB \"RDK Solutions\"","url":"https:\/\/rdksolutions.eu\/pl\/","logo":{"@type":"ImageObject","inLanguage":"pl-PL","@id":"https:\/\/rdksolutions.eu\/pl\/#\/schema\/logo\/image\/","url":"https:\/\/rdksolutions.eu\/wp-content\/uploads\/2017\/10\/logo_png_www.rdksolutions.eu_.png","contentUrl":"https:\/\/rdksolutions.eu\/wp-content\/uploads\/2017\/10\/logo_png_www.rdksolutions.eu_.png","width":200,"height":90,"caption":"UAB \"RDK Solutions\""},"image":{"@id":"https:\/\/rdksolutions.eu\/pl\/#\/schema\/logo\/image\/"}}]}},"_links":{"self":[{"href":"https:\/\/rdksolutions.eu\/pl\/wp-json\/wp\/v2\/pages\/3057"}],"collection":[{"href":"https:\/\/rdksolutions.eu\/pl\/wp-json\/wp\/v2\/pages"}],"about":[{"href":"https:\/\/rdksolutions.eu\/pl\/wp-json\/wp\/v2\/types\/page"}],"author":[{"embeddable":true,"href":"https:\/\/rdksolutions.eu\/pl\/wp-json\/wp\/v2\/users\/1"}],"replies":[{"embeddable":true,"href":"https:\/\/rdksolutions.eu\/pl\/wp-json\/wp\/v2\/comments?post=3057"}],"version-history":[{"count":7,"href":"https:\/\/rdksolutions.eu\/pl\/wp-json\/wp\/v2\/pages\/3057\/revisions"}],"predecessor-version":[{"id":3721,"href":"https:\/\/rdksolutions.eu\/pl\/wp-json\/wp\/v2\/pages\/3057\/revisions\/3721"}],"wp:attachment":[{"href":"https:\/\/rdksolutions.eu\/pl\/wp-json\/wp\/v2\/media?parent=3057"}],"curies":[{"name":"wp","href":"https:\/\/api.w.org\/{rel}","templated":true}]}}