{"id":3053,"date":"2017-10-26T10:02:29","date_gmt":"2017-10-26T12:02:29","guid":{"rendered":"http:\/\/rdksolutions.eu\/?page_id=3053"},"modified":"2017-11-22T06:00:52","modified_gmt":"2017-11-22T08:00:52","slug":"daliniu-kroviniu-pervezimas","status":"publish","type":"page","link":"https:\/\/rdksolutions.eu\/pl\/daliniu-kroviniu-pervezimas\/","title":{"rendered":"Cz\u0119\u015bciowy przew\u00f3z towar\u00f3w"},"content":{"rendered":"<p>[vc_row][vc_column][vc_empty_space][\/vc_column][\/vc_row][vc_row full_width=&#8221;stretch_row&#8221; gap=&#8221;25&#8243;][vc_column width=&#8221;8\/12&#8243;][vc_column_text]\u201eRDK Solutions\u201c zbiera drobne i cz\u0119\u015bciowe \u0142adunki w ca\u0142ej Europie i poza jej granicami. Ta us\u0142uga jest szczeg\u00f3lnie aktualna dla ma\u0142ych firm, kt\u00f3rych \u0142adunki s\u0105 niedu\u017ce i nie zajmuj\u0105 ca\u0142ej przestrzeni do przewozu. Aby zapewni\u0107 jak najni\u017csze koszty pracuje na takiej zasadzie, \u017ce zbieramy \u0142adunki kilku firm i wieziemy je w jednym \u015brodku transportu.<\/p>\n<p>Poniewa\u017c w najpopularniejszych kierunkach, takich jak Europa lub kraje WNP, \u0142adunki przewozimy regularnie, szybko gromadzimy \u0142adunki na ca\u0142a tras\u0119. To pozwala klientom unikn\u0105\u0107 wszelkiego dyskomfortu, gdy ich tras\u0119 nale\u017cy dostosowa\u0107 do innych, dlatego towary nie mog\u0105 by\u0107 dostarczone w zaplanowanym terminie. Aby zapewni\u0107 maksymalne bezpiecze\u0144stwo, \u0142adunki przewozimy najnowszymi \u015brodkami transportu, kt\u00f3re kontroluj\u0105 do\u015bwiadczeni specjali\u015bci tej dziedziny i stale dostarczaj\u0105 najnowsza informacj\u0119 o aktualnej sytuacji.<\/p>\n<p>\u201eRDK Solutions\u201c \u2013 szybki i precyzyjny partner logistyczny![\/vc_column_text][\/vc_column][vc_column width=&#8221;4\/12&#8243;][vc_btn title=&#8221;Zapytaj naszego eksperta&#8221; style=&#8221;outline&#8221; shape=&#8221;round&#8221; color=&#8221;theme_style_1&#8243; i_icon_fontawesome=&#8221;fa fa-phone&#8221; add_icon=&#8221;true&#8221; link=&#8221;url:http%3A%2F%2Frdksolutions.eu%2Fkontaktai%2F|||&#8221;][\/vc_column][\/vc_row][vc_row][vc_column][vc_empty_space][vc_empty_space][\/vc_column][\/vc_row][vc_row full_width=&#8221;stretch_row&#8221; el_class=&#8221;secondary_bg_color&#8221; css=&#8221;.vc_custom_1508741073199{margin-bottom: 0px !important;}&#8221;][vc_column width=&#8221;1\/12&#8243;][\/vc_column][vc_column width=&#8221;10\/12&#8243;][vc_cta h2=&#8221;Chcesz otrzymywa\u0107 oferty? &#8221; shape=&#8221;square&#8221; add_button=&#8221;right&#8221; btn_title=&#8221;WYPE\u0141NIJ FORMULARZ&#8221; btn_style=&#8221;outline&#8221; btn_shape=&#8221;round&#8221; btn_color=&#8221;white&#8221; btn_i_align=&#8221;right&#8221; btn_i_icon_fontawesome=&#8221;stm-arrow-next&#8221; btn_add_icon=&#8221;true&#8221; el_class=&#8221;secondary_bg_color&#8221; btn_link=&#8221;url:http%3A%2F%2Frdksolutions.eu%2Fuzklausa%2F|||&#8221;][\/vc_cta][\/vc_column][vc_column width=&#8221;1\/12&#8243;][\/vc_column][\/vc_row]<\/p>","protected":false},"excerpt":{"rendered":"<p>[vc_row][vc_column][vc_empty_space][\/vc_column][\/vc_row][vc_row full_width=&#8221;stretch_row&#8221; gap=&#8221;25&#8243;][vc_column width=&#8221;8\/12&#8243;][vc_column_text]\u201eRDK Solutions\u201c zbiera drobne i cz\u0119\u015bciowe \u0142adunki w ca\u0142ej Europie i poza jej granicami. Ta us\u0142uga jest szczeg\u00f3lnie aktualna dla ma\u0142ych firm, kt\u00f3rych \u0142adunki s\u0105 niedu\u017ce i nie zajmuj\u0105 ca\u0142ej&#8230;<\/p>\n","protected":false},"author":1,"featured_media":0,"parent":0,"menu_order":0,"comment_status":"closed","ping_status":"closed","template":"","meta":[],"yoast_head":"<!-- This site is optimized with the Yoast SEO plugin v21.1 - https:\/\/yoast.com\/wordpress\/plugins\/seo\/ -->\n<title>Dalini\u0173 krovini\u0173 perve\u017eimas<\/title>\n<meta name=\"description\" content=\"Dalini\u0173 krovini\u0173 perve\u017eimas\" \/>\n<meta name=\"robots\" content=\"index, follow, max-snippet:-1, max-image-preview:large, max-video-preview:-1\" \/>\n<link rel=\"canonical\" href=\"https:\/\/rdksolutions.eu\/daliniu-kroviniu-pervezimas\/\" \/>\n<meta property=\"og:locale\" content=\"pl_PL\" \/>\n<meta property=\"og:type\" content=\"article\" \/>\n<meta property=\"og:title\" content=\"Dalini\u0173 krovini\u0173 perve\u017eimas\" \/>\n<meta property=\"og:description\" content=\"Dalini\u0173 krovini\u0173 perve\u017eimas\" \/>\n<meta property=\"og:url\" content=\"https:\/\/rdksolutions.eu\/daliniu-kroviniu-pervezimas\/\" \/>\n<meta property=\"og:site_name\" content=\"www.rdksolutions.eu\" \/>\n<meta property=\"article:modified_time\" content=\"2017-11-22T08:00:52+00:00\" \/>\n<meta name=\"twitter:card\" content=\"summary_large_image\" \/>\n<meta name=\"twitter:label1\" content=\"Szacowany czas czytania\" \/>\n\t<meta name=\"twitter:data1\" content=\"6 minut\" \/>\n<script type=\"application\/ld+json\" class=\"yoast-schema-graph\">{\"@context\":\"https:\/\/schema.org\",\"@graph\":[{\"@type\":\"WebPage\",\"@id\":\"https:\/\/rdksolutions.eu\/daliniu-kroviniu-pervezimas\/\",\"url\":\"https:\/\/rdksolutions.eu\/daliniu-kroviniu-pervezimas\/\",\"name\":\"Dalini\u0173 krovini\u0173 perve\u017eimas\",\"isPartOf\":{\"@id\":\"https:\/\/rdksolutions.eu\/pl\/#website\"},\"datePublished\":\"2017-10-26T12:02:29+00:00\",\"dateModified\":\"2017-11-22T08:00:52+00:00\",\"description\":\"Dalini\u0173 krovini\u0173 perve\u017eimas\",\"breadcrumb\":{\"@id\":\"https:\/\/rdksolutions.eu\/daliniu-kroviniu-pervezimas\/#breadcrumb\"},\"inLanguage\":\"pl-PL\",\"potentialAction\":[{\"@type\":\"ReadAction\",\"target\":[\"https:\/\/rdksolutions.eu\/daliniu-kroviniu-pervezimas\/\"]}]},{\"@type\":\"BreadcrumbList\",\"@id\":\"https:\/\/rdksolutions.eu\/daliniu-kroviniu-pervezimas\/#breadcrumb\",\"itemListElement\":[{\"@type\":\"ListItem\",\"position\":1,\"name\":\"Home\",\"item\":\"https:\/\/rdksolutions.eu\/\"},{\"@type\":\"ListItem\",\"position\":2,\"name\":\"Cz\u0119\u015bciowy przew\u00f3z towar\u00f3w\"}]},{\"@type\":\"WebSite\",\"@id\":\"https:\/\/rdksolutions.eu\/pl\/#website\",\"url\":\"https:\/\/rdksolutions.eu\/pl\/\",\"name\":\"www.rdksolutions.eu\",\"description\":\"Transport, logistyka - RDK Solutions\",\"publisher\":{\"@id\":\"https:\/\/rdksolutions.eu\/pl\/#organization\"},\"potentialAction\":[{\"@type\":\"SearchAction\",\"target\":{\"@type\":\"EntryPoint\",\"urlTemplate\":\"https:\/\/rdksolutions.eu\/pl\/?s={search_term_string}\"},\"query-input\":\"required name=search_term_string\"}],\"inLanguage\":\"pl-PL\"},{\"@type\":\"Organization\",\"@id\":\"https:\/\/rdksolutions.eu\/pl\/#organization\",\"name\":\"UAB \\\"RDK Solutions\\\"\",\"url\":\"https:\/\/rdksolutions.eu\/pl\/\",\"logo\":{\"@type\":\"ImageObject\",\"inLanguage\":\"pl-PL\",\"@id\":\"https:\/\/rdksolutions.eu\/pl\/#\/schema\/logo\/image\/\",\"url\":\"https:\/\/rdksolutions.eu\/wp-content\/uploads\/2017\/10\/logo_png_www.rdksolutions.eu_.png\",\"contentUrl\":\"https:\/\/rdksolutions.eu\/wp-content\/uploads\/2017\/10\/logo_png_www.rdksolutions.eu_.png\",\"width\":200,\"height\":90,\"caption\":\"UAB \\\"RDK Solutions\\\"\"},\"image\":{\"@id\":\"https:\/\/rdksolutions.eu\/pl\/#\/schema\/logo\/image\/\"}}]}<\/script>\n<!-- \/ Yoast SEO plugin. -->","yoast_head_json":{"title":"Dalini\u0173 krovini\u0173 perve\u017eimas","description":"Dalini\u0173 krovini\u0173 perve\u017eimas","robots":{"index":"index","follow":"follow","max-snippet":"max-snippet:-1","max-image-preview":"max-image-preview:large","max-video-preview":"max-video-preview:-1"},"canonical":"https:\/\/rdksolutions.eu\/daliniu-kroviniu-pervezimas\/","og_locale":"pl_PL","og_type":"article","og_title":"Dalini\u0173 krovini\u0173 perve\u017eimas","og_description":"Dalini\u0173 krovini\u0173 perve\u017eimas","og_url":"https:\/\/rdksolutions.eu\/daliniu-kroviniu-pervezimas\/","og_site_name":"www.rdksolutions.eu","article_modified_time":"2017-11-22T08:00:52+00:00","twitter_card":"summary_large_image","twitter_misc":{"Szacowany czas czytania":"6 minut"},"schema":{"@context":"https:\/\/schema.org","@graph":[{"@type":"WebPage","@id":"https:\/\/rdksolutions.eu\/daliniu-kroviniu-pervezimas\/","url":"https:\/\/rdksolutions.eu\/daliniu-kroviniu-pervezimas\/","name":"Dalini\u0173 krovini\u0173 perve\u017eimas","isPartOf":{"@id":"https:\/\/rdksolutions.eu\/pl\/#website"},"datePublished":"2017-10-26T12:02:29+00:00","dateModified":"2017-11-22T08:00:52+00:00","description":"Dalini\u0173 krovini\u0173 perve\u017eimas","breadcrumb":{"@id":"https:\/\/rdksolutions.eu\/daliniu-kroviniu-pervezimas\/#breadcrumb"},"inLanguage":"pl-PL","potentialAction":[{"@type":"ReadAction","target":["https:\/\/rdksolutions.eu\/daliniu-kroviniu-pervezimas\/"]}]},{"@type":"BreadcrumbList","@id":"https:\/\/rdksolutions.eu\/daliniu-kroviniu-pervezimas\/#breadcrumb","itemListElement":[{"@type":"ListItem","position":1,"name":"Home","item":"https:\/\/rdksolutions.eu\/"},{"@type":"ListItem","position":2,"name":"Cz\u0119\u015bciowy przew\u00f3z towar\u00f3w"}]},{"@type":"WebSite","@id":"https:\/\/rdksolutions.eu\/pl\/#website","url":"https:\/\/rdksolutions.eu\/pl\/","name":"www.rdksolutions.eu","description":"Transport, logistyka - RDK Solutions","publisher":{"@id":"https:\/\/rdksolutions.eu\/pl\/#organization"},"potentialAction":[{"@type":"SearchAction","target":{"@type":"EntryPoint","urlTemplate":"https:\/\/rdksolutions.eu\/pl\/?s={search_term_string}"},"query-input":"required name=search_term_string"}],"inLanguage":"pl-PL"},{"@type":"Organization","@id":"https:\/\/rdksolutions.eu\/pl\/#organization","name":"UAB \"RDK Solutions\"","url":"https:\/\/rdksolutions.eu\/pl\/","logo":{"@type":"ImageObject","inLanguage":"pl-PL","@id":"https:\/\/rdksolutions.eu\/pl\/#\/schema\/logo\/image\/","url":"https:\/\/rdksolutions.eu\/wp-content\/uploads\/2017\/10\/logo_png_www.rdksolutions.eu_.png","contentUrl":"https:\/\/rdksolutions.eu\/wp-content\/uploads\/2017\/10\/logo_png_www.rdksolutions.eu_.png","width":200,"height":90,"caption":"UAB \"RDK Solutions\""},"image":{"@id":"https:\/\/rdksolutions.eu\/pl\/#\/schema\/logo\/image\/"}}]}},"_links":{"self":[{"href":"https:\/\/rdksolutions.eu\/pl\/wp-json\/wp\/v2\/pages\/3053"}],"collection":[{"href":"https:\/\/rdksolutions.eu\/pl\/wp-json\/wp\/v2\/pages"}],"about":[{"href":"https:\/\/rdksolutions.eu\/pl\/wp-json\/wp\/v2\/types\/page"}],"author":[{"embeddable":true,"href":"https:\/\/rdksolutions.eu\/pl\/wp-json\/wp\/v2\/users\/1"}],"replies":[{"embeddable":true,"href":"https:\/\/rdksolutions.eu\/pl\/wp-json\/wp\/v2\/comments?post=3053"}],"version-history":[{"count":8,"href":"https:\/\/rdksolutions.eu\/pl\/wp-json\/wp\/v2\/pages\/3053\/revisions"}],"predecessor-version":[{"id":3632,"href":"https:\/\/rdksolutions.eu\/pl\/wp-json\/wp\/v2\/pages\/3053\/revisions\/3632"}],"wp:attachment":[{"href":"https:\/\/rdksolutions.eu\/pl\/wp-json\/wp\/v2\/media?parent=3053"}],"curies":[{"name":"wp","href":"https:\/\/api.w.org\/{rel}","templated":true}]}}