{"id":3048,"date":"2017-10-26T10:00:52","date_gmt":"2017-10-26T12:00:52","guid":{"rendered":"http:\/\/rdksolutions.eu\/?page_id=3048"},"modified":"2017-11-22T05:51:11","modified_gmt":"2017-11-22T07:51:11","slug":"kroviniu-gabenimas-gelezinkeliais","status":"publish","type":"page","link":"https:\/\/rdksolutions.eu\/pl\/kroviniu-gabenimas-gelezinkeliais\/","title":{"rendered":"Fracht kolejowy"},"content":{"rendered":"<p>[vc_row][vc_column][vc_empty_space][\/vc_column][\/vc_row][vc_row full_width=&#8221;stretch_row&#8221; gap=&#8221;25&#8243;][vc_column width=&#8221;8\/12&#8243;][vc_column_text]Przew\u00f3z \u0142adunk\u00f3w drog\u0105 kolejow\u0105 \u2013 wygodny, bezpieczny i oszcz\u0119dny spos\u00f3b przewozu \u0142adunk\u00f3w o du\u017cej obj\u0119to\u015bci oraz du\u017cej ich ilo\u015bci za jednym razem. Przew\u00f3z kolej\u0105 nie zale\u017cy od warunk\u00f3w pogody ani czynnik\u00f3w ludzkich i mo\u017ce dotrze\u0107 do najdalszych kraj\u00f3w, a dzi\u0119ki dalekim trasom i zape\u0142nieniu wagon\u00f3w pomaga zaoszcz\u0119dzi\u0107 nawet do 30 proc. koszt\u00f3w transportowych.<\/p>\n<p>\u015awiadczone przez nas us\u0142ugi przewozu drog\u0105 kolejow\u0105 obejmuj\u0105 przygotowanie niezb\u0119dnych dokument\u00f3w, konsultacje, ubezpieczenie, szybkie obliczenie ceny przewozu, za\u0142adunek, roz\u0142adunek, organizacj\u0119 eskorty i wszechstronn\u0105 kontrol\u0119, a tak\u017ce reprezentacj\u0119 klient\u00f3w we wszystkich zaistnia\u0142ych kwestiach.<\/p>\n<p>Mo\u017cliwe kierunki: kraje ba\u0142tyckie, Europa, WNP, Azja.<\/p>\n<p>Nie marnuj swego drogiego czasu na poszukiwanie sposob\u00f3w przewiezienia ci\u0119\u017ckich \u0142adunk\u00f3w o du\u017cych gabarytach \u2013 zwr\u00f3\u0107 si\u0119 do profesjonalist\u00f3w, kt\u00f3rzy zadbaj\u0105 o ich transport drog\u0105 kolejow\u0105\u00a1![\/vc_column_text][\/vc_column][vc_column width=&#8221;4\/12&#8243;][vc_btn title=&#8221;Zapytaj naszego eksperta&#8221; style=&#8221;outline&#8221; shape=&#8221;round&#8221; color=&#8221;theme_style_1&#8243; i_icon_fontawesome=&#8221;fa fa-phone&#8221; add_icon=&#8221;true&#8221; link=&#8221;url:http%3A%2F%2Frdksolutions.eu%2Fkontaktai%2F|||&#8221;][\/vc_column][\/vc_row][vc_row][vc_column][vc_empty_space][vc_empty_space][\/vc_column][\/vc_row][vc_row full_width=&#8221;stretch_row&#8221; el_class=&#8221;secondary_bg_color&#8221; css=&#8221;.vc_custom_1508741073199{margin-bottom: 0px !important;}&#8221;][vc_column width=&#8221;1\/12&#8243;][\/vc_column][vc_column width=&#8221;10\/12&#8243;][vc_cta h2=&#8221;Chcesz otrzymywa\u0107 oferty? &#8221; shape=&#8221;square&#8221; add_button=&#8221;right&#8221; btn_title=&#8221;WYPE\u0141NIJ FORMULARZ&#8221; btn_style=&#8221;outline&#8221; btn_shape=&#8221;round&#8221; btn_color=&#8221;white&#8221; btn_i_align=&#8221;right&#8221; btn_i_icon_fontawesome=&#8221;stm-arrow-next&#8221; btn_add_icon=&#8221;true&#8221; el_class=&#8221;secondary_bg_color&#8221; btn_link=&#8221;url:http%3A%2F%2Frdksolutions.eu%2Fuzklausa%2F|||&#8221;][\/vc_cta][\/vc_column][vc_column width=&#8221;1\/12&#8243;][\/vc_column][\/vc_row]<\/p>","protected":false},"excerpt":{"rendered":"<p>[vc_row][vc_column][vc_empty_space][\/vc_column][\/vc_row][vc_row full_width=&#8221;stretch_row&#8221; gap=&#8221;25&#8243;][vc_column width=&#8221;8\/12&#8243;][vc_column_text]Przew\u00f3z \u0142adunk\u00f3w drog\u0105 kolejow\u0105 \u2013 wygodny, bezpieczny i oszcz\u0119dny spos\u00f3b przewozu \u0142adunk\u00f3w o du\u017cej obj\u0119to\u015bci oraz du\u017cej ich ilo\u015bci za jednym razem. Przew\u00f3z kolej\u0105 nie zale\u017cy od warunk\u00f3w pogody ani&#8230;<\/p>\n","protected":false},"author":1,"featured_media":0,"parent":0,"menu_order":0,"comment_status":"closed","ping_status":"closed","template":"","meta":[],"yoast_head":"<!-- This site is optimized with the Yoast SEO plugin v21.1 - https:\/\/yoast.com\/wordpress\/plugins\/seo\/ -->\n<title>Fracht kolejowy - www.rdksolutions.eu<\/title>\n<meta name=\"description\" content=\"Krovini\u0173 perve\u017eimas gele\u017einkeliais\" \/>\n<meta name=\"robots\" content=\"index, follow, max-snippet:-1, max-image-preview:large, max-video-preview:-1\" \/>\n<link rel=\"canonical\" href=\"https:\/\/rdksolutions.eu\/kroviniu-gabenimas-gelezinkeliais\/\" \/>\n<meta property=\"og:locale\" content=\"pl_PL\" \/>\n<meta property=\"og:type\" content=\"article\" \/>\n<meta property=\"og:title\" content=\"Fracht kolejowy - www.rdksolutions.eu\" \/>\n<meta property=\"og:description\" content=\"Krovini\u0173 perve\u017eimas gele\u017einkeliais\" \/>\n<meta property=\"og:url\" content=\"https:\/\/rdksolutions.eu\/kroviniu-gabenimas-gelezinkeliais\/\" \/>\n<meta property=\"og:site_name\" content=\"www.rdksolutions.eu\" \/>\n<meta property=\"article:modified_time\" content=\"2017-11-22T07:51:11+00:00\" \/>\n<meta name=\"twitter:card\" content=\"summary_large_image\" \/>\n<meta name=\"twitter:label1\" content=\"Szacowany czas czytania\" \/>\n\t<meta name=\"twitter:data1\" content=\"5 minut\" \/>\n<script type=\"application\/ld+json\" class=\"yoast-schema-graph\">{\"@context\":\"https:\/\/schema.org\",\"@graph\":[{\"@type\":\"WebPage\",\"@id\":\"https:\/\/rdksolutions.eu\/kroviniu-gabenimas-gelezinkeliais\/\",\"url\":\"https:\/\/rdksolutions.eu\/kroviniu-gabenimas-gelezinkeliais\/\",\"name\":\"Fracht kolejowy - www.rdksolutions.eu\",\"isPartOf\":{\"@id\":\"https:\/\/rdksolutions.eu\/pl\/#website\"},\"datePublished\":\"2017-10-26T12:00:52+00:00\",\"dateModified\":\"2017-11-22T07:51:11+00:00\",\"description\":\"Krovini\u0173 perve\u017eimas gele\u017einkeliais\",\"breadcrumb\":{\"@id\":\"https:\/\/rdksolutions.eu\/kroviniu-gabenimas-gelezinkeliais\/#breadcrumb\"},\"inLanguage\":\"pl-PL\",\"potentialAction\":[{\"@type\":\"ReadAction\",\"target\":[\"https:\/\/rdksolutions.eu\/kroviniu-gabenimas-gelezinkeliais\/\"]}]},{\"@type\":\"BreadcrumbList\",\"@id\":\"https:\/\/rdksolutions.eu\/kroviniu-gabenimas-gelezinkeliais\/#breadcrumb\",\"itemListElement\":[{\"@type\":\"ListItem\",\"position\":1,\"name\":\"Home\",\"item\":\"https:\/\/rdksolutions.eu\/\"},{\"@type\":\"ListItem\",\"position\":2,\"name\":\"Fracht kolejowy\"}]},{\"@type\":\"WebSite\",\"@id\":\"https:\/\/rdksolutions.eu\/pl\/#website\",\"url\":\"https:\/\/rdksolutions.eu\/pl\/\",\"name\":\"www.rdksolutions.eu\",\"description\":\"Transport, logistyka - RDK Solutions\",\"publisher\":{\"@id\":\"https:\/\/rdksolutions.eu\/pl\/#organization\"},\"potentialAction\":[{\"@type\":\"SearchAction\",\"target\":{\"@type\":\"EntryPoint\",\"urlTemplate\":\"https:\/\/rdksolutions.eu\/pl\/?s={search_term_string}\"},\"query-input\":\"required name=search_term_string\"}],\"inLanguage\":\"pl-PL\"},{\"@type\":\"Organization\",\"@id\":\"https:\/\/rdksolutions.eu\/pl\/#organization\",\"name\":\"UAB \\\"RDK Solutions\\\"\",\"url\":\"https:\/\/rdksolutions.eu\/pl\/\",\"logo\":{\"@type\":\"ImageObject\",\"inLanguage\":\"pl-PL\",\"@id\":\"https:\/\/rdksolutions.eu\/pl\/#\/schema\/logo\/image\/\",\"url\":\"https:\/\/rdksolutions.eu\/wp-content\/uploads\/2017\/10\/logo_png_www.rdksolutions.eu_.png\",\"contentUrl\":\"https:\/\/rdksolutions.eu\/wp-content\/uploads\/2017\/10\/logo_png_www.rdksolutions.eu_.png\",\"width\":200,\"height\":90,\"caption\":\"UAB \\\"RDK Solutions\\\"\"},\"image\":{\"@id\":\"https:\/\/rdksolutions.eu\/pl\/#\/schema\/logo\/image\/\"}}]}<\/script>\n<!-- \/ Yoast SEO plugin. -->","yoast_head_json":{"title":"Fracht kolejowy - www.rdksolutions.eu","description":"Krovini\u0173 perve\u017eimas gele\u017einkeliais","robots":{"index":"index","follow":"follow","max-snippet":"max-snippet:-1","max-image-preview":"max-image-preview:large","max-video-preview":"max-video-preview:-1"},"canonical":"https:\/\/rdksolutions.eu\/kroviniu-gabenimas-gelezinkeliais\/","og_locale":"pl_PL","og_type":"article","og_title":"Fracht kolejowy - www.rdksolutions.eu","og_description":"Krovini\u0173 perve\u017eimas gele\u017einkeliais","og_url":"https:\/\/rdksolutions.eu\/kroviniu-gabenimas-gelezinkeliais\/","og_site_name":"www.rdksolutions.eu","article_modified_time":"2017-11-22T07:51:11+00:00","twitter_card":"summary_large_image","twitter_misc":{"Szacowany czas czytania":"5 minut"},"schema":{"@context":"https:\/\/schema.org","@graph":[{"@type":"WebPage","@id":"https:\/\/rdksolutions.eu\/kroviniu-gabenimas-gelezinkeliais\/","url":"https:\/\/rdksolutions.eu\/kroviniu-gabenimas-gelezinkeliais\/","name":"Fracht kolejowy - www.rdksolutions.eu","isPartOf":{"@id":"https:\/\/rdksolutions.eu\/pl\/#website"},"datePublished":"2017-10-26T12:00:52+00:00","dateModified":"2017-11-22T07:51:11+00:00","description":"Krovini\u0173 perve\u017eimas gele\u017einkeliais","breadcrumb":{"@id":"https:\/\/rdksolutions.eu\/kroviniu-gabenimas-gelezinkeliais\/#breadcrumb"},"inLanguage":"pl-PL","potentialAction":[{"@type":"ReadAction","target":["https:\/\/rdksolutions.eu\/kroviniu-gabenimas-gelezinkeliais\/"]}]},{"@type":"BreadcrumbList","@id":"https:\/\/rdksolutions.eu\/kroviniu-gabenimas-gelezinkeliais\/#breadcrumb","itemListElement":[{"@type":"ListItem","position":1,"name":"Home","item":"https:\/\/rdksolutions.eu\/"},{"@type":"ListItem","position":2,"name":"Fracht kolejowy"}]},{"@type":"WebSite","@id":"https:\/\/rdksolutions.eu\/pl\/#website","url":"https:\/\/rdksolutions.eu\/pl\/","name":"www.rdksolutions.eu","description":"Transport, logistyka - RDK Solutions","publisher":{"@id":"https:\/\/rdksolutions.eu\/pl\/#organization"},"potentialAction":[{"@type":"SearchAction","target":{"@type":"EntryPoint","urlTemplate":"https:\/\/rdksolutions.eu\/pl\/?s={search_term_string}"},"query-input":"required name=search_term_string"}],"inLanguage":"pl-PL"},{"@type":"Organization","@id":"https:\/\/rdksolutions.eu\/pl\/#organization","name":"UAB \"RDK Solutions\"","url":"https:\/\/rdksolutions.eu\/pl\/","logo":{"@type":"ImageObject","inLanguage":"pl-PL","@id":"https:\/\/rdksolutions.eu\/pl\/#\/schema\/logo\/image\/","url":"https:\/\/rdksolutions.eu\/wp-content\/uploads\/2017\/10\/logo_png_www.rdksolutions.eu_.png","contentUrl":"https:\/\/rdksolutions.eu\/wp-content\/uploads\/2017\/10\/logo_png_www.rdksolutions.eu_.png","width":200,"height":90,"caption":"UAB \"RDK Solutions\""},"image":{"@id":"https:\/\/rdksolutions.eu\/pl\/#\/schema\/logo\/image\/"}}]}},"_links":{"self":[{"href":"https:\/\/rdksolutions.eu\/pl\/wp-json\/wp\/v2\/pages\/3048"}],"collection":[{"href":"https:\/\/rdksolutions.eu\/pl\/wp-json\/wp\/v2\/pages"}],"about":[{"href":"https:\/\/rdksolutions.eu\/pl\/wp-json\/wp\/v2\/types\/page"}],"author":[{"embeddable":true,"href":"https:\/\/rdksolutions.eu\/pl\/wp-json\/wp\/v2\/users\/1"}],"replies":[{"embeddable":true,"href":"https:\/\/rdksolutions.eu\/pl\/wp-json\/wp\/v2\/comments?post=3048"}],"version-history":[{"count":8,"href":"https:\/\/rdksolutions.eu\/pl\/wp-json\/wp\/v2\/pages\/3048\/revisions"}],"predecessor-version":[{"id":3713,"href":"https:\/\/rdksolutions.eu\/pl\/wp-json\/wp\/v2\/pages\/3048\/revisions\/3713"}],"wp:attachment":[{"href":"https:\/\/rdksolutions.eu\/pl\/wp-json\/wp\/v2\/media?parent=3048"}],"curies":[{"name":"wp","href":"https:\/\/api.w.org\/{rel}","templated":true}]}}