{"id":3043,"date":"2017-10-26T09:58:54","date_gmt":"2017-10-26T11:58:54","guid":{"rendered":"http:\/\/rdksolutions.eu\/?page_id=3043"},"modified":"2017-11-22T05:53:30","modified_gmt":"2017-11-22T07:53:30","slug":"kroviniu-gabenimas-jura","status":"publish","type":"page","link":"https:\/\/rdksolutions.eu\/pl\/kroviniu-gabenimas-jura\/","title":{"rendered":"Transport \u0142adunk\u00f3w drog\u0105 morsk\u0105"},"content":{"rendered":"<p>[vc_row][vc_column][vc_empty_space][\/vc_column][\/vc_row][vc_row full_width=&#8221;stretch_row&#8221; gap=&#8221;25&#8243;][vc_column width=&#8221;8\/12&#8243;][vc_column_text]Przew\u00f3z \u0142adunk\u00f3w drog\u0105 morsk\u0105 \u2013 jeden z najta\u0144szych rodzaj\u00f3w logistyki przeznaczony do transportowania z dalekich kraj\u00f3w. Dzi\u0119ki du\u017cej pojemno\u015bci w ten spos\u00f3b mo\u017cna przewozi\u0107 \u0142adunki o skomplikowanych konstrukcjach oraz o du\u017cych gabarytach. Ponadto transport drog\u0105 morsk\u0105 charakteryzuje si\u0119 wysokimi standardami bezpiecze\u0144stwa, dlatego wspaniale nadaje si\u0119 dla tych klient\u00f3w, dla kt\u00f3rych czynnik czasowy nie jest zasadniczy, najwa\u017cniejsza za\u015b jest to, aby \u0142adunek pozosta\u0142 nienaruszony.<\/p>\n<p>Zwr\u00f3\u0107 si\u0119 do nas, a wy\u015bwiadczymy ci profesjonalne us\u0142ugi przewozu \u0142adunku droga morsk\u0105, w ramach kt\u00f3rych nale\u017cy wskaza\u0107 tylko miejsce za\u0142adunku i roz\u0142adunku, a pozosta\u0142\u0105 prac\u0119 wykonaj\u0105 nasi pracownicy, kt\u00f3rzy znaj\u0105 si\u0119 na warunkach przewozu kontener\u00f3w morskich.<\/p>\n<p>\u201eRDK Solutions\u201c \u2013 prosty i niezawodny spos\u00f3b transportu niestandardowych \u0142adunk\u00f3w droga morsk\u0105![\/vc_column_text][\/vc_column][vc_column width=&#8221;4\/12&#8243;][vc_btn title=&#8221;Zapytaj naszego eksperta&#8221; style=&#8221;outline&#8221; shape=&#8221;round&#8221; color=&#8221;theme_style_1&#8243; i_icon_fontawesome=&#8221;fa fa-phone&#8221; add_icon=&#8221;true&#8221; link=&#8221;url:http%3A%2F%2Frdksolutions.eu%2Fkontaktai%2F|||&#8221;][\/vc_column][\/vc_row][vc_row][vc_column][vc_empty_space][vc_empty_space][\/vc_column][\/vc_row][vc_row full_width=&#8221;stretch_row&#8221; el_class=&#8221;secondary_bg_color&#8221; css=&#8221;.vc_custom_1508741073199{margin-bottom: 0px !important;}&#8221;][vc_column width=&#8221;1\/12&#8243;][\/vc_column][vc_column width=&#8221;10\/12&#8243;][vc_cta h2=&#8221;Chcesz otrzymywa\u0107 oferty? &#8221; shape=&#8221;square&#8221; add_button=&#8221;right&#8221; btn_title=&#8221;WYPE\u0141NIJ FORMULARZ&#8221; btn_style=&#8221;outline&#8221; btn_shape=&#8221;round&#8221; btn_color=&#8221;white&#8221; btn_i_align=&#8221;right&#8221; btn_i_icon_fontawesome=&#8221;stm-arrow-next&#8221; btn_add_icon=&#8221;true&#8221; el_class=&#8221;secondary_bg_color&#8221; btn_link=&#8221;url:http%3A%2F%2Frdksolutions.eu%2Fuzklausa%2F|||&#8221;][\/vc_cta][\/vc_column][vc_column width=&#8221;1\/12&#8243;][\/vc_column][\/vc_row]<\/p>","protected":false},"excerpt":{"rendered":"<p>[vc_row][vc_column][vc_empty_space][\/vc_column][\/vc_row][vc_row full_width=&#8221;stretch_row&#8221; gap=&#8221;25&#8243;][vc_column width=&#8221;8\/12&#8243;][vc_column_text]Przew\u00f3z \u0142adunk\u00f3w drog\u0105 morsk\u0105 \u2013 jeden z najta\u0144szych rodzaj\u00f3w logistyki przeznaczony do transportowania z dalekich kraj\u00f3w. Dzi\u0119ki du\u017cej pojemno\u015bci w ten spos\u00f3b mo\u017cna przewozi\u0107 \u0142adunki o skomplikowanych konstrukcjach oraz o&#8230;<\/p>\n","protected":false},"author":1,"featured_media":0,"parent":0,"menu_order":0,"comment_status":"closed","ping_status":"closed","template":"","meta":[],"yoast_head":"<!-- This site is optimized with the Yoast SEO plugin v21.1 - https:\/\/yoast.com\/wordpress\/plugins\/seo\/ -->\n<title>Transport \u0142adunk\u00f3w drog\u0105 morsk\u0105 - www.rdksolutions.eu<\/title>\n<meta name=\"robots\" content=\"index, follow, max-snippet:-1, max-image-preview:large, max-video-preview:-1\" \/>\n<link rel=\"canonical\" href=\"https:\/\/rdksolutions.eu\/kroviniu-gabenimas-jura\/\" \/>\n<meta property=\"og:locale\" content=\"pl_PL\" \/>\n<meta property=\"og:type\" content=\"article\" \/>\n<meta property=\"og:title\" content=\"Transport \u0142adunk\u00f3w drog\u0105 morsk\u0105 - www.rdksolutions.eu\" \/>\n<meta property=\"og:description\" content=\"[vc_row][vc_column][vc_empty_space][\/vc_column][\/vc_row][vc_row full_width=&#8221;stretch_row&#8221; gap=&#8221;25&#8243;][vc_column width=&#8221;8\/12&#8243;][vc_column_text]Przew\u00f3z \u0142adunk\u00f3w drog\u0105 morsk\u0105 \u2013 jeden z najta\u0144szych rodzaj\u00f3w logistyki przeznaczony do transportowania z dalekich kraj\u00f3w. Dzi\u0119ki du\u017cej pojemno\u015bci w ten spos\u00f3b mo\u017cna przewozi\u0107 \u0142adunki o skomplikowanych konstrukcjach oraz o...\" \/>\n<meta property=\"og:url\" content=\"https:\/\/rdksolutions.eu\/kroviniu-gabenimas-jura\/\" \/>\n<meta property=\"og:site_name\" content=\"www.rdksolutions.eu\" \/>\n<meta property=\"article:modified_time\" content=\"2017-11-22T07:53:30+00:00\" \/>\n<meta name=\"twitter:card\" content=\"summary_large_image\" \/>\n<meta name=\"twitter:label1\" content=\"Szacowany czas czytania\" \/>\n\t<meta name=\"twitter:data1\" content=\"5 minut\" \/>\n<script type=\"application\/ld+json\" class=\"yoast-schema-graph\">{\"@context\":\"https:\/\/schema.org\",\"@graph\":[{\"@type\":\"WebPage\",\"@id\":\"https:\/\/rdksolutions.eu\/kroviniu-gabenimas-jura\/\",\"url\":\"https:\/\/rdksolutions.eu\/kroviniu-gabenimas-jura\/\",\"name\":\"Transport \u0142adunk\u00f3w drog\u0105 morsk\u0105 - www.rdksolutions.eu\",\"isPartOf\":{\"@id\":\"https:\/\/rdksolutions.eu\/pl\/#website\"},\"datePublished\":\"2017-10-26T11:58:54+00:00\",\"dateModified\":\"2017-11-22T07:53:30+00:00\",\"breadcrumb\":{\"@id\":\"https:\/\/rdksolutions.eu\/kroviniu-gabenimas-jura\/#breadcrumb\"},\"inLanguage\":\"pl-PL\",\"potentialAction\":[{\"@type\":\"ReadAction\",\"target\":[\"https:\/\/rdksolutions.eu\/kroviniu-gabenimas-jura\/\"]}]},{\"@type\":\"BreadcrumbList\",\"@id\":\"https:\/\/rdksolutions.eu\/kroviniu-gabenimas-jura\/#breadcrumb\",\"itemListElement\":[{\"@type\":\"ListItem\",\"position\":1,\"name\":\"Home\",\"item\":\"https:\/\/rdksolutions.eu\/\"},{\"@type\":\"ListItem\",\"position\":2,\"name\":\"Transport \u0142adunk\u00f3w drog\u0105 morsk\u0105\"}]},{\"@type\":\"WebSite\",\"@id\":\"https:\/\/rdksolutions.eu\/pl\/#website\",\"url\":\"https:\/\/rdksolutions.eu\/pl\/\",\"name\":\"www.rdksolutions.eu\",\"description\":\"Transport, logistyka - RDK Solutions\",\"publisher\":{\"@id\":\"https:\/\/rdksolutions.eu\/pl\/#organization\"},\"potentialAction\":[{\"@type\":\"SearchAction\",\"target\":{\"@type\":\"EntryPoint\",\"urlTemplate\":\"https:\/\/rdksolutions.eu\/pl\/?s={search_term_string}\"},\"query-input\":\"required name=search_term_string\"}],\"inLanguage\":\"pl-PL\"},{\"@type\":\"Organization\",\"@id\":\"https:\/\/rdksolutions.eu\/pl\/#organization\",\"name\":\"UAB \\\"RDK Solutions\\\"\",\"url\":\"https:\/\/rdksolutions.eu\/pl\/\",\"logo\":{\"@type\":\"ImageObject\",\"inLanguage\":\"pl-PL\",\"@id\":\"https:\/\/rdksolutions.eu\/pl\/#\/schema\/logo\/image\/\",\"url\":\"https:\/\/rdksolutions.eu\/wp-content\/uploads\/2017\/10\/logo_png_www.rdksolutions.eu_.png\",\"contentUrl\":\"https:\/\/rdksolutions.eu\/wp-content\/uploads\/2017\/10\/logo_png_www.rdksolutions.eu_.png\",\"width\":200,\"height\":90,\"caption\":\"UAB \\\"RDK Solutions\\\"\"},\"image\":{\"@id\":\"https:\/\/rdksolutions.eu\/pl\/#\/schema\/logo\/image\/\"}}]}<\/script>\n<!-- \/ Yoast SEO plugin. -->","yoast_head_json":{"title":"Transport \u0142adunk\u00f3w drog\u0105 morsk\u0105 - www.rdksolutions.eu","robots":{"index":"index","follow":"follow","max-snippet":"max-snippet:-1","max-image-preview":"max-image-preview:large","max-video-preview":"max-video-preview:-1"},"canonical":"https:\/\/rdksolutions.eu\/kroviniu-gabenimas-jura\/","og_locale":"pl_PL","og_type":"article","og_title":"Transport \u0142adunk\u00f3w drog\u0105 morsk\u0105 - www.rdksolutions.eu","og_description":"[vc_row][vc_column][vc_empty_space][\/vc_column][\/vc_row][vc_row full_width=&#8221;stretch_row&#8221; gap=&#8221;25&#8243;][vc_column width=&#8221;8\/12&#8243;][vc_column_text]Przew\u00f3z \u0142adunk\u00f3w drog\u0105 morsk\u0105 \u2013 jeden z najta\u0144szych rodzaj\u00f3w logistyki przeznaczony do transportowania z dalekich kraj\u00f3w. Dzi\u0119ki du\u017cej pojemno\u015bci w ten spos\u00f3b mo\u017cna przewozi\u0107 \u0142adunki o skomplikowanych konstrukcjach oraz o...","og_url":"https:\/\/rdksolutions.eu\/kroviniu-gabenimas-jura\/","og_site_name":"www.rdksolutions.eu","article_modified_time":"2017-11-22T07:53:30+00:00","twitter_card":"summary_large_image","twitter_misc":{"Szacowany czas czytania":"5 minut"},"schema":{"@context":"https:\/\/schema.org","@graph":[{"@type":"WebPage","@id":"https:\/\/rdksolutions.eu\/kroviniu-gabenimas-jura\/","url":"https:\/\/rdksolutions.eu\/kroviniu-gabenimas-jura\/","name":"Transport \u0142adunk\u00f3w drog\u0105 morsk\u0105 - www.rdksolutions.eu","isPartOf":{"@id":"https:\/\/rdksolutions.eu\/pl\/#website"},"datePublished":"2017-10-26T11:58:54+00:00","dateModified":"2017-11-22T07:53:30+00:00","breadcrumb":{"@id":"https:\/\/rdksolutions.eu\/kroviniu-gabenimas-jura\/#breadcrumb"},"inLanguage":"pl-PL","potentialAction":[{"@type":"ReadAction","target":["https:\/\/rdksolutions.eu\/kroviniu-gabenimas-jura\/"]}]},{"@type":"BreadcrumbList","@id":"https:\/\/rdksolutions.eu\/kroviniu-gabenimas-jura\/#breadcrumb","itemListElement":[{"@type":"ListItem","position":1,"name":"Home","item":"https:\/\/rdksolutions.eu\/"},{"@type":"ListItem","position":2,"name":"Transport \u0142adunk\u00f3w drog\u0105 morsk\u0105"}]},{"@type":"WebSite","@id":"https:\/\/rdksolutions.eu\/pl\/#website","url":"https:\/\/rdksolutions.eu\/pl\/","name":"www.rdksolutions.eu","description":"Transport, logistyka - RDK Solutions","publisher":{"@id":"https:\/\/rdksolutions.eu\/pl\/#organization"},"potentialAction":[{"@type":"SearchAction","target":{"@type":"EntryPoint","urlTemplate":"https:\/\/rdksolutions.eu\/pl\/?s={search_term_string}"},"query-input":"required name=search_term_string"}],"inLanguage":"pl-PL"},{"@type":"Organization","@id":"https:\/\/rdksolutions.eu\/pl\/#organization","name":"UAB \"RDK Solutions\"","url":"https:\/\/rdksolutions.eu\/pl\/","logo":{"@type":"ImageObject","inLanguage":"pl-PL","@id":"https:\/\/rdksolutions.eu\/pl\/#\/schema\/logo\/image\/","url":"https:\/\/rdksolutions.eu\/wp-content\/uploads\/2017\/10\/logo_png_www.rdksolutions.eu_.png","contentUrl":"https:\/\/rdksolutions.eu\/wp-content\/uploads\/2017\/10\/logo_png_www.rdksolutions.eu_.png","width":200,"height":90,"caption":"UAB \"RDK Solutions\""},"image":{"@id":"https:\/\/rdksolutions.eu\/pl\/#\/schema\/logo\/image\/"}}]}},"_links":{"self":[{"href":"https:\/\/rdksolutions.eu\/pl\/wp-json\/wp\/v2\/pages\/3043"}],"collection":[{"href":"https:\/\/rdksolutions.eu\/pl\/wp-json\/wp\/v2\/pages"}],"about":[{"href":"https:\/\/rdksolutions.eu\/pl\/wp-json\/wp\/v2\/types\/page"}],"author":[{"embeddable":true,"href":"https:\/\/rdksolutions.eu\/pl\/wp-json\/wp\/v2\/users\/1"}],"replies":[{"embeddable":true,"href":"https:\/\/rdksolutions.eu\/pl\/wp-json\/wp\/v2\/comments?post=3043"}],"version-history":[{"count":7,"href":"https:\/\/rdksolutions.eu\/pl\/wp-json\/wp\/v2\/pages\/3043\/revisions"}],"predecessor-version":[{"id":3715,"href":"https:\/\/rdksolutions.eu\/pl\/wp-json\/wp\/v2\/pages\/3043\/revisions\/3715"}],"wp:attachment":[{"href":"https:\/\/rdksolutions.eu\/pl\/wp-json\/wp\/v2\/media?parent=3043"}],"curies":[{"name":"wp","href":"https:\/\/api.w.org\/{rel}","templated":true}]}}