{"id":3037,"date":"2017-10-26T09:55:16","date_gmt":"2017-10-26T11:55:16","guid":{"rendered":"http:\/\/rdksolutions.eu\/?page_id=3037"},"modified":"2017-11-22T05:55:19","modified_gmt":"2017-11-22T07:55:19","slug":"kroviniu-gabenimas-oru","status":"publish","type":"page","link":"https:\/\/rdksolutions.eu\/pl\/kroviniu-gabenimas-oru\/","title":{"rendered":"Transport \u0142adunk\u00f3w drog\u0105 powietrzn\u0105"},"content":{"rendered":"<p>[vc_row][vc_column][vc_empty_space][\/vc_column][\/vc_row][vc_row full_width=&#8221;stretch_row&#8221; gap=&#8221;25&#8243;][vc_column width=&#8221;8\/12&#8243;][vc_column_text]<span style=\"color: #000000;\">Transport powietrzny \u2013 coraz bardziej popularna us\u0142uga logistyczna, kt\u00f3ra pozwala przewozi\u0107 pilne \u0142adunki za optymaln\u0105 cen\u0119 i efektywny okres czasu. Nasza forma organizuje eksport z Litwy do najwa\u017cniejszych port\u00f3w lotniczych na ca\u0142ym \u015bwiecie i odwrotnie \u2013 za zagranicy na Litw\u0119.<\/span><\/p>\n<p><span style=\"color: #000000;\">\u0141adunek warto przewodzi\u0107 transportem powietrznym, je\u017celi:<\/span><\/p>\n<ul>\n<li><span style=\"color: #000000;\">potrzebny jest przew\u00f3z niewielkich przesy\u0142ek o du\u017cej warto\u015bci;<\/span><\/li>\n<li><span style=\"color: #000000;\">\u0142adunek nale\u017cy dostarczy\u0107 do miejsc, kt\u00f3re s\u0105 trudno dost\u0119pne dla innego rodzaju transportu lub jest to bardzo drogie;<\/span><\/li>\n<li><span style=\"color: #000000;\">trzeba przewie\u017a\u0107 \u0142adunki, kt\u00f3re wymagaj\u0105 odpowiedniej temperatury powietrza (2\u20138\u00b0C, 15\u201325\u00b0C);<\/span><\/li>\n<li><span style=\"color: #000000;\">planowany jest przew\u00f3z szybko psuj\u0105cych si\u0119 produkt\u00f3w, dlatego potrzebne s\u0105 us\u0142ugi transportowe dzia\u0142aj\u0105ce na zasadzie po\u015bpiechu.<\/span><\/li>\n<\/ul>\n<p><span style=\"color: #000000;\">B\u0105d\u017a spokojny o sw\u00f3j \u0142adunek \u2013 \u201eRDK Solutions\u201c zadba o szybkie i jako\u015bciowe us\u0142ugi transportu drog\u0105 powietrzn\u0105!<\/span>[\/vc_column_text][\/vc_column][vc_column width=&#8221;4\/12&#8243;][vc_btn title=&#8221;Zapytaj naszego eksperta&#8221; style=&#8221;outline&#8221; shape=&#8221;round&#8221; color=&#8221;theme_style_1&#8243; i_icon_fontawesome=&#8221;fa fa-phone&#8221; add_icon=&#8221;true&#8221; link=&#8221;url:http%3A%2F%2Frdksolutions.eu%2Fkontaktai%2F|||&#8221;][\/vc_column][\/vc_row][vc_row][vc_column][vc_empty_space][vc_empty_space][\/vc_column][\/vc_row][vc_row full_width=&#8221;stretch_row&#8221; el_class=&#8221;secondary_bg_color&#8221; css=&#8221;.vc_custom_1508741073199{margin-bottom: 0px !important;}&#8221;][vc_column width=&#8221;1\/12&#8243;][\/vc_column][vc_column width=&#8221;10\/12&#8243;][vc_cta h2=&#8221;Norite gauti pasi\u016blym\u0105?&#8221; shape=&#8221;square&#8221; add_button=&#8221;right&#8221; btn_title=&#8221;U\u017epildykite form\u0105&#8221; btn_style=&#8221;outline&#8221; btn_shape=&#8221;round&#8221; btn_color=&#8221;white&#8221; btn_i_align=&#8221;right&#8221; btn_i_icon_fontawesome=&#8221;stm-arrow-next&#8221; btn_add_icon=&#8221;true&#8221; el_class=&#8221;secondary_bg_color&#8221; btn_link=&#8221;url:http%3A%2F%2Frdksolutions.eu%2Fuzklausa%2F|||&#8221;][\/vc_cta][\/vc_column][vc_column width=&#8221;1\/12&#8243;][\/vc_column][\/vc_row]<\/p>","protected":false},"excerpt":{"rendered":"<p>[vc_row][vc_column][vc_empty_space][\/vc_column][\/vc_row][vc_row full_width=&#8221;stretch_row&#8221; gap=&#8221;25&#8243;][vc_column width=&#8221;8\/12&#8243;][vc_column_text]Transport powietrzny \u2013 coraz bardziej popularna us\u0142uga logistyczna, kt\u00f3ra pozwala przewozi\u0107 pilne \u0142adunki za optymaln\u0105 cen\u0119 i efektywny okres czasu. Nasza forma organizuje eksport z Litwy do najwa\u017cniejszych port\u00f3w lotniczych&#8230;<\/p>\n","protected":false},"author":1,"featured_media":0,"parent":0,"menu_order":0,"comment_status":"closed","ping_status":"closed","template":"","meta":[],"yoast_head":"<!-- This site is optimized with the Yoast SEO plugin v21.1 - https:\/\/yoast.com\/wordpress\/plugins\/seo\/ -->\n<title>Transport \u0142adunk\u00f3w drog\u0105 powietrzn\u0105 - www.rdksolutions.eu<\/title>\n<meta name=\"description\" content=\"Krovini\u0173 gabenimas oru\" \/>\n<meta name=\"robots\" content=\"index, follow, max-snippet:-1, max-image-preview:large, max-video-preview:-1\" \/>\n<link rel=\"canonical\" href=\"https:\/\/rdksolutions.eu\/kroviniu-gabenimas-oru\/\" \/>\n<meta property=\"og:locale\" content=\"pl_PL\" \/>\n<meta property=\"og:type\" content=\"article\" \/>\n<meta property=\"og:title\" content=\"Transport \u0142adunk\u00f3w drog\u0105 powietrzn\u0105 - www.rdksolutions.eu\" \/>\n<meta property=\"og:description\" content=\"Krovini\u0173 gabenimas oru\" \/>\n<meta property=\"og:url\" content=\"https:\/\/rdksolutions.eu\/kroviniu-gabenimas-oru\/\" \/>\n<meta property=\"og:site_name\" content=\"www.rdksolutions.eu\" \/>\n<meta property=\"article:modified_time\" content=\"2017-11-22T07:55:19+00:00\" \/>\n<meta name=\"twitter:card\" content=\"summary_large_image\" \/>\n<meta name=\"twitter:label1\" content=\"Szacowany czas czytania\" \/>\n\t<meta name=\"twitter:data1\" content=\"5 minut\" \/>\n<script type=\"application\/ld+json\" class=\"yoast-schema-graph\">{\"@context\":\"https:\/\/schema.org\",\"@graph\":[{\"@type\":\"WebPage\",\"@id\":\"https:\/\/rdksolutions.eu\/kroviniu-gabenimas-oru\/\",\"url\":\"https:\/\/rdksolutions.eu\/kroviniu-gabenimas-oru\/\",\"name\":\"Transport \u0142adunk\u00f3w drog\u0105 powietrzn\u0105 - www.rdksolutions.eu\",\"isPartOf\":{\"@id\":\"https:\/\/rdksolutions.eu\/pl\/#website\"},\"datePublished\":\"2017-10-26T11:55:16+00:00\",\"dateModified\":\"2017-11-22T07:55:19+00:00\",\"description\":\"Krovini\u0173 gabenimas oru\",\"breadcrumb\":{\"@id\":\"https:\/\/rdksolutions.eu\/kroviniu-gabenimas-oru\/#breadcrumb\"},\"inLanguage\":\"pl-PL\",\"potentialAction\":[{\"@type\":\"ReadAction\",\"target\":[\"https:\/\/rdksolutions.eu\/kroviniu-gabenimas-oru\/\"]}]},{\"@type\":\"BreadcrumbList\",\"@id\":\"https:\/\/rdksolutions.eu\/kroviniu-gabenimas-oru\/#breadcrumb\",\"itemListElement\":[{\"@type\":\"ListItem\",\"position\":1,\"name\":\"Home\",\"item\":\"https:\/\/rdksolutions.eu\/\"},{\"@type\":\"ListItem\",\"position\":2,\"name\":\"Transport \u0142adunk\u00f3w drog\u0105 powietrzn\u0105\"}]},{\"@type\":\"WebSite\",\"@id\":\"https:\/\/rdksolutions.eu\/pl\/#website\",\"url\":\"https:\/\/rdksolutions.eu\/pl\/\",\"name\":\"www.rdksolutions.eu\",\"description\":\"Transport, logistyka - RDK Solutions\",\"publisher\":{\"@id\":\"https:\/\/rdksolutions.eu\/pl\/#organization\"},\"potentialAction\":[{\"@type\":\"SearchAction\",\"target\":{\"@type\":\"EntryPoint\",\"urlTemplate\":\"https:\/\/rdksolutions.eu\/pl\/?s={search_term_string}\"},\"query-input\":\"required name=search_term_string\"}],\"inLanguage\":\"pl-PL\"},{\"@type\":\"Organization\",\"@id\":\"https:\/\/rdksolutions.eu\/pl\/#organization\",\"name\":\"UAB \\\"RDK Solutions\\\"\",\"url\":\"https:\/\/rdksolutions.eu\/pl\/\",\"logo\":{\"@type\":\"ImageObject\",\"inLanguage\":\"pl-PL\",\"@id\":\"https:\/\/rdksolutions.eu\/pl\/#\/schema\/logo\/image\/\",\"url\":\"https:\/\/rdksolutions.eu\/wp-content\/uploads\/2017\/10\/logo_png_www.rdksolutions.eu_.png\",\"contentUrl\":\"https:\/\/rdksolutions.eu\/wp-content\/uploads\/2017\/10\/logo_png_www.rdksolutions.eu_.png\",\"width\":200,\"height\":90,\"caption\":\"UAB \\\"RDK Solutions\\\"\"},\"image\":{\"@id\":\"https:\/\/rdksolutions.eu\/pl\/#\/schema\/logo\/image\/\"}}]}<\/script>\n<!-- \/ Yoast SEO plugin. -->","yoast_head_json":{"title":"Transport \u0142adunk\u00f3w drog\u0105 powietrzn\u0105 - www.rdksolutions.eu","description":"Krovini\u0173 gabenimas oru","robots":{"index":"index","follow":"follow","max-snippet":"max-snippet:-1","max-image-preview":"max-image-preview:large","max-video-preview":"max-video-preview:-1"},"canonical":"https:\/\/rdksolutions.eu\/kroviniu-gabenimas-oru\/","og_locale":"pl_PL","og_type":"article","og_title":"Transport \u0142adunk\u00f3w drog\u0105 powietrzn\u0105 - www.rdksolutions.eu","og_description":"Krovini\u0173 gabenimas oru","og_url":"https:\/\/rdksolutions.eu\/kroviniu-gabenimas-oru\/","og_site_name":"www.rdksolutions.eu","article_modified_time":"2017-11-22T07:55:19+00:00","twitter_card":"summary_large_image","twitter_misc":{"Szacowany czas czytania":"5 minut"},"schema":{"@context":"https:\/\/schema.org","@graph":[{"@type":"WebPage","@id":"https:\/\/rdksolutions.eu\/kroviniu-gabenimas-oru\/","url":"https:\/\/rdksolutions.eu\/kroviniu-gabenimas-oru\/","name":"Transport \u0142adunk\u00f3w drog\u0105 powietrzn\u0105 - www.rdksolutions.eu","isPartOf":{"@id":"https:\/\/rdksolutions.eu\/pl\/#website"},"datePublished":"2017-10-26T11:55:16+00:00","dateModified":"2017-11-22T07:55:19+00:00","description":"Krovini\u0173 gabenimas oru","breadcrumb":{"@id":"https:\/\/rdksolutions.eu\/kroviniu-gabenimas-oru\/#breadcrumb"},"inLanguage":"pl-PL","potentialAction":[{"@type":"ReadAction","target":["https:\/\/rdksolutions.eu\/kroviniu-gabenimas-oru\/"]}]},{"@type":"BreadcrumbList","@id":"https:\/\/rdksolutions.eu\/kroviniu-gabenimas-oru\/#breadcrumb","itemListElement":[{"@type":"ListItem","position":1,"name":"Home","item":"https:\/\/rdksolutions.eu\/"},{"@type":"ListItem","position":2,"name":"Transport \u0142adunk\u00f3w drog\u0105 powietrzn\u0105"}]},{"@type":"WebSite","@id":"https:\/\/rdksolutions.eu\/pl\/#website","url":"https:\/\/rdksolutions.eu\/pl\/","name":"www.rdksolutions.eu","description":"Transport, logistyka - RDK Solutions","publisher":{"@id":"https:\/\/rdksolutions.eu\/pl\/#organization"},"potentialAction":[{"@type":"SearchAction","target":{"@type":"EntryPoint","urlTemplate":"https:\/\/rdksolutions.eu\/pl\/?s={search_term_string}"},"query-input":"required name=search_term_string"}],"inLanguage":"pl-PL"},{"@type":"Organization","@id":"https:\/\/rdksolutions.eu\/pl\/#organization","name":"UAB \"RDK Solutions\"","url":"https:\/\/rdksolutions.eu\/pl\/","logo":{"@type":"ImageObject","inLanguage":"pl-PL","@id":"https:\/\/rdksolutions.eu\/pl\/#\/schema\/logo\/image\/","url":"https:\/\/rdksolutions.eu\/wp-content\/uploads\/2017\/10\/logo_png_www.rdksolutions.eu_.png","contentUrl":"https:\/\/rdksolutions.eu\/wp-content\/uploads\/2017\/10\/logo_png_www.rdksolutions.eu_.png","width":200,"height":90,"caption":"UAB \"RDK Solutions\""},"image":{"@id":"https:\/\/rdksolutions.eu\/pl\/#\/schema\/logo\/image\/"}}]}},"_links":{"self":[{"href":"https:\/\/rdksolutions.eu\/pl\/wp-json\/wp\/v2\/pages\/3037"}],"collection":[{"href":"https:\/\/rdksolutions.eu\/pl\/wp-json\/wp\/v2\/pages"}],"about":[{"href":"https:\/\/rdksolutions.eu\/pl\/wp-json\/wp\/v2\/types\/page"}],"author":[{"embeddable":true,"href":"https:\/\/rdksolutions.eu\/pl\/wp-json\/wp\/v2\/users\/1"}],"replies":[{"embeddable":true,"href":"https:\/\/rdksolutions.eu\/pl\/wp-json\/wp\/v2\/comments?post=3037"}],"version-history":[{"count":9,"href":"https:\/\/rdksolutions.eu\/pl\/wp-json\/wp\/v2\/pages\/3037\/revisions"}],"predecessor-version":[{"id":3040,"href":"https:\/\/rdksolutions.eu\/pl\/wp-json\/wp\/v2\/pages\/3037\/revisions\/3040"}],"wp:attachment":[{"href":"https:\/\/rdksolutions.eu\/pl\/wp-json\/wp\/v2\/media?parent=3037"}],"curies":[{"name":"wp","href":"https:\/\/api.w.org\/{rel}","templated":true}]}}