{"id":2996,"date":"2017-10-26T04:59:38","date_gmt":"2017-10-26T06:59:38","guid":{"rendered":"http:\/\/rdksolutions.eu\/?page_id=2996"},"modified":"2017-11-22T06:30:20","modified_gmt":"2017-11-22T08:30:20","slug":"transportas","status":"publish","type":"page","link":"https:\/\/rdksolutions.eu\/pl\/transportas\/","title":{"rendered":"Transport"},"content":{"rendered":"<p>[vc_row full_width=&#8221;stretch_row&#8221; equal_height=&#8221;yes&#8221; content_placement=&#8221;middle&#8221;][vc_column][vc_column_text][\/vc_column_text][vc_tta_tabs active_section=&#8221;1&#8243;][vc_tta_section title=&#8221;NACZEPA PLANDEKA&#8221; tab_id=&#8221;1508928503019-83d735d7-ebf6&#8243;][vc_row_inner equal_height=&#8221;yes&#8221; content_placement=&#8221;middle&#8221;][vc_column_inner width=&#8221;1\/2&#8243;][vc_column_text]<\/p>\n<table border=\"1\" cellspacing=\"0\" cellpadding=\"0\">\n<tbody>\n<tr>\n<td><span style=\"color: #000000;\">Moc \u0142adunku<\/span><\/p>\n<p>&nbsp;<\/td>\n<td><span style=\"color: #000000;\">20 t. (w krajach WNP)<\/span><\/p>\n<p><span style=\"color: #000000;\">24 t.\u00a0(w Unii Europejskiej)<\/span><\/td>\n<\/tr>\n<tr>\n<td><span style=\"color: #000000;\">Obj\u0119to\u015b\u0107<\/span><\/td>\n<td><span style=\"color: #000000;\">92 m3<\/span><\/td>\n<\/tr>\n<tr>\n<td><span style=\"color: #000000;\">Pojemno\u015b\u0107 europalet<\/span><\/td>\n<td><span style=\"color: #000000;\">34<\/span><\/td>\n<\/tr>\n<tr>\n<td><span style=\"color: #000000;\">D\u0142ugo\u015b\u0107<\/span><\/td>\n<td><span style=\"color: #000000;\">13,62<\/span><\/td>\n<\/tr>\n<tr>\n<td><span style=\"color: #000000;\">Szeroko\u015b\u0107<\/span><\/td>\n<td><span style=\"color: #000000;\">2,43-2,48<\/span><\/td>\n<\/tr>\n<tr>\n<td><span style=\"color: #000000;\">Wysoko\u015b\u0107<\/span><\/td>\n<td><span style=\"color: #000000;\">2,45-2,75<\/span><\/td>\n<\/tr>\n<\/tbody>\n<\/table>\n<p>[\/vc_column_text][\/vc_column_inner][vc_column_inner width=&#8221;1\/2&#8243;][vc_single_image image=&#8221;2849&#8243; img_size=&#8221;full&#8221; alignment=&#8221;center&#8221; style=&#8221;vc_box_outline&#8221;][\/vc_column_inner][\/vc_row_inner][\/vc_tta_section][vc_tta_section title=&#8221;POCI\u0104G DROGOWY&#8221; tab_id=&#8221;1508928504939-4d54f413-0734&#8243;][vc_row_inner equal_height=&#8221;yes&#8221; content_placement=&#8221;middle&#8221;][vc_column_inner width=&#8221;1\/2&#8243;][vc_column_text]<\/p>\n<table border=\"1\" cellspacing=\"0\" cellpadding=\"0\">\n<tbody>\n<tr>\n<td><span style=\"color: #000000;\">Moc \u0142adunku<\/span><\/p>\n<p>&nbsp;<\/td>\n<td><span style=\"color: #000000;\">20t. (w krajach WNP)<\/span><br \/>\n<span style=\"color: #000000;\">24t.(w Unii Europejskiej)<\/span><\/td>\n<\/tr>\n<tr>\n<td><span style=\"color: #000000;\">Obj\u0119to\u015b\u0107<\/span><\/td>\n<td><span style=\"color: #000000;\">120 m3<\/span><\/td>\n<\/tr>\n<tr>\n<td><span style=\"color: #000000;\">Pojemno\u015b\u0107 europalet<\/span><\/td>\n<td><span style=\"color: #000000;\">38<\/span><\/td>\n<\/tr>\n<tr>\n<td><span style=\"color: #000000;\">D\u0142ugo\u015b\u0107<\/span><\/td>\n<td><span style=\"color: #000000;\">7,7 + 7,8<\/span><\/td>\n<\/tr>\n<tr>\n<td><span style=\"color: #000000;\">Szeroko\u015b\u0107<\/span><\/td>\n<td><span style=\"color: #000000;\">2,43-2,48<\/span><\/td>\n<\/tr>\n<tr>\n<td><span style=\"color: #000000;\">Wysoko\u015b\u0107<\/span><\/td>\n<td><span style=\"color: #000000;\">2,5-3<\/span><\/td>\n<\/tr>\n<\/tbody>\n<\/table>\n<p>[\/vc_column_text][\/vc_column_inner][vc_column_inner width=&#8221;1\/2&#8243;][vc_single_image image=&#8221;2850&#8243; img_size=&#8221;full&#8221; alignment=&#8221;center&#8221; style=&#8221;vc_box_outline&#8221;][\/vc_column_inner][\/vc_row_inner][\/vc_tta_section][vc_tta_section title=&#8221;NACZEPA IZOTERMICZNA&#8221; tab_id=&#8221;1508928507182-641a8291-08d9&#8243;][vc_row_inner equal_height=&#8221;yes&#8221; content_placement=&#8221;middle&#8221;][vc_column_inner width=&#8221;1\/2&#8243;][vc_column_text]<\/p>\n<table border=\"1\" cellspacing=\"0\" cellpadding=\"0\">\n<tbody>\n<tr>\n<td><span style=\"color: #000000;\">Moc \u0142adunku<\/span><\/p>\n<p>&nbsp;<\/td>\n<td><span style=\"color: #000000;\">20 t. (w krajach WNP)<\/span><br \/>\n<span style=\"color: #000000;\">24 t.\u00a0(w Unii Europejskiej)<\/span><\/td>\n<\/tr>\n<tr>\n<td><span style=\"color: #000000;\">Obj\u0119to\u015b\u0107<\/span><\/td>\n<td><span style=\"color: #000000;\">86 m3<\/span><\/td>\n<\/tr>\n<tr>\n<td><span style=\"color: #000000;\">Pojemno\u015b\u0107 europalet<\/span><\/td>\n<td><span style=\"color: #000000;\">34<\/span><\/td>\n<\/tr>\n<tr>\n<td><span style=\"color: #000000;\">D\u0142ugo\u015b\u0107<\/span><\/td>\n<td><span style=\"color: #000000;\">13,62<\/span><\/td>\n<\/tr>\n<tr>\n<td><span style=\"color: #000000;\">Szeroko\u015b\u0107<\/span><\/td>\n<td><span style=\"color: #000000;\">2,43-2,48<\/span><\/td>\n<\/tr>\n<tr>\n<td><span style=\"color: #000000;\">Wysoko\u015b\u0107<\/span><\/td>\n<td><span style=\"color: #000000;\">2,4-2,6<\/span><\/td>\n<\/tr>\n<\/tbody>\n<\/table>\n<p>[\/vc_column_text][\/vc_column_inner][vc_column_inner width=&#8221;1\/2&#8243;][vc_single_image image=&#8221;2851&#8243; img_size=&#8221;full&#8221; alignment=&#8221;center&#8221; style=&#8221;vc_box_outline&#8221;][\/vc_column_inner][\/vc_row_inner][\/vc_tta_section][vc_tta_section title=&#8221;NACZEPA CH\u0141ODNIA&#8221; tab_id=&#8221;1508928509505-2645be0a-66ba&#8221;][vc_row_inner equal_height=&#8221;yes&#8221; content_placement=&#8221;middle&#8221;][vc_column_inner width=&#8221;1\/2&#8243;][vc_column_text]<\/p>\n<div class=\"title\"><\/div>\n<table border=\"1\" cellspacing=\"0\" cellpadding=\"0\">\n<tbody>\n<tr>\n<td><span style=\"color: #000000;\">Moc \u0142adunku<\/span><\/p>\n<p>&nbsp;<\/td>\n<td><span style=\"color: #000000;\">20 t. (w krajach WNP)<\/span><br \/>\n<span style=\"color: #000000;\">24 t. (w Unii Europejskiej)<\/span><\/td>\n<\/tr>\n<tr>\n<td><span style=\"color: #000000;\">Obj\u0119to\u015b\u0107<\/span><\/td>\n<td><span style=\"color: #000000;\">86 m3<\/span><\/td>\n<\/tr>\n<tr>\n<td><span style=\"color: #000000;\">Pojemno\u015b\u0107 europalet<\/span><\/td>\n<td><span style=\"color: #000000;\">34<\/span><\/td>\n<\/tr>\n<tr>\n<td><span style=\"color: #000000;\">D\u0142ugo\u015b\u0107<\/span><\/td>\n<td><span style=\"color: #000000;\">13,62<\/span><\/td>\n<\/tr>\n<tr>\n<td><span style=\"color: #000000;\">Szeroko\u015b\u0107<\/span><\/td>\n<td><span style=\"color: #000000;\">2,43-2,48<\/span><\/td>\n<\/tr>\n<tr>\n<td><span style=\"color: #000000;\">Wysoko\u015b\u0107<\/span><\/td>\n<td><span style=\"color: #000000;\">2,4-2,6<\/span><\/td>\n<\/tr>\n<\/tbody>\n<\/table>\n<p>[\/vc_column_text][\/vc_column_inner][vc_column_inner width=&#8221;1\/2&#8243;][vc_single_image image=&#8221;2852&#8243; img_size=&#8221;full&#8221; alignment=&#8221;center&#8221; style=&#8221;vc_box_outline&#8221;][\/vc_column_inner][\/vc_row_inner][\/vc_tta_section][\/vc_tta_tabs][\/vc_column][\/vc_row][vc_row full_width=&#8221;stretch_row&#8221;][vc_column][vc_empty_space][vc_empty_space][\/vc_column][\/vc_row][vc_row full_width=&#8221;stretch_row&#8221; el_class=&#8221;secondary_bg_color&#8221; css=&#8221;.vc_custom_1508741073199{margin-bottom: 0px !important;}&#8221;][vc_column width=&#8221;1\/12&#8243;][\/vc_column][vc_column width=&#8221;10\/12&#8243;][vc_cta h2=&#8221;Chcesz otrzymywa\u0107 oferty? &#8221; shape=&#8221;square&#8221; add_button=&#8221;right&#8221; btn_title=&#8221;WYPE\u0141NIJ FORMULARZ&#8221; btn_style=&#8221;outline&#8221; btn_shape=&#8221;round&#8221; btn_color=&#8221;white&#8221; btn_i_align=&#8221;right&#8221; btn_i_icon_fontawesome=&#8221;stm-arrow-next&#8221; btn_add_icon=&#8221;true&#8221; el_class=&#8221;secondary_bg_color&#8221; btn_link=&#8221;url:http%3A%2F%2Frdksolutions.eu%2Fuzklausa%2F|||&#8221;][\/vc_cta][\/vc_column][vc_column width=&#8221;1\/12&#8243;][\/vc_column][\/vc_row]<\/p>","protected":false},"excerpt":{"rendered":"<p>[vc_row full_width=&#8221;stretch_row&#8221; equal_height=&#8221;yes&#8221; content_placement=&#8221;middle&#8221;][vc_column][vc_column_text][\/vc_column_text][vc_tta_tabs active_section=&#8221;1&#8243;][vc_tta_section title=&#8221;NACZEPA PLANDEKA&#8221; tab_id=&#8221;1508928503019-83d735d7-ebf6&#8243;][vc_row_inner equal_height=&#8221;yes&#8221; content_placement=&#8221;middle&#8221;][vc_column_inner width=&#8221;1\/2&#8243;][vc_column_text] Moc \u0142adunku &nbsp; 20 t. (w krajach WNP) 24 t.\u00a0(w Unii Europejskiej) Obj\u0119to\u015b\u0107 92 m3 Pojemno\u015b\u0107 europalet 34 D\u0142ugo\u015b\u0107 13,62 Szeroko\u015b\u0107 2,43-2,48&#8230;<\/p>\n","protected":false},"author":1,"featured_media":0,"parent":0,"menu_order":0,"comment_status":"closed","ping_status":"closed","template":"","meta":[],"yoast_head":"<!-- This site is optimized with the Yoast SEO plugin v21.1 - https:\/\/yoast.com\/wordpress\/plugins\/seo\/ -->\n<title>Transport - www.rdksolutions.eu<\/title>\n<meta name=\"robots\" content=\"index, follow, max-snippet:-1, max-image-preview:large, max-video-preview:-1\" \/>\n<link rel=\"canonical\" href=\"https:\/\/rdksolutions.eu\/transportas\/\" \/>\n<meta property=\"og:locale\" content=\"pl_PL\" \/>\n<meta property=\"og:type\" content=\"article\" \/>\n<meta property=\"og:title\" content=\"Transport - www.rdksolutions.eu\" \/>\n<meta property=\"og:description\" content=\"[vc_row full_width=&#8221;stretch_row&#8221; equal_height=&#8221;yes&#8221; content_placement=&#8221;middle&#8221;][vc_column][vc_column_text][\/vc_column_text][vc_tta_tabs active_section=&#8221;1&#8243;][vc_tta_section title=&#8221;NACZEPA PLANDEKA&#8221; tab_id=&#8221;1508928503019-83d735d7-ebf6&#8243;][vc_row_inner equal_height=&#8221;yes&#8221; content_placement=&#8221;middle&#8221;][vc_column_inner width=&#8221;1\/2&#8243;][vc_column_text] Moc \u0142adunku &nbsp; 20 t. (w krajach WNP) 24 t.\u00a0(w Unii Europejskiej) Obj\u0119to\u015b\u0107 92 m3 Pojemno\u015b\u0107 europalet 34 D\u0142ugo\u015b\u0107 13,62 Szeroko\u015b\u0107 2,43-2,48...\" \/>\n<meta property=\"og:url\" content=\"https:\/\/rdksolutions.eu\/transportas\/\" \/>\n<meta property=\"og:site_name\" content=\"www.rdksolutions.eu\" \/>\n<meta property=\"article:modified_time\" content=\"2017-11-22T08:30:20+00:00\" \/>\n<meta name=\"twitter:card\" content=\"summary_large_image\" \/>\n<meta name=\"twitter:label1\" content=\"Szacowany czas czytania\" \/>\n\t<meta name=\"twitter:data1\" content=\"9 minut\" \/>\n<script type=\"application\/ld+json\" class=\"yoast-schema-graph\">{\"@context\":\"https:\/\/schema.org\",\"@graph\":[{\"@type\":\"WebPage\",\"@id\":\"https:\/\/rdksolutions.eu\/transportas\/\",\"url\":\"https:\/\/rdksolutions.eu\/transportas\/\",\"name\":\"Transport - www.rdksolutions.eu\",\"isPartOf\":{\"@id\":\"https:\/\/rdksolutions.eu\/pl\/#website\"},\"datePublished\":\"2017-10-26T06:59:38+00:00\",\"dateModified\":\"2017-11-22T08:30:20+00:00\",\"breadcrumb\":{\"@id\":\"https:\/\/rdksolutions.eu\/transportas\/#breadcrumb\"},\"inLanguage\":\"pl-PL\",\"potentialAction\":[{\"@type\":\"ReadAction\",\"target\":[\"https:\/\/rdksolutions.eu\/transportas\/\"]}]},{\"@type\":\"BreadcrumbList\",\"@id\":\"https:\/\/rdksolutions.eu\/transportas\/#breadcrumb\",\"itemListElement\":[{\"@type\":\"ListItem\",\"position\":1,\"name\":\"Home\",\"item\":\"https:\/\/rdksolutions.eu\/\"},{\"@type\":\"ListItem\",\"position\":2,\"name\":\"Transportas\"}]},{\"@type\":\"WebSite\",\"@id\":\"https:\/\/rdksolutions.eu\/pl\/#website\",\"url\":\"https:\/\/rdksolutions.eu\/pl\/\",\"name\":\"www.rdksolutions.eu\",\"description\":\"Transport, logistyka - RDK Solutions\",\"publisher\":{\"@id\":\"https:\/\/rdksolutions.eu\/pl\/#organization\"},\"potentialAction\":[{\"@type\":\"SearchAction\",\"target\":{\"@type\":\"EntryPoint\",\"urlTemplate\":\"https:\/\/rdksolutions.eu\/pl\/?s={search_term_string}\"},\"query-input\":\"required name=search_term_string\"}],\"inLanguage\":\"pl-PL\"},{\"@type\":\"Organization\",\"@id\":\"https:\/\/rdksolutions.eu\/pl\/#organization\",\"name\":\"UAB \\\"RDK Solutions\\\"\",\"url\":\"https:\/\/rdksolutions.eu\/pl\/\",\"logo\":{\"@type\":\"ImageObject\",\"inLanguage\":\"pl-PL\",\"@id\":\"https:\/\/rdksolutions.eu\/pl\/#\/schema\/logo\/image\/\",\"url\":\"https:\/\/rdksolutions.eu\/wp-content\/uploads\/2017\/10\/logo_png_www.rdksolutions.eu_.png\",\"contentUrl\":\"https:\/\/rdksolutions.eu\/wp-content\/uploads\/2017\/10\/logo_png_www.rdksolutions.eu_.png\",\"width\":200,\"height\":90,\"caption\":\"UAB \\\"RDK Solutions\\\"\"},\"image\":{\"@id\":\"https:\/\/rdksolutions.eu\/pl\/#\/schema\/logo\/image\/\"}}]}<\/script>\n<!-- \/ Yoast SEO plugin. -->","yoast_head_json":{"title":"Transport - www.rdksolutions.eu","robots":{"index":"index","follow":"follow","max-snippet":"max-snippet:-1","max-image-preview":"max-image-preview:large","max-video-preview":"max-video-preview:-1"},"canonical":"https:\/\/rdksolutions.eu\/transportas\/","og_locale":"pl_PL","og_type":"article","og_title":"Transport - www.rdksolutions.eu","og_description":"[vc_row full_width=&#8221;stretch_row&#8221; equal_height=&#8221;yes&#8221; content_placement=&#8221;middle&#8221;][vc_column][vc_column_text][\/vc_column_text][vc_tta_tabs active_section=&#8221;1&#8243;][vc_tta_section title=&#8221;NACZEPA PLANDEKA&#8221; tab_id=&#8221;1508928503019-83d735d7-ebf6&#8243;][vc_row_inner equal_height=&#8221;yes&#8221; content_placement=&#8221;middle&#8221;][vc_column_inner width=&#8221;1\/2&#8243;][vc_column_text] Moc \u0142adunku &nbsp; 20 t. (w krajach WNP) 24 t.\u00a0(w Unii Europejskiej) Obj\u0119to\u015b\u0107 92 m3 Pojemno\u015b\u0107 europalet 34 D\u0142ugo\u015b\u0107 13,62 Szeroko\u015b\u0107 2,43-2,48...","og_url":"https:\/\/rdksolutions.eu\/transportas\/","og_site_name":"www.rdksolutions.eu","article_modified_time":"2017-11-22T08:30:20+00:00","twitter_card":"summary_large_image","twitter_misc":{"Szacowany czas czytania":"9 minut"},"schema":{"@context":"https:\/\/schema.org","@graph":[{"@type":"WebPage","@id":"https:\/\/rdksolutions.eu\/transportas\/","url":"https:\/\/rdksolutions.eu\/transportas\/","name":"Transport - www.rdksolutions.eu","isPartOf":{"@id":"https:\/\/rdksolutions.eu\/pl\/#website"},"datePublished":"2017-10-26T06:59:38+00:00","dateModified":"2017-11-22T08:30:20+00:00","breadcrumb":{"@id":"https:\/\/rdksolutions.eu\/transportas\/#breadcrumb"},"inLanguage":"pl-PL","potentialAction":[{"@type":"ReadAction","target":["https:\/\/rdksolutions.eu\/transportas\/"]}]},{"@type":"BreadcrumbList","@id":"https:\/\/rdksolutions.eu\/transportas\/#breadcrumb","itemListElement":[{"@type":"ListItem","position":1,"name":"Home","item":"https:\/\/rdksolutions.eu\/"},{"@type":"ListItem","position":2,"name":"Transportas"}]},{"@type":"WebSite","@id":"https:\/\/rdksolutions.eu\/pl\/#website","url":"https:\/\/rdksolutions.eu\/pl\/","name":"www.rdksolutions.eu","description":"Transport, logistyka - RDK Solutions","publisher":{"@id":"https:\/\/rdksolutions.eu\/pl\/#organization"},"potentialAction":[{"@type":"SearchAction","target":{"@type":"EntryPoint","urlTemplate":"https:\/\/rdksolutions.eu\/pl\/?s={search_term_string}"},"query-input":"required name=search_term_string"}],"inLanguage":"pl-PL"},{"@type":"Organization","@id":"https:\/\/rdksolutions.eu\/pl\/#organization","name":"UAB \"RDK Solutions\"","url":"https:\/\/rdksolutions.eu\/pl\/","logo":{"@type":"ImageObject","inLanguage":"pl-PL","@id":"https:\/\/rdksolutions.eu\/pl\/#\/schema\/logo\/image\/","url":"https:\/\/rdksolutions.eu\/wp-content\/uploads\/2017\/10\/logo_png_www.rdksolutions.eu_.png","contentUrl":"https:\/\/rdksolutions.eu\/wp-content\/uploads\/2017\/10\/logo_png_www.rdksolutions.eu_.png","width":200,"height":90,"caption":"UAB \"RDK Solutions\""},"image":{"@id":"https:\/\/rdksolutions.eu\/pl\/#\/schema\/logo\/image\/"}}]}},"_links":{"self":[{"href":"https:\/\/rdksolutions.eu\/pl\/wp-json\/wp\/v2\/pages\/2996"}],"collection":[{"href":"https:\/\/rdksolutions.eu\/pl\/wp-json\/wp\/v2\/pages"}],"about":[{"href":"https:\/\/rdksolutions.eu\/pl\/wp-json\/wp\/v2\/types\/page"}],"author":[{"embeddable":true,"href":"https:\/\/rdksolutions.eu\/pl\/wp-json\/wp\/v2\/users\/1"}],"replies":[{"embeddable":true,"href":"https:\/\/rdksolutions.eu\/pl\/wp-json\/wp\/v2\/comments?post=2996"}],"version-history":[{"count":22,"href":"https:\/\/rdksolutions.eu\/pl\/wp-json\/wp\/v2\/pages\/2996\/revisions"}],"predecessor-version":[{"id":3669,"href":"https:\/\/rdksolutions.eu\/pl\/wp-json\/wp\/v2\/pages\/2996\/revisions\/3669"}],"wp:attachment":[{"href":"https:\/\/rdksolutions.eu\/pl\/wp-json\/wp\/v2\/media?parent=2996"}],"curies":[{"name":"wp","href":"https:\/\/api.w.org\/{rel}","templated":true}]}}