{"id":2991,"date":"2017-10-26T04:54:33","date_gmt":"2017-10-26T06:54:33","guid":{"rendered":"http:\/\/rdksolutions.eu\/?page_id=2991"},"modified":"2017-11-22T06:32:19","modified_gmt":"2017-11-22T08:32:19","slug":"dokumentai-2","status":"publish","type":"page","link":"https:\/\/rdksolutions.eu\/pl\/dokumentai-2\/","title":{"rendered":"Spedycja"},"content":{"rendered":"<p>[vc_row full_width=&#8221;stretch_row&#8221; gap=&#8221;25&#8243; equal_height=&#8221;yes&#8221;][vc_column width=&#8221;1\/12&#8243;][\/vc_column][vc_column width=&#8221;10\/12&#8243;][vc_empty_space][vc_column_text]W celu zaspokojenia wszystkich potrzeb klient\u00f3w \u015bwiadczymy us\u0142ugi spedycyjne, w ramach kt\u00f3rych mo\u017cemy znale\u017a\u0107 przewo\u017anika \u0142adunku do ka\u017cdego wybranego miejsca, opracowa\u0107 optymaln\u0105 i wygodn\u0105 tras\u0119, sporz\u0105dzi\u0107 wymagane dokumenty i obserwowa\u0107 miejsce po\u0142o\u017cenia \u0142adunku w realnym czasie.<\/p>\n<p>Poniewa\u017c spedycja jest to dzia\u0142alno\u015b\u0107 wymagaj\u0105ca rozumienia proces\u00f3w logistycznych i transportowych, z Pa\u0144stwa zapytaniami b\u0119dzie pracowa\u0142 do\u015bwiadczony, wysoko wykwalifikowany zesp\u00f3\u0142, kt\u00f3rego wieloletnie do\u015bwiadczenie zapewni szerok\u0105 sie\u0107 powi\u0105za\u0144 w r\u00f3\u017cnych sferach dzia\u0142alno\u015bci.<\/p>\n<p>Je\u017celi chc\u0105 Pa\u0144stwo rozwija\u0107 sw\u0105 dzia\u0142alno\u015b\u0107 handlow\u0105 i szukaj\u0105 kogo\u015b do pomocy w prze\u0142o\u017ceniu drogi na zagraniczne rynki, \u201eRDK Solutions\u201c pomo\u017ce przewie\u017a\u0107 i cz\u0119\u015bciowe, i ca\u0142kowite lub niestandardowe \u0142adunki do wszystkich kraj\u00f3w europejskich, WNP lub do bardziej odleg\u0142ych kraj\u00f3w.<\/p>\n<p>Najwa\u017cniejsza dla nas jest \u015bcis\u0142a wsp\u00f3\u0142praca i wysoka jako\u015b\u0107 \u015bwiadczonych us\u0142ug, &#8211; je\u017celi wi\u0119c szukaj\u0105 Pa\u0144stwo spedytora, kt\u00f3ry mo\u017ce zaoferowa\u0107 najlepsze rozwi\u0105zanie w najkr\u00f3tszym czasie, prosimy zwraca\u0107 si\u0119 do \u201eRDK Solutions\u201c![\/vc_column_text][vc_empty_space height=&#8221;32&#8243;][\/vc_column][vc_column width=&#8221;1\/12&#8243;][\/vc_column][\/vc_row][vc_row full_width=&#8221;stretch_row&#8221; el_class=&#8221;secondary_bg_color&#8221; css=&#8221;.vc_custom_1508741073199{margin-bottom: 0px !important;}&#8221;][vc_column width=&#8221;1\/12&#8243;][\/vc_column][vc_column width=&#8221;10\/12&#8243;][vc_cta h2=&#8221;Chcesz otrzymywa\u0107 oferty? &#8221; shape=&#8221;square&#8221; add_button=&#8221;right&#8221; btn_title=&#8221;WYPE\u0141NIJ FORMULARZ&#8221; btn_style=&#8221;outline&#8221; btn_shape=&#8221;round&#8221; btn_color=&#8221;white&#8221; btn_i_align=&#8221;right&#8221; btn_i_icon_fontawesome=&#8221;stm-arrow-next&#8221; btn_add_icon=&#8221;true&#8221; el_class=&#8221;secondary_bg_color&#8221; btn_link=&#8221;url:http%3A%2F%2Frdksolutions.eu%2Fuzklausa%2F|||&#8221;][\/vc_cta][\/vc_column][vc_column width=&#8221;1\/12&#8243;][\/vc_column][\/vc_row]<\/p>","protected":false},"excerpt":{"rendered":"<p>[vc_row full_width=&#8221;stretch_row&#8221; gap=&#8221;25&#8243; equal_height=&#8221;yes&#8221;][vc_column width=&#8221;1\/12&#8243;][\/vc_column][vc_column width=&#8221;10\/12&#8243;][vc_empty_space][vc_column_text]W celu zaspokojenia wszystkich potrzeb klient\u00f3w \u015bwiadczymy us\u0142ugi spedycyjne, w ramach kt\u00f3rych mo\u017cemy znale\u017a\u0107 przewo\u017anika \u0142adunku do ka\u017cdego wybranego miejsca, opracowa\u0107 optymaln\u0105 i wygodn\u0105 tras\u0119, sporz\u0105dzi\u0107 wymagane dokumenty&#8230;<\/p>\n","protected":false},"author":1,"featured_media":0,"parent":0,"menu_order":0,"comment_status":"closed","ping_status":"closed","template":"","meta":[],"yoast_head":"<!-- This site is optimized with the Yoast SEO plugin v21.1 - https:\/\/yoast.com\/wordpress\/plugins\/seo\/ -->\n<title>Spedycja - www.rdksolutions.eu<\/title>\n<meta name=\"description\" content=\"Ekspedicija\" \/>\n<meta name=\"robots\" content=\"index, follow, max-snippet:-1, max-image-preview:large, max-video-preview:-1\" \/>\n<link rel=\"canonical\" href=\"https:\/\/rdksolutions.eu\/dokumentai-2\/\" \/>\n<meta property=\"og:locale\" content=\"pl_PL\" \/>\n<meta property=\"og:type\" content=\"article\" \/>\n<meta property=\"og:title\" content=\"Spedycja - www.rdksolutions.eu\" \/>\n<meta property=\"og:description\" content=\"Ekspedicija\" \/>\n<meta property=\"og:url\" content=\"https:\/\/rdksolutions.eu\/dokumentai-2\/\" \/>\n<meta property=\"og:site_name\" content=\"www.rdksolutions.eu\" \/>\n<meta property=\"article:modified_time\" content=\"2017-11-22T08:32:19+00:00\" \/>\n<meta name=\"twitter:card\" content=\"summary_large_image\" \/>\n<meta name=\"twitter:label1\" content=\"Szacowany czas czytania\" \/>\n\t<meta name=\"twitter:data1\" content=\"5 minut\" \/>\n<script type=\"application\/ld+json\" class=\"yoast-schema-graph\">{\"@context\":\"https:\/\/schema.org\",\"@graph\":[{\"@type\":\"WebPage\",\"@id\":\"https:\/\/rdksolutions.eu\/dokumentai-2\/\",\"url\":\"https:\/\/rdksolutions.eu\/dokumentai-2\/\",\"name\":\"Spedycja - www.rdksolutions.eu\",\"isPartOf\":{\"@id\":\"https:\/\/rdksolutions.eu\/pl\/#website\"},\"datePublished\":\"2017-10-26T06:54:33+00:00\",\"dateModified\":\"2017-11-22T08:32:19+00:00\",\"description\":\"Ekspedicija\",\"breadcrumb\":{\"@id\":\"https:\/\/rdksolutions.eu\/dokumentai-2\/#breadcrumb\"},\"inLanguage\":\"pl-PL\",\"potentialAction\":[{\"@type\":\"ReadAction\",\"target\":[\"https:\/\/rdksolutions.eu\/dokumentai-2\/\"]}]},{\"@type\":\"BreadcrumbList\",\"@id\":\"https:\/\/rdksolutions.eu\/dokumentai-2\/#breadcrumb\",\"itemListElement\":[{\"@type\":\"ListItem\",\"position\":1,\"name\":\"Home\",\"item\":\"https:\/\/rdksolutions.eu\/\"},{\"@type\":\"ListItem\",\"position\":2,\"name\":\"Spedycja\"}]},{\"@type\":\"WebSite\",\"@id\":\"https:\/\/rdksolutions.eu\/pl\/#website\",\"url\":\"https:\/\/rdksolutions.eu\/pl\/\",\"name\":\"www.rdksolutions.eu\",\"description\":\"Transport, logistyka - RDK Solutions\",\"publisher\":{\"@id\":\"https:\/\/rdksolutions.eu\/pl\/#organization\"},\"potentialAction\":[{\"@type\":\"SearchAction\",\"target\":{\"@type\":\"EntryPoint\",\"urlTemplate\":\"https:\/\/rdksolutions.eu\/pl\/?s={search_term_string}\"},\"query-input\":\"required name=search_term_string\"}],\"inLanguage\":\"pl-PL\"},{\"@type\":\"Organization\",\"@id\":\"https:\/\/rdksolutions.eu\/pl\/#organization\",\"name\":\"UAB \\\"RDK Solutions\\\"\",\"url\":\"https:\/\/rdksolutions.eu\/pl\/\",\"logo\":{\"@type\":\"ImageObject\",\"inLanguage\":\"pl-PL\",\"@id\":\"https:\/\/rdksolutions.eu\/pl\/#\/schema\/logo\/image\/\",\"url\":\"https:\/\/rdksolutions.eu\/wp-content\/uploads\/2017\/10\/logo_png_www.rdksolutions.eu_.png\",\"contentUrl\":\"https:\/\/rdksolutions.eu\/wp-content\/uploads\/2017\/10\/logo_png_www.rdksolutions.eu_.png\",\"width\":200,\"height\":90,\"caption\":\"UAB \\\"RDK Solutions\\\"\"},\"image\":{\"@id\":\"https:\/\/rdksolutions.eu\/pl\/#\/schema\/logo\/image\/\"}}]}<\/script>\n<!-- \/ Yoast SEO plugin. -->","yoast_head_json":{"title":"Spedycja - www.rdksolutions.eu","description":"Ekspedicija","robots":{"index":"index","follow":"follow","max-snippet":"max-snippet:-1","max-image-preview":"max-image-preview:large","max-video-preview":"max-video-preview:-1"},"canonical":"https:\/\/rdksolutions.eu\/dokumentai-2\/","og_locale":"pl_PL","og_type":"article","og_title":"Spedycja - www.rdksolutions.eu","og_description":"Ekspedicija","og_url":"https:\/\/rdksolutions.eu\/dokumentai-2\/","og_site_name":"www.rdksolutions.eu","article_modified_time":"2017-11-22T08:32:19+00:00","twitter_card":"summary_large_image","twitter_misc":{"Szacowany czas czytania":"5 minut"},"schema":{"@context":"https:\/\/schema.org","@graph":[{"@type":"WebPage","@id":"https:\/\/rdksolutions.eu\/dokumentai-2\/","url":"https:\/\/rdksolutions.eu\/dokumentai-2\/","name":"Spedycja - www.rdksolutions.eu","isPartOf":{"@id":"https:\/\/rdksolutions.eu\/pl\/#website"},"datePublished":"2017-10-26T06:54:33+00:00","dateModified":"2017-11-22T08:32:19+00:00","description":"Ekspedicija","breadcrumb":{"@id":"https:\/\/rdksolutions.eu\/dokumentai-2\/#breadcrumb"},"inLanguage":"pl-PL","potentialAction":[{"@type":"ReadAction","target":["https:\/\/rdksolutions.eu\/dokumentai-2\/"]}]},{"@type":"BreadcrumbList","@id":"https:\/\/rdksolutions.eu\/dokumentai-2\/#breadcrumb","itemListElement":[{"@type":"ListItem","position":1,"name":"Home","item":"https:\/\/rdksolutions.eu\/"},{"@type":"ListItem","position":2,"name":"Spedycja"}]},{"@type":"WebSite","@id":"https:\/\/rdksolutions.eu\/pl\/#website","url":"https:\/\/rdksolutions.eu\/pl\/","name":"www.rdksolutions.eu","description":"Transport, logistyka - RDK Solutions","publisher":{"@id":"https:\/\/rdksolutions.eu\/pl\/#organization"},"potentialAction":[{"@type":"SearchAction","target":{"@type":"EntryPoint","urlTemplate":"https:\/\/rdksolutions.eu\/pl\/?s={search_term_string}"},"query-input":"required name=search_term_string"}],"inLanguage":"pl-PL"},{"@type":"Organization","@id":"https:\/\/rdksolutions.eu\/pl\/#organization","name":"UAB \"RDK Solutions\"","url":"https:\/\/rdksolutions.eu\/pl\/","logo":{"@type":"ImageObject","inLanguage":"pl-PL","@id":"https:\/\/rdksolutions.eu\/pl\/#\/schema\/logo\/image\/","url":"https:\/\/rdksolutions.eu\/wp-content\/uploads\/2017\/10\/logo_png_www.rdksolutions.eu_.png","contentUrl":"https:\/\/rdksolutions.eu\/wp-content\/uploads\/2017\/10\/logo_png_www.rdksolutions.eu_.png","width":200,"height":90,"caption":"UAB \"RDK Solutions\""},"image":{"@id":"https:\/\/rdksolutions.eu\/pl\/#\/schema\/logo\/image\/"}}]}},"_links":{"self":[{"href":"https:\/\/rdksolutions.eu\/pl\/wp-json\/wp\/v2\/pages\/2991"}],"collection":[{"href":"https:\/\/rdksolutions.eu\/pl\/wp-json\/wp\/v2\/pages"}],"about":[{"href":"https:\/\/rdksolutions.eu\/pl\/wp-json\/wp\/v2\/types\/page"}],"author":[{"embeddable":true,"href":"https:\/\/rdksolutions.eu\/pl\/wp-json\/wp\/v2\/users\/1"}],"replies":[{"embeddable":true,"href":"https:\/\/rdksolutions.eu\/pl\/wp-json\/wp\/v2\/comments?post=2991"}],"version-history":[{"count":7,"href":"https:\/\/rdksolutions.eu\/pl\/wp-json\/wp\/v2\/pages\/2991\/revisions"}],"predecessor-version":[{"id":3734,"href":"https:\/\/rdksolutions.eu\/pl\/wp-json\/wp\/v2\/pages\/2991\/revisions\/3734"}],"wp:attachment":[{"href":"https:\/\/rdksolutions.eu\/pl\/wp-json\/wp\/v2\/media?parent=2991"}],"curies":[{"name":"wp","href":"https:\/\/api.w.org\/{rel}","templated":true}]}}