{"id":2952,"date":"2017-10-25T12:04:23","date_gmt":"2017-10-25T14:04:23","guid":{"rendered":"http:\/\/rdksolutions.eu\/?page_id=2952"},"modified":"2018-05-07T10:03:34","modified_gmt":"2018-05-07T12:03:34","slug":"naujienos","status":"publish","type":"page","link":"https:\/\/rdksolutions.eu\/pl\/naujienos\/","title":{"rendered":"Wiadomo\u015bci"},"content":{"rendered":"<p>[vc_row][vc_column offset=&#8221;vc_hidden-sm vc_hidden-xs&#8221;][vc_empty_space][\/vc_column][\/vc_row][vc_row gap=&#8221;25&#8243; equal_height=&#8221;yes&#8221; content_placement=&#8221;middle&#8221; parallax=&#8221;content-moving&#8221;][vc_column width=&#8221;7\/12&#8243; offset=&#8221;vc_hidden-lg vc_hidden-md vc_hidden-sm vc_hidden-xs&#8221;][vc_custom_heading text=&#8221;Poszukujemy do\u015bwiadczonych specjalist\u00f3w ds. logistyki!&#8221; font_container=&#8221;tag:h4|text_align:left&#8221; use_theme_fonts=&#8221;yes&#8221;][vc_text_separator title=&#8221;2018 02 08&#8243; title_align=&#8221;separator_align_left&#8221; align=&#8221;align_left&#8221; style=&#8221;dashed&#8221;][vc_column_text]Znowu zdenerwowali Ci\u0119 w pracy?<br \/>\nWsp\u00f3\u0142pracownik zabra\u0142 Ci klienta?<br \/>\nWybierz prac\u0119 wed\u0142ug w\u0142asnych standard\u00f3w i zarabiaj pieni\u0105dze godne Twych umiej\u0119tno\u015bci!<\/p>\n<p>Oferujemy atrakcyjn\u0105 prac\u0119 dla perspektywicznych specjalist\u00f3w ds. logistyki, kt\u00f3rzy chc\u0105 wypr\u00f3bowa\u0107 swych si\u0142 w biznesie i by\u0107 dla siebie szefem. Jeste\u015bmy kuratorami du\u017cych projekt\u00f3w na Litwie, dlatego poszukujemy specjalist\u00f3w ds. logistyki, kt\u00f3rzy ju\u017c si\u0119 oswoili w tej dziedzinie, znaj\u0105 j\u0105 i widz\u0105 w tym swoj\u0105 przysz\u0142o\u015b\u0107, kt\u00f3rzy mog\u0105 do\u0142\u0105czy\u0107 do naszego profesjonalnego zespo\u0142u.<\/p>\n<p>Na Litwie coraz wi\u0119cej przedsi\u0119biorczych i profesjonalnych specjalist\u00f3w poszukuje mo\u017cliwo\u015bci rozpocz\u0119cia pracy na w\u0142asn\u0105 r\u0119k\u0119, jednak obci\u0105\u017cenie podatkowe, biurokracja lub strach przed strat\u0105 ju\u017c nawi\u0105zanych kontakt\u00f3w z klientami i partnerami nierzadko nie pozwala podj\u0105\u0107 decyzji. Dlatego proponujemy wypr\u00f3bowanie pracy na w\u0142asn\u0105 r\u0119k\u0119 bez \u017cadnego ryzyka.[\/vc_column_text][vc_btn title=&#8221;Przeczytaj to&#8221; style=&#8221;flat&#8221; color=&#8221;theme_style_3&#8243; size=&#8221;sm&#8221; align=&#8221;right&#8221; link=&#8221;url:http%3A%2F%2Frdksolutions.eu%2Flogistikos-paslaugu-nauda-imonems%2F||target:%20_blank|&#8221;][\/vc_column][vc_column parallax=&#8221;content-moving&#8221; width=&#8221;5\/12&#8243; css=&#8221;.vc_custom_1525694614435{background-image: url(http:\/\/rdksolutions.eu\/wp-content\/uploads\/2017\/10\/darbuotojams_www.rdksolutions.eu_.jpg?id=3808) !important;background-position: center !important;background-repeat: no-repeat !important;background-size: cover !important;}&#8221; offset=&#8221;vc_hidden-lg vc_hidden-md vc_hidden-sm vc_hidden-xs&#8221;][\/vc_column][\/vc_row][vc_row][vc_column offset=&#8221;vc_hidden-sm vc_hidden-xs&#8221;][vc_empty_space][vc_empty_space][\/vc_column][\/vc_row][vc_row gap=&#8221;25&#8243; equal_height=&#8221;yes&#8221; content_placement=&#8221;middle&#8221; parallax=&#8221;content-moving&#8221;][vc_column parallax=&#8221;content-moving&#8221; width=&#8221;5\/12&#8243; css=&#8221;.vc_custom_1510751070347{background-image: url(http:\/\/rdksolutions.eu\/wp-content\/uploads\/2015\/11\/dalinis_www.rdksolutions.eu_.jpg?id=2827) !important;background-position: center !important;background-repeat: no-repeat !important;background-size: cover !important;}&#8221;][\/vc_column][vc_column width=&#8221;7\/12&#8243;][vc_custom_heading text=&#8221;Korzy\u015bci z us\u0142ug logistycznych dla firm&#8221; font_container=&#8221;tag:h4|text_align:left&#8221; use_theme_fonts=&#8221;yes&#8221;][vc_text_separator title=&#8221;2017 11 10&#8243; title_align=&#8221;separator_align_left&#8221; align=&#8221;align_left&#8221; style=&#8221;dashed&#8221;][vc_column_text]Bez us\u0142ug logistycznych trudno da\u0142yby sobie rad\u0119 tak samo ma\u0142e firmy, jak te\u017c du\u017ce oraz sprawne ekonomicznie, zajmuj\u0105ce si\u0119 sprzeda\u017c\u0105 towar\u00f3w. Niewa\u017cne, czy to tylko magazynowanie towar\u00f3w, czy te\u017c eksport za granic\u0119, zawsze potrzebne s\u0105 osoby, kt\u00f3re zorganizowa\u0142yby i kontrolowa\u0142y wszystkie procesy ich przewozu i dostarczenia do r\u0105k klient\u00f3w. Podczas rozwoju i wzrostu firmy cz\u0119sto stykamy si\u0119 z podstawowym pytaniem: czy firma potrzebuje wydzia\u0142u logistycznego, czy lepiej by\u0142oby to zadanie powierzy\u0107 sp\u00f3\u0142kom \u015bwiadcz\u0105cym us\u0142ugi transportowe? Tym razem om\u00f3wmy jakie korzy\u015bci maj\u0105 sp\u00f3\u0142ki z us\u0142ug logistycznych.[\/vc_column_text][vc_btn title=&#8221;Przeczytaj to&#8221; style=&#8221;flat&#8221; color=&#8221;theme_style_3&#8243; size=&#8221;sm&#8221; align=&#8221;right&#8221; link=&#8221;url:http%3A%2F%2Frdksolutions.eu%2Flogistikos-paslaugu-nauda-imonems%2F||target:%20_blank|&#8221;][\/vc_column][\/vc_row]<\/p>","protected":false},"excerpt":{"rendered":"<p>[vc_row][vc_column offset=&#8221;vc_hidden-sm vc_hidden-xs&#8221;][vc_empty_space][\/vc_column][\/vc_row][vc_row gap=&#8221;25&#8243; equal_height=&#8221;yes&#8221; content_placement=&#8221;middle&#8221; parallax=&#8221;content-moving&#8221;][vc_column width=&#8221;7\/12&#8243; offset=&#8221;vc_hidden-lg vc_hidden-md vc_hidden-sm vc_hidden-xs&#8221;][vc_custom_heading text=&#8221;Poszukujemy do\u015bwiadczonych specjalist\u00f3w ds. logistyki!&#8221; font_container=&#8221;tag:h4|text_align:left&#8221; use_theme_fonts=&#8221;yes&#8221;][vc_text_separator title=&#8221;2018 02 08&#8243; title_align=&#8221;separator_align_left&#8221; align=&#8221;align_left&#8221; style=&#8221;dashed&#8221;][vc_column_text]Znowu zdenerwowali Ci\u0119 w pracy? Wsp\u00f3\u0142pracownik zabra\u0142 Ci klienta?&#8230;<\/p>\n","protected":false},"author":1,"featured_media":0,"parent":0,"menu_order":0,"comment_status":"closed","ping_status":"closed","template":"","meta":[],"yoast_head":"<!-- This site is optimized with the Yoast SEO plugin v21.1 - https:\/\/yoast.com\/wordpress\/plugins\/seo\/ -->\n<title>Wiadomo\u015bci - www.rdksolutions.eu<\/title>\n<meta name=\"robots\" content=\"index, follow, max-snippet:-1, max-image-preview:large, max-video-preview:-1\" \/>\n<link rel=\"canonical\" href=\"https:\/\/rdksolutions.eu\/pl\/naujienos\/\" \/>\n<meta property=\"og:locale\" content=\"pl_PL\" \/>\n<meta property=\"og:type\" content=\"article\" \/>\n<meta property=\"og:title\" content=\"Wiadomo\u015bci - www.rdksolutions.eu\" \/>\n<meta property=\"og:description\" content=\"[vc_row][vc_column offset=&#8221;vc_hidden-sm vc_hidden-xs&#8221;][vc_empty_space][\/vc_column][\/vc_row][vc_row gap=&#8221;25&#8243; equal_height=&#8221;yes&#8221; content_placement=&#8221;middle&#8221; parallax=&#8221;content-moving&#8221;][vc_column width=&#8221;7\/12&#8243; offset=&#8221;vc_hidden-lg vc_hidden-md vc_hidden-sm vc_hidden-xs&#8221;][vc_custom_heading text=&#8221;Poszukujemy do\u015bwiadczonych specjalist\u00f3w ds. logistyki!&#8221; font_container=&#8221;tag:h4|text_align:left&#8221; use_theme_fonts=&#8221;yes&#8221;][vc_text_separator title=&#8221;2018 02 08&#8243; title_align=&#8221;separator_align_left&#8221; align=&#8221;align_left&#8221; style=&#8221;dashed&#8221;][vc_column_text]Znowu zdenerwowali Ci\u0119 w pracy? Wsp\u00f3\u0142pracownik zabra\u0142 Ci klienta?...\" \/>\n<meta property=\"og:url\" content=\"https:\/\/rdksolutions.eu\/pl\/naujienos\/\" \/>\n<meta property=\"og:site_name\" content=\"www.rdksolutions.eu\" \/>\n<meta property=\"article:modified_time\" content=\"2018-05-07T12:03:34+00:00\" \/>\n<meta name=\"twitter:card\" content=\"summary_large_image\" \/>\n<meta name=\"twitter:label1\" content=\"Szacowany czas czytania\" \/>\n\t<meta name=\"twitter:data1\" content=\"10 minut\" \/>\n<script type=\"application\/ld+json\" class=\"yoast-schema-graph\">{\"@context\":\"https:\/\/schema.org\",\"@graph\":[{\"@type\":\"WebPage\",\"@id\":\"https:\/\/rdksolutions.eu\/pl\/naujienos\/\",\"url\":\"https:\/\/rdksolutions.eu\/pl\/naujienos\/\",\"name\":\"Wiadomo\u015bci - www.rdksolutions.eu\",\"isPartOf\":{\"@id\":\"https:\/\/rdksolutions.eu\/pl\/#website\"},\"datePublished\":\"2017-10-25T14:04:23+00:00\",\"dateModified\":\"2018-05-07T12:03:34+00:00\",\"breadcrumb\":{\"@id\":\"https:\/\/rdksolutions.eu\/pl\/naujienos\/#breadcrumb\"},\"inLanguage\":\"pl-PL\",\"potentialAction\":[{\"@type\":\"ReadAction\",\"target\":[\"https:\/\/rdksolutions.eu\/pl\/naujienos\/\"]}]},{\"@type\":\"BreadcrumbList\",\"@id\":\"https:\/\/rdksolutions.eu\/pl\/naujienos\/#breadcrumb\",\"itemListElement\":[{\"@type\":\"ListItem\",\"position\":1,\"name\":\"Home\",\"item\":\"https:\/\/rdksolutions.eu\/\"},{\"@type\":\"ListItem\",\"position\":2,\"name\":\"Wiadomo\u015bci\"}]},{\"@type\":\"WebSite\",\"@id\":\"https:\/\/rdksolutions.eu\/pl\/#website\",\"url\":\"https:\/\/rdksolutions.eu\/pl\/\",\"name\":\"www.rdksolutions.eu\",\"description\":\"Transport, logistyka - RDK Solutions\",\"publisher\":{\"@id\":\"https:\/\/rdksolutions.eu\/pl\/#organization\"},\"potentialAction\":[{\"@type\":\"SearchAction\",\"target\":{\"@type\":\"EntryPoint\",\"urlTemplate\":\"https:\/\/rdksolutions.eu\/pl\/?s={search_term_string}\"},\"query-input\":\"required name=search_term_string\"}],\"inLanguage\":\"pl-PL\"},{\"@type\":\"Organization\",\"@id\":\"https:\/\/rdksolutions.eu\/pl\/#organization\",\"name\":\"UAB \\\"RDK Solutions\\\"\",\"url\":\"https:\/\/rdksolutions.eu\/pl\/\",\"logo\":{\"@type\":\"ImageObject\",\"inLanguage\":\"pl-PL\",\"@id\":\"https:\/\/rdksolutions.eu\/pl\/#\/schema\/logo\/image\/\",\"url\":\"https:\/\/rdksolutions.eu\/wp-content\/uploads\/2017\/10\/logo_png_www.rdksolutions.eu_.png\",\"contentUrl\":\"https:\/\/rdksolutions.eu\/wp-content\/uploads\/2017\/10\/logo_png_www.rdksolutions.eu_.png\",\"width\":200,\"height\":90,\"caption\":\"UAB \\\"RDK Solutions\\\"\"},\"image\":{\"@id\":\"https:\/\/rdksolutions.eu\/pl\/#\/schema\/logo\/image\/\"}}]}<\/script>\n<!-- \/ Yoast SEO plugin. -->","yoast_head_json":{"title":"Wiadomo\u015bci - www.rdksolutions.eu","robots":{"index":"index","follow":"follow","max-snippet":"max-snippet:-1","max-image-preview":"max-image-preview:large","max-video-preview":"max-video-preview:-1"},"canonical":"https:\/\/rdksolutions.eu\/pl\/naujienos\/","og_locale":"pl_PL","og_type":"article","og_title":"Wiadomo\u015bci - www.rdksolutions.eu","og_description":"[vc_row][vc_column offset=&#8221;vc_hidden-sm vc_hidden-xs&#8221;][vc_empty_space][\/vc_column][\/vc_row][vc_row gap=&#8221;25&#8243; equal_height=&#8221;yes&#8221; content_placement=&#8221;middle&#8221; parallax=&#8221;content-moving&#8221;][vc_column width=&#8221;7\/12&#8243; offset=&#8221;vc_hidden-lg vc_hidden-md vc_hidden-sm vc_hidden-xs&#8221;][vc_custom_heading text=&#8221;Poszukujemy do\u015bwiadczonych specjalist\u00f3w ds. logistyki!&#8221; font_container=&#8221;tag:h4|text_align:left&#8221; use_theme_fonts=&#8221;yes&#8221;][vc_text_separator title=&#8221;2018 02 08&#8243; title_align=&#8221;separator_align_left&#8221; align=&#8221;align_left&#8221; style=&#8221;dashed&#8221;][vc_column_text]Znowu zdenerwowali Ci\u0119 w pracy? Wsp\u00f3\u0142pracownik zabra\u0142 Ci klienta?...","og_url":"https:\/\/rdksolutions.eu\/pl\/naujienos\/","og_site_name":"www.rdksolutions.eu","article_modified_time":"2018-05-07T12:03:34+00:00","twitter_card":"summary_large_image","twitter_misc":{"Szacowany czas czytania":"10 minut"},"schema":{"@context":"https:\/\/schema.org","@graph":[{"@type":"WebPage","@id":"https:\/\/rdksolutions.eu\/pl\/naujienos\/","url":"https:\/\/rdksolutions.eu\/pl\/naujienos\/","name":"Wiadomo\u015bci - www.rdksolutions.eu","isPartOf":{"@id":"https:\/\/rdksolutions.eu\/pl\/#website"},"datePublished":"2017-10-25T14:04:23+00:00","dateModified":"2018-05-07T12:03:34+00:00","breadcrumb":{"@id":"https:\/\/rdksolutions.eu\/pl\/naujienos\/#breadcrumb"},"inLanguage":"pl-PL","potentialAction":[{"@type":"ReadAction","target":["https:\/\/rdksolutions.eu\/pl\/naujienos\/"]}]},{"@type":"BreadcrumbList","@id":"https:\/\/rdksolutions.eu\/pl\/naujienos\/#breadcrumb","itemListElement":[{"@type":"ListItem","position":1,"name":"Home","item":"https:\/\/rdksolutions.eu\/"},{"@type":"ListItem","position":2,"name":"Wiadomo\u015bci"}]},{"@type":"WebSite","@id":"https:\/\/rdksolutions.eu\/pl\/#website","url":"https:\/\/rdksolutions.eu\/pl\/","name":"www.rdksolutions.eu","description":"Transport, logistyka - RDK Solutions","publisher":{"@id":"https:\/\/rdksolutions.eu\/pl\/#organization"},"potentialAction":[{"@type":"SearchAction","target":{"@type":"EntryPoint","urlTemplate":"https:\/\/rdksolutions.eu\/pl\/?s={search_term_string}"},"query-input":"required name=search_term_string"}],"inLanguage":"pl-PL"},{"@type":"Organization","@id":"https:\/\/rdksolutions.eu\/pl\/#organization","name":"UAB \"RDK Solutions\"","url":"https:\/\/rdksolutions.eu\/pl\/","logo":{"@type":"ImageObject","inLanguage":"pl-PL","@id":"https:\/\/rdksolutions.eu\/pl\/#\/schema\/logo\/image\/","url":"https:\/\/rdksolutions.eu\/wp-content\/uploads\/2017\/10\/logo_png_www.rdksolutions.eu_.png","contentUrl":"https:\/\/rdksolutions.eu\/wp-content\/uploads\/2017\/10\/logo_png_www.rdksolutions.eu_.png","width":200,"height":90,"caption":"UAB \"RDK Solutions\""},"image":{"@id":"https:\/\/rdksolutions.eu\/pl\/#\/schema\/logo\/image\/"}}]}},"_links":{"self":[{"href":"https:\/\/rdksolutions.eu\/pl\/wp-json\/wp\/v2\/pages\/2952"}],"collection":[{"href":"https:\/\/rdksolutions.eu\/pl\/wp-json\/wp\/v2\/pages"}],"about":[{"href":"https:\/\/rdksolutions.eu\/pl\/wp-json\/wp\/v2\/types\/page"}],"author":[{"embeddable":true,"href":"https:\/\/rdksolutions.eu\/pl\/wp-json\/wp\/v2\/users\/1"}],"replies":[{"embeddable":true,"href":"https:\/\/rdksolutions.eu\/pl\/wp-json\/wp\/v2\/comments?post=2952"}],"version-history":[{"count":34,"href":"https:\/\/rdksolutions.eu\/pl\/wp-json\/wp\/v2\/pages\/2952\/revisions"}],"predecessor-version":[{"id":3925,"href":"https:\/\/rdksolutions.eu\/pl\/wp-json\/wp\/v2\/pages\/2952\/revisions\/3925"}],"wp:attachment":[{"href":"https:\/\/rdksolutions.eu\/pl\/wp-json\/wp\/v2\/media?parent=2952"}],"curies":[{"name":"wp","href":"https:\/\/api.w.org\/{rel}","templated":true}]}}