{"id":2941,"date":"2017-10-25T11:29:35","date_gmt":"2017-10-25T13:29:35","guid":{"rendered":"http:\/\/rdksolutions.eu\/?page_id=2941"},"modified":"2019-03-22T05:57:26","modified_gmt":"2019-03-22T07:57:26","slug":"atstovavimas","status":"publish","type":"page","link":"https:\/\/rdksolutions.eu\/pl\/atstovavimas\/","title":{"rendered":"Przedstawicielstwo"},"content":{"rendered":"<p>[vc_row full_width=&#8221;stretch_row&#8221; equal_height=&#8221;yes&#8221; css=&#8221;.vc_custom_1551188675347{background-image: url(http:\/\/rdksolutions.eu\/wp-content\/uploads\/2015\/10\/apie_mus_bg_gelezinkelio_www.rdksolutions.eu_.jpg?id=2377) !important;}&#8221;][vc_column][vc_custom_heading text=&#8221; Aby Pa\u0144stwa plany biznesowe nie zna\u0142y granic!&#8221; font_container=&#8221;tag:h3|text_align:center|color:%23adaaaf&#8221; use_theme_fonts=&#8221;yes&#8221; css=&#8221;.vc_custom_1511107673201{margin-bottom: 0px !important;border-bottom-width: 0px !important;padding-bottom: 0px !important;}&#8221;][vc_custom_heading text=&#8221;RDK Solutions&#8221; font_container=&#8221;tag:h2|text_align:center&#8221; use_theme_fonts=&#8221;yes&#8221; css=&#8221;.vc_custom_1508768455907{margin-top: -30px !important;margin-bottom: 0px !important;border-top-width: 0px !important;border-bottom-width: 0px !important;padding-bottom: 0px !important;}&#8221;][vc_empty_space height=&#8221;32&#8243;][vc_row_inner content_placement=&#8221;middle&#8221;][vc_column_inner width=&#8221;1\/2&#8243;][vc_custom_heading text=&#8221;Reprezentowanie Pa\u0144stwa biznesu w krajach ba\u0142tyckich oraz wprowadzenie towar\u00f3w\/us\u0142ug na rynek&#8221; font_container=&#8221;tag:h3|text_align:center|color:%23ff7b00&#8243; use_theme_fonts=&#8221;yes&#8221; css_animation=&#8221;fadeInLeft&#8221; css=&#8221;.vc_custom_1551179256894{margin-bottom: 0px !important;border-bottom-width: 0px !important;padding-bottom: 20px !important;}&#8221;][stm_circle_progress title=&#8221;Satysfakcja klient\u00f3w&#8221; value=&#8221;100&#8243; size=&#8221;110&#8243; fill_color=&#8221;#ff7b00&#8243;][\/vc_column_inner][vc_column_inner width=&#8221;1\/2&#8243;][vc_single_image image=&#8221;4052&#8243; img_size=&#8221;large&#8221; alignment=&#8221;right&#8221; css_animation=&#8221;fadeInRight&#8221;][\/vc_column_inner][\/vc_row_inner][vc_empty_space height=&#8221;52&#8243;][vc_row_inner][vc_column_inner width=&#8221;2\/12&#8243;][\/vc_column_inner][vc_column_inner width=&#8221;8\/12&#8243;][vc_column_text]<\/p>\n<p style=\"text-align: justify;\">Je\u017celi poszukuj\u0105 Pa\u0144stwo mo\u017cliwo\u015bci rozwoju na Litwie lub w krajach ba\u0142tyckich, \u201eRDK Solutions\u201d mo\u017ce sta\u0107 si\u0119 Pa\u0144stwa przedstawicielem, kt\u00f3ry wprowadzi znak towarowy na rynek oraz zwi\u0119kszy mo\u017cliwo\u015bci sprzeda\u017cy i pozycjonowania. Ju\u017c wiele lat pracujemy w krajach ba\u0142tyckich i doskonale znamy ich rynek, zwyczaje konsument\u00f3w, a tak\u017ce posiadamy szerok\u0105 sie\u0107 partner\u00f3w, dlatego wykonamy ca\u0142\u0105 trudn\u0105 prac\u0119 i stworzymy fundamenty, kt\u00f3re pomog\u0105 Pa\u0144stwu rozwin\u0105\u0107 biznes.<\/p>\n<p style=\"text-align: justify;\">Nasz zesp\u00f3\u0142 nie tylko wykona dok\u0142adn\u0105 analiz\u0119 dzia\u0142alno\u015bci i sprzeda\u017cy, a tak\u017ce stworzy strategie marketingowe, ale te\u017c stale b\u0119dzie utrzymywa\u0142 kontakty z partnerami, prowadzi\u0142 negocjacje, uczestniczy\u0142 w r\u00f3\u017cnorodnych imprezach, prezentacjach, b\u0119dzie planowa\u0142 wizyty biznesowe i wykona wszelkie inne niezb\u0119dne prace.<\/p>\n<p>&nbsp;<\/p>\n<p><span style=\"font-size: 18pt;\"><strong>Oferujemy:<\/strong><\/span><\/p>\n<ul>\n<li>Do\u015bwiadczony zesp\u00f3\u0142 analityk\u00f3w biznesu, marketingowc\u00f3w i specjalist\u00f3w ds. logistyki<\/li>\n<li>Wyczerpuj\u0105c\u0105 analiz\u0119 Pa\u0144stwa dzia\u0142alno\u015bci i runku kraj\u00f3w ba\u0142tyckich.<\/li>\n<li>Dok\u0142adne ustalenie audytori\u00f3w oraz ich zwyczaj\u00f3w i potrzeb.<\/li>\n<li>Poszukiwanie partner\u00f3w.<\/li>\n<li>Strategi\u0119 wprowadzenia towaru lub us\u0142ugi na rynek i pozycjonowania.<\/li>\n<li>Strategi\u0119 dzia\u0142alno\u015bci zwi\u0119kszaj\u0105cych sprzeda\u017ce.<\/li>\n<li>Wyb\u00f3r i kontrol\u0119 wyrob\u00f3w, materia\u0142\u00f3w, urz\u0105dze\u0144 i dostawc\u00f3w.<\/li>\n<li>Zarz\u0105dzanie procesami logistycznymi od A do Z.<\/li>\n<li>Reprezentacj\u0119 sp\u00f3\u0142ki na zebraniach, konferencjach i targach.<\/li>\n<li>Sporz\u0105dzenie wszystkich niezb\u0119dnych dokument\u00f3w.<\/li>\n<li>Okresowe sprawozdania i wgl\u0105dy, jak ulepszy\u0107 wska\u017aniki dzia\u0142alno\u015bci.<\/li>\n<\/ul>\n<p style=\"text-align: justify;\">Niech Pa\u0144stwo nie trwoni\u0105 swych zasob\u00f3w na zrozumienie rynk\u00f3w innych kraj\u00f3w oraz subtelno\u015bci rozwoju biznesu. Nasz zesp\u00f3\u0142 zrobi to szybciej, taniej i efektywniej. Prosimy o kontakt z nami, om\u00f3wimy mo\u017cliwo\u015bci wsp\u00f3\u0142pracy, kt\u00f3re b\u0119d\u0105 pierwszym stabilnym krokiem w kierunku rozwoju i sukcesu!<\/p>\n<p>[\/vc_column_text][\/vc_column_inner][vc_column_inner width=&#8221;2\/12&#8243;][\/vc_column_inner][\/vc_row_inner][vc_empty_space][vc_empty_space][vc_empty_space][\/vc_column][\/vc_row][vc_row full_width=&#8221;stretch_row&#8221; el_class=&#8221;secondary_bg_color&#8221; css=&#8221;.vc_custom_1508741073199{margin-bottom: 0px !important;}&#8221;][vc_column width=&#8221;1\/12&#8243;][\/vc_column][vc_column width=&#8221;10\/12&#8243;][vc_cta h2=&#8221;Chcesz otrzymywa\u0107 oferty? &#8221; shape=&#8221;square&#8221; add_button=&#8221;right&#8221; btn_title=&#8221;WYPE\u0141NIJ FORMULARZ&#8221; btn_style=&#8221;outline&#8221; btn_shape=&#8221;round&#8221; btn_color=&#8221;white&#8221; btn_i_align=&#8221;right&#8221; btn_i_icon_fontawesome=&#8221;stm-arrow-next&#8221; btn_add_icon=&#8221;true&#8221; el_class=&#8221;secondary_bg_color&#8221; btn_link=&#8221;url:http%3A%2F%2Frdksolutions.eu%2Fuzsakymas-prekyba%2F%3Fpreview%3Dtrue||target:%20_blank|&#8221;][\/vc_cta][\/vc_column][vc_column width=&#8221;1\/12&#8243;][\/vc_column][\/vc_row]<\/p>","protected":false},"excerpt":{"rendered":"<p>[vc_row full_width=&#8221;stretch_row&#8221; equal_height=&#8221;yes&#8221; css=&#8221;.vc_custom_1551188675347{background-image: url(http:\/\/rdksolutions.eu\/wp-content\/uploads\/2015\/10\/apie_mus_bg_gelezinkelio_www.rdksolutions.eu_.jpg?id=2377) !important;}&#8221;][vc_column][vc_custom_heading text=&#8221; Aby Pa\u0144stwa plany biznesowe nie zna\u0142y granic!&#8221; font_container=&#8221;tag:h3|text_align:center|color:%23adaaaf&#8221; use_theme_fonts=&#8221;yes&#8221; css=&#8221;.vc_custom_1511107673201{margin-bottom: 0px !important;border-bottom-width: 0px !important;padding-bottom: 0px !important;}&#8221;][vc_custom_heading text=&#8221;RDK Solutions&#8221; font_container=&#8221;tag:h2|text_align:center&#8221; use_theme_fonts=&#8221;yes&#8221; css=&#8221;.vc_custom_1508768455907{margin-top: -30px !important;margin-bottom: 0px !important;border-top-width: 0px&#8230;<\/p>\n","protected":false},"author":1,"featured_media":0,"parent":0,"menu_order":0,"comment_status":"closed","ping_status":"closed","template":"","meta":[],"yoast_head":"<!-- This site is optimized with the Yoast SEO plugin v21.1 - https:\/\/yoast.com\/wordpress\/plugins\/seo\/ -->\n<title>Przedstawicielstwo - www.rdksolutions.eu<\/title>\n<meta name=\"description\" content=\"Prekyba\" \/>\n<meta name=\"robots\" content=\"index, follow, max-snippet:-1, max-image-preview:large, max-video-preview:-1\" \/>\n<link rel=\"canonical\" href=\"https:\/\/rdksolutions.eu\/atstovavimas\/\" \/>\n<meta property=\"og:locale\" content=\"pl_PL\" \/>\n<meta property=\"og:type\" content=\"article\" \/>\n<meta property=\"og:title\" content=\"Przedstawicielstwo - www.rdksolutions.eu\" \/>\n<meta property=\"og:description\" content=\"Prekyba\" \/>\n<meta property=\"og:url\" content=\"https:\/\/rdksolutions.eu\/atstovavimas\/\" \/>\n<meta property=\"og:site_name\" content=\"www.rdksolutions.eu\" \/>\n<meta property=\"article:modified_time\" content=\"2019-03-22T07:57:26+00:00\" \/>\n<meta name=\"twitter:card\" content=\"summary_large_image\" \/>\n<meta name=\"twitter:label1\" content=\"Szacowany czas czytania\" \/>\n\t<meta name=\"twitter:data1\" content=\"11 minut\" \/>\n<script type=\"application\/ld+json\" class=\"yoast-schema-graph\">{\"@context\":\"https:\/\/schema.org\",\"@graph\":[{\"@type\":\"WebPage\",\"@id\":\"https:\/\/rdksolutions.eu\/atstovavimas\/\",\"url\":\"https:\/\/rdksolutions.eu\/atstovavimas\/\",\"name\":\"Przedstawicielstwo - www.rdksolutions.eu\",\"isPartOf\":{\"@id\":\"https:\/\/rdksolutions.eu\/pl\/#website\"},\"datePublished\":\"2017-10-25T13:29:35+00:00\",\"dateModified\":\"2019-03-22T07:57:26+00:00\",\"description\":\"Prekyba\",\"breadcrumb\":{\"@id\":\"https:\/\/rdksolutions.eu\/atstovavimas\/#breadcrumb\"},\"inLanguage\":\"pl-PL\",\"potentialAction\":[{\"@type\":\"ReadAction\",\"target\":[\"https:\/\/rdksolutions.eu\/atstovavimas\/\"]}]},{\"@type\":\"BreadcrumbList\",\"@id\":\"https:\/\/rdksolutions.eu\/atstovavimas\/#breadcrumb\",\"itemListElement\":[{\"@type\":\"ListItem\",\"position\":1,\"name\":\"Home\",\"item\":\"https:\/\/rdksolutions.eu\/\"},{\"@type\":\"ListItem\",\"position\":2,\"name\":\"Przedstawicielstwo\"}]},{\"@type\":\"WebSite\",\"@id\":\"https:\/\/rdksolutions.eu\/pl\/#website\",\"url\":\"https:\/\/rdksolutions.eu\/pl\/\",\"name\":\"www.rdksolutions.eu\",\"description\":\"Transport, logistyka - RDK Solutions\",\"publisher\":{\"@id\":\"https:\/\/rdksolutions.eu\/pl\/#organization\"},\"potentialAction\":[{\"@type\":\"SearchAction\",\"target\":{\"@type\":\"EntryPoint\",\"urlTemplate\":\"https:\/\/rdksolutions.eu\/pl\/?s={search_term_string}\"},\"query-input\":\"required name=search_term_string\"}],\"inLanguage\":\"pl-PL\"},{\"@type\":\"Organization\",\"@id\":\"https:\/\/rdksolutions.eu\/pl\/#organization\",\"name\":\"UAB \\\"RDK Solutions\\\"\",\"url\":\"https:\/\/rdksolutions.eu\/pl\/\",\"logo\":{\"@type\":\"ImageObject\",\"inLanguage\":\"pl-PL\",\"@id\":\"https:\/\/rdksolutions.eu\/pl\/#\/schema\/logo\/image\/\",\"url\":\"https:\/\/rdksolutions.eu\/wp-content\/uploads\/2017\/10\/logo_png_www.rdksolutions.eu_.png\",\"contentUrl\":\"https:\/\/rdksolutions.eu\/wp-content\/uploads\/2017\/10\/logo_png_www.rdksolutions.eu_.png\",\"width\":200,\"height\":90,\"caption\":\"UAB \\\"RDK Solutions\\\"\"},\"image\":{\"@id\":\"https:\/\/rdksolutions.eu\/pl\/#\/schema\/logo\/image\/\"}}]}<\/script>\n<!-- \/ Yoast SEO plugin. -->","yoast_head_json":{"title":"Przedstawicielstwo - www.rdksolutions.eu","description":"Prekyba","robots":{"index":"index","follow":"follow","max-snippet":"max-snippet:-1","max-image-preview":"max-image-preview:large","max-video-preview":"max-video-preview:-1"},"canonical":"https:\/\/rdksolutions.eu\/atstovavimas\/","og_locale":"pl_PL","og_type":"article","og_title":"Przedstawicielstwo - www.rdksolutions.eu","og_description":"Prekyba","og_url":"https:\/\/rdksolutions.eu\/atstovavimas\/","og_site_name":"www.rdksolutions.eu","article_modified_time":"2019-03-22T07:57:26+00:00","twitter_card":"summary_large_image","twitter_misc":{"Szacowany czas czytania":"11 minut"},"schema":{"@context":"https:\/\/schema.org","@graph":[{"@type":"WebPage","@id":"https:\/\/rdksolutions.eu\/atstovavimas\/","url":"https:\/\/rdksolutions.eu\/atstovavimas\/","name":"Przedstawicielstwo - www.rdksolutions.eu","isPartOf":{"@id":"https:\/\/rdksolutions.eu\/pl\/#website"},"datePublished":"2017-10-25T13:29:35+00:00","dateModified":"2019-03-22T07:57:26+00:00","description":"Prekyba","breadcrumb":{"@id":"https:\/\/rdksolutions.eu\/atstovavimas\/#breadcrumb"},"inLanguage":"pl-PL","potentialAction":[{"@type":"ReadAction","target":["https:\/\/rdksolutions.eu\/atstovavimas\/"]}]},{"@type":"BreadcrumbList","@id":"https:\/\/rdksolutions.eu\/atstovavimas\/#breadcrumb","itemListElement":[{"@type":"ListItem","position":1,"name":"Home","item":"https:\/\/rdksolutions.eu\/"},{"@type":"ListItem","position":2,"name":"Przedstawicielstwo"}]},{"@type":"WebSite","@id":"https:\/\/rdksolutions.eu\/pl\/#website","url":"https:\/\/rdksolutions.eu\/pl\/","name":"www.rdksolutions.eu","description":"Transport, logistyka - RDK Solutions","publisher":{"@id":"https:\/\/rdksolutions.eu\/pl\/#organization"},"potentialAction":[{"@type":"SearchAction","target":{"@type":"EntryPoint","urlTemplate":"https:\/\/rdksolutions.eu\/pl\/?s={search_term_string}"},"query-input":"required name=search_term_string"}],"inLanguage":"pl-PL"},{"@type":"Organization","@id":"https:\/\/rdksolutions.eu\/pl\/#organization","name":"UAB \"RDK Solutions\"","url":"https:\/\/rdksolutions.eu\/pl\/","logo":{"@type":"ImageObject","inLanguage":"pl-PL","@id":"https:\/\/rdksolutions.eu\/pl\/#\/schema\/logo\/image\/","url":"https:\/\/rdksolutions.eu\/wp-content\/uploads\/2017\/10\/logo_png_www.rdksolutions.eu_.png","contentUrl":"https:\/\/rdksolutions.eu\/wp-content\/uploads\/2017\/10\/logo_png_www.rdksolutions.eu_.png","width":200,"height":90,"caption":"UAB \"RDK Solutions\""},"image":{"@id":"https:\/\/rdksolutions.eu\/pl\/#\/schema\/logo\/image\/"}}]}},"_links":{"self":[{"href":"https:\/\/rdksolutions.eu\/pl\/wp-json\/wp\/v2\/pages\/2941"}],"collection":[{"href":"https:\/\/rdksolutions.eu\/pl\/wp-json\/wp\/v2\/pages"}],"about":[{"href":"https:\/\/rdksolutions.eu\/pl\/wp-json\/wp\/v2\/types\/page"}],"author":[{"embeddable":true,"href":"https:\/\/rdksolutions.eu\/pl\/wp-json\/wp\/v2\/users\/1"}],"replies":[{"embeddable":true,"href":"https:\/\/rdksolutions.eu\/pl\/wp-json\/wp\/v2\/comments?post=2941"}],"version-history":[{"count":85,"href":"https:\/\/rdksolutions.eu\/pl\/wp-json\/wp\/v2\/pages\/2941\/revisions"}],"predecessor-version":[{"id":4100,"href":"https:\/\/rdksolutions.eu\/pl\/wp-json\/wp\/v2\/pages\/2941\/revisions\/4100"}],"wp:attachment":[{"href":"https:\/\/rdksolutions.eu\/pl\/wp-json\/wp\/v2\/media?parent=2941"}],"curies":[{"name":"wp","href":"https:\/\/api.w.org\/{rel}","templated":true}]}}