{"id":2755,"date":"2017-10-23T08:10:00","date_gmt":"2017-10-23T10:10:00","guid":{"rendered":"http:\/\/rdksolutions.eu\/?page_id=2755"},"modified":"2018-10-11T07:53:33","modified_gmt":"2018-10-11T09:53:33","slug":"kroviniu-pervezimas-autotransportu","status":"publish","type":"page","link":"https:\/\/rdksolutions.eu\/pl\/kroviniu-pervezimas-autotransportu\/","title":{"rendered":"Przew\u00f3z \u0142adunk\u00f3w auto transportem"},"content":{"rendered":"<p>[vc_row][vc_column][vc_empty_space][\/vc_column][\/vc_row][vc_row full_width=&#8221;stretch_row&#8221; gap=&#8221;25&#8243;][vc_column width=&#8221;8\/12&#8243;][vc_column_text]<\/p>\n<p>Przew\u00f3z \u0142adunk\u00f3w drogami l\u0105dowymi \u2013 to najpopularniejszy spos\u00f3b transportowania, dlatego dla tego rodzaju us\u0142ug udzielamy wyj\u0105tkow\u0105 uwag\u0119. Aby zagwarantowa\u0107 szybkie terminy dostawy, ekonomiczne ceny us\u0142ug i wszechstronne bezpiecze\u0144stwo \u0142adunku i cz\u0119\u015bciowego, i ca\u0142kowitego, stale inwestujemy w odnowienie swych \u015brodk\u00f3w transportu. D\u0105\u017cymy tak\u017ce do poszukiwania najwygodniejszych i najbardziej elastycznych rozwi\u0105za\u0144 z punktu widzenia klienta, dlatego dla ka\u017cdego z nich tworzymy indywidualn\u0105 tras\u0119 pozwalaj\u0105c\u0105 szybko i terminowo dostarczy\u0107 \u0142adunek \u201eod drzwi do drzwi\u201d.<\/p>\n<p>Przewo\u017cone przez nas \u0142adunki s\u0105 ubezpieczone ubezpieczeniem odpowiedzialno\u015bci cywilnej spedytora oraz ubezpieczeniem CMR przewo\u017anika, w razie potrzeby mo\u017cemy \u0142adunek ubezpieczy\u0107 specjalnym ubezpieczeniem CARGO. \u017beby klient m\u00f3g\u0142 \u015bledzi\u0107 ruch swego \u0142adunku, w pe\u0142ni kontrolujemy ca\u0142\u0105 tras\u0119 przewozu i codziennie udzielamy dok\u0142adnej informacji o miejscu po\u0142o\u017cenia \u0142adunku i dalszym przebiegu trasy.<\/p>\n<p>\u201eRDK Solutions\u201c \u2013 szybko i jako\u015bciowo przewieziony \u0142adunek pozwalaj\u0105cy klientom odpowiedzialnie i bezpiecznie planowa\u0107 czas![\/vc_column_text][\/vc_column][vc_column width=&#8221;4\/12&#8243;][vc_btn title=&#8221;Zapytaj naszego eksperta&#8221; style=&#8221;outline&#8221; shape=&#8221;round&#8221; color=&#8221;theme_style_1&#8243; i_icon_fontawesome=&#8221;fa fa-phone&#8221; add_icon=&#8221;true&#8221; link=&#8221;url:http%3A%2F%2Frdksolutions.eu%2Fkontaktai%2F|||&#8221;][\/vc_column][\/vc_row][vc_row][vc_column][vc_empty_space][\/vc_column][\/vc_row][vc_row full_width=&#8221;stretch_row&#8221; equal_height=&#8221;yes&#8221; content_placement=&#8221;middle&#8221; css=&#8221;.vc_custom_1508914261490{background-color: #f4f4f4 !important;}&#8221;][vc_column][vc_empty_space height=&#8221;32&#8243;][vc_custom_heading text=&#8221;Transport&#8221; font_container=&#8221;tag:h4|text_align:left&#8221; use_theme_fonts=&#8221;yes&#8221;][vc_column_text][\/vc_column_text][vc_tta_tabs active_section=&#8221;1&#8243; css=&#8221;.vc_custom_1508914277917{background-color: #f4f4f4 !important;}&#8221;][vc_tta_section title=&#8221;NACZEPA PLANDEKA&#8221; tab_id=&#8221;1508928503019-83d735d7-ebf6&#8243;][vc_row_inner equal_height=&#8221;yes&#8221; content_placement=&#8221;middle&#8221;][vc_column_inner width=&#8221;1\/2&#8243;][vc_column_text]<\/p>\n<table border=\"1\" cellspacing=\"0\" cellpadding=\"0\">\n<tbody>\n<tr>\n<td><span style=\"color: #000000;\">Moc \u0142adunku<\/span><\/p>\n<p>&nbsp;<\/td>\n<td><span style=\"color: #000000;\"><span style=\"font-family: arial, helvetica, sans-serif; font-size: 10pt;\">20 t. <\/span><span style=\"font-family: inherit; font-size: inherit;\">(w krajach WNP)<\/span><\/span><\/p>\n<p><span style=\"color: #000000;\"><span style=\"font-family: arial, helvetica, sans-serif; font-size: 10pt;\">24 t.\u00a0<\/span><span style=\"font-family: inherit; font-size: inherit;\">(w Unii Europejskiej)<\/span><\/span><\/td>\n<\/tr>\n<tr>\n<td><span style=\"color: #000000;\">Obj\u0119to\u015b\u0107<\/span><\/td>\n<td><span style=\"font-family: arial, helvetica, sans-serif; font-size: 10pt; color: #000000;\">92 m<span style=\"font-size: 8pt;\">3<\/span><\/span><\/td>\n<\/tr>\n<tr>\n<td><span style=\"color: #000000;\">Pojemno\u015b\u0107 europalet<\/span><\/td>\n<td><span style=\"font-family: arial, helvetica, sans-serif; font-size: 10pt; color: #000000;\">34<\/span><\/td>\n<\/tr>\n<tr>\n<td><span style=\"color: #000000;\">D\u0142ugo\u015b\u0107<\/span><\/td>\n<td><span style=\"font-family: arial, helvetica, sans-serif; font-size: 10pt; color: #000000;\">13,62<\/span><\/td>\n<\/tr>\n<tr>\n<td><span style=\"color: #000000;\">Szeroko\u015b\u0107<\/span><\/td>\n<td><span style=\"font-family: arial, helvetica, sans-serif; font-size: 10pt; color: #000000;\">2,43-2,48<\/span><\/td>\n<\/tr>\n<tr>\n<td><span style=\"color: #000000;\">Wysoko\u015b\u0107<\/span><\/td>\n<td><span style=\"font-family: arial, helvetica, sans-serif; font-size: 10pt; color: #000000;\">2,45-2,75<\/span><\/td>\n<\/tr>\n<\/tbody>\n<\/table>\n<p>[\/vc_column_text][\/vc_column_inner][vc_column_inner width=&#8221;1\/2&#8243;][vc_single_image image=&#8221;2849&#8243; img_size=&#8221;full&#8221; alignment=&#8221;center&#8221; style=&#8221;vc_box_outline&#8221;][\/vc_column_inner][\/vc_row_inner][\/vc_tta_section][vc_tta_section title=&#8221;POCI\u0104G DROGOWY&#8221; tab_id=&#8221;1508928504939-4d54f413-0734&#8243;][vc_row_inner equal_height=&#8221;yes&#8221; content_placement=&#8221;middle&#8221;][vc_column_inner width=&#8221;1\/2&#8243;][vc_column_text]<\/p>\n<table border=\"1\" cellspacing=\"0\" cellpadding=\"0\">\n<tbody>\n<tr>\n<td><span style=\"color: #000000;\">Moc \u0142adunku<\/span><\/p>\n<p>&nbsp;<\/td>\n<td><span style=\"color: #000000;\"><span style=\"font-size: 10pt; font-family: arial, helvetica, sans-serif;\">20t. <\/span>(w krajach WNP)<\/span><br \/>\n<span style=\"font-size: 10pt; font-family: arial, helvetica, sans-serif; color: #000000;\">24t.(w Unii Europejskiej)<br \/>\n<\/span><\/td>\n<\/tr>\n<tr>\n<td><span style=\"color: #000000;\">Obj\u0119to\u015b\u0107<\/span><\/td>\n<td><span style=\"font-size: 10pt; font-family: arial, helvetica, sans-serif; color: #000000;\">120 m3<\/span><\/td>\n<\/tr>\n<tr>\n<td><span style=\"color: #000000;\">Pojemno\u015b\u0107 europalet<\/span><\/td>\n<td><span style=\"font-size: 10pt; font-family: arial, helvetica, sans-serif; color: #000000;\">38<\/span><\/td>\n<\/tr>\n<tr>\n<td><span style=\"color: #000000;\">D\u0142ugo\u015b\u0107<\/span><\/td>\n<td><span style=\"font-size: 10pt; font-family: arial, helvetica, sans-serif; color: #000000;\">7,7 + 7,8<\/span><\/td>\n<\/tr>\n<tr>\n<td><span style=\"color: #000000;\">Szeroko\u015b\u0107<\/span><\/td>\n<td><span style=\"font-size: 10pt; font-family: arial, helvetica, sans-serif; color: #000000;\">2,43-2,48<\/span><\/td>\n<\/tr>\n<tr>\n<td><span style=\"color: #000000;\">Wysoko\u015b\u0107<\/span><\/td>\n<td><span style=\"font-size: 10pt; font-family: arial, helvetica, sans-serif; color: #000000;\">2,5-3<\/span><\/td>\n<\/tr>\n<\/tbody>\n<\/table>\n<p>[\/vc_column_text][\/vc_column_inner][vc_column_inner width=&#8221;1\/2&#8243;][vc_single_image image=&#8221;2850&#8243; img_size=&#8221;full&#8221; alignment=&#8221;center&#8221; style=&#8221;vc_box_outline&#8221;][\/vc_column_inner][\/vc_row_inner][\/vc_tta_section][vc_tta_section title=&#8221;NACZEPA IZOTERMICZNA&#8221; tab_id=&#8221;1508928507182-641a8291-08d9&#8243;][vc_row_inner equal_height=&#8221;yes&#8221; content_placement=&#8221;middle&#8221;][vc_column_inner width=&#8221;1\/2&#8243;][vc_column_text]<\/p>\n<table border=\"1\" cellspacing=\"0\" cellpadding=\"0\">\n<tbody>\n<tr>\n<td><span style=\"color: #000000;\">Moc \u0142adunku<\/span><\/p>\n<p>&nbsp;<\/td>\n<td><span style=\"color: #000000;\"><span style=\"font-size: 10pt; font-family: arial, helvetica, sans-serif;\">20 t. <\/span>(w krajach WNP)<\/span><br \/>\n<span style=\"font-size: 10pt; color: #000000; font-family: arial, helvetica, sans-serif;\">24 t.\u00a0(w Unii Europejskiej)<br \/>\n<\/span><\/td>\n<\/tr>\n<tr>\n<td><span style=\"color: #000000;\">Obj\u0119to\u015b\u0107<\/span><\/td>\n<td><span style=\"font-size: 10pt; color: #000000; font-family: arial, helvetica, sans-serif;\">86 m3<\/span><\/td>\n<\/tr>\n<tr>\n<td><span style=\"color: #000000;\">Pojemno\u015b\u0107 europalet<\/span><\/td>\n<td><span style=\"font-size: 10pt; color: #000000; font-family: arial, helvetica, sans-serif;\">34<\/span><\/td>\n<\/tr>\n<tr>\n<td><span style=\"color: #000000;\">D\u0142ugo\u015b\u0107<\/span><\/td>\n<td><span style=\"font-size: 10pt; color: #000000; font-family: arial, helvetica, sans-serif;\">13,62<\/span><\/td>\n<\/tr>\n<tr>\n<td><span style=\"color: #000000;\">Szeroko\u015b\u0107<\/span><\/td>\n<td><span style=\"font-size: 10pt; color: #000000; font-family: arial, helvetica, sans-serif;\">2,43-2,48<\/span><\/td>\n<\/tr>\n<tr>\n<td><span style=\"color: #000000;\">Wysoko\u015b\u0107<\/span><\/td>\n<td><span style=\"font-size: 10pt; color: #000000; font-family: arial, helvetica, sans-serif;\">2,4-2,6<\/span><\/td>\n<\/tr>\n<\/tbody>\n<\/table>\n<p>[\/vc_column_text][\/vc_column_inner][vc_column_inner width=&#8221;1\/2&#8243;][vc_single_image image=&#8221;2851&#8243; img_size=&#8221;full&#8221; alignment=&#8221;center&#8221; style=&#8221;vc_box_outline&#8221;][\/vc_column_inner][\/vc_row_inner][\/vc_tta_section][vc_tta_section title=&#8221;NACZEPA CH\u0141ODNIA&#8221; tab_id=&#8221;1508928509505-2645be0a-66ba&#8221;][vc_row_inner equal_height=&#8221;yes&#8221; content_placement=&#8221;middle&#8221;][vc_column_inner width=&#8221;1\/2&#8243;][vc_column_text]<\/p>\n<div class=\"title\"><\/div>\n<table border=\"1\" cellspacing=\"0\" cellpadding=\"0\">\n<tbody>\n<tr>\n<td><span style=\"color: #000000;\">Moc \u0142adunku<\/span><\/p>\n<p>&nbsp;<\/td>\n<td><span style=\"color: #000000;\"><span style=\"font-size: 10pt; font-family: arial, helvetica, sans-serif;\">20 t. <\/span>(w krajach WNP)<\/span><br \/>\n<span style=\"font-size: 10pt; font-family: arial, helvetica, sans-serif; color: #000000;\">24 t. (w Unii Europejskiej)<br \/>\n<\/span><\/td>\n<\/tr>\n<tr>\n<td><span style=\"color: #000000;\">Obj\u0119to\u015b\u0107<\/span><\/td>\n<td><span style=\"font-size: 10pt; font-family: arial, helvetica, sans-serif; color: #000000;\">86 m3<\/span><\/td>\n<\/tr>\n<tr>\n<td><span style=\"color: #000000;\">Pojemno\u015b\u0107 europalet<\/span><\/td>\n<td><span style=\"font-size: 10pt; font-family: arial, helvetica, sans-serif; color: #000000;\">34<\/span><\/td>\n<\/tr>\n<tr>\n<td><span style=\"color: #000000;\">D\u0142ugo\u015b\u0107<\/span><\/td>\n<td><span style=\"font-size: 10pt; font-family: arial, helvetica, sans-serif; color: #000000;\">13,62<\/span><\/td>\n<\/tr>\n<tr>\n<td><span style=\"color: #000000;\">Szeroko\u015b\u0107<\/span><\/td>\n<td style=\"font-size: 10pt; font-family: arial, helvetica, sans-serif; color: #333333;\"><span style=\"color: #000000;\">2,43-2,48<\/span><\/td>\n<\/tr>\n<tr>\n<td><span style=\"color: #000000;\">Wysoko\u015b\u0107<\/span><\/td>\n<td style=\"font-size: 10pt; font-family: arial, helvetica, sans-serif; color: #333333;\"><span style=\"color: #000000;\">2,4-2,6<\/span><\/td>\n<\/tr>\n<\/tbody>\n<\/table>\n<p>[\/vc_column_text][\/vc_column_inner][vc_column_inner width=&#8221;1\/2&#8243;][vc_single_image image=&#8221;2852&#8243; img_size=&#8221;full&#8221; alignment=&#8221;center&#8221; style=&#8221;vc_box_outline&#8221;][\/vc_column_inner][\/vc_row_inner][\/vc_tta_section][\/vc_tta_tabs][vc_row_inner][vc_column_inner][vc_empty_space height=&#8221;32&#8243;][\/vc_column_inner][\/vc_row_inner][\/vc_column][\/vc_row][vc_row full_width=&#8221;stretch_row&#8221; gap=&#8221;25&#8243; css=&#8221;.vc_custom_1508930262882{background-color: #f7f7f7 !important;}&#8221;][vc_column width=&#8221;2\/3&#8243;][vc_empty_space][vc_custom_heading text=&#8221;Wskaz\u00f3wki&#8221; font_container=&#8221;tag:h4|text_align:left&#8221; use_theme_fonts=&#8221;yes&#8221;][vc_empty_space][vc_column_text]\u201eRDK Solutions\u201c\u00a0 \u015bwiadczy us\u0142ugi przewozu i \u0142adunk\u00f3w w ca\u0142ej Europie. Podstawowe kierunki Skandynawia, kraje ba\u0142tyckie, Rosja, Kazachstan, Uzbekistan i inne kraje WNP. Przewozimy tak\u017ce \u0142adunki z\/do W\u0142och, Hiszpanii, Francji, Portugalii, Polski i innych kraj\u00f3w UE.<\/p>\n<p>[\/vc_column_text][vc_row_inner][vc_column_inner width=&#8221;1\/4&#8243; offset=&#8221;vc_hidden-sm vc_hidden-xs&#8221;][stm_circle_progress title=&#8221;Europa&#8221; value=&#8221;40&#8243; size=&#8221;110&#8243; fill_color=&#8221;#ff7b00&#8243;][\/vc_column_inner][vc_column_inner width=&#8221;1\/4&#8243; offset=&#8221;vc_hidden-sm vc_hidden-xs&#8221;][stm_circle_progress title=&#8221;Rosja i WNP&#8221; value=&#8221;30&#8243; size=&#8221;110&#8243; fill_color=&#8221;#ff7b00&#8243;][\/vc_column_inner][vc_column_inner width=&#8221;1\/4&#8243; offset=&#8221;vc_hidden-sm vc_hidden-xs&#8221;][stm_circle_progress title=&#8221;Kraje ba\u0142tyckie&#8221; value=&#8221;20&#8243; size=&#8221;110&#8243; fill_color=&#8221;#ff7b00&#8243;][\/vc_column_inner][vc_column_inner width=&#8221;1\/4&#8243; offset=&#8221;vc_hidden-sm vc_hidden-xs&#8221;][stm_circle_progress title=&#8221;Skandynawia&#8221; value=&#8221;10&#8243; size=&#8221;110&#8243; fill_color=&#8221;#ff7b00&#8243;][\/vc_column_inner][\/vc_row_inner][\/vc_column][vc_column width=&#8221;1\/3&#8243; offset=&#8221;vc_hidden-sm vc_hidden-xs&#8221;][vc_empty_space height=&#8221;32&#8243;][vc_single_image image=&#8221;3268&#8243; img_size=&#8221;full&#8221; alignment=&#8221;center&#8221; style=&#8221;vc_box_outline&#8221; onclick=&#8221;img_link_large&#8221; css_animation=&#8221;fadeIn&#8221;][\/vc_column][\/vc_row][vc_row full_width=&#8221;stretch_row&#8221; css=&#8221;.vc_custom_1511171895512{background-color: #f7f7f7 !important;}&#8221;][vc_column][vc_empty_space][vc_empty_space][\/vc_column][\/vc_row][vc_row full_width=&#8221;stretch_row&#8221; el_class=&#8221;secondary_bg_color&#8221; css=&#8221;.vc_custom_1508741073199{margin-bottom: 0px !important;}&#8221;][vc_column width=&#8221;1\/12&#8243;][\/vc_column][vc_column width=&#8221;10\/12&#8243;][vc_cta h2=&#8221;Chcesz otrzymywa\u0107 oferty? &#8221; shape=&#8221;square&#8221; add_button=&#8221;right&#8221; btn_title=&#8221;WYPE\u0141NIJ FORMULARZ&#8221; btn_style=&#8221;outline&#8221; btn_shape=&#8221;round&#8221; btn_color=&#8221;white&#8221; btn_i_align=&#8221;right&#8221; btn_i_icon_fontawesome=&#8221;stm-arrow-next&#8221; btn_add_icon=&#8221;true&#8221; el_class=&#8221;secondary_bg_color&#8221; btn_link=&#8221;url:http%3A%2F%2Frdksolutions.eu%2Fuzklausa%2F|||&#8221;][\/vc_cta][\/vc_column][vc_column width=&#8221;1\/12&#8243;][\/vc_column][\/vc_row]<\/p>","protected":false},"excerpt":{"rendered":"<p>[vc_row][vc_column][vc_empty_space][\/vc_column][\/vc_row][vc_row full_width=&#8221;stretch_row&#8221; gap=&#8221;25&#8243;][vc_column width=&#8221;8\/12&#8243;][vc_column_text] Przew\u00f3z \u0142adunk\u00f3w drogami l\u0105dowymi \u2013 to najpopularniejszy spos\u00f3b transportowania, dlatego dla tego rodzaju us\u0142ug udzielamy wyj\u0105tkow\u0105 uwag\u0119. Aby zagwarantowa\u0107 szybkie terminy dostawy, ekonomiczne ceny us\u0142ug i wszechstronne bezpiecze\u0144stwo \u0142adunku&#8230;<\/p>\n","protected":false},"author":1,"featured_media":0,"parent":0,"menu_order":0,"comment_status":"closed","ping_status":"closed","template":"","meta":[],"yoast_head":"<!-- This site is optimized with the Yoast SEO plugin v21.1 - https:\/\/yoast.com\/wordpress\/plugins\/seo\/ -->\n<title>Przew\u00f3z \u0142adunk\u00f3w auto transportem - www.rdksolutions.eu<\/title>\n<meta name=\"description\" content=\"Krovini\u0173 perve\u017eimas autotransportu\" \/>\n<meta name=\"robots\" content=\"index, follow, max-snippet:-1, max-image-preview:large, max-video-preview:-1\" \/>\n<link rel=\"canonical\" href=\"https:\/\/rdksolutions.eu\/kroviniu-pervezimas-autotransportu\/\" \/>\n<meta property=\"og:locale\" content=\"pl_PL\" \/>\n<meta property=\"og:type\" content=\"article\" \/>\n<meta property=\"og:title\" content=\"Przew\u00f3z \u0142adunk\u00f3w auto transportem - www.rdksolutions.eu\" \/>\n<meta property=\"og:description\" content=\"Krovini\u0173 perve\u017eimas autotransportu\" \/>\n<meta property=\"og:url\" content=\"https:\/\/rdksolutions.eu\/kroviniu-pervezimas-autotransportu\/\" \/>\n<meta property=\"og:site_name\" content=\"www.rdksolutions.eu\" \/>\n<meta property=\"article:modified_time\" content=\"2018-10-11T09:53:33+00:00\" \/>\n<meta name=\"twitter:card\" content=\"summary_large_image\" \/>\n<meta name=\"twitter:label1\" content=\"Szacowany czas czytania\" \/>\n\t<meta name=\"twitter:data1\" content=\"19 minut\" \/>\n<script type=\"application\/ld+json\" class=\"yoast-schema-graph\">{\"@context\":\"https:\/\/schema.org\",\"@graph\":[{\"@type\":\"WebPage\",\"@id\":\"https:\/\/rdksolutions.eu\/kroviniu-pervezimas-autotransportu\/\",\"url\":\"https:\/\/rdksolutions.eu\/kroviniu-pervezimas-autotransportu\/\",\"name\":\"Przew\u00f3z \u0142adunk\u00f3w auto transportem - www.rdksolutions.eu\",\"isPartOf\":{\"@id\":\"https:\/\/rdksolutions.eu\/pl\/#website\"},\"datePublished\":\"2017-10-23T10:10:00+00:00\",\"dateModified\":\"2018-10-11T09:53:33+00:00\",\"description\":\"Krovini\u0173 perve\u017eimas autotransportu\",\"breadcrumb\":{\"@id\":\"https:\/\/rdksolutions.eu\/kroviniu-pervezimas-autotransportu\/#breadcrumb\"},\"inLanguage\":\"pl-PL\",\"potentialAction\":[{\"@type\":\"ReadAction\",\"target\":[\"https:\/\/rdksolutions.eu\/kroviniu-pervezimas-autotransportu\/\"]}]},{\"@type\":\"BreadcrumbList\",\"@id\":\"https:\/\/rdksolutions.eu\/kroviniu-pervezimas-autotransportu\/#breadcrumb\",\"itemListElement\":[{\"@type\":\"ListItem\",\"position\":1,\"name\":\"Home\",\"item\":\"https:\/\/rdksolutions.eu\/\"},{\"@type\":\"ListItem\",\"position\":2,\"name\":\"Przew\u00f3z \u0142adunk\u00f3w auto transportem\"}]},{\"@type\":\"WebSite\",\"@id\":\"https:\/\/rdksolutions.eu\/pl\/#website\",\"url\":\"https:\/\/rdksolutions.eu\/pl\/\",\"name\":\"www.rdksolutions.eu\",\"description\":\"Transport, logistyka - RDK Solutions\",\"publisher\":{\"@id\":\"https:\/\/rdksolutions.eu\/pl\/#organization\"},\"potentialAction\":[{\"@type\":\"SearchAction\",\"target\":{\"@type\":\"EntryPoint\",\"urlTemplate\":\"https:\/\/rdksolutions.eu\/pl\/?s={search_term_string}\"},\"query-input\":\"required name=search_term_string\"}],\"inLanguage\":\"pl-PL\"},{\"@type\":\"Organization\",\"@id\":\"https:\/\/rdksolutions.eu\/pl\/#organization\",\"name\":\"UAB \\\"RDK Solutions\\\"\",\"url\":\"https:\/\/rdksolutions.eu\/pl\/\",\"logo\":{\"@type\":\"ImageObject\",\"inLanguage\":\"pl-PL\",\"@id\":\"https:\/\/rdksolutions.eu\/pl\/#\/schema\/logo\/image\/\",\"url\":\"https:\/\/rdksolutions.eu\/wp-content\/uploads\/2017\/10\/logo_png_www.rdksolutions.eu_.png\",\"contentUrl\":\"https:\/\/rdksolutions.eu\/wp-content\/uploads\/2017\/10\/logo_png_www.rdksolutions.eu_.png\",\"width\":200,\"height\":90,\"caption\":\"UAB \\\"RDK Solutions\\\"\"},\"image\":{\"@id\":\"https:\/\/rdksolutions.eu\/pl\/#\/schema\/logo\/image\/\"}}]}<\/script>\n<!-- \/ Yoast SEO plugin. -->","yoast_head_json":{"title":"Przew\u00f3z \u0142adunk\u00f3w auto transportem - www.rdksolutions.eu","description":"Krovini\u0173 perve\u017eimas autotransportu","robots":{"index":"index","follow":"follow","max-snippet":"max-snippet:-1","max-image-preview":"max-image-preview:large","max-video-preview":"max-video-preview:-1"},"canonical":"https:\/\/rdksolutions.eu\/kroviniu-pervezimas-autotransportu\/","og_locale":"pl_PL","og_type":"article","og_title":"Przew\u00f3z \u0142adunk\u00f3w auto transportem - www.rdksolutions.eu","og_description":"Krovini\u0173 perve\u017eimas autotransportu","og_url":"https:\/\/rdksolutions.eu\/kroviniu-pervezimas-autotransportu\/","og_site_name":"www.rdksolutions.eu","article_modified_time":"2018-10-11T09:53:33+00:00","twitter_card":"summary_large_image","twitter_misc":{"Szacowany czas czytania":"19 minut"},"schema":{"@context":"https:\/\/schema.org","@graph":[{"@type":"WebPage","@id":"https:\/\/rdksolutions.eu\/kroviniu-pervezimas-autotransportu\/","url":"https:\/\/rdksolutions.eu\/kroviniu-pervezimas-autotransportu\/","name":"Przew\u00f3z \u0142adunk\u00f3w auto transportem - www.rdksolutions.eu","isPartOf":{"@id":"https:\/\/rdksolutions.eu\/pl\/#website"},"datePublished":"2017-10-23T10:10:00+00:00","dateModified":"2018-10-11T09:53:33+00:00","description":"Krovini\u0173 perve\u017eimas autotransportu","breadcrumb":{"@id":"https:\/\/rdksolutions.eu\/kroviniu-pervezimas-autotransportu\/#breadcrumb"},"inLanguage":"pl-PL","potentialAction":[{"@type":"ReadAction","target":["https:\/\/rdksolutions.eu\/kroviniu-pervezimas-autotransportu\/"]}]},{"@type":"BreadcrumbList","@id":"https:\/\/rdksolutions.eu\/kroviniu-pervezimas-autotransportu\/#breadcrumb","itemListElement":[{"@type":"ListItem","position":1,"name":"Home","item":"https:\/\/rdksolutions.eu\/"},{"@type":"ListItem","position":2,"name":"Przew\u00f3z \u0142adunk\u00f3w auto transportem"}]},{"@type":"WebSite","@id":"https:\/\/rdksolutions.eu\/pl\/#website","url":"https:\/\/rdksolutions.eu\/pl\/","name":"www.rdksolutions.eu","description":"Transport, logistyka - RDK Solutions","publisher":{"@id":"https:\/\/rdksolutions.eu\/pl\/#organization"},"potentialAction":[{"@type":"SearchAction","target":{"@type":"EntryPoint","urlTemplate":"https:\/\/rdksolutions.eu\/pl\/?s={search_term_string}"},"query-input":"required name=search_term_string"}],"inLanguage":"pl-PL"},{"@type":"Organization","@id":"https:\/\/rdksolutions.eu\/pl\/#organization","name":"UAB \"RDK Solutions\"","url":"https:\/\/rdksolutions.eu\/pl\/","logo":{"@type":"ImageObject","inLanguage":"pl-PL","@id":"https:\/\/rdksolutions.eu\/pl\/#\/schema\/logo\/image\/","url":"https:\/\/rdksolutions.eu\/wp-content\/uploads\/2017\/10\/logo_png_www.rdksolutions.eu_.png","contentUrl":"https:\/\/rdksolutions.eu\/wp-content\/uploads\/2017\/10\/logo_png_www.rdksolutions.eu_.png","width":200,"height":90,"caption":"UAB \"RDK Solutions\""},"image":{"@id":"https:\/\/rdksolutions.eu\/pl\/#\/schema\/logo\/image\/"}}]}},"_links":{"self":[{"href":"https:\/\/rdksolutions.eu\/pl\/wp-json\/wp\/v2\/pages\/2755"}],"collection":[{"href":"https:\/\/rdksolutions.eu\/pl\/wp-json\/wp\/v2\/pages"}],"about":[{"href":"https:\/\/rdksolutions.eu\/pl\/wp-json\/wp\/v2\/types\/page"}],"author":[{"embeddable":true,"href":"https:\/\/rdksolutions.eu\/pl\/wp-json\/wp\/v2\/users\/1"}],"replies":[{"embeddable":true,"href":"https:\/\/rdksolutions.eu\/pl\/wp-json\/wp\/v2\/comments?post=2755"}],"version-history":[{"count":52,"href":"https:\/\/rdksolutions.eu\/pl\/wp-json\/wp\/v2\/pages\/2755\/revisions"}],"predecessor-version":[{"id":4004,"href":"https:\/\/rdksolutions.eu\/pl\/wp-json\/wp\/v2\/pages\/2755\/revisions\/4004"}],"wp:attachment":[{"href":"https:\/\/rdksolutions.eu\/pl\/wp-json\/wp\/v2\/media?parent=2755"}],"curies":[{"name":"wp","href":"https:\/\/api.w.org\/{rel}","templated":true}]}}