{"id":2163,"date":"2015-10-21T07:42:32","date_gmt":"2015-10-21T07:42:32","guid":{"rendered":"http:\/\/logistics.stylemixthemes.com\/demo\/?page_id=2"},"modified":"2021-12-16T06:21:56","modified_gmt":"2021-12-16T08:21:56","slug":"logistika-kroviniu-pervezimas","status":"publish","type":"page","link":"https:\/\/rdksolutions.eu\/pl\/","title":{"rendered":"PRZEWOZY MI\u0118DZYNARODOWE I US\u0141UGI LOGISTYCZNE"},"content":{"rendered":"<p>[vc_row full_width=&#8221;stretch_row_content_no_spaces&#8221;][vc_column][rev_slider_vc alias=&#8221;main_slider&#8221;][\/vc_column][\/vc_row][vc_row full_width=&#8221;stretch_row&#8221; el_class=&#8221;base_bg_color no_overflow_hidden&#8221; css=&#8221;.vc_custom_1508348043553{background-color: #f7f7f7 !important;}&#8221;][vc_column width=&#8221;1\/4&#8243; offset=&#8221;vc_hidden-xs&#8221;][stm_rev_slider_nav icon=&#8221;stm-people-in-team-old&#8221; slide_number=&#8221;1&#8243; icon_height=&#8221;40&#8243;][\/vc_column][vc_column width=&#8221;1\/4&#8243; offset=&#8221;vc_hidden-xs&#8221;][stm_rev_slider_nav icon=&#8221;stm-clients-worldwide&#8221; slide_number=&#8221;2&#8243; icon_height=&#8221;40&#8243;][\/vc_column][vc_column width=&#8221;1\/4&#8243; offset=&#8221;vc_hidden-xs&#8221;][stm_rev_slider_nav icon=&#8221;stm-transport849&#8243; slide_number=&#8221;3&#8243; icon_height=&#8221;40&#8243;][\/vc_column][vc_column width=&#8221;1\/4&#8243; offset=&#8221;vc_hidden-xs&#8221;][stm_rev_slider_nav icon=&#8221;stm-projects-done&#8221; slide_number=&#8221;4&#8243; icon_height=&#8221;40&#8243;][\/vc_column][\/vc_row][vc_row full_width=&#8221;stretch_row&#8221; content_placement=&#8221;middle&#8221; css=&#8221;.vc_custom_1508408281896{margin-top: 0px !important;margin-bottom: 0px !important;border-top-width: 0px !important;border-bottom-width: 0px !important;padding-top: 0px !important;padding-bottom: 0px !important;background: #f7f7f7 url(http:\/\/rdksolutions.eu\/wp-content\/uploads\/2015\/10\/apie_mus_bg_gelezinkelio_www.rdksolutions.eu_.jpg?id=2377) !important;}&#8221;][vc_column][vc_empty_space][vc_empty_space][vc_row_inner][vc_column_inner width=&#8221;2\/12&#8243;][\/vc_column_inner][vc_column_inner width=&#8221;8\/12&#8243;][vc_custom_heading text=&#8221;PRZEWOZY MI\u0118DZYNARODOWE &#8221; font_container=&#8221;tag:h3|text_align:center|color:%23adaaaf&#8221; use_theme_fonts=&#8221;yes&#8221;][vc_custom_heading text=&#8221;I US\u0141UGI LOGISTYCZNE&#8221; font_container=&#8221;tag:h2|text_align:center&#8221; use_theme_fonts=&#8221;yes&#8221; el_class=&#8221;base_font_color heading_without_line&#8221;][vc_column_text]Dzia\u0142alno\u015b\u0107 \u201eRDK Solutions\u201c \u2013 logistyka i przew\u00f3z \u0142adunk\u00f3w. Oferujemy szerokie spektrum us\u0142ug obejmuj\u0105ce przew\u00f3z \u0142adunk\u00f3w transportem drogowym, morskim, wodnym, powietrznym oraz kolejowym. Tak\u017ce po\u015bredniczymy w urz\u0119dzie celnym, wykonujemy prace prze\u0142adunkowe, mo\u017cemy stworzy\u0107 wszelkie warunki do magazynowania, mamy silny zesp\u00f3\u0142 spedycyjny.<\/p>\n<p>\u0141adunki przewozimy nie tylko na Litwie i w Europie, ale tak\u017ce w krajach WNP i innych. Posiadamy wspaniale rozwini\u0119t\u0105 sie\u0107 przewoz\u00f3w, dlatego swoje us\u0142ugi \u015bwiadczymy za wyj\u0105tkowa konkurencyjn\u0105 cen\u0119.[\/vc_column_text][\/vc_column_inner][vc_column_inner width=&#8221;2\/12&#8243;][\/vc_column_inner][\/vc_row_inner][vc_row_inner][vc_column_inner][vc_empty_space][vc_empty_space][\/vc_column_inner][\/vc_row_inner][vc_row_inner][vc_column_inner width=&#8221;1\/4&#8243;][stm_icon drawing=&#8221;yes&#8221; icon_width_svg=&#8221;77&#8243; icon_size=&#8221;50&#8243; icon_height=&#8221;72&#8243; title_font_size=&#8221;15&#8243; title_font_weight=&#8221;700&#8243; align=&#8221;center&#8221; title=&#8221;PRZEW\u00d3Z \u0141ADUNK\u00d3W&#8221; drawing_icon=&#8221;stm-owned-vehicles&#8221; text=&#8221;\u201eRDK Solutions\u201c &#8211; szybko i jako\u015bciowo dostarczony \u0142adunek, co pozwala klientom odpowiedzialnie i bezpiecznie planowa\u0107 sw\u00f3j czas!&#8221; text_color=&#8221;#333333&#8243; link=&#8221;url:http%3A%2F%2Frdksolutions.eu%2Fkroviniu-pervezimas-autotransportu%2F||target:%20_blank|&#8221; css=&#8221;.vc_custom_1538652425462{padding-top: 32px !important;}&#8221;][\/vc_column_inner][vc_column_inner width=&#8221;1\/4&#8243;][stm_icon drawing=&#8221;yes&#8221; icon_width_svg=&#8221;77&#8243; icon_size=&#8221;50&#8243; icon_height=&#8221;72&#8243; title_font_size=&#8221;15&#8243; title_font_weight=&#8221;700&#8243; align=&#8221;center&#8221; title=&#8221;MAGAZYNOWANIE&#8221; drawing_icon=&#8221;stm-warehousing-service&#8221; text=&#8221;MAGAZYNOWANIE<br \/>\nNasz cel \u2013 to pomoc w rozwoju, wzro\u015bcie Pa\u0144stwa biznesu bez przeznaczania \u015brodk\u00f3w na stworzenie odr\u0119bnego dzia\u0142u logistyki: wszystkie niezb\u0119dne us\u0142ugi logistyczne znajd\u0105 Pa\u0144stwo w \u201eRDK Solutions\u201c!&#8221; text_color=&#8221;#333333&#8243; link=&#8221;url:http%3A%2F%2Frdksolutions.eu%2Fkroviniu-perkrovimo-sandeliavimo-paslaugos%2F||target:%20_blank|&#8221; css=&#8221;.vc_custom_1511371041594{padding-top: 32px !important;}&#8221;][\/vc_column_inner][vc_column_inner width=&#8221;1\/4&#8243;][stm_icon drawing=&#8221;yes&#8221; icon_width_svg=&#8221;77&#8243; icon_size=&#8221;50&#8243; icon_height=&#8221;72&#8243; title_font_size=&#8221;15&#8243; title_font_weight=&#8221;700&#8243; align=&#8221;center&#8221; title=&#8221;PO\u015aREDNICY CELNI&#8221; drawing_icon=&#8221;stm-projects-done&#8221; text=&#8221;Po\u015bwi\u0119\u0107 si\u0119 wa\u017cniejszym sprawom firmy i pozw\u00f3l nam zadba\u0107 nie tylko o przew\u00f3z \u0142adunku, ale tak\u017ce o procedury po\u015brednictwa celnego!&#8221; text_color=&#8221;#333333&#8243; link=&#8221;url:http%3A%2F%2Frdksolutions.eu%2Fmuitines-tarpininkavimas%2F||target:%20_blank|&#8221; css=&#8221;.vc_custom_1511371069887{padding-top: 32px !important;}&#8221;][\/vc_column_inner][vc_column_inner width=&#8221;1\/4&#8243;][stm_icon drawing=&#8221;yes&#8221; icon_width_svg=&#8221;77&#8243; icon_size=&#8221;50&#8243; icon_height=&#8221;72&#8243; title_font_size=&#8221;15&#8243; title_font_weight=&#8221;700&#8243; align=&#8221;center&#8221; title=&#8221;HANDEL&#8221; drawing_icon=&#8221;stm-clients-worldwide&#8221; text=&#8221;\u201eRDK Solutions\u201c \u2013 by Pa\u0144stwa plany biznesowe nie zna\u0142y granic!&#8221; text_color=&#8221;#333333&#8243; link=&#8221;url:http%3A%2F%2Frdksolutions.eu%2Fprekyba%2F||target:%20_blank|&#8221; css=&#8221;.vc_custom_1511371093543{padding-top: 32px !important;}&#8221;][\/vc_column_inner][\/vc_row_inner][vc_empty_space][vc_empty_space][\/vc_column][\/vc_row][vc_row full_width=&#8221;stretch_row_content&#8221; equal_height=&#8221;yes&#8221; content_placement=&#8221;middle&#8221; video_bg=&#8221;yes&#8221; video_bg_url=&#8221;https:\/\/www.youtube.com\/watch?v=y1EJtYGcwoU&amp;feature=youtu.be&#8221; css=&#8221;.vc_custom_1510060985753{margin-top: 0px !important;margin-right: 0px !important;margin-bottom: 0px !important;border-top-width: 0px !important;border-right-width: 0px !important;border-bottom-width: 0px !important;padding-top: 0px !important;padding-right: 0px !important;padding-bottom: 0px !important;background-image: url(http:\/\/rdksolutions.eu\/wp-content\/uploads\/2015\/10\/privalumai_www.rdksolutions.jpg?id=3254) !important;}&#8221;][vc_column css=&#8221;.vc_custom_1508349276474{margin-right: 0px !important;}&#8221;][vc_row_inner content_placement=&#8221;top&#8221; gap=&#8221;35&#8243; css=&#8221;.vc_custom_1510060089501{padding-top: 100px !important;padding-right: 30px !important;padding-left: 30px !important;background-color: rgba(21,21,21,0.55) !important;*background-color: rgb(21,21,21) !important;}&#8221; el_class=&#8221;baltai_tekstas&#8221;][vc_column_inner width=&#8221;6\/12&#8243;][stm_icon icon_position=&#8221;icon_position_left&#8221; icon_size=&#8221;28&#8243; icon_width=&#8221;48&#8243; title_font_size=&#8221;28&#8243; title_font_weight=&#8221;700&#8243; icon=&#8221;fa fa-check-square&#8221; title=&#8221;BEZPIECZE\u0143STWO&#8221; title_color=&#8221;#ff7b00&#8243; text_color=&#8221;#f7f7f7&#8243;][vc_empty_space][vc_column_text]<span style=\"color: #ffffff;\">Pa\u0144stwa \u0142adunku zostan\u0105 ubezpieczone w wiarygodnych sp\u00f3\u0142kach ubezpieczeniowych \u201cMarine Underwriting Services\u201d lub \u201cCoface\u201d, co ochroni Pa\u0144stwo przed niewywi\u0105zaniem si\u0119 klient\u00f3w z zobowi\u0105za\u0144 finansowych.<\/span>[\/vc_column_text][\/vc_column_inner][vc_column_inner width=&#8221;6\/12&#8243;][stm_icon icon_position=&#8221;icon_position_left&#8221; icon_size=&#8221;28&#8243; icon_width=&#8221;48&#8243; title_font_size=&#8221;28&#8243; title_font_weight=&#8221;700&#8243; icon=&#8221;fa fa-check-square&#8221; title=&#8221;WSP\u00d3\u0141PRACA&#8221; title_color=&#8221;#ff7b00&#8243; text_color=&#8221;#f7f7f7&#8243;][vc_empty_space][vc_column_text]<span style=\"color: #ffffff;\">Utrzymujemy \u015bcis\u0142e wi\u0119zi ze swymi klientami i partnerami, wys\u0142uchujemy ich potrzeby i robimy wszystko, aby nie tylko spe\u0142nia\u0107, ale tak\u017ce przekroczy\u0107 pok\u0142adane w nas oczekiwania. <\/span>[\/vc_column_text][\/vc_column_inner][\/vc_row_inner][vc_row_inner content_placement=&#8221;top&#8221; gap=&#8221;35&#8243; css=&#8221;.vc_custom_1510060141771{padding-top: 5px !important;padding-right: 30px !important;padding-bottom: 100px !important;padding-left: 30px !important;background-color: rgba(21,21,21,0.55) !important;*background-color: rgb(21,21,21) !important;}&#8221; el_class=&#8221;baltai_tekstas&#8221;][vc_column_inner width=&#8221;6\/12&#8243;][stm_icon icon_position=&#8221;icon_position_left&#8221; icon_size=&#8221;28&#8243; icon_width=&#8221;48&#8243; title_font_size=&#8221;28&#8243; title_font_weight=&#8221;700&#8243; icon=&#8221;fa fa-check-square&#8221; title=&#8221;PROFESJONALIZM&#8221; title_color=&#8221;#ff7b00&#8243; text_color=&#8221;#f7f7f7&#8243;][vc_empty_space][vc_column_text]<span style=\"color: #ffffff;\">Stworzyli\u015bmy niezawodny zesp\u00f3\u0142 wykwalifikowanych specjalist\u00f3w, kt\u00f3ry w dziedzinie transportu pracuje nie jeden rok i wie, jak rozwi\u0105za\u0107 nawet najbardziej skomplikowane sytuacje. <\/span>[\/vc_column_text][\/vc_column_inner][vc_column_inner width=&#8221;6\/12&#8243;][stm_icon icon_position=&#8221;icon_position_left&#8221; icon_size=&#8221;28&#8243; icon_width=&#8221;48&#8243; title_font_size=&#8221;28&#8243; title_font_weight=&#8221;700&#8243; icon=&#8221;fa fa-check-square&#8221; title=&#8221;OPERATYWNO\u015a\u0106&#8221; title_color=&#8221;#ff7b00&#8243; text_color=&#8221;#f7f7f7&#8243;][vc_empty_space][vc_column_text]<span style=\"color: #ffffff;\">Na ka\u017cd\u0105 zaistnia\u0142a sytuacj\u0119 reagujemy operatywnie anga\u017cuj\u0105c specjalist\u00f3w, kt\u00f3rzy mog\u0105 pom\u00f3c w zapewnieniu maksymalnej efektywno\u015bci us\u0142ug.<\/span>[\/vc_column_text][\/vc_column_inner][\/vc_row_inner][\/vc_column][\/vc_row][vc_row full_width=&#8221;stretch_row&#8221; css=&#8221;.vc_custom_1509533376724{background-color: #f4f4f4 !important;background-position: center !important;background-repeat: no-repeat !important;background-size: cover !important;}&#8221;][vc_column][vc_empty_space][vc_custom_heading text=&#8221;Kontakty&#8221; use_theme_fonts=&#8221;yes&#8221;][vc_row_inner][vc_column_inner width=&#8221;4\/12&#8243;][vc_column_text css=&#8221;.vc_custom_1511371332767{margin-bottom: 0px !important;border-bottom-width: 0px !important;padding-bottom: 32px !important;}&#8221;]Nie wiesz w jaki spos\u00f3b transportowa\u0107 \u0142adunek? Chcesz wiedzie\u0107 dok\u0142adny czas przewozu? Skontaktuj si\u0119 z nami osobi\u015bcie lub prze\u015blij zapytanie, a my skontaktujemy si\u0119 z Tob\u0105![\/vc_column_text][stm_icon icon_position=&#8221;icon_position_left&#8221; icon_size=&#8221;16&#8243; icon_width=&#8221;30&#8243; title_font_size=&#8221;14&#8243; title_font_weight=&#8221;500&#8243; text_color=&#8221;#333333&#8243; css=&#8221;.vc_custom_1580905564414{margin-top: 0px !important;margin-bottom: 0px !important;border-top-width: 0px !important;border-bottom-width: 0px !important;padding-top: 0px !important;padding-bottom: 0px !important;}&#8221; icon=&#8221;fa fa-map-marker&#8221; title=&#8221;Pa\u0161to g. 13, Pabrad\u0117, LT-18017 Lithuania&#8221;][vc_empty_space height=&#8221;16&#8243;][stm_icon icon_position=&#8221;icon_position_left&#8221; icon_size=&#8221;16&#8243; icon_width=&#8221;30&#8243; title_font_size=&#8221;14&#8243; title_font_weight=&#8221;500&#8243; icon=&#8221;fa fa-phone&#8221; text_color=&#8221;#333333&#8243; title=&#8221;+370 611 37771&#8243;][vc_empty_space height=&#8221;16&#8243;][stm_icon icon_position=&#8221;icon_position_left&#8221; icon_size=&#8221;14&#8243; icon_width=&#8221;30&#8243; title_font_size=&#8221;14&#8243; title_font_weight=&#8221;500&#8243; icon=&#8221;fa fa-envelope-o&#8221; text_color=&#8221;#333333&#8243; title=&#8221;info@rdksolutions.eu &#8222;][vc_empty_space][\/vc_column_inner][vc_column_inner width=&#8221;8\/12&#8221;]\n<div class=\"wpcf7 no-js\" id=\"wpcf7-f3465-o4\" lang=\"en-US\" dir=\"ltr\">\n<div class=\"screen-reader-response\"><p role=\"status\" aria-live=\"polite\" aria-atomic=\"true\"><\/p> <ul><\/ul><\/div>\n<form action=\"\/pl\/wp-json\/wp\/v2\/pages\/2163#wpcf7-f3465-o4\" method=\"post\" class=\"wpcf7-form init\" aria-label=\"Contact form\" novalidate=\"novalidate\" data-status=\"init\">\n<div style=\"display: none;\">\n<input type=\"hidden\" name=\"_wpcf7\" value=\"3465\" \/>\n<input type=\"hidden\" name=\"_wpcf7_version\" value=\"5.7.7\" \/>\n<input type=\"hidden\" name=\"_wpcf7_locale\" value=\"en_US\" \/>\n<input type=\"hidden\" name=\"_wpcf7_unit_tag\" value=\"wpcf7-f3465-o4\" \/>\n<input type=\"hidden\" name=\"_wpcf7_container_post\" value=\"0\" \/>\n<input type=\"hidden\" name=\"_wpcf7_posted_data_hash\" value=\"\" \/>\n<\/div>\n<div class=\"request_quote\">\n\t<div class=\"row\">\n\t\t<div class=\"col-lg-6 col-md-6 col-sm-6 col-xs-12\">\n\t\t\t<div class=\"input-group\">\n\t\t\t\t<p><span class=\"wpcf7-form-control-wrap\" data-name=\"freight_type\"><select class=\"wpcf7-form-control wpcf7-select\" aria-invalid=\"false\" name=\"freight_type\"><option value=\"\">Typ \u0142adunku<\/option><option value=\"Ca\u0142y \u0142adunek\">Ca\u0142y \u0142adunek<\/option><option value=\"\u0141adunek cz\u0119\u015bciowy\">\u0141adunek cz\u0119\u015bciowy<\/option><\/select><\/span>\n\t\t\t\t<\/p>\n\t\t\t<\/div>\n\t\t\t<div class=\"input-group\">\n\t\t\t\t<p><span class=\"wpcf7-form-control-wrap\" data-name=\"departure_city\"><input size=\"40\" class=\"wpcf7-form-control wpcf7-text wpcf7-validates-as-required\" aria-required=\"true\" aria-invalid=\"false\" placeholder=\"Adres za\u0142adunku\" value=\"\" type=\"text\" name=\"departure_city\" \/><\/span>\n\t\t\t\t<\/p>\n\t\t\t<\/div>\n\t\t\t<div class=\"input-group\">\n\t\t\t\t<p><span class=\"wpcf7-form-control-wrap\" data-name=\"delivery_city\"><input size=\"40\" class=\"wpcf7-form-control wpcf7-text\" aria-invalid=\"false\" placeholder=\"Adres roz\u0142adunku\" value=\"\" type=\"text\" name=\"delivery_city\" \/><\/span>\n\t\t\t\t<\/p>\n\t\t\t<\/div>\n\t\t\t<div class=\"input-group\">\n\t\t\t\t<p><span class=\"wpcf7-form-control-wrap\" data-name=\"total_weight\"><input size=\"40\" class=\"wpcf7-form-control wpcf7-text\" aria-invalid=\"false\" placeholder=\"Ca\u0142kowita waga Gross (KG)\" value=\"\" type=\"text\" name=\"total_weight\" \/><\/span>\n\t\t\t\t<\/p>\n\t\t\t<\/div>\n\t\t<\/div>\n\t\t<div class=\"col-lg-6 col-md-6 col-sm-6 col-xs-12\">\n\t\t\t<div class=\"input-group\">\n\t\t\t\t<p><span class=\"wpcf7-form-control-wrap\" data-name=\"dimension\"><input size=\"40\" class=\"wpcf7-form-control wpcf7-text\" aria-invalid=\"false\" placeholder=\"Obj\u0119to\u015b\u0107\" value=\"\" type=\"text\" name=\"dimension\" \/><\/span>\n\t\t\t\t<\/p>\n\t\t\t<\/div>\n\t\t\t<div class=\"input-group\">\n\t\t\t\t<p><span class=\"wpcf7-form-control-wrap\" data-name=\"email\"><input size=\"40\" class=\"wpcf7-form-control wpcf7-text wpcf7-email wpcf7-validates-as-required wpcf7-validates-as-email\" aria-required=\"true\" aria-invalid=\"false\" placeholder=\"E-mail\" value=\"\" type=\"email\" name=\"email\" \/><\/span>\n\t\t\t\t<\/p>\n\t\t\t<\/div>\n\t\t\t<div class=\"input-group\">\n\t\t\t\t<p><span class=\"wpcf7-form-control-wrap\" data-name=\"message\"><textarea cols=\"40\" rows=\"10\" class=\"wpcf7-form-control wpcf7-textarea\" aria-invalid=\"false\" placeholder=\"Wiadomo\u015b\u0107\" name=\"message\"><\/textarea><\/span>\n\t\t\t\t<\/p>\n\t\t\t<\/div>\n\t\t\t<div class=\"input-group\">\n\t\t\t\t<p><button class=\"button size-sm fullwidth white-text theme-wpcf7-submit\">Wys\u0142a\u0107 <i class=\"stm-arrow-next\"><\/i><\/button>\n\t\t\t\t<\/p>\n\t\t\t<\/div>\n\t\t<\/div>\n\t<\/div>\n<\/div><div class=\"wpcf7-response-output\" aria-hidden=\"true\"><\/div>\n<\/form>\n<\/div>\n[\/vc_column_inner][\/vc_row_inner][vc_empty_space][\/vc_column][\/vc_row][vc_row full_width=&#8221;stretch_row_content_no_spaces&#8221;][vc_column][vc_gmaps link=&#8221;#E-8_JTNDaWZyYW1lJTIwc3JjJTNEJTIyaHR0cHMlM0ElMkYlMkZ3d3cuZ29vZ2xlLmNvbSUyRm1hcHMlMkZlbWJlZCUzRnBiJTNEJTIxMW0xOCUyMTFtMTIlMjExbTMlMjExZDIyODkuNDM1NDUxNTY1MDI2NiUyMTJkMjUuNzcyMzA5NzE1OTAwNzk2JTIxM2Q1NC45ODI5OTg4ODAzNTQ0OCUyMTJtMyUyMTFmMCUyMTJmMCUyMTNmMCUyMTNtMiUyMTFpMTAyNCUyMTJpNzY4JTIxNGYxMy4xJTIxM20zJTIxMW0yJTIxMXMweDQ2ZGQwYzkxNzMzMDVkMzclMjUzQTB4ODY1M2VlODg2YWI2Y2FlZSUyMTJzUGElMjVDNSUyNUExdG8lMjUyMGcuJTI1MjAxMyUyNTJDJTI1MjBQYWJyYWQlMjVDNCUyNTk3JTI1MjAxODE4MiUyNTJDJTI1MjBMaXR3YSUyMTVlMCUyMTNtMiUyMTFzcGwlMjEyc3BsJTIxNHYxNTgwOTA1MDM3NTkwJTIxNW0yJTIxMXNwbCUyMTJzcGwlMjIlMjB3aWR0aCUzRCUyMjIwMDAlMjIlMjBoZWlnaHQlM0QlMjI0MDAlMjIlMjBmcmFtZWJvcmRlciUzRCUyMjAlMjIlMjBzdHlsZSUzRCUyMmJvcmRlciUzQTAlM0IlMjIlMjBhbGxvd2Z1bGxzY3JlZW4lM0QlMjIlMjIlM0UlM0MlMkZpZnJhbWUlM0U=&#8221;][\/vc_column][\/vc_row]<\/p>","protected":false},"excerpt":{"rendered":"<p>[vc_row full_width=&#8221;stretch_row_content_no_spaces&#8221;][vc_column][rev_slider_vc alias=&#8221;main_slider&#8221;][\/vc_column][\/vc_row][vc_row full_width=&#8221;stretch_row&#8221; el_class=&#8221;base_bg_color no_overflow_hidden&#8221; css=&#8221;.vc_custom_1508348043553{background-color: #f7f7f7 !important;}&#8221;][vc_column width=&#8221;1\/4&#8243; offset=&#8221;vc_hidden-xs&#8221;][stm_rev_slider_nav icon=&#8221;stm-people-in-team-old&#8221; slide_number=&#8221;1&#8243; icon_height=&#8221;40&#8243;][\/vc_column][vc_column width=&#8221;1\/4&#8243; offset=&#8221;vc_hidden-xs&#8221;][stm_rev_slider_nav icon=&#8221;stm-clients-worldwide&#8221; slide_number=&#8221;2&#8243; icon_height=&#8221;40&#8243;][\/vc_column][vc_column width=&#8221;1\/4&#8243; offset=&#8221;vc_hidden-xs&#8221;][stm_rev_slider_nav icon=&#8221;stm-transport849&#8243; slide_number=&#8221;3&#8243; icon_height=&#8221;40&#8243;][\/vc_column][vc_column width=&#8221;1\/4&#8243; offset=&#8221;vc_hidden-xs&#8221;][stm_rev_slider_nav icon=&#8221;stm-projects-done&#8221; slide_number=&#8221;4&#8243; icon_height=&#8221;40&#8243;][\/vc_column][\/vc_row][vc_row full_width=&#8221;stretch_row&#8221; content_placement=&#8221;middle&#8221; css=&#8221;.vc_custom_1508408281896{margin-top: 0px&#8230;<\/p>\n","protected":false},"author":1,"featured_media":0,"parent":0,"menu_order":0,"comment_status":"closed","ping_status":"closed","template":"","meta":[],"yoast_head":"<!-- This site is optimized with the Yoast SEO plugin v21.1 - https:\/\/yoast.com\/wordpress\/plugins\/seo\/ -->\n<title>Logistika ir krovini\u0173 perve\u017eimas- UAB &quot;RDK Solutions&quot;<\/title>\n<meta name=\"description\" content=\"Logistika ir krovini\u0173 perve\u017eimas: perve\u017eame krovinius, teikiame sand\u0117liavimo, muitin\u0117s tarpinink\u0173 paslaugas- UAB &quot;RDK Solutions&quot;\" \/>\n<meta name=\"robots\" content=\"index, follow, max-snippet:-1, max-image-preview:large, max-video-preview:-1\" \/>\n<link rel=\"canonical\" href=\"https:\/\/rdksolutions.eu\/\" \/>\n<meta property=\"og:locale\" content=\"pl_PL\" \/>\n<meta property=\"og:type\" content=\"article\" \/>\n<meta property=\"og:title\" content=\"Logistika ir krovini\u0173 perve\u017eimas- UAB &quot;RDK Solutions&quot;\" \/>\n<meta property=\"og:description\" content=\"Logistika ir krovini\u0173 perve\u017eimas: perve\u017eame krovinius, teikiame sand\u0117liavimo, muitin\u0117s tarpinink\u0173 paslaugas- UAB &quot;RDK Solutions&quot;\" \/>\n<meta property=\"og:url\" content=\"https:\/\/rdksolutions.eu\/\" \/>\n<meta property=\"og:site_name\" content=\"www.rdksolutions.eu\" \/>\n<meta property=\"article:modified_time\" content=\"2021-12-16T08:21:56+00:00\" \/>\n<meta name=\"twitter:card\" content=\"summary_large_image\" \/>\n<meta name=\"twitter:label1\" content=\"Szacowany czas czytania\" \/>\n\t<meta name=\"twitter:data1\" content=\"4 minuty\" \/>\n<script type=\"application\/ld+json\" class=\"yoast-schema-graph\">{\"@context\":\"https:\/\/schema.org\",\"@graph\":[{\"@type\":\"WebPage\",\"@id\":\"https:\/\/rdksolutions.eu\/\",\"url\":\"https:\/\/rdksolutions.eu\/\",\"name\":\"Logistika ir krovini\u0173 perve\u017eimas- UAB \\\"RDK Solutions\\\"\",\"isPartOf\":{\"@id\":\"https:\/\/rdksolutions.eu\/pl\/#website\"},\"datePublished\":\"2015-10-21T07:42:32+00:00\",\"dateModified\":\"2021-12-16T08:21:56+00:00\",\"description\":\"Logistika ir krovini\u0173 perve\u017eimas: perve\u017eame krovinius, teikiame sand\u0117liavimo, muitin\u0117s tarpinink\u0173 paslaugas- UAB \\\"RDK Solutions\\\"\",\"breadcrumb\":{\"@id\":\"https:\/\/rdksolutions.eu\/#breadcrumb\"},\"inLanguage\":\"pl-PL\",\"potentialAction\":[{\"@type\":\"ReadAction\",\"target\":[\"https:\/\/rdksolutions.eu\/\"]}]},{\"@type\":\"BreadcrumbList\",\"@id\":\"https:\/\/rdksolutions.eu\/#breadcrumb\",\"itemListElement\":[{\"@type\":\"ListItem\",\"position\":1,\"name\":\"Home\",\"item\":\"https:\/\/rdksolutions.eu\/\"},{\"@type\":\"ListItem\",\"position\":2,\"name\":\"PRZEWOZY MI\u0118DZYNARODOWE I US\u0141UGI LOGISTYCZNE\"}]},{\"@type\":\"WebSite\",\"@id\":\"https:\/\/rdksolutions.eu\/pl\/#website\",\"url\":\"https:\/\/rdksolutions.eu\/pl\/\",\"name\":\"www.rdksolutions.eu\",\"description\":\"Transport, logistyka - RDK Solutions\",\"publisher\":{\"@id\":\"https:\/\/rdksolutions.eu\/pl\/#organization\"},\"potentialAction\":[{\"@type\":\"SearchAction\",\"target\":{\"@type\":\"EntryPoint\",\"urlTemplate\":\"https:\/\/rdksolutions.eu\/pl\/?s={search_term_string}\"},\"query-input\":\"required name=search_term_string\"}],\"inLanguage\":\"pl-PL\"},{\"@type\":\"Organization\",\"@id\":\"https:\/\/rdksolutions.eu\/pl\/#organization\",\"name\":\"UAB \\\"RDK Solutions\\\"\",\"url\":\"https:\/\/rdksolutions.eu\/pl\/\",\"logo\":{\"@type\":\"ImageObject\",\"inLanguage\":\"pl-PL\",\"@id\":\"https:\/\/rdksolutions.eu\/pl\/#\/schema\/logo\/image\/\",\"url\":\"https:\/\/rdksolutions.eu\/wp-content\/uploads\/2017\/10\/logo_png_www.rdksolutions.eu_.png\",\"contentUrl\":\"https:\/\/rdksolutions.eu\/wp-content\/uploads\/2017\/10\/logo_png_www.rdksolutions.eu_.png\",\"width\":200,\"height\":90,\"caption\":\"UAB \\\"RDK Solutions\\\"\"},\"image\":{\"@id\":\"https:\/\/rdksolutions.eu\/pl\/#\/schema\/logo\/image\/\"}}]}<\/script>\n<!-- \/ Yoast SEO plugin. -->","yoast_head_json":{"title":"Logistika ir krovini\u0173 perve\u017eimas- UAB \"RDK Solutions\"","description":"Logistika ir krovini\u0173 perve\u017eimas: perve\u017eame krovinius, teikiame sand\u0117liavimo, muitin\u0117s tarpinink\u0173 paslaugas- UAB \"RDK Solutions\"","robots":{"index":"index","follow":"follow","max-snippet":"max-snippet:-1","max-image-preview":"max-image-preview:large","max-video-preview":"max-video-preview:-1"},"canonical":"https:\/\/rdksolutions.eu\/","og_locale":"pl_PL","og_type":"article","og_title":"Logistika ir krovini\u0173 perve\u017eimas- UAB \"RDK Solutions\"","og_description":"Logistika ir krovini\u0173 perve\u017eimas: perve\u017eame krovinius, teikiame sand\u0117liavimo, muitin\u0117s tarpinink\u0173 paslaugas- UAB \"RDK Solutions\"","og_url":"https:\/\/rdksolutions.eu\/","og_site_name":"www.rdksolutions.eu","article_modified_time":"2021-12-16T08:21:56+00:00","twitter_card":"summary_large_image","twitter_misc":{"Szacowany czas czytania":"4 minuty"},"schema":{"@context":"https:\/\/schema.org","@graph":[{"@type":"WebPage","@id":"https:\/\/rdksolutions.eu\/","url":"https:\/\/rdksolutions.eu\/","name":"Logistika ir krovini\u0173 perve\u017eimas- UAB \"RDK Solutions\"","isPartOf":{"@id":"https:\/\/rdksolutions.eu\/pl\/#website"},"datePublished":"2015-10-21T07:42:32+00:00","dateModified":"2021-12-16T08:21:56+00:00","description":"Logistika ir krovini\u0173 perve\u017eimas: perve\u017eame krovinius, teikiame sand\u0117liavimo, muitin\u0117s tarpinink\u0173 paslaugas- UAB \"RDK Solutions\"","breadcrumb":{"@id":"https:\/\/rdksolutions.eu\/#breadcrumb"},"inLanguage":"pl-PL","potentialAction":[{"@type":"ReadAction","target":["https:\/\/rdksolutions.eu\/"]}]},{"@type":"BreadcrumbList","@id":"https:\/\/rdksolutions.eu\/#breadcrumb","itemListElement":[{"@type":"ListItem","position":1,"name":"Home","item":"https:\/\/rdksolutions.eu\/"},{"@type":"ListItem","position":2,"name":"PRZEWOZY MI\u0118DZYNARODOWE I US\u0141UGI LOGISTYCZNE"}]},{"@type":"WebSite","@id":"https:\/\/rdksolutions.eu\/pl\/#website","url":"https:\/\/rdksolutions.eu\/pl\/","name":"www.rdksolutions.eu","description":"Transport, logistyka - RDK Solutions","publisher":{"@id":"https:\/\/rdksolutions.eu\/pl\/#organization"},"potentialAction":[{"@type":"SearchAction","target":{"@type":"EntryPoint","urlTemplate":"https:\/\/rdksolutions.eu\/pl\/?s={search_term_string}"},"query-input":"required name=search_term_string"}],"inLanguage":"pl-PL"},{"@type":"Organization","@id":"https:\/\/rdksolutions.eu\/pl\/#organization","name":"UAB \"RDK Solutions\"","url":"https:\/\/rdksolutions.eu\/pl\/","logo":{"@type":"ImageObject","inLanguage":"pl-PL","@id":"https:\/\/rdksolutions.eu\/pl\/#\/schema\/logo\/image\/","url":"https:\/\/rdksolutions.eu\/wp-content\/uploads\/2017\/10\/logo_png_www.rdksolutions.eu_.png","contentUrl":"https:\/\/rdksolutions.eu\/wp-content\/uploads\/2017\/10\/logo_png_www.rdksolutions.eu_.png","width":200,"height":90,"caption":"UAB \"RDK Solutions\""},"image":{"@id":"https:\/\/rdksolutions.eu\/pl\/#\/schema\/logo\/image\/"}}]}},"_links":{"self":[{"href":"https:\/\/rdksolutions.eu\/pl\/wp-json\/wp\/v2\/pages\/2163"}],"collection":[{"href":"https:\/\/rdksolutions.eu\/pl\/wp-json\/wp\/v2\/pages"}],"about":[{"href":"https:\/\/rdksolutions.eu\/pl\/wp-json\/wp\/v2\/types\/page"}],"author":[{"embeddable":true,"href":"https:\/\/rdksolutions.eu\/pl\/wp-json\/wp\/v2\/users\/1"}],"replies":[{"embeddable":true,"href":"https:\/\/rdksolutions.eu\/pl\/wp-json\/wp\/v2\/comments?post=2163"}],"version-history":[{"count":188,"href":"https:\/\/rdksolutions.eu\/pl\/wp-json\/wp\/v2\/pages\/2163\/revisions"}],"predecessor-version":[{"id":4175,"href":"https:\/\/rdksolutions.eu\/pl\/wp-json\/wp\/v2\/pages\/2163\/revisions\/4175"}],"wp:attachment":[{"href":"https:\/\/rdksolutions.eu\/pl\/wp-json\/wp\/v2\/media?parent=2163"}],"curies":[{"name":"wp","href":"https:\/\/api.w.org\/{rel}","templated":true}]}}