{"id":685,"date":"2015-11-24T07:42:31","date_gmt":"2015-11-24T09:42:31","guid":{"rendered":"http:\/\/logistics.stylemixthemes.com\/demo\/?page_id=685"},"modified":"2018-10-11T06:38:06","modified_gmt":"2018-10-11T08:38:06","slug":"paslaugos","status":"publish","type":"page","link":"https:\/\/rdksolutions.eu\/en\/paslaugos\/","title":{"rendered":"SERVICES"},"content":{"rendered":"<p>[vc_row full_width=&#8221;stretch_row_content&#8221; css=&#8221;.vc_custom_1508770963973{margin-top: 0px !important;border-top-width: 0px !important;padding-top: 0px !important;background-image: url(http:\/\/rdksolutions.eu\/wp-content\/uploads\/2015\/10\/apie_mus_bg_gelezinkelio_www.rdksolutions.eu_.jpg?id=2377) !important;}&#8221;][vc_column width=&#8221;2\/12&#8243;][\/vc_column][vc_column width=&#8221;8\/12&#8243;][vc_custom_heading text=&#8221;TRANSPORT AND&#8221; font_container=&#8221;tag:h3|text_align:center|color:%23adaaaf&#8221; use_theme_fonts=&#8221;yes&#8221; css=&#8221;.vc_custom_1511031526034{margin-bottom: 0px !important;border-bottom-width: 0px !important;padding-bottom: 0px !important;}&#8221;][vc_custom_heading text=&#8221;LOGISTICS SERVICES&#8221; font_container=&#8221;tag:h2|text_align:center&#8221; use_theme_fonts=&#8221;yes&#8221; css=&#8221;.vc_custom_1511031540511{margin-top: -30px !important;border-top-width: 0px !important;padding-top: 0px !important;}&#8221;][vc_column_text]We offer a very wide range of services, covering the transport of goods by road, sea, water, air or rail. We also mediate in customs, carry out cargo transhipment, we can provide all the conditions for their storage and we have a strong forwarding team.<\/p>\n<p>We transport cargoes not only in Lithuania and Europe, but also in the CIS or other foreign countries. Because we have a well-developed transportation network, we provide our services at an extremely competitive price.[\/vc_column_text][vc_empty_space][vc_empty_space][\/vc_column][vc_column width=&#8221;2\/12&#8243;][\/vc_column][\/vc_row][vc_row full_width=&#8221;stretch_row&#8221; gap=&#8221;25&#8243; full_height=&#8221;yes&#8221; columns_placement=&#8221;top&#8221; equal_height=&#8221;yes&#8221; content_placement=&#8221;top&#8221; parallax=&#8221;content-moving&#8221; css=&#8221;.vc_custom_1508774129932{margin-top: 0px !important;margin-bottom: 0px !important;border-top-width: 0px !important;border-bottom-width: 0px !important;padding-top: 0px !important;padding-bottom: 0px !important;background-image: url(http:\/\/rdksolutions.eu\/wp-content\/uploads\/2015\/11\/sandelys3_www.rdksolutions..jpg?id=2807) !important;}&#8221;][vc_column][vc_empty_space][vc_row_inner equal_height=&#8221;yes&#8221; gap=&#8221;25&#8243; css=&#8221;.vc_custom_1508773222003{margin-top: 0px !important;margin-bottom: 0px !important;border-top-width: 0px !important;border-bottom-width: 0px !important;padding-top: 0px !important;padding-bottom: 0px !important;background-position: center !important;background-repeat: no-repeat !important;background-size: cover !important;}&#8221;][vc_column_inner width=&#8221;1\/3&#8243;][stm_service_info img_size=&#8221;500\/300&#8243; image=&#8221;2816&#8243; css=&#8221;.vc_custom_1511031712066{background-color: #f4f4f4 !important;}&#8221;]<\/p>\n<h6 style=\"text-align: center;\"><a style=\"decoration: none!Important; color: #333;\" href=\"http:\/\/rdksolutions.eu\/kroviniu-pervezimas-autotransportu\/\">CARGO TRANSPORT BY ROAD TRANSPORT<\/a><\/h6>\n<p style=\"text-align: center;\">We carry both partial and full cargo by road. We guarantee compliance with the terms, good rates and cargo security.<\/p>\n<p style=\"text-align: center;\"><a href=\"http:\/\/rdksolutions.eu\/kroviniu-pervezimas-autotransportu\/\">more <i class=\"fa fa-long-arrow-right\" aria-hidden=\"true\"><\/i><\/a><\/p>\n<p>[\/stm_service_info][\/vc_column_inner][vc_column_inner width=&#8221;1\/3&#8243;][stm_service_info img_size=&#8221;500\/300&#8243; image=&#8221;2817&#8243; css=&#8221;.vc_custom_1511031758226{background-color: #f4f4f4 !important;}&#8221;]<\/p>\n<h6 style=\"text-align: center;\"><a style=\"decoration: none!Important; color: #333;\" href=\"http:\/\/rdksolutions.eu\/kroviniu-gabenimas-oru\/\">CARGO TRANSPORTATION BY AIR<\/a><\/h6>\n<p style=\"text-align: center;\">Our company organizes export from Lithuania to the main airports of the world and vice versa &#8211; from foreign countries to Lithuania.<\/p>\n<p style=\"text-align: center;\"><a href=\"http:\/\/rdksolutions.eu\/kroviniu-gabenimas-oru\/\">more <i class=\"fa fa-long-arrow-right\" aria-hidden=\"true\"><\/i><\/a><\/p>\n<p>[\/stm_service_info][\/vc_column_inner][vc_column_inner width=&#8221;1\/3&#8243;][stm_service_info img_size=&#8221;500\/300&#8243; image=&#8221;2818&#8243; css=&#8221;.vc_custom_1511031803251{background-color: #f4f4f4 !important;}&#8221;]<\/p>\n<h6 style=\"text-align: center;\"><a style=\"decoration: none!Important; color: #333;\" href=\"http:\/\/rdksolutions.eu\/kroviniu-gabenimas-jura\/\">CARGO TRANSPORTATION BY SEA<\/a><\/h6>\n<p style=\"text-align: center;\">We will provide professional shipping services, in which you will only need to specify loading and destination locations.<\/p>\n<p style=\"text-align: center;\"><a href=\"http:\/\/rdksolutions.eu\/kroviniu-gabenimas-jura\/\">more <i class=\"fa fa-long-arrow-right\" aria-hidden=\"true\"><\/i><\/a><\/p>\n<p>[\/stm_service_info][\/vc_column_inner][\/vc_row_inner][vc_row_inner equal_height=&#8221;yes&#8221; gap=&#8221;25&#8243; css=&#8221;.vc_custom_1508773227890{margin-top: 0px !important;margin-bottom: 0px !important;border-top-width: 0px !important;border-bottom-width: 0px !important;padding-top: 0px !important;padding-bottom: 0px !important;background-position: center !important;background-repeat: no-repeat !important;background-size: cover !important;}&#8221;][vc_column_inner width=&#8221;1\/3&#8243;][stm_service_info img_size=&#8221;500\/300&#8243; image=&#8221;2825&#8243; css=&#8221;.vc_custom_1511031860560{background-color: #f4f4f4 !important;}&#8221;]<\/p>\n<h6 style=\"text-align: center;\"><a style=\"decoration: none!Important; color: #333;\" href=\"http:\/\/rdksolutions.eu\/kroviniu-gabenimas-gelezinkeliais\/\">FREIGHT TRANSPORT BY RAIL<\/a><\/h6>\n<p style=\"text-align: center;\">Contact professionals who will take care of their transportation by rail! Possible directions: Baltic States, Europe, CIS, and Asia.<\/p>\n<p style=\"text-align: center;\"><a href=\"http:\/\/rdksolutions.eu\/kroviniu-gabenimas-gelezinkeliais\/\">more <i class=\"fa fa-long-arrow-right\" aria-hidden=\"true\"><\/i><\/a><\/p>\n<p>[\/stm_service_info][\/vc_column_inner][vc_column_inner width=&#8221;1\/3&#8243;][stm_service_info img_size=&#8221;500\/300&#8243; image=&#8221;2827&#8243; css=&#8221;.vc_custom_1511032456692{background-color: #f4f4f4 !important;}&#8221;]<\/p>\n<h6 style=\"text-align: center;\"><a style=\"decoration: none!Important; color: #333;\" href=\"http:\/\/rdksolutions.eu\/daliniu-kroviniu-pervezimas\/\">TRANSPORT OF PARTIAL CARGOES<\/a><\/h6>\n<p style=\"text-align: center;\">\u201eRDK Solutions\u201d collects small and part loads and transports them all over Europe and beyond.<\/p>\n<p style=\"text-align: center;\"><a href=\"http:\/\/rdksolutions.eu\/daliniu-kroviniu-pervezimas\/\">more <i class=\"fa fa-long-arrow-right\" aria-hidden=\"true\"><\/i><\/a><\/p>\n<p>[\/stm_service_info][\/vc_column_inner][vc_column_inner width=&#8221;1\/3&#8243;][stm_service_info img_size=&#8221;full&#8221; image=&#8221;2821&#8243; css=&#8221;.vc_custom_1511032499217{background-color: #f4f4f4 !important;}&#8221;]<\/p>\n<h6 style=\"text-align: center;\"><a style=\"decoration: none!Important; color: #333;\" href=\"http:\/\/rdksolutions.eu\/pavojingu-kroviniu-pervezimas\/\">TRANSPORT OF DANGEROUS CARGOES<\/a><\/h6>\n<p style=\"text-align: center;\">We offer reliable cargo transportation and forwarding services by road, sea, air and rail.<\/p>\n<p style=\"text-align: center;\"><a href=\"http:\/\/rdksolutions.eu\/pavojingu-kroviniu-pervezimas\/\">more <i class=\"fa fa-long-arrow-right\" aria-hidden=\"true\"><\/i><\/a><\/p>\n<p>[\/stm_service_info][\/vc_column_inner][\/vc_row_inner][vc_row_inner equal_height=&#8221;yes&#8221; gap=&#8221;25&#8243; css=&#8221;.vc_custom_1508773227890{margin-top: 0px !important;margin-bottom: 0px !important;border-top-width: 0px !important;border-bottom-width: 0px !important;padding-top: 0px !important;padding-bottom: 0px !important;background-position: center !important;background-repeat: no-repeat !important;background-size: cover !important;}&#8221;][vc_column_inner width=&#8221;1\/3&#8243;][stm_service_info img_size=&#8221;500\/300&#8243; image=&#8221;2822&#8243; css=&#8221;.vc_custom_1511032556248{background-color: #f4f4f4 !important;}&#8221;]<\/p>\n<h6 style=\"text-align: center;\"><a style=\"decoration: none!Important; color: #333;\" href=\"http:\/\/rdksolutions.eu\/negabaritiniu-kroviniu-gabenimas\/\">TRANSPORTATION OF OVERSIZED CARGOES<\/a><\/h6>\n<p style=\"text-align: center;\">We have an experienced team responsible for smooth and uninterrupted transportation of heavy-duty cargoes.<\/p>\n<p style=\"text-align: center;\"><a href=\"http:\/\/rdksolutions.eu\/negabaritiniu-kroviniu-gabenimas\/\">more <i class=\"fa fa-long-arrow-right\" aria-hidden=\"true\"><\/i><\/a><\/p>\n<p>[\/stm_service_info][\/vc_column_inner][vc_column_inner width=&#8221;1\/3&#8243;][stm_service_info img_size=&#8221;500\/300&#8243; image=&#8221;3256&#8243; css=&#8221;.vc_custom_1511032601440{background-color: #f4f4f4 !important;}&#8221;]<\/p>\n<h6 style=\"text-align: center;\"><a style=\"decoration: none!Important; color: #333;\" href=\"http:\/\/rdksolutions.eu\/muitines-tarpininkavimas\/\">CUSTOMS INTERMEDIATION<\/a><\/h6>\n<p style=\"text-align: center;\">We will prepare all the necessary documents, assist in obtaining permits, and take care of the control of customs procedures.<\/p>\n<p style=\"text-align: center;\"><a href=\"http:\/\/rdksolutions.eu\/muitines-tarpininkavimas\/\">more <i class=\"fa fa-long-arrow-right\" aria-hidden=\"true\"><\/i><\/a><\/p>\n<p>[\/stm_service_info][\/vc_column_inner][vc_column_inner width=&#8221;1\/3&#8243;][stm_service_info img_size=&#8221;500\/300&#8243; image=&#8221;2823&#8243; css=&#8221;.vc_custom_1511032637753{background-color: #f4f4f4 !important;}&#8221;]<\/p>\n<h6 style=\"text-align: center;\"><a style=\"decoration: none!Important; color: #333;\" href=\"http:\/\/rdksolutions.eu\/kroviniu-perkrovimo-sandeliavimo-paslaugos\/\">STORAGE SERVICES<\/a><\/h6>\n<p style=\"text-align: center;\">Upon request, we can organize the unloading \/ loading of goods from the vehicle to the warehouse.<\/p>\n<p style=\"text-align: center;\"><a href=\"http:\/\/rdksolutions.eu\/kroviniu-perkrovimo-sandeliavimo-paslaugos\">pla\u010diau <i class=\"fa fa-long-arrow-right\" aria-hidden=\"true\"><\/i><\/a><\/p>\n<p>[\/stm_service_info][\/vc_column_inner][\/vc_row_inner][vc_empty_space][\/vc_column][\/vc_row][vc_row full_width=&#8221;stretch_row&#8221; gap=&#8221;25&#8243; equal_height=&#8221;yes&#8221; content_placement=&#8221;middle&#8221; css=&#8221;.vc_custom_1508937564621{margin-top: 0px !important;margin-right: 0px !important;margin-bottom: 0px !important;border-top-width: 0px !important;border-right-width: 0px !important;border-bottom-width: 0px !important;padding-top: 0px !important;padding-right: 0px !important;padding-bottom: 0px !important;background-color: #f7f7f7 !important;background-position: center !important;background-repeat: no-repeat !important;background-size: cover !important;}&#8221;][vc_column width=&#8221;2\/3&#8243; css=&#8221;.vc_custom_1508828020644{margin-bottom: 40px !important;padding-top: 100px !important;padding-bottom: 100px !important;}&#8221;][vc_custom_heading text=&#8221;Directions&#8221; font_container=&#8221;tag:h4|text_align:left&#8221; use_theme_fonts=&#8221;yes&#8221;][vc_empty_space][vc_column_text]\u201eRDK Solutions\u201c ships and transports cargoes across the entire Europe. The main directions are Scandinavia, the Baltic States, Russia, Kazakhstan, Uzbekistan and other CIS countries. We also transport goods from \/ to Italy, Spain, France, Portugal, Poland and other EU countries.<\/p>\n<p>[\/vc_column_text][vc_row_inner][vc_column_inner width=&#8221;1\/4&#8243; offset=&#8221;vc_hidden-sm vc_hidden-xs&#8221;][stm_circle_progress title=&#8221;Europa&#8221; value=&#8221;40&#8243; size=&#8221;110&#8243; fill_color=&#8221;#ff7b00&#8243;][\/vc_column_inner][vc_column_inner width=&#8221;1\/4&#8243; offset=&#8221;vc_hidden-sm vc_hidden-xs&#8221;][stm_circle_progress title=&#8221;Russian and CIS&#8221; value=&#8221;30&#8243; size=&#8221;110&#8243; fill_color=&#8221;#ff7b00&#8243;][\/vc_column_inner][vc_column_inner width=&#8221;1\/4&#8243; offset=&#8221;vc_hidden-sm vc_hidden-xs&#8221;][stm_circle_progress title=&#8221;Baltic states&#8221; value=&#8221;20&#8243; size=&#8221;110&#8243; fill_color=&#8221;#ff7b00&#8243;][\/vc_column_inner][vc_column_inner width=&#8221;1\/4&#8243; offset=&#8221;vc_hidden-sm vc_hidden-xs&#8221;][stm_circle_progress title=&#8221;Scandinavia&#8221; value=&#8221;10&#8243; size=&#8221;110&#8243; fill_color=&#8221;#ff7b00&#8243;][\/vc_column_inner][\/vc_row_inner][\/vc_column][vc_column parallax=&#8221;content-moving&#8221; parallax_speed_bg=&#8221;3&#8243; width=&#8221;1\/3&#8243; css=&#8221;.vc_custom_1509886885190{background-position: center !important;background-repeat: no-repeat !important;background-size: cover !important;}&#8221; offset=&#8221;vc_hidden-sm vc_hidden-xs&#8221;][vc_single_image image=&#8221;3266&#8243; img_size=&#8221;full&#8221; alignment=&#8221;center&#8221; style=&#8221;vc_box_outline&#8221; onclick=&#8221;img_link_large&#8221; css_animation=&#8221;fadeIn&#8221;][\/vc_column][\/vc_row][vc_row full_width=&#8221;stretch_row_content&#8221; equal_height=&#8221;yes&#8221; css=&#8221;.vc_custom_1509294590008{margin-bottom: 0px !important;border-bottom-width: 0px !important;}&#8221; el_class=&#8221;baltai_tekstas&#8221;][vc_column width=&#8221;1\/3&#8243; css=&#8221;.vc_custom_1539246933309{padding-top: 70px !important;padding-bottom: 70px !important;background-color: #ff9533 !important;}&#8221;][stm_icon icon_size=&#8221;67&#8243; icon_height=&#8221;90&#8243; title_font_size=&#8221;24&#8243; title_font_weight=&#8221;700&#8243; align=&#8221;center&#8221; icon=&#8221;stm-security&#8221; title=&#8221;SECURITY&#8221; text=&#8221;Full, both partial and full cargo security guarantees&#8221; icon_color=&#8221;#ffffff&#8221; title_color=&#8221;#ffffff&#8221; text_color=&#8221;#ffffff&#8221; css=&#8221;.vc_custom_1511032886513{padding-right: 30px !important;padding-left: 30px !important;}&#8221;][\/vc_column][vc_column width=&#8221;1\/3&#8243; css=&#8221;.vc_custom_1539246945133{padding-top: 70px !important;padding-bottom: 70px !important;background-color: #ff881a !important;}&#8221;][stm_icon icon_size=&#8221;67&#8243; icon_height=&#8221;90&#8243; title_font_size=&#8221;24&#8243; title_font_weight=&#8221;700&#8243; align=&#8221;center&#8221; icon=&#8221;stm-fast-delivery&#8221; title=&#8221;SPEED&#8221; text=&#8221;Individual solutions for delivering cargo quickly and on time&#8221; icon_color=&#8221;#ffffff&#8221; title_color=&#8221;#ffffff&#8221; text_color=&#8221;#ffffff&#8221; css=&#8221;.vc_custom_1511032913520{padding-right: 30px !important;padding-left: 30px !important;}&#8221;][\/vc_column][vc_column width=&#8221;1\/3&#8243; css=&#8221;.vc_custom_1539246956563{padding-top: 70px !important;padding-bottom: 70px !important;background-color: #ff7b00 !important;}&#8221;][stm_icon icon_size=&#8221;67&#8243; icon_height=&#8221;90&#8243; title_font_size=&#8221;24&#8243; title_font_weight=&#8221;700&#8243; align=&#8221;center&#8221; icon=&#8221;fa fa-mobile&#8221; title=&#8221;SUPPORT&#8221; text=&#8221;\u201eRDK Solutions\u201c team support 24\/7&#8243; icon_color=&#8221;#ffffff&#8221; title_color=&#8221;#ffffff&#8221; text_color=&#8221;#ffffff&#8221; css=&#8221;.vc_custom_1511032947521{padding-right: 30px !important;padding-left: 30px !important;}&#8221;][\/vc_column][\/vc_row]<\/p>","protected":false},"excerpt":{"rendered":"<p>[vc_row full_width=&#8221;stretch_row_content&#8221; css=&#8221;.vc_custom_1508770963973{margin-top: 0px !important;border-top-width: 0px !important;padding-top: 0px !important;background-image: url(http:\/\/rdksolutions.eu\/wp-content\/uploads\/2015\/10\/apie_mus_bg_gelezinkelio_www.rdksolutions.eu_.jpg?id=2377) !important;}&#8221;][vc_column width=&#8221;2\/12&#8243;][\/vc_column][vc_column width=&#8221;8\/12&#8243;][vc_custom_heading text=&#8221;TRANSPORT AND&#8221; font_container=&#8221;tag:h3|text_align:center|color:%23adaaaf&#8221; use_theme_fonts=&#8221;yes&#8221; css=&#8221;.vc_custom_1511031526034{margin-bottom: 0px !important;border-bottom-width: 0px !important;padding-bottom: 0px !important;}&#8221;][vc_custom_heading text=&#8221;LOGISTICS SERVICES&#8221; font_container=&#8221;tag:h2|text_align:center&#8221; use_theme_fonts=&#8221;yes&#8221; css=&#8221;.vc_custom_1511031540511{margin-top: -30px !important;border-top-width: 0px !important;padding-top:&#8230;<\/p>\n","protected":false},"author":1,"featured_media":0,"parent":0,"menu_order":0,"comment_status":"closed","ping_status":"closed","template":"","meta":[],"yoast_head":"<!-- This site is optimized with the Yoast SEO plugin v21.1 - https:\/\/yoast.com\/wordpress\/plugins\/seo\/ -->\n<title>Krovini\u0173 perve\u017eimo ir logistikos paslaugos Vilniuje, prekyba<\/title>\n<meta name=\"description\" content=\"Kokybi\u0161kos krovini\u0173 perve\u017eimo ir logistikos paslaugos Vilniuje, prekyba, muitin\u0117s tarpininkavimas- \u201eRDK Solutions\u201c\" \/>\n<meta name=\"robots\" content=\"index, follow, max-snippet:-1, max-image-preview:large, max-video-preview:-1\" \/>\n<link rel=\"canonical\" href=\"https:\/\/rdksolutions.eu\/en\/paslaugos\/\" \/>\n<meta property=\"og:locale\" content=\"en_US\" \/>\n<meta property=\"og:type\" content=\"article\" \/>\n<meta property=\"og:title\" content=\"Krovini\u0173 perve\u017eimo ir logistikos paslaugos Vilniuje, prekyba\" \/>\n<meta property=\"og:description\" content=\"Kokybi\u0161kos krovini\u0173 perve\u017eimo ir logistikos paslaugos Vilniuje, prekyba, muitin\u0117s tarpininkavimas- \u201eRDK Solutions\u201c\" \/>\n<meta property=\"og:url\" content=\"https:\/\/rdksolutions.eu\/en\/paslaugos\/\" \/>\n<meta property=\"og:site_name\" content=\"www.rdksolutions.eu\" \/>\n<meta property=\"article:modified_time\" content=\"2018-10-11T08:38:06+00:00\" \/>\n<meta name=\"twitter:card\" content=\"summary_large_image\" \/>\n<meta name=\"twitter:label1\" content=\"Est. reading time\" \/>\n\t<meta name=\"twitter:data1\" content=\"25 minutes\" \/>\n<script type=\"application\/ld+json\" class=\"yoast-schema-graph\">{\"@context\":\"https:\/\/schema.org\",\"@graph\":[{\"@type\":\"WebPage\",\"@id\":\"https:\/\/rdksolutions.eu\/en\/paslaugos\/\",\"url\":\"https:\/\/rdksolutions.eu\/en\/paslaugos\/\",\"name\":\"Krovini\u0173 perve\u017eimo ir logistikos paslaugos Vilniuje, prekyba\",\"isPartOf\":{\"@id\":\"https:\/\/rdksolutions.eu\/pl\/#website\"},\"datePublished\":\"2015-11-24T09:42:31+00:00\",\"dateModified\":\"2018-10-11T08:38:06+00:00\",\"description\":\"Kokybi\u0161kos krovini\u0173 perve\u017eimo ir logistikos paslaugos Vilniuje, prekyba, muitin\u0117s tarpininkavimas- \u201eRDK Solutions\u201c\",\"breadcrumb\":{\"@id\":\"https:\/\/rdksolutions.eu\/en\/paslaugos\/#breadcrumb\"},\"inLanguage\":\"en-US\",\"potentialAction\":[{\"@type\":\"ReadAction\",\"target\":[\"https:\/\/rdksolutions.eu\/en\/paslaugos\/\"]}]},{\"@type\":\"BreadcrumbList\",\"@id\":\"https:\/\/rdksolutions.eu\/en\/paslaugos\/#breadcrumb\",\"itemListElement\":[{\"@type\":\"ListItem\",\"position\":1,\"name\":\"Home\",\"item\":\"https:\/\/rdksolutions.eu\/\"},{\"@type\":\"ListItem\",\"position\":2,\"name\":\"SERVICES\"}]},{\"@type\":\"WebSite\",\"@id\":\"https:\/\/rdksolutions.eu\/pl\/#website\",\"url\":\"https:\/\/rdksolutions.eu\/pl\/\",\"name\":\"www.rdksolutions.eu\",\"description\":\"Logistics services - RDK Solutions\",\"publisher\":{\"@id\":\"https:\/\/rdksolutions.eu\/pl\/#organization\"},\"potentialAction\":[{\"@type\":\"SearchAction\",\"target\":{\"@type\":\"EntryPoint\",\"urlTemplate\":\"https:\/\/rdksolutions.eu\/pl\/?s={search_term_string}\"},\"query-input\":\"required name=search_term_string\"}],\"inLanguage\":\"en-US\"},{\"@type\":\"Organization\",\"@id\":\"https:\/\/rdksolutions.eu\/pl\/#organization\",\"name\":\"UAB \\\"RDK Solutions\\\"\",\"url\":\"https:\/\/rdksolutions.eu\/pl\/\",\"logo\":{\"@type\":\"ImageObject\",\"inLanguage\":\"en-US\",\"@id\":\"https:\/\/rdksolutions.eu\/pl\/#\/schema\/logo\/image\/\",\"url\":\"https:\/\/rdksolutions.eu\/wp-content\/uploads\/2017\/10\/logo_png_www.rdksolutions.eu_.png\",\"contentUrl\":\"https:\/\/rdksolutions.eu\/wp-content\/uploads\/2017\/10\/logo_png_www.rdksolutions.eu_.png\",\"width\":200,\"height\":90,\"caption\":\"UAB \\\"RDK Solutions\\\"\"},\"image\":{\"@id\":\"https:\/\/rdksolutions.eu\/pl\/#\/schema\/logo\/image\/\"}}]}<\/script>\n<!-- \/ Yoast SEO plugin. -->","yoast_head_json":{"title":"Krovini\u0173 perve\u017eimo ir logistikos paslaugos Vilniuje, prekyba","description":"Kokybi\u0161kos krovini\u0173 perve\u017eimo ir logistikos paslaugos Vilniuje, prekyba, muitin\u0117s tarpininkavimas- \u201eRDK Solutions\u201c","robots":{"index":"index","follow":"follow","max-snippet":"max-snippet:-1","max-image-preview":"max-image-preview:large","max-video-preview":"max-video-preview:-1"},"canonical":"https:\/\/rdksolutions.eu\/en\/paslaugos\/","og_locale":"en_US","og_type":"article","og_title":"Krovini\u0173 perve\u017eimo ir logistikos paslaugos Vilniuje, prekyba","og_description":"Kokybi\u0161kos krovini\u0173 perve\u017eimo ir logistikos paslaugos Vilniuje, prekyba, muitin\u0117s tarpininkavimas- \u201eRDK Solutions\u201c","og_url":"https:\/\/rdksolutions.eu\/en\/paslaugos\/","og_site_name":"www.rdksolutions.eu","article_modified_time":"2018-10-11T08:38:06+00:00","twitter_card":"summary_large_image","twitter_misc":{"Est. reading time":"25 minutes"},"schema":{"@context":"https:\/\/schema.org","@graph":[{"@type":"WebPage","@id":"https:\/\/rdksolutions.eu\/en\/paslaugos\/","url":"https:\/\/rdksolutions.eu\/en\/paslaugos\/","name":"Krovini\u0173 perve\u017eimo ir logistikos paslaugos Vilniuje, prekyba","isPartOf":{"@id":"https:\/\/rdksolutions.eu\/pl\/#website"},"datePublished":"2015-11-24T09:42:31+00:00","dateModified":"2018-10-11T08:38:06+00:00","description":"Kokybi\u0161kos krovini\u0173 perve\u017eimo ir logistikos paslaugos Vilniuje, prekyba, muitin\u0117s tarpininkavimas- \u201eRDK Solutions\u201c","breadcrumb":{"@id":"https:\/\/rdksolutions.eu\/en\/paslaugos\/#breadcrumb"},"inLanguage":"en-US","potentialAction":[{"@type":"ReadAction","target":["https:\/\/rdksolutions.eu\/en\/paslaugos\/"]}]},{"@type":"BreadcrumbList","@id":"https:\/\/rdksolutions.eu\/en\/paslaugos\/#breadcrumb","itemListElement":[{"@type":"ListItem","position":1,"name":"Home","item":"https:\/\/rdksolutions.eu\/"},{"@type":"ListItem","position":2,"name":"SERVICES"}]},{"@type":"WebSite","@id":"https:\/\/rdksolutions.eu\/pl\/#website","url":"https:\/\/rdksolutions.eu\/pl\/","name":"www.rdksolutions.eu","description":"Logistics services - RDK Solutions","publisher":{"@id":"https:\/\/rdksolutions.eu\/pl\/#organization"},"potentialAction":[{"@type":"SearchAction","target":{"@type":"EntryPoint","urlTemplate":"https:\/\/rdksolutions.eu\/pl\/?s={search_term_string}"},"query-input":"required name=search_term_string"}],"inLanguage":"en-US"},{"@type":"Organization","@id":"https:\/\/rdksolutions.eu\/pl\/#organization","name":"UAB \"RDK Solutions\"","url":"https:\/\/rdksolutions.eu\/pl\/","logo":{"@type":"ImageObject","inLanguage":"en-US","@id":"https:\/\/rdksolutions.eu\/pl\/#\/schema\/logo\/image\/","url":"https:\/\/rdksolutions.eu\/wp-content\/uploads\/2017\/10\/logo_png_www.rdksolutions.eu_.png","contentUrl":"https:\/\/rdksolutions.eu\/wp-content\/uploads\/2017\/10\/logo_png_www.rdksolutions.eu_.png","width":200,"height":90,"caption":"UAB \"RDK Solutions\""},"image":{"@id":"https:\/\/rdksolutions.eu\/pl\/#\/schema\/logo\/image\/"}}]}},"_links":{"self":[{"href":"https:\/\/rdksolutions.eu\/en\/wp-json\/wp\/v2\/pages\/685"}],"collection":[{"href":"https:\/\/rdksolutions.eu\/en\/wp-json\/wp\/v2\/pages"}],"about":[{"href":"https:\/\/rdksolutions.eu\/en\/wp-json\/wp\/v2\/types\/page"}],"author":[{"embeddable":true,"href":"https:\/\/rdksolutions.eu\/en\/wp-json\/wp\/v2\/users\/1"}],"replies":[{"embeddable":true,"href":"https:\/\/rdksolutions.eu\/en\/wp-json\/wp\/v2\/comments?post=685"}],"version-history":[{"count":64,"href":"https:\/\/rdksolutions.eu\/en\/wp-json\/wp\/v2\/pages\/685\/revisions"}],"predecessor-version":[{"id":3995,"href":"https:\/\/rdksolutions.eu\/en\/wp-json\/wp\/v2\/pages\/685\/revisions\/3995"}],"wp:attachment":[{"href":"https:\/\/rdksolutions.eu\/en\/wp-json\/wp\/v2\/media?parent=685"}],"curies":[{"name":"wp","href":"https:\/\/api.w.org\/{rel}","templated":true}]}}