{"id":3070,"date":"2017-10-26T10:20:31","date_gmt":"2017-10-26T12:20:31","guid":{"rendered":"http:\/\/rdksolutions.eu\/?page_id=3070"},"modified":"2017-11-22T06:16:16","modified_gmt":"2017-11-22T08:16:16","slug":"kroviniu-perkrovimo-sandeliavimo-paslaugos","status":"publish","type":"page","link":"https:\/\/rdksolutions.eu\/en\/kroviniu-perkrovimo-sandeliavimo-paslaugos\/","title":{"rendered":"Cargo reloading and storage services"},"content":{"rendered":"<p>[vc_row][vc_column][vc_empty_space][\/vc_column][\/vc_row][vc_row full_width=&#8221;stretch_row&#8221; gap=&#8221;25&#8243;][vc_column width=&#8221;8\/12&#8243;][vc_column_text]We strive to provide our customers with comprehensive service, therefore, we provide not only transportation but also cargo reloading and warehousing services. Upon request, we can organize the unloading \/ loading of goods from the vehicle to the warehouse, from one vehicle to another or bulky, handling of non-standard cargoes using special equipment.<\/p>\n<p>Our goal is to help your business grow, expand and develop without the high cost of creating separate logistics divisions: all the necessary logistics services are available at \u201eRDK Solutions\u201c![\/vc_column_text][\/vc_column][vc_column width=&#8221;4\/12&#8243;][vc_btn title=&#8221;Ask our expert&#8221; style=&#8221;outline&#8221; shape=&#8221;round&#8221; color=&#8221;theme_style_1&#8243; i_icon_fontawesome=&#8221;fa fa-phone&#8221; add_icon=&#8221;true&#8221; link=&#8221;url:http%3A%2F%2Frdksolutions.eu%2Fkontaktai%2F|||&#8221;][\/vc_column][\/vc_row][vc_row][vc_column][vc_empty_space][vc_empty_space][\/vc_column][\/vc_row][vc_row full_width=&#8221;stretch_row&#8221; el_class=&#8221;secondary_bg_color&#8221; css=&#8221;.vc_custom_1508741073199{margin-bottom: 0px !important;}&#8221;][vc_column width=&#8221;1\/12&#8243;][\/vc_column][vc_column width=&#8221;10\/12&#8243;][vc_cta h2=&#8221;Do you want to get an offer?&#8221; shape=&#8221;square&#8221; add_button=&#8221;right&#8221; btn_title=&#8221;COMPLETE THE FORM&#8221; btn_style=&#8221;outline&#8221; btn_shape=&#8221;round&#8221; btn_color=&#8221;white&#8221; btn_i_align=&#8221;right&#8221; btn_i_icon_fontawesome=&#8221;stm-arrow-next&#8221; btn_add_icon=&#8221;true&#8221; el_class=&#8221;secondary_bg_color&#8221; btn_link=&#8221;url:http%3A%2F%2Frdksolutions.eu%2Fuzklausa%2F|||&#8221;][\/vc_cta][\/vc_column][vc_column width=&#8221;1\/12&#8243;][\/vc_column][\/vc_row]<\/p>","protected":false},"excerpt":{"rendered":"<p>[vc_row][vc_column][vc_empty_space][\/vc_column][\/vc_row][vc_row full_width=&#8221;stretch_row&#8221; gap=&#8221;25&#8243;][vc_column width=&#8221;8\/12&#8243;][vc_column_text]We strive to provide our customers with comprehensive service, therefore, we provide not only transportation but also cargo reloading and warehousing services. Upon request, we can organize the unloading \/&#8230;<\/p>\n","protected":false},"author":1,"featured_media":0,"parent":0,"menu_order":0,"comment_status":"closed","ping_status":"closed","template":"","meta":[],"yoast_head":"<!-- This site is optimized with the Yoast SEO plugin v21.1 - https:\/\/yoast.com\/wordpress\/plugins\/seo\/ -->\n<title>Cargo reloading and storage services - www.rdksolutions.eu<\/title>\n<meta name=\"description\" content=\"Teikiame kokybi\u0161kas krovini\u0173 perkrovimo, sand\u0117liavimo paslaugas, perve\u017eame krovinius tarptautiniais mar\u0161rutais\" \/>\n<meta name=\"robots\" content=\"index, follow, max-snippet:-1, max-image-preview:large, max-video-preview:-1\" \/>\n<link rel=\"canonical\" href=\"https:\/\/rdksolutions.eu\/kroviniu-perkrovimo-sandeliavimo-paslaugos\/\" \/>\n<meta property=\"og:locale\" content=\"en_US\" \/>\n<meta property=\"og:type\" content=\"article\" \/>\n<meta property=\"og:title\" content=\"Cargo reloading and storage services - www.rdksolutions.eu\" \/>\n<meta property=\"og:description\" content=\"Teikiame kokybi\u0161kas krovini\u0173 perkrovimo, sand\u0117liavimo paslaugas, perve\u017eame krovinius tarptautiniais mar\u0161rutais\" \/>\n<meta property=\"og:url\" content=\"https:\/\/rdksolutions.eu\/kroviniu-perkrovimo-sandeliavimo-paslaugos\/\" \/>\n<meta property=\"og:site_name\" content=\"www.rdksolutions.eu\" \/>\n<meta property=\"article:modified_time\" content=\"2017-11-22T08:16:16+00:00\" \/>\n<meta name=\"twitter:card\" content=\"summary_large_image\" \/>\n<meta name=\"twitter:label1\" content=\"Est. reading time\" \/>\n\t<meta name=\"twitter:data1\" content=\"5 minutes\" \/>\n<script type=\"application\/ld+json\" class=\"yoast-schema-graph\">{\"@context\":\"https:\/\/schema.org\",\"@graph\":[{\"@type\":\"WebPage\",\"@id\":\"https:\/\/rdksolutions.eu\/kroviniu-perkrovimo-sandeliavimo-paslaugos\/\",\"url\":\"https:\/\/rdksolutions.eu\/kroviniu-perkrovimo-sandeliavimo-paslaugos\/\",\"name\":\"Cargo reloading and storage services - www.rdksolutions.eu\",\"isPartOf\":{\"@id\":\"https:\/\/rdksolutions.eu\/pl\/#website\"},\"datePublished\":\"2017-10-26T12:20:31+00:00\",\"dateModified\":\"2017-11-22T08:16:16+00:00\",\"description\":\"Teikiame kokybi\u0161kas krovini\u0173 perkrovimo, sand\u0117liavimo paslaugas, perve\u017eame krovinius tarptautiniais mar\u0161rutais\",\"breadcrumb\":{\"@id\":\"https:\/\/rdksolutions.eu\/kroviniu-perkrovimo-sandeliavimo-paslaugos\/#breadcrumb\"},\"inLanguage\":\"en-US\",\"potentialAction\":[{\"@type\":\"ReadAction\",\"target\":[\"https:\/\/rdksolutions.eu\/kroviniu-perkrovimo-sandeliavimo-paslaugos\/\"]}]},{\"@type\":\"BreadcrumbList\",\"@id\":\"https:\/\/rdksolutions.eu\/kroviniu-perkrovimo-sandeliavimo-paslaugos\/#breadcrumb\",\"itemListElement\":[{\"@type\":\"ListItem\",\"position\":1,\"name\":\"Home\",\"item\":\"https:\/\/rdksolutions.eu\/\"},{\"@type\":\"ListItem\",\"position\":2,\"name\":\"Us\u0142ugi w zakresie prze\u0142adunku, magazynowania \u0142adunku\"}]},{\"@type\":\"WebSite\",\"@id\":\"https:\/\/rdksolutions.eu\/pl\/#website\",\"url\":\"https:\/\/rdksolutions.eu\/pl\/\",\"name\":\"www.rdksolutions.eu\",\"description\":\"Logistics services - RDK Solutions\",\"publisher\":{\"@id\":\"https:\/\/rdksolutions.eu\/pl\/#organization\"},\"potentialAction\":[{\"@type\":\"SearchAction\",\"target\":{\"@type\":\"EntryPoint\",\"urlTemplate\":\"https:\/\/rdksolutions.eu\/pl\/?s={search_term_string}\"},\"query-input\":\"required name=search_term_string\"}],\"inLanguage\":\"en-US\"},{\"@type\":\"Organization\",\"@id\":\"https:\/\/rdksolutions.eu\/pl\/#organization\",\"name\":\"UAB \\\"RDK Solutions\\\"\",\"url\":\"https:\/\/rdksolutions.eu\/pl\/\",\"logo\":{\"@type\":\"ImageObject\",\"inLanguage\":\"en-US\",\"@id\":\"https:\/\/rdksolutions.eu\/pl\/#\/schema\/logo\/image\/\",\"url\":\"https:\/\/rdksolutions.eu\/wp-content\/uploads\/2017\/10\/logo_png_www.rdksolutions.eu_.png\",\"contentUrl\":\"https:\/\/rdksolutions.eu\/wp-content\/uploads\/2017\/10\/logo_png_www.rdksolutions.eu_.png\",\"width\":200,\"height\":90,\"caption\":\"UAB \\\"RDK Solutions\\\"\"},\"image\":{\"@id\":\"https:\/\/rdksolutions.eu\/pl\/#\/schema\/logo\/image\/\"}}]}<\/script>\n<!-- \/ Yoast SEO plugin. -->","yoast_head_json":{"title":"Cargo reloading and storage services - www.rdksolutions.eu","description":"Teikiame kokybi\u0161kas krovini\u0173 perkrovimo, sand\u0117liavimo paslaugas, perve\u017eame krovinius tarptautiniais mar\u0161rutais","robots":{"index":"index","follow":"follow","max-snippet":"max-snippet:-1","max-image-preview":"max-image-preview:large","max-video-preview":"max-video-preview:-1"},"canonical":"https:\/\/rdksolutions.eu\/kroviniu-perkrovimo-sandeliavimo-paslaugos\/","og_locale":"en_US","og_type":"article","og_title":"Cargo reloading and storage services - www.rdksolutions.eu","og_description":"Teikiame kokybi\u0161kas krovini\u0173 perkrovimo, sand\u0117liavimo paslaugas, perve\u017eame krovinius tarptautiniais mar\u0161rutais","og_url":"https:\/\/rdksolutions.eu\/kroviniu-perkrovimo-sandeliavimo-paslaugos\/","og_site_name":"www.rdksolutions.eu","article_modified_time":"2017-11-22T08:16:16+00:00","twitter_card":"summary_large_image","twitter_misc":{"Est. reading time":"5 minutes"},"schema":{"@context":"https:\/\/schema.org","@graph":[{"@type":"WebPage","@id":"https:\/\/rdksolutions.eu\/kroviniu-perkrovimo-sandeliavimo-paslaugos\/","url":"https:\/\/rdksolutions.eu\/kroviniu-perkrovimo-sandeliavimo-paslaugos\/","name":"Cargo reloading and storage services - www.rdksolutions.eu","isPartOf":{"@id":"https:\/\/rdksolutions.eu\/pl\/#website"},"datePublished":"2017-10-26T12:20:31+00:00","dateModified":"2017-11-22T08:16:16+00:00","description":"Teikiame kokybi\u0161kas krovini\u0173 perkrovimo, sand\u0117liavimo paslaugas, perve\u017eame krovinius tarptautiniais mar\u0161rutais","breadcrumb":{"@id":"https:\/\/rdksolutions.eu\/kroviniu-perkrovimo-sandeliavimo-paslaugos\/#breadcrumb"},"inLanguage":"en-US","potentialAction":[{"@type":"ReadAction","target":["https:\/\/rdksolutions.eu\/kroviniu-perkrovimo-sandeliavimo-paslaugos\/"]}]},{"@type":"BreadcrumbList","@id":"https:\/\/rdksolutions.eu\/kroviniu-perkrovimo-sandeliavimo-paslaugos\/#breadcrumb","itemListElement":[{"@type":"ListItem","position":1,"name":"Home","item":"https:\/\/rdksolutions.eu\/"},{"@type":"ListItem","position":2,"name":"Us\u0142ugi w zakresie prze\u0142adunku, magazynowania \u0142adunku"}]},{"@type":"WebSite","@id":"https:\/\/rdksolutions.eu\/pl\/#website","url":"https:\/\/rdksolutions.eu\/pl\/","name":"www.rdksolutions.eu","description":"Logistics services - RDK Solutions","publisher":{"@id":"https:\/\/rdksolutions.eu\/pl\/#organization"},"potentialAction":[{"@type":"SearchAction","target":{"@type":"EntryPoint","urlTemplate":"https:\/\/rdksolutions.eu\/pl\/?s={search_term_string}"},"query-input":"required name=search_term_string"}],"inLanguage":"en-US"},{"@type":"Organization","@id":"https:\/\/rdksolutions.eu\/pl\/#organization","name":"UAB \"RDK Solutions\"","url":"https:\/\/rdksolutions.eu\/pl\/","logo":{"@type":"ImageObject","inLanguage":"en-US","@id":"https:\/\/rdksolutions.eu\/pl\/#\/schema\/logo\/image\/","url":"https:\/\/rdksolutions.eu\/wp-content\/uploads\/2017\/10\/logo_png_www.rdksolutions.eu_.png","contentUrl":"https:\/\/rdksolutions.eu\/wp-content\/uploads\/2017\/10\/logo_png_www.rdksolutions.eu_.png","width":200,"height":90,"caption":"UAB \"RDK Solutions\""},"image":{"@id":"https:\/\/rdksolutions.eu\/pl\/#\/schema\/logo\/image\/"}}]}},"_links":{"self":[{"href":"https:\/\/rdksolutions.eu\/en\/wp-json\/wp\/v2\/pages\/3070"}],"collection":[{"href":"https:\/\/rdksolutions.eu\/en\/wp-json\/wp\/v2\/pages"}],"about":[{"href":"https:\/\/rdksolutions.eu\/en\/wp-json\/wp\/v2\/types\/page"}],"author":[{"embeddable":true,"href":"https:\/\/rdksolutions.eu\/en\/wp-json\/wp\/v2\/users\/1"}],"replies":[{"embeddable":true,"href":"https:\/\/rdksolutions.eu\/en\/wp-json\/wp\/v2\/comments?post=3070"}],"version-history":[{"count":7,"href":"https:\/\/rdksolutions.eu\/en\/wp-json\/wp\/v2\/pages\/3070\/revisions"}],"predecessor-version":[{"id":3725,"href":"https:\/\/rdksolutions.eu\/en\/wp-json\/wp\/v2\/pages\/3070\/revisions\/3725"}],"wp:attachment":[{"href":"https:\/\/rdksolutions.eu\/en\/wp-json\/wp\/v2\/media?parent=3070"}],"curies":[{"name":"wp","href":"https:\/\/api.w.org\/{rel}","templated":true}]}}