{"id":2946,"date":"2017-10-25T11:44:31","date_gmt":"2017-10-25T13:44:31","guid":{"rendered":"http:\/\/rdksolutions.eu\/?page_id=2946"},"modified":"2018-10-11T06:54:55","modified_gmt":"2018-10-11T08:54:55","slug":"karjera","status":"publish","type":"page","link":"https:\/\/rdksolutions.eu\/en\/karjera\/","title":{"rendered":"Career"},"content":{"rendered":"<p>[vc_row full_width=&#8221;stretch_row_content&#8221; gap=&#8221;25&#8243; equal_height=&#8221;yes&#8221; css=&#8221;.vc_custom_1509086046651{background-image: url(http:\/\/rdksolutions.eu\/wp-content\/uploads\/2015\/10\/apie_mus_bg_gelezinkelio_www.rdksolutions.eu_.jpg?id=2377) !important;}&#8221;][vc_column][vc_custom_heading text=&#8221;LET\u2018S IMPROVE TOGETHER!&#8221; font_container=&#8221;tag:h3|text_align:center|color:%23adaaaf&#8221; use_theme_fonts=&#8221;yes&#8221; css=&#8221;.vc_custom_1511172997973{margin-bottom: 0px !important;border-bottom-width: 0px !important;padding-bottom: 0px !important;}&#8221;][vc_custom_heading text=&#8221;RDK Solutions&#8221; font_container=&#8221;tag:h2|text_align:center&#8221; use_theme_fonts=&#8221;yes&#8221; css=&#8221;.vc_custom_1508768455907{margin-top: -30px !important;margin-bottom: 0px !important;border-top-width: 0px !important;border-bottom-width: 0px !important;padding-bottom: 0px !important;}&#8221;][vc_empty_space height=&#8221;32&#8243;][vc_row_inner][vc_column_inner width=&#8221;1\/12&#8243;][\/vc_column_inner][vc_column_inner width=&#8221;10\/12&#8243;][vc_column_text]If you want to join a professional and friendly team, where you can grow, improve and go ahead with the company, send your CV to info@rdksoliutons.eu and we will contact you![\/vc_column_text][\/vc_column_inner][vc_column_inner width=&#8221;1\/12&#8243;][\/vc_column_inner][\/vc_row_inner][vc_empty_space][vc_empty_space][\/vc_column][\/vc_row][vc_row full_width=&#8221;stretch_row_content&#8221; gap=&#8221;25&#8243; equal_height=&#8221;yes&#8221; css=&#8221;.vc_custom_1539248069632{background-color: #ff7b00 !important;}&#8221;][vc_column width=&#8221;1\/12&#8243;][\/vc_column][vc_column width=&#8221;10\/12&#8243;][vc_empty_space height=&#8221;32&#8243;][vc_custom_heading text=&#8221;We are currently looking for&#8221; font_container=&#8221;tag:h4|text_align:left|color:%23ffffff&#8221; use_theme_fonts=&#8221;yes&#8221;][vc_empty_space height=&#8221;32&#8243;][vc_separator color=&#8221;custom&#8221; style=&#8221;dotted&#8221; accent_color=&#8221;#f4f4f4&#8243;][vc_row_inner][vc_column_inner width=&#8221;8\/12&#8243;][stm_icon icon_position=&#8221;icon_position_left&#8221; icon_size=&#8221;40&#8243; icon_width=&#8221;70&#8243; title_font_size=&#8221;16&#8243; title_font_weight=&#8221;600&#8243; title=&#8221;LOGISTICS SALES MANAGER (S)&#8221; title_color=&#8221;#ffffff&#8221; text_color=&#8221;#333333&#8243; icon=&#8221;stm-globe&#8221; css=&#8221;.vc_custom_1511173112495{padding-bottom: 25px !important;}&#8221; icon_color=&#8221;#ffffff&#8221; link=&#8221;|||&#8221;][\/vc_column_inner][vc_column_inner width=&#8221;4\/12&#8243;][vc_btn title=&#8221;View proposal&#8221; style=&#8221;outline&#8221; color=&#8221;white&#8221; size=&#8221;sm&#8221; align=&#8221;center&#8221; button_block=&#8221;true&#8221; link=&#8221;url:http%3A%2F%2Frdksolutions.eu%2Flogistikos-paslaugu-pardavimo-vadybininkas%2F||target:%20_blank|&#8221; css=&#8221;.vc_custom_1511173163795{padding-bottom: 16px !important;}&#8221;][\/vc_column_inner][\/vc_row_inner][vc_separator color=&#8221;custom&#8221; style=&#8221;dotted&#8221; accent_color=&#8221;#f4f4f4&#8243;][vc_row_inner][vc_column_inner width=&#8221;8\/12&#8243;][stm_icon icon_position=&#8221;icon_position_left&#8221; icon_size=&#8221;40&#8243; icon_width=&#8221;70&#8243; title_font_size=&#8221;16&#8243; title_font_weight=&#8221;600&#8243; title=&#8221;TRANSPORT SERVICES SALES MANAGER &#8221; title_color=&#8221;#ffffff&#8221; text_color=&#8221;#333333&#8243; icon=&#8221;stm-globe&#8221; css=&#8221;.vc_custom_1511173240107{padding-bottom: 25px !important;}&#8221; icon_color=&#8221;#ffffff&#8221;][\/vc_column_inner][vc_column_inner width=&#8221;4\/12&#8243;][vc_btn title=&#8221;View proposal&#8221; style=&#8221;outline&#8221; color=&#8221;white&#8221; size=&#8221;sm&#8221; align=&#8221;center&#8221; button_block=&#8221;true&#8221; link=&#8221;url:http%3A%2F%2Frdksolutions.eu%2Ftransporto-paslaugu-pardavimo-vadybininke%2F||target:%20_blank|&#8221; css=&#8221;.vc_custom_1511173185441{padding-bottom: 16px !important;}&#8221;][\/vc_column_inner][\/vc_row_inner][vc_separator color=&#8221;custom&#8221; style=&#8221;dotted&#8221; accent_color=&#8221;#f4f4f4&#8243;][vc_row_inner][vc_column_inner width=&#8221;8\/12&#8243;][stm_icon icon_position=&#8221;icon_position_left&#8221; icon_size=&#8221;40&#8243; icon_width=&#8221;70&#8243; title_font_size=&#8221;16&#8243; title_font_weight=&#8221;600&#8243; title=&#8221;RAILWAY \/ MARINE \/ AIR TRANSPORT MANAGER (S)&#8221; title_color=&#8221;#ffffff&#8221; text_color=&#8221;#333333&#8243; icon=&#8221;stm-globe&#8221; css=&#8221;.vc_custom_1511173274675{padding-bottom: 25px !important;}&#8221; icon_color=&#8221;#ffffff&#8221;][\/vc_column_inner][vc_column_inner width=&#8221;4\/12&#8243;][vc_btn title=&#8221;View proposal&#8221; style=&#8221;outline&#8221; color=&#8221;white&#8221; size=&#8221;sm&#8221; align=&#8221;center&#8221; button_block=&#8221;true&#8221; link=&#8221;url:http%3A%2F%2Frdksolutions.eu%2Fgelezinkelio-juros-ir-oro-transporto-vadybininkas%2F||target:%20_blank|&#8221; css=&#8221;.vc_custom_1511173206680{padding-bottom: 16px !important;}&#8221;][\/vc_column_inner][\/vc_row_inner][vc_separator color=&#8221;custom&#8221; style=&#8221;dotted&#8221; accent_color=&#8221;#f4f4f4&#8243;][vc_row_inner][vc_column_inner width=&#8221;8\/12&#8243;][stm_icon icon_position=&#8221;icon_position_left&#8221; icon_size=&#8221;40&#8243; icon_width=&#8221;70&#8243; title_font_size=&#8221;16&#8243; title_font_weight=&#8221;600&#8243; title=&#8221;CUSTOMS BROKER REPRESENTATIVE&#8221; title_color=&#8221;#ffffff&#8221; text_color=&#8221;#333333&#8243; icon=&#8221;stm-globe&#8221; css=&#8221;.vc_custom_1511173305162{padding-bottom: 25px !important;}&#8221; icon_color=&#8221;#ffffff&#8221;][\/vc_column_inner][vc_column_inner width=&#8221;4\/12&#8243;][vc_btn title=&#8221;Per\u017ei\u016br\u0117ti pasi\u016blym\u0105&#8221; style=&#8221;outline&#8221; color=&#8221;white&#8221; size=&#8221;sm&#8221; align=&#8221;center&#8221; button_block=&#8221;true&#8221; link=&#8221;url:http%3A%2F%2Frdksolutions.eu%2Fmuitines-tarpininko-atstovas||target:%20_blank|&#8221; css=&#8221;.vc_custom_1509204089054{padding-bottom: 16px !important;}&#8221;][\/vc_column_inner][\/vc_row_inner][vc_separator color=&#8221;custom&#8221; style=&#8221;dotted&#8221; accent_color=&#8221;#f4f4f4&#8243;][vc_empty_space height=&#8221;32&#8243;][\/vc_column][vc_column width=&#8221;1\/12&#8243;][\/vc_column][\/vc_row][vc_row full_width=&#8221;stretch_row_content_no_spaces&#8221; gap=&#8221;25&#8243; equal_height=&#8221;yes&#8221; css=&#8221;.vc_custom_1509085985366{padding-top: 0px !important;}&#8221;][vc_column][vc_row_inner][vc_column_inner width=&#8221;2\/12&#8243;][\/vc_column_inner][vc_column_inner width=&#8221;8\/12&#8243;][vc_empty_space height=&#8221;16&#8243;][vc_custom_heading text=&#8221;Send your resume&#8221; font_container=&#8221;tag:h4|text_align:left&#8221; use_theme_fonts=&#8221;yes&#8221;][vc_empty_space height=&#8221;16&#8243;]\n<div class=\"wpcf7 no-js\" id=\"wpcf7-f3634-o2\" lang=\"en-US\" dir=\"ltr\">\n<div class=\"screen-reader-response\"><p role=\"status\" aria-live=\"polite\" aria-atomic=\"true\"><\/p> <ul><\/ul><\/div>\n<form action=\"\/en\/wp-json\/wp\/v2\/pages\/2946#wpcf7-f3634-o2\" method=\"post\" class=\"wpcf7-form init\" aria-label=\"Contact form\" enctype=\"multipart\/form-data\" novalidate=\"novalidate\" data-status=\"init\">\n<div style=\"display: none;\">\n<input type=\"hidden\" name=\"_wpcf7\" value=\"3634\" \/>\n<input type=\"hidden\" name=\"_wpcf7_version\" value=\"5.7.7\" \/>\n<input type=\"hidden\" name=\"_wpcf7_locale\" value=\"en_US\" \/>\n<input type=\"hidden\" name=\"_wpcf7_unit_tag\" value=\"wpcf7-f3634-o2\" \/>\n<input type=\"hidden\" name=\"_wpcf7_container_post\" value=\"0\" \/>\n<input type=\"hidden\" name=\"_wpcf7_posted_data_hash\" value=\"\" \/>\n<\/div>\n<div class=\"request_quote\">\n\t<div class=\"row\">\n\t\t<div class=\"col-lg-6 col-md-6 col-sm-6 col-xs-12\">\n\t\t\t<div class=\"input-group\">\n\t\t\t\t<p><span class=\"wpcf7-form-control-wrap\" data-name=\"text-427\"><input size=\"40\" class=\"wpcf7-form-control wpcf7-text wpcf7-validates-as-required\" aria-required=\"true\" aria-invalid=\"false\" placeholder=\"Name surname\" value=\"\" type=\"text\" name=\"text-427\" \/><\/span>\n\t\t\t\t<\/p>\n\t\t\t\t<p><span class=\"wpcf7-form-control-wrap\" data-name=\"text-428\"><input size=\"40\" class=\"wpcf7-form-control wpcf7-text wpcf7-validates-as-required\" aria-required=\"true\" aria-invalid=\"false\" placeholder=\"Job position position\" value=\"\" type=\"text\" name=\"text-428\" \/><\/span>\n\t\t\t\t<\/p>\n\t\t\t\t<p><span class=\"wpcf7-form-control-wrap\" data-name=\"file-147\"><input size=\"40\" class=\"wpcf7-form-control wpcf7-file wpcf7-validates-as-required\" accept=\"audio\/*,video\/*,image\/*\" aria-required=\"true\" aria-invalid=\"false\" type=\"file\" name=\"file-147\" \/><\/span>\n\t\t\t\t<\/p>\n\t\t\t<\/div>\n\t\t\t<div class=\"input-group\">\n\t\t\t\t<p><button class=\"button size-sm fullwidth white-text theme-wpcf7-submit\">Send <i class=\"stm-arrow-next\"><\/i><\/button>\n\t\t\t\t<\/p>\n\t\t\t<\/div>\n\t\t<\/div>\n\t<\/div>\n<\/div><div class=\"wpcf7-response-output\" aria-hidden=\"true\"><\/div>\n<\/form>\n<\/div>\n[\/vc_column_inner][vc_column_inner width=&#8221;2\/12&#8243;][\/vc_column_inner][\/vc_row_inner][vc_empty_space][vc_empty_space][\/vc_column][\/vc_row]<\/p>","protected":false},"excerpt":{"rendered":"<p>[vc_row full_width=&#8221;stretch_row_content&#8221; gap=&#8221;25&#8243; equal_height=&#8221;yes&#8221; css=&#8221;.vc_custom_1509086046651{background-image: url(http:\/\/rdksolutions.eu\/wp-content\/uploads\/2015\/10\/apie_mus_bg_gelezinkelio_www.rdksolutions.eu_.jpg?id=2377) !important;}&#8221;][vc_column][vc_custom_heading text=&#8221;LET\u2018S IMPROVE TOGETHER!&#8221; font_container=&#8221;tag:h3|text_align:center|color:%23adaaaf&#8221; use_theme_fonts=&#8221;yes&#8221; css=&#8221;.vc_custom_1511172997973{margin-bottom: 0px !important;border-bottom-width: 0px !important;padding-bottom: 0px !important;}&#8221;][vc_custom_heading text=&#8221;RDK Solutions&#8221; font_container=&#8221;tag:h2|text_align:center&#8221; use_theme_fonts=&#8221;yes&#8221; css=&#8221;.vc_custom_1508768455907{margin-top: -30px !important;margin-bottom: 0px !important;border-top-width: 0px !important;border-bottom-width: 0px !important;padding-bottom: 0px&#8230;<\/p>\n","protected":false},"author":1,"featured_media":0,"parent":0,"menu_order":0,"comment_status":"closed","ping_status":"closed","template":"","meta":[],"yoast_head":"<!-- This site is optimized with the Yoast SEO plugin v21.1 - https:\/\/yoast.com\/wordpress\/plugins\/seo\/ -->\n<title>Career - www.rdksolutions.eu<\/title>\n<meta name=\"description\" content=\"Karjera\" \/>\n<meta name=\"robots\" content=\"index, follow, max-snippet:-1, max-image-preview:large, max-video-preview:-1\" \/>\n<link rel=\"canonical\" href=\"https:\/\/rdksolutions.eu\/karjera\/\" \/>\n<meta property=\"og:locale\" content=\"en_US\" \/>\n<meta property=\"og:type\" content=\"article\" \/>\n<meta property=\"og:title\" content=\"Career - www.rdksolutions.eu\" \/>\n<meta property=\"og:description\" content=\"Karjera\" \/>\n<meta property=\"og:url\" content=\"https:\/\/rdksolutions.eu\/karjera\/\" \/>\n<meta property=\"og:site_name\" content=\"www.rdksolutions.eu\" \/>\n<meta property=\"article:modified_time\" content=\"2018-10-11T08:54:55+00:00\" \/>\n<meta name=\"twitter:card\" content=\"summary_large_image\" \/>\n<meta name=\"twitter:label1\" content=\"Est. reading time\" \/>\n\t<meta name=\"twitter:data1\" content=\"15 minutes\" \/>\n<script type=\"application\/ld+json\" class=\"yoast-schema-graph\">{\"@context\":\"https:\/\/schema.org\",\"@graph\":[{\"@type\":\"WebPage\",\"@id\":\"https:\/\/rdksolutions.eu\/karjera\/\",\"url\":\"https:\/\/rdksolutions.eu\/karjera\/\",\"name\":\"Career - www.rdksolutions.eu\",\"isPartOf\":{\"@id\":\"https:\/\/rdksolutions.eu\/pl\/#website\"},\"datePublished\":\"2017-10-25T13:44:31+00:00\",\"dateModified\":\"2018-10-11T08:54:55+00:00\",\"description\":\"Karjera\",\"breadcrumb\":{\"@id\":\"https:\/\/rdksolutions.eu\/karjera\/#breadcrumb\"},\"inLanguage\":\"en-US\",\"potentialAction\":[{\"@type\":\"ReadAction\",\"target\":[\"https:\/\/rdksolutions.eu\/karjera\/\"]}]},{\"@type\":\"BreadcrumbList\",\"@id\":\"https:\/\/rdksolutions.eu\/karjera\/#breadcrumb\",\"itemListElement\":[{\"@type\":\"ListItem\",\"position\":1,\"name\":\"Home\",\"item\":\"https:\/\/rdksolutions.eu\/\"},{\"@type\":\"ListItem\",\"position\":2,\"name\":\"Kariera\"}]},{\"@type\":\"WebSite\",\"@id\":\"https:\/\/rdksolutions.eu\/pl\/#website\",\"url\":\"https:\/\/rdksolutions.eu\/pl\/\",\"name\":\"www.rdksolutions.eu\",\"description\":\"Logistics services - RDK Solutions\",\"publisher\":{\"@id\":\"https:\/\/rdksolutions.eu\/pl\/#organization\"},\"potentialAction\":[{\"@type\":\"SearchAction\",\"target\":{\"@type\":\"EntryPoint\",\"urlTemplate\":\"https:\/\/rdksolutions.eu\/pl\/?s={search_term_string}\"},\"query-input\":\"required name=search_term_string\"}],\"inLanguage\":\"en-US\"},{\"@type\":\"Organization\",\"@id\":\"https:\/\/rdksolutions.eu\/pl\/#organization\",\"name\":\"UAB \\\"RDK Solutions\\\"\",\"url\":\"https:\/\/rdksolutions.eu\/pl\/\",\"logo\":{\"@type\":\"ImageObject\",\"inLanguage\":\"en-US\",\"@id\":\"https:\/\/rdksolutions.eu\/pl\/#\/schema\/logo\/image\/\",\"url\":\"https:\/\/rdksolutions.eu\/wp-content\/uploads\/2017\/10\/logo_png_www.rdksolutions.eu_.png\",\"contentUrl\":\"https:\/\/rdksolutions.eu\/wp-content\/uploads\/2017\/10\/logo_png_www.rdksolutions.eu_.png\",\"width\":200,\"height\":90,\"caption\":\"UAB \\\"RDK Solutions\\\"\"},\"image\":{\"@id\":\"https:\/\/rdksolutions.eu\/pl\/#\/schema\/logo\/image\/\"}}]}<\/script>\n<!-- \/ Yoast SEO plugin. -->","yoast_head_json":{"title":"Career - www.rdksolutions.eu","description":"Karjera","robots":{"index":"index","follow":"follow","max-snippet":"max-snippet:-1","max-image-preview":"max-image-preview:large","max-video-preview":"max-video-preview:-1"},"canonical":"https:\/\/rdksolutions.eu\/karjera\/","og_locale":"en_US","og_type":"article","og_title":"Career - www.rdksolutions.eu","og_description":"Karjera","og_url":"https:\/\/rdksolutions.eu\/karjera\/","og_site_name":"www.rdksolutions.eu","article_modified_time":"2018-10-11T08:54:55+00:00","twitter_card":"summary_large_image","twitter_misc":{"Est. reading time":"15 minutes"},"schema":{"@context":"https:\/\/schema.org","@graph":[{"@type":"WebPage","@id":"https:\/\/rdksolutions.eu\/karjera\/","url":"https:\/\/rdksolutions.eu\/karjera\/","name":"Career - www.rdksolutions.eu","isPartOf":{"@id":"https:\/\/rdksolutions.eu\/pl\/#website"},"datePublished":"2017-10-25T13:44:31+00:00","dateModified":"2018-10-11T08:54:55+00:00","description":"Karjera","breadcrumb":{"@id":"https:\/\/rdksolutions.eu\/karjera\/#breadcrumb"},"inLanguage":"en-US","potentialAction":[{"@type":"ReadAction","target":["https:\/\/rdksolutions.eu\/karjera\/"]}]},{"@type":"BreadcrumbList","@id":"https:\/\/rdksolutions.eu\/karjera\/#breadcrumb","itemListElement":[{"@type":"ListItem","position":1,"name":"Home","item":"https:\/\/rdksolutions.eu\/"},{"@type":"ListItem","position":2,"name":"Kariera"}]},{"@type":"WebSite","@id":"https:\/\/rdksolutions.eu\/pl\/#website","url":"https:\/\/rdksolutions.eu\/pl\/","name":"www.rdksolutions.eu","description":"Logistics services - RDK Solutions","publisher":{"@id":"https:\/\/rdksolutions.eu\/pl\/#organization"},"potentialAction":[{"@type":"SearchAction","target":{"@type":"EntryPoint","urlTemplate":"https:\/\/rdksolutions.eu\/pl\/?s={search_term_string}"},"query-input":"required name=search_term_string"}],"inLanguage":"en-US"},{"@type":"Organization","@id":"https:\/\/rdksolutions.eu\/pl\/#organization","name":"UAB \"RDK Solutions\"","url":"https:\/\/rdksolutions.eu\/pl\/","logo":{"@type":"ImageObject","inLanguage":"en-US","@id":"https:\/\/rdksolutions.eu\/pl\/#\/schema\/logo\/image\/","url":"https:\/\/rdksolutions.eu\/wp-content\/uploads\/2017\/10\/logo_png_www.rdksolutions.eu_.png","contentUrl":"https:\/\/rdksolutions.eu\/wp-content\/uploads\/2017\/10\/logo_png_www.rdksolutions.eu_.png","width":200,"height":90,"caption":"UAB \"RDK Solutions\""},"image":{"@id":"https:\/\/rdksolutions.eu\/pl\/#\/schema\/logo\/image\/"}}]}},"_links":{"self":[{"href":"https:\/\/rdksolutions.eu\/en\/wp-json\/wp\/v2\/pages\/2946"}],"collection":[{"href":"https:\/\/rdksolutions.eu\/en\/wp-json\/wp\/v2\/pages"}],"about":[{"href":"https:\/\/rdksolutions.eu\/en\/wp-json\/wp\/v2\/types\/page"}],"author":[{"embeddable":true,"href":"https:\/\/rdksolutions.eu\/en\/wp-json\/wp\/v2\/users\/1"}],"replies":[{"embeddable":true,"href":"https:\/\/rdksolutions.eu\/en\/wp-json\/wp\/v2\/comments?post=2946"}],"version-history":[{"count":33,"href":"https:\/\/rdksolutions.eu\/en\/wp-json\/wp\/v2\/pages\/2946\/revisions"}],"predecessor-version":[{"id":4000,"href":"https:\/\/rdksolutions.eu\/en\/wp-json\/wp\/v2\/pages\/2946\/revisions\/4000"}],"wp:attachment":[{"href":"https:\/\/rdksolutions.eu\/en\/wp-json\/wp\/v2\/media?parent=2946"}],"curies":[{"name":"wp","href":"https:\/\/api.w.org\/{rel}","templated":true}]}}