{"id":2755,"date":"2017-10-23T08:10:00","date_gmt":"2017-10-23T10:10:00","guid":{"rendered":"http:\/\/rdksolutions.eu\/?page_id=2755"},"modified":"2018-10-11T07:53:33","modified_gmt":"2018-10-11T09:53:33","slug":"kroviniu-pervezimas-autotransportu","status":"publish","type":"page","link":"https:\/\/rdksolutions.eu\/en\/kroviniu-pervezimas-autotransportu\/","title":{"rendered":"Transportation of cargoes by auto transport"},"content":{"rendered":"<p>[vc_row][vc_column][vc_empty_space][\/vc_column][\/vc_row][vc_row full_width=&#8221;stretch_row&#8221; gap=&#8221;25&#8243;][vc_column width=&#8221;8\/12&#8243;][vc_column_text]Land transport is the most popular way of transportation, so we pay special attention to this type of service. In order to guarantee fast delivery terms, cost effective service rates and comprehensive security of both partial and full cargoes, we are constantly investing in upgrading our vehicles. We also strive to find the most convenient and flexible solutions for the customer, so each one has an individual route that allows the door-to-door delivery in a quick and timely manner.<\/p>\n<p>Our cargo is insured by the freight forwarder&#8217;s civil liability and the carrier&#8217;s CMR insurance, if necessary, we can cover the cargo with a special CARGO insurance. In order for the customer to follow the trip of our cargo, we fully control the entire route of the journey, and we provide accurate information on the location of the cargo and the further route on a daily basis.<\/p>\n<p>&#8220;RDK Solutions&#8221; &#8211; fast and qualitative delivery of cargo, allowing customers to plan and manage their time in a responsible and confident manner![\/vc_column_text][\/vc_column][vc_column width=&#8221;4\/12&#8243;][vc_btn title=&#8221;Ask our expert&#8221; style=&#8221;outline&#8221; shape=&#8221;round&#8221; color=&#8221;theme_style_1&#8243; i_icon_fontawesome=&#8221;fa fa-phone&#8221; add_icon=&#8221;true&#8221; link=&#8221;url:http%3A%2F%2Frdksolutions.eu%2Fkontaktai%2F|||&#8221;][\/vc_column][\/vc_row][vc_row][vc_column][vc_empty_space][\/vc_column][\/vc_row][vc_row full_width=&#8221;stretch_row&#8221; equal_height=&#8221;yes&#8221; content_placement=&#8221;middle&#8221; css=&#8221;.vc_custom_1508914261490{background-color: #f4f4f4 !important;}&#8221;][vc_column][vc_empty_space height=&#8221;32&#8243;][vc_custom_heading text=&#8221;Transportation&#8221; font_container=&#8221;tag:h4|text_align:left&#8221; use_theme_fonts=&#8221;yes&#8221;][vc_column_text][\/vc_column_text][vc_tta_tabs active_section=&#8221;1&#8243; css=&#8221;.vc_custom_1508914277917{background-color: #f4f4f4 !important;}&#8221;][vc_tta_section title=&#8221;TENT SEMI-TRAILER&#8221; tab_id=&#8221;1508928503019-83d735d7-ebf6&#8243;][vc_row_inner equal_height=&#8221;yes&#8221; content_placement=&#8221;middle&#8221;][vc_column_inner width=&#8221;1\/2&#8243;][vc_column_text]<\/p>\n<table border=\"1\" cellspacing=\"0\" cellpadding=\"0\">\n<tbody>\n<tr style=\"height: 34px;\">\n<td style=\"height: 34px;\">Loading capacity<\/td>\n<td style=\"height: 34px;\"><span style=\"color: #000000;\"><span style=\"font-family: arial, helvetica, sans-serif; font-size: 10pt;\">20 t. (CIS countries)<\/span><\/span><\/p>\n<p><span style=\"color: #000000;\"><span style=\"font-family: arial, helvetica, sans-serif; font-size: 10pt;\">24 t.\u00a0(In the European Union)<\/span><\/span><\/td>\n<\/tr>\n<tr style=\"height: 24px;\">\n<td style=\"height: 24px;\">The volume<\/td>\n<td style=\"height: 24px;\"><span style=\"font-family: arial, helvetica, sans-serif; font-size: 10pt; color: #000000;\">92 m<span style=\"font-size: 8pt;\">3<\/span><\/span><\/td>\n<\/tr>\n<tr style=\"height: 24px;\">\n<td style=\"height: 24px;\">The capacity of Euro pallets<\/td>\n<td style=\"height: 24px;\"><span style=\"font-family: arial, helvetica, sans-serif; font-size: 10pt; color: #000000;\">34<\/span><\/td>\n<\/tr>\n<tr style=\"height: 24px;\">\n<td style=\"height: 24px;\">Length<\/td>\n<td style=\"height: 24px;\"><span style=\"font-family: arial, helvetica, sans-serif; font-size: 10pt; color: #000000;\">13,62<\/span><\/td>\n<\/tr>\n<tr style=\"height: 24px;\">\n<td style=\"height: 24px;\">Width<\/td>\n<td style=\"height: 24px;\"><span style=\"font-family: arial, helvetica, sans-serif; font-size: 10pt; color: #000000;\">2,43-2,48<\/span><\/td>\n<\/tr>\n<tr style=\"height: 24px;\">\n<td style=\"height: 24px;\">Height<\/td>\n<td style=\"height: 24px;\"><span style=\"font-family: arial, helvetica, sans-serif; font-size: 10pt; color: #000000;\">2,45-2,75<\/span><\/td>\n<\/tr>\n<\/tbody>\n<\/table>\n<p>[\/vc_column_text][\/vc_column_inner][vc_column_inner width=&#8221;1\/2&#8243;][vc_single_image image=&#8221;2849&#8243; img_size=&#8221;full&#8221; alignment=&#8221;center&#8221; style=&#8221;vc_box_outline&#8221;][\/vc_column_inner][\/vc_row_inner][\/vc_tta_section][vc_tta_section title=&#8221;AUTO-TRAIN&#8221; tab_id=&#8221;1508928504939-4d54f413-0734&#8243;][vc_row_inner equal_height=&#8221;yes&#8221; content_placement=&#8221;middle&#8221;][vc_column_inner width=&#8221;1\/2&#8243;][vc_column_text]<\/p>\n<table border=\"1\" cellspacing=\"0\" cellpadding=\"0\">\n<tbody>\n<tr>\n<td>Loading capacity<\/td>\n<td><span style=\"color: #000000;\"><span style=\"font-size: 10pt; font-family: arial, helvetica, sans-serif;\">20t. (CIS countries)<\/span><\/span><br \/>\n<span style=\"font-size: 10pt; font-family: arial, helvetica, sans-serif; color: #000000;\">24t.\u00a0(In the European Union)<br \/>\n<\/span><\/td>\n<\/tr>\n<tr>\n<td>The volume<\/td>\n<td><span style=\"font-size: 10pt; font-family: arial, helvetica, sans-serif; color: #000000;\">120 m3<\/span><\/td>\n<\/tr>\n<tr>\n<td>The capacity of Euro pallets<\/td>\n<td><span style=\"font-size: 10pt; font-family: arial, helvetica, sans-serif; color: #000000;\">38<\/span><\/td>\n<\/tr>\n<tr>\n<td>Length<\/td>\n<td><span style=\"font-size: 10pt; font-family: arial, helvetica, sans-serif; color: #000000;\">7,7 + 7,8<\/span><\/td>\n<\/tr>\n<tr>\n<td>Width<\/td>\n<td><span style=\"font-size: 10pt; font-family: arial, helvetica, sans-serif; color: #000000;\">2,43-2,48<\/span><\/td>\n<\/tr>\n<tr>\n<td>Height<\/td>\n<td><span style=\"font-size: 10pt; font-family: arial, helvetica, sans-serif; color: #000000;\">2,5-3<\/span><\/td>\n<\/tr>\n<\/tbody>\n<\/table>\n<p>[\/vc_column_text][\/vc_column_inner][vc_column_inner width=&#8221;1\/2&#8243;][vc_single_image image=&#8221;2850&#8243; img_size=&#8221;full&#8221; alignment=&#8221;center&#8221; style=&#8221;vc_box_outline&#8221;][\/vc_column_inner][\/vc_row_inner][\/vc_tta_section][vc_tta_section title=&#8221;ISOTHERMAL SEMI-TRAILER&#8221; tab_id=&#8221;1508928507182-641a8291-08d9&#8243;][vc_row_inner equal_height=&#8221;yes&#8221; content_placement=&#8221;middle&#8221;][vc_column_inner width=&#8221;1\/2&#8243;][vc_column_text]<\/p>\n<table border=\"1\" cellspacing=\"0\" cellpadding=\"0\">\n<tbody>\n<tr>\n<td>Loading capacity<\/td>\n<td><span style=\"color: #000000;\"><span style=\"font-size: 10pt; font-family: arial, helvetica, sans-serif;\">20 t.\u00a0(CIS countries)<\/span><\/span><br \/>\n<span style=\"font-size: 10pt; font-family: arial, helvetica, sans-serif; color: #000000;\">24 t.\u00a0(In the European Union)<br \/>\n<\/span><\/td>\n<\/tr>\n<tr>\n<td>The volume<\/td>\n<td><span style=\"font-size: 10pt; font-family: arial, helvetica, sans-serif; color: #000000;\">86 m3<\/span><\/td>\n<\/tr>\n<tr>\n<td>The capacity of Euro pallets<\/td>\n<td><span style=\"font-size: 10pt; font-family: arial, helvetica, sans-serif; color: #000000;\">34<\/span><\/td>\n<\/tr>\n<tr>\n<td>Length<\/td>\n<td><span style=\"font-size: 10pt; font-family: arial, helvetica, sans-serif; color: #000000;\">13,62<\/span><\/td>\n<\/tr>\n<tr>\n<td>Width<\/td>\n<td><span style=\"font-size: 10pt; font-family: arial, helvetica, sans-serif;\">2,43-2,48<\/span><\/td>\n<\/tr>\n<tr>\n<td>Height<\/td>\n<td><span style=\"font-size: 10pt; font-family: arial, helvetica, sans-serif;\">2,4-2,6<\/span><\/td>\n<\/tr>\n<\/tbody>\n<\/table>\n<p>[\/vc_column_text][\/vc_column_inner][vc_column_inner width=&#8221;1\/2&#8243;][vc_single_image image=&#8221;2851&#8243; img_size=&#8221;full&#8221; alignment=&#8221;center&#8221; style=&#8221;vc_box_outline&#8221;][\/vc_column_inner][\/vc_row_inner][\/vc_tta_section][vc_tta_section title=&#8221;REFRIGERATED SEMI-TRAILER&#8221; tab_id=&#8221;1508928509505-2645be0a-66ba&#8221;][vc_row_inner equal_height=&#8221;yes&#8221; content_placement=&#8221;middle&#8221;][vc_column_inner width=&#8221;1\/2&#8243;][vc_column_text]<\/p>\n<div class=\"title\"><\/div>\n<table border=\"1\" cellspacing=\"0\" cellpadding=\"0\">\n<tbody>\n<tr>\n<td>Loading capacity<\/td>\n<td><span style=\"font-size: 10pt; font-family: arial, helvetica, sans-serif; color: #000000;\">20 t.\u00a0(CIS countries)<\/span><br \/>\n<span style=\"color: #000000;\"><span style=\"font-size: 10pt; font-family: arial, helvetica, sans-serif;\"><span style=\"font-size: 10pt; font-family: arial, helvetica, sans-serif;\">24 t.\u00a0(In the European Union)<\/span><\/span><\/span><\/td>\n<\/tr>\n<tr>\n<td>The Volume<\/td>\n<td><span style=\"font-size: 10pt; font-family: arial, helvetica, sans-serif; color: #000000;\">86 m3<\/span><\/td>\n<\/tr>\n<tr>\n<td>The capacity of Euro pallets<\/td>\n<td><span style=\"font-size: 10pt; font-family: arial, helvetica, sans-serif; color: #000000;\">34<\/span><\/td>\n<\/tr>\n<tr>\n<td>Length<\/td>\n<td><span style=\"font-size: 10pt; font-family: arial, helvetica, sans-serif; color: #000000;\">13,62<\/span><\/td>\n<\/tr>\n<tr>\n<td><span style=\"color: #000000;\">Width<\/span><\/td>\n<td style=\"font-size: 10pt; font-family: arial, helvetica, sans-serif; color: #333333;\"><span style=\"color: #000000;\">2,43-2,48<\/span><\/td>\n<\/tr>\n<tr>\n<td>Height<\/td>\n<td style=\"font-size: 10pt; font-family: arial, helvetica, sans-serif; color: #333333;\"><span style=\"color: #000000;\">2,4-2,6<\/span><\/td>\n<\/tr>\n<\/tbody>\n<\/table>\n<p>[\/vc_column_text][\/vc_column_inner][vc_column_inner width=&#8221;1\/2&#8243;][vc_single_image image=&#8221;2852&#8243; img_size=&#8221;full&#8221; alignment=&#8221;center&#8221; style=&#8221;vc_box_outline&#8221;][\/vc_column_inner][\/vc_row_inner][\/vc_tta_section][\/vc_tta_tabs][vc_row_inner][vc_column_inner][vc_empty_space height=&#8221;32&#8243;][\/vc_column_inner][\/vc_row_inner][\/vc_column][\/vc_row][vc_row full_width=&#8221;stretch_row&#8221; gap=&#8221;25&#8243; css=&#8221;.vc_custom_1508930262882{background-color: #f7f7f7 !important;}&#8221;][vc_column width=&#8221;2\/3&#8243;][vc_empty_space][vc_custom_heading text=&#8221; Directions&#8221; font_container=&#8221;tag:h4|text_align:left&#8221; use_theme_fonts=&#8221;yes&#8221;][vc_empty_space][vc_column_text]\u201eRDK Solutions\u201c ships and transports cargoes across the entire Europe. The main directions are Scandinavia, the Baltic States, Russia, Kazakhstan, Uzbekistan and other CIS countries. We also transport goods from \/ to Italy, Spain, France, Portugal, Poland and other EU countries.[\/vc_column_text][vc_row_inner][vc_column_inner width=&#8221;1\/4&#8243; offset=&#8221;vc_hidden-sm vc_hidden-xs&#8221;][stm_circle_progress title=&#8221;Europe&#8221; value=&#8221;40&#8243; size=&#8221;110&#8243; fill_color=&#8221;#ff7b00&#8243;][\/vc_column_inner][vc_column_inner width=&#8221;1\/4&#8243; offset=&#8221;vc_hidden-sm vc_hidden-xs&#8221;][stm_circle_progress title=&#8221;Russia and the CIS&#8221; value=&#8221;30&#8243; size=&#8221;110&#8243; fill_color=&#8221;#ff7b00&#8243;][\/vc_column_inner][vc_column_inner width=&#8221;1\/4&#8243; offset=&#8221;vc_hidden-sm vc_hidden-xs&#8221;][stm_circle_progress title=&#8221;The Baltic States&#8221; value=&#8221;20&#8243; size=&#8221;110&#8243; fill_color=&#8221;#ff7b00&#8243;][\/vc_column_inner][vc_column_inner width=&#8221;1\/4&#8243; offset=&#8221;vc_hidden-sm vc_hidden-xs&#8221;][stm_circle_progress title=&#8221;Scandinavia&#8221; value=&#8221;10&#8243; size=&#8221;110&#8243; fill_color=&#8221;#ff7b00&#8243;][\/vc_column_inner][\/vc_row_inner][\/vc_column][vc_column width=&#8221;1\/3&#8243; offset=&#8221;vc_hidden-sm vc_hidden-xs&#8221;][vc_empty_space height=&#8221;32&#8243;][vc_single_image image=&#8221;3268&#8243; img_size=&#8221;full&#8221; alignment=&#8221;center&#8221; style=&#8221;vc_box_outline&#8221; onclick=&#8221;img_link_large&#8221; css_animation=&#8221;fadeIn&#8221;][\/vc_column][\/vc_row][vc_row full_width=&#8221;stretch_row&#8221; css=&#8221;.vc_custom_1511171863632{background-color: #f7f7f7 !important;}&#8221;][vc_column][vc_empty_space][vc_empty_space][\/vc_column][\/vc_row][vc_row full_width=&#8221;stretch_row&#8221; el_class=&#8221;secondary_bg_color&#8221; css=&#8221;.vc_custom_1508741073199{margin-bottom: 0px !important;}&#8221;][vc_column width=&#8221;1\/12&#8243;][\/vc_column][vc_column width=&#8221;10\/12&#8243;][vc_cta h2=&#8221;Do you want to get an offer?&#8221; shape=&#8221;square&#8221; add_button=&#8221;right&#8221; btn_title=&#8221;COMPLETE THE FORM&#8221; btn_style=&#8221;outline&#8221; btn_shape=&#8221;round&#8221; btn_color=&#8221;white&#8221; btn_i_align=&#8221;right&#8221; btn_i_icon_fontawesome=&#8221;stm-arrow-next&#8221; btn_add_icon=&#8221;true&#8221; el_class=&#8221;secondary_bg_color&#8221; btn_link=&#8221;url:http%3A%2F%2Frdksolutions.eu%2Fuzklausa%2F|||&#8221;][\/vc_cta][\/vc_column][vc_column width=&#8221;1\/12&#8243;][\/vc_column][\/vc_row]<\/p>","protected":false},"excerpt":{"rendered":"<p>[vc_row][vc_column][vc_empty_space][\/vc_column][\/vc_row][vc_row full_width=&#8221;stretch_row&#8221; gap=&#8221;25&#8243;][vc_column width=&#8221;8\/12&#8243;][vc_column_text]Land transport is the most popular way of transportation, so we pay special attention to this type of service. In order to guarantee fast delivery terms, cost effective service rates&#8230;<\/p>\n","protected":false},"author":1,"featured_media":0,"parent":0,"menu_order":0,"comment_status":"closed","ping_status":"closed","template":"","meta":[],"yoast_head":"<!-- This site is optimized with the Yoast SEO plugin v21.1 - https:\/\/yoast.com\/wordpress\/plugins\/seo\/ -->\n<title>Transportation of cargoes by auto transport - www.rdksolutions.eu<\/title>\n<meta name=\"description\" content=\"Krovini\u0173 perve\u017eimas autotransportu\" \/>\n<meta name=\"robots\" content=\"index, follow, max-snippet:-1, max-image-preview:large, max-video-preview:-1\" \/>\n<link rel=\"canonical\" href=\"https:\/\/rdksolutions.eu\/kroviniu-pervezimas-autotransportu\/\" \/>\n<meta property=\"og:locale\" content=\"en_US\" \/>\n<meta property=\"og:type\" content=\"article\" \/>\n<meta property=\"og:title\" content=\"Transportation of cargoes by auto transport - www.rdksolutions.eu\" \/>\n<meta property=\"og:description\" content=\"Krovini\u0173 perve\u017eimas autotransportu\" \/>\n<meta property=\"og:url\" content=\"https:\/\/rdksolutions.eu\/kroviniu-pervezimas-autotransportu\/\" \/>\n<meta property=\"og:site_name\" content=\"www.rdksolutions.eu\" \/>\n<meta property=\"article:modified_time\" content=\"2018-10-11T09:53:33+00:00\" \/>\n<meta name=\"twitter:card\" content=\"summary_large_image\" \/>\n<meta name=\"twitter:label1\" content=\"Est. reading time\" \/>\n\t<meta name=\"twitter:data1\" content=\"19 minutes\" \/>\n<script type=\"application\/ld+json\" class=\"yoast-schema-graph\">{\"@context\":\"https:\/\/schema.org\",\"@graph\":[{\"@type\":\"WebPage\",\"@id\":\"https:\/\/rdksolutions.eu\/kroviniu-pervezimas-autotransportu\/\",\"url\":\"https:\/\/rdksolutions.eu\/kroviniu-pervezimas-autotransportu\/\",\"name\":\"Transportation of cargoes by auto transport - www.rdksolutions.eu\",\"isPartOf\":{\"@id\":\"https:\/\/rdksolutions.eu\/pl\/#website\"},\"datePublished\":\"2017-10-23T10:10:00+00:00\",\"dateModified\":\"2018-10-11T09:53:33+00:00\",\"description\":\"Krovini\u0173 perve\u017eimas autotransportu\",\"breadcrumb\":{\"@id\":\"https:\/\/rdksolutions.eu\/kroviniu-pervezimas-autotransportu\/#breadcrumb\"},\"inLanguage\":\"en-US\",\"potentialAction\":[{\"@type\":\"ReadAction\",\"target\":[\"https:\/\/rdksolutions.eu\/kroviniu-pervezimas-autotransportu\/\"]}]},{\"@type\":\"BreadcrumbList\",\"@id\":\"https:\/\/rdksolutions.eu\/kroviniu-pervezimas-autotransportu\/#breadcrumb\",\"itemListElement\":[{\"@type\":\"ListItem\",\"position\":1,\"name\":\"Home\",\"item\":\"https:\/\/rdksolutions.eu\/\"},{\"@type\":\"ListItem\",\"position\":2,\"name\":\"Przew\u00f3z \u0142adunk\u00f3w auto transportem\"}]},{\"@type\":\"WebSite\",\"@id\":\"https:\/\/rdksolutions.eu\/pl\/#website\",\"url\":\"https:\/\/rdksolutions.eu\/pl\/\",\"name\":\"www.rdksolutions.eu\",\"description\":\"Logistics services - RDK Solutions\",\"publisher\":{\"@id\":\"https:\/\/rdksolutions.eu\/pl\/#organization\"},\"potentialAction\":[{\"@type\":\"SearchAction\",\"target\":{\"@type\":\"EntryPoint\",\"urlTemplate\":\"https:\/\/rdksolutions.eu\/pl\/?s={search_term_string}\"},\"query-input\":\"required name=search_term_string\"}],\"inLanguage\":\"en-US\"},{\"@type\":\"Organization\",\"@id\":\"https:\/\/rdksolutions.eu\/pl\/#organization\",\"name\":\"UAB \\\"RDK Solutions\\\"\",\"url\":\"https:\/\/rdksolutions.eu\/pl\/\",\"logo\":{\"@type\":\"ImageObject\",\"inLanguage\":\"en-US\",\"@id\":\"https:\/\/rdksolutions.eu\/pl\/#\/schema\/logo\/image\/\",\"url\":\"https:\/\/rdksolutions.eu\/wp-content\/uploads\/2017\/10\/logo_png_www.rdksolutions.eu_.png\",\"contentUrl\":\"https:\/\/rdksolutions.eu\/wp-content\/uploads\/2017\/10\/logo_png_www.rdksolutions.eu_.png\",\"width\":200,\"height\":90,\"caption\":\"UAB \\\"RDK Solutions\\\"\"},\"image\":{\"@id\":\"https:\/\/rdksolutions.eu\/pl\/#\/schema\/logo\/image\/\"}}]}<\/script>\n<!-- \/ Yoast SEO plugin. -->","yoast_head_json":{"title":"Transportation of cargoes by auto transport - www.rdksolutions.eu","description":"Krovini\u0173 perve\u017eimas autotransportu","robots":{"index":"index","follow":"follow","max-snippet":"max-snippet:-1","max-image-preview":"max-image-preview:large","max-video-preview":"max-video-preview:-1"},"canonical":"https:\/\/rdksolutions.eu\/kroviniu-pervezimas-autotransportu\/","og_locale":"en_US","og_type":"article","og_title":"Transportation of cargoes by auto transport - www.rdksolutions.eu","og_description":"Krovini\u0173 perve\u017eimas autotransportu","og_url":"https:\/\/rdksolutions.eu\/kroviniu-pervezimas-autotransportu\/","og_site_name":"www.rdksolutions.eu","article_modified_time":"2018-10-11T09:53:33+00:00","twitter_card":"summary_large_image","twitter_misc":{"Est. reading time":"19 minutes"},"schema":{"@context":"https:\/\/schema.org","@graph":[{"@type":"WebPage","@id":"https:\/\/rdksolutions.eu\/kroviniu-pervezimas-autotransportu\/","url":"https:\/\/rdksolutions.eu\/kroviniu-pervezimas-autotransportu\/","name":"Transportation of cargoes by auto transport - www.rdksolutions.eu","isPartOf":{"@id":"https:\/\/rdksolutions.eu\/pl\/#website"},"datePublished":"2017-10-23T10:10:00+00:00","dateModified":"2018-10-11T09:53:33+00:00","description":"Krovini\u0173 perve\u017eimas autotransportu","breadcrumb":{"@id":"https:\/\/rdksolutions.eu\/kroviniu-pervezimas-autotransportu\/#breadcrumb"},"inLanguage":"en-US","potentialAction":[{"@type":"ReadAction","target":["https:\/\/rdksolutions.eu\/kroviniu-pervezimas-autotransportu\/"]}]},{"@type":"BreadcrumbList","@id":"https:\/\/rdksolutions.eu\/kroviniu-pervezimas-autotransportu\/#breadcrumb","itemListElement":[{"@type":"ListItem","position":1,"name":"Home","item":"https:\/\/rdksolutions.eu\/"},{"@type":"ListItem","position":2,"name":"Przew\u00f3z \u0142adunk\u00f3w auto transportem"}]},{"@type":"WebSite","@id":"https:\/\/rdksolutions.eu\/pl\/#website","url":"https:\/\/rdksolutions.eu\/pl\/","name":"www.rdksolutions.eu","description":"Logistics services - RDK Solutions","publisher":{"@id":"https:\/\/rdksolutions.eu\/pl\/#organization"},"potentialAction":[{"@type":"SearchAction","target":{"@type":"EntryPoint","urlTemplate":"https:\/\/rdksolutions.eu\/pl\/?s={search_term_string}"},"query-input":"required name=search_term_string"}],"inLanguage":"en-US"},{"@type":"Organization","@id":"https:\/\/rdksolutions.eu\/pl\/#organization","name":"UAB \"RDK Solutions\"","url":"https:\/\/rdksolutions.eu\/pl\/","logo":{"@type":"ImageObject","inLanguage":"en-US","@id":"https:\/\/rdksolutions.eu\/pl\/#\/schema\/logo\/image\/","url":"https:\/\/rdksolutions.eu\/wp-content\/uploads\/2017\/10\/logo_png_www.rdksolutions.eu_.png","contentUrl":"https:\/\/rdksolutions.eu\/wp-content\/uploads\/2017\/10\/logo_png_www.rdksolutions.eu_.png","width":200,"height":90,"caption":"UAB \"RDK Solutions\""},"image":{"@id":"https:\/\/rdksolutions.eu\/pl\/#\/schema\/logo\/image\/"}}]}},"_links":{"self":[{"href":"https:\/\/rdksolutions.eu\/en\/wp-json\/wp\/v2\/pages\/2755"}],"collection":[{"href":"https:\/\/rdksolutions.eu\/en\/wp-json\/wp\/v2\/pages"}],"about":[{"href":"https:\/\/rdksolutions.eu\/en\/wp-json\/wp\/v2\/types\/page"}],"author":[{"embeddable":true,"href":"https:\/\/rdksolutions.eu\/en\/wp-json\/wp\/v2\/users\/1"}],"replies":[{"embeddable":true,"href":"https:\/\/rdksolutions.eu\/en\/wp-json\/wp\/v2\/comments?post=2755"}],"version-history":[{"count":52,"href":"https:\/\/rdksolutions.eu\/en\/wp-json\/wp\/v2\/pages\/2755\/revisions"}],"predecessor-version":[{"id":4004,"href":"https:\/\/rdksolutions.eu\/en\/wp-json\/wp\/v2\/pages\/2755\/revisions\/4004"}],"wp:attachment":[{"href":"https:\/\/rdksolutions.eu\/en\/wp-json\/wp\/v2\/media?parent=2755"}],"curies":[{"name":"wp","href":"https:\/\/api.w.org\/{rel}","templated":true}]}}