{"id":2163,"date":"2015-10-21T07:42:32","date_gmt":"2015-10-21T07:42:32","guid":{"rendered":"http:\/\/logistics.stylemixthemes.com\/demo\/?page_id=2"},"modified":"2021-12-16T06:21:56","modified_gmt":"2021-12-16T08:21:56","slug":"logistika-kroviniu-pervezimas","status":"publish","type":"page","link":"https:\/\/rdksolutions.eu\/en\/","title":{"rendered":"International transportation and logistics services"},"content":{"rendered":"<p>[vc_row full_width=&#8221;stretch_row_content_no_spaces&#8221;][vc_column][rev_slider_vc alias=&#8221;main_slider&#8221;][\/vc_column][\/vc_row][vc_row full_width=&#8221;stretch_row&#8221; el_class=&#8221;base_bg_color no_overflow_hidden&#8221; css=&#8221;.vc_custom_1508348043553{background-color: #f7f7f7 !important;}&#8221;][vc_column width=&#8221;1\/4&#8243; offset=&#8221;vc_hidden-xs&#8221;][stm_rev_slider_nav icon=&#8221;stm-people-in-team-old&#8221; slide_number=&#8221;1&#8243; icon_height=&#8221;40&#8243;][\/vc_column][vc_column width=&#8221;1\/4&#8243; offset=&#8221;vc_hidden-xs&#8221;][stm_rev_slider_nav icon=&#8221;stm-clients-worldwide&#8221; slide_number=&#8221;2&#8243; icon_height=&#8221;40&#8243;][\/vc_column][vc_column width=&#8221;1\/4&#8243; offset=&#8221;vc_hidden-xs&#8221;][stm_rev_slider_nav icon=&#8221;stm-transport849&#8243; slide_number=&#8221;3&#8243; icon_height=&#8221;40&#8243;][\/vc_column][vc_column width=&#8221;1\/4&#8243; offset=&#8221;vc_hidden-xs&#8221;][stm_rev_slider_nav icon=&#8221;stm-projects-done&#8221; slide_number=&#8221;4&#8243; icon_height=&#8221;40&#8243;][\/vc_column][\/vc_row][vc_row full_width=&#8221;stretch_row&#8221; content_placement=&#8221;middle&#8221; css=&#8221;.vc_custom_1508408281896{margin-top: 0px !important;margin-bottom: 0px !important;border-top-width: 0px !important;border-bottom-width: 0px !important;padding-top: 0px !important;padding-bottom: 0px !important;background: #f7f7f7 url(http:\/\/rdksolutions.eu\/wp-content\/uploads\/2015\/10\/apie_mus_bg_gelezinkelio_www.rdksolutions.eu_.jpg?id=2377) !important;}&#8221;][vc_column][vc_empty_space][vc_empty_space][vc_row_inner][vc_column_inner width=&#8221;2\/12&#8243;][\/vc_column_inner][vc_column_inner width=&#8221;8\/12&#8243;][vc_custom_heading text=&#8221;INTERNATIONAL TRANSPORTATION AND&#8221; font_container=&#8221;tag:h3|text_align:center|color:%23adaaaf&#8221; use_theme_fonts=&#8221;yes&#8221;][vc_custom_heading text=&#8221;LOGISTICS SERVICES&#8221; font_container=&#8221;tag:h2|text_align:center&#8221; use_theme_fonts=&#8221;yes&#8221; el_class=&#8221;base_font_color heading_without_line&#8221;][vc_column_text]Operations of \u201cRDK Solutions\u201d are logistics and cargo transportation. We offer a very wide range of services, covering the transport of goods by road, sea, water, air or rail. We also mediate in customs, carry out cargo transhipment, we can provide all the conditions for their storage, we have a strong forwarding team.<\/p>\n<p>We transport cargoes not only in Lithuania and Europe, but also in the CIS or other foreign countries. Because we have a well-developed transportation network, we provide our services at an extremely competitive price.[\/vc_column_text][\/vc_column_inner][vc_column_inner width=&#8221;2\/12&#8243;][\/vc_column_inner][\/vc_row_inner][vc_row_inner][vc_column_inner][vc_empty_space][vc_empty_space][\/vc_column_inner][\/vc_row_inner][vc_row_inner][vc_column_inner width=&#8221;1\/4&#8243;][stm_icon drawing=&#8221;yes&#8221; icon_width_svg=&#8221;77&#8243; icon_size=&#8221;50&#8243; icon_height=&#8221;72&#8243; title_font_size=&#8221;15&#8243; title_font_weight=&#8221;700&#8243; align=&#8221;center&#8221; title=&#8221;CARGO TRANSPORTATION&#8221; drawing_icon=&#8221;stm-owned-vehicles&#8221; text=&#8221;\u201eRDK Solutions\u201c \u2013 fast and qualitative delivery of cargoes, allowing customers to plan and manage their time in a responsible and confident manner!&#8221; text_color=&#8221;#333333&#8243; link=&#8221;url:http%3A%2F%2Frdksolutions.eu%2Fkroviniu-pervezimas-autotransportu%2F||target:%20_blank|&#8221; css=&#8221;.vc_custom_1538652221701{padding-top: 32px !important;}&#8221;][\/vc_column_inner][vc_column_inner width=&#8221;1\/4&#8243;][stm_icon drawing=&#8221;yes&#8221; icon_width_svg=&#8221;77&#8243; icon_size=&#8221;50&#8243; icon_height=&#8221;72&#8243; title_font_size=&#8221;15&#8243; title_font_weight=&#8221;700&#8243; align=&#8221;center&#8221; title=&#8221;STORAGE&#8221; drawing_icon=&#8221;stm-warehousing-service&#8221; text=&#8221;Our goal is to help your business grow, expand and develop without the high cost of creating separate logistics divisions: all necessary logistics services are available at \u201eRDK Solutions\u201c!&#8221; text_color=&#8221;#333333&#8243; link=&#8221;url:http%3A%2F%2Frdksolutions.eu%2Fkroviniu-perkrovimo-sandeliavimo-paslaugos%2F||target:%20_blank|&#8221; css=&#8221;.vc_custom_1511015463453{padding-top: 32px !important;}&#8221;][\/vc_column_inner][vc_column_inner width=&#8221;1\/4&#8243;][stm_icon drawing=&#8221;yes&#8221; icon_width_svg=&#8221;77&#8243; icon_size=&#8221;50&#8243; icon_height=&#8221;72&#8243; title_font_size=&#8221;15&#8243; title_font_weight=&#8221;700&#8243; align=&#8221;center&#8221; title=&#8221;CUSTOMS BROKERS&#8221; drawing_icon=&#8221;stm-projects-done&#8221; text=&#8221;Concentrate to the most important work of the company and let us take care not only for the transportation of goods but also for customs clearance procedures!&#8221; text_color=&#8221;#333333&#8243; link=&#8221;url:http%3A%2F%2Frdksolutions.eu%2Fmuitines-tarpininkavimas%2F||target:%20_blank|&#8221; css=&#8221;.vc_custom_1511166771624{padding-top: 32px !important;}&#8221;][\/vc_column_inner][vc_column_inner width=&#8221;1\/4&#8243;][stm_icon drawing=&#8221;yes&#8221; icon_width_svg=&#8221;77&#8243; icon_size=&#8221;50&#8243; icon_height=&#8221;72&#8243; title_font_size=&#8221;15&#8243; title_font_weight=&#8221;700&#8243; align=&#8221;center&#8221; title=&#8221;TRADE&#8221; drawing_icon=&#8221;stm-clients-worldwide&#8221; text=&#8221;\u201eRDK Solutions\u201c &#8211; May Your Business Plans Have No Limits!&#8221; text_color=&#8221;#333333&#8243; link=&#8221;url:http%3A%2F%2Frdksolutions.eu%2Fprekyba%2F||target:%20_blank|&#8221; css=&#8221;.vc_custom_1511015530480{padding-top: 32px !important;}&#8221;][\/vc_column_inner][\/vc_row_inner][vc_empty_space][vc_empty_space][\/vc_column][\/vc_row][vc_row full_width=&#8221;stretch_row_content&#8221; equal_height=&#8221;yes&#8221; content_placement=&#8221;middle&#8221; video_bg=&#8221;yes&#8221; video_bg_url=&#8221;https:\/\/www.youtube.com\/watch?v=y1EJtYGcwoU&amp;feature=youtu.be&#8221; css=&#8221;.vc_custom_1510060985753{margin-top: 0px !important;margin-right: 0px !important;margin-bottom: 0px !important;border-top-width: 0px !important;border-right-width: 0px !important;border-bottom-width: 0px !important;padding-top: 0px !important;padding-right: 0px !important;padding-bottom: 0px !important;background-image: url(http:\/\/rdksolutions.eu\/wp-content\/uploads\/2015\/10\/privalumai_www.rdksolutions.jpg?id=3254) !important;}&#8221;][vc_column css=&#8221;.vc_custom_1508349276474{margin-right: 0px !important;}&#8221;][vc_row_inner content_placement=&#8221;top&#8221; gap=&#8221;35&#8243; css=&#8221;.vc_custom_1510060089501{padding-top: 100px !important;padding-right: 30px !important;padding-left: 30px !important;background-color: rgba(21,21,21,0.55) !important;*background-color: rgb(21,21,21) !important;}&#8221; el_class=&#8221;baltai_tekstas&#8221;][vc_column_inner width=&#8221;6\/12&#8243;][stm_icon icon_position=&#8221;icon_position_left&#8221; icon_size=&#8221;28&#8243; icon_width=&#8221;48&#8243; title_font_size=&#8221;28&#8243; title_font_weight=&#8221;700&#8243; icon=&#8221;fa fa-check-square&#8221; title=&#8221;SECURITY&#8221; title_color=&#8221;#ff7b00&#8243; text_color=&#8221;#f7f7f7&#8243;][vc_empty_space][vc_column_text]<span style=\"color: #ffffff;\">Your cargo will be insured by trusted insurance companies \u201eMarine Underwriting Services\u201c or \u201eCoface\u201c, which will protect you from default on your clients&#8217; financial obligations.<\/span>[\/vc_column_text][\/vc_column_inner][vc_column_inner width=&#8221;6\/12&#8243;][stm_icon icon_position=&#8221;icon_position_left&#8221; icon_size=&#8221;28&#8243; icon_width=&#8221;48&#8243; title_font_size=&#8221;28&#8243; title_font_weight=&#8221;700&#8243; icon=&#8221;fa fa-check-square&#8221; title=&#8221;COOPERATION&#8221; title_color=&#8221;#ff7b00&#8243; text_color=&#8221;#f7f7f7&#8243;][vc_empty_space][vc_column_text]<span style=\"color: #ffffff;\">We maintain close contact with our clients and partners, listen to their needs and do our utmost to not only justify but also exceed our expectations. <\/span>[\/vc_column_text][\/vc_column_inner][\/vc_row_inner][vc_row_inner content_placement=&#8221;top&#8221; gap=&#8221;35&#8243; css=&#8221;.vc_custom_1510060141771{padding-top: 5px !important;padding-right: 30px !important;padding-bottom: 100px !important;padding-left: 30px !important;background-color: rgba(21,21,21,0.55) !important;*background-color: rgb(21,21,21) !important;}&#8221; el_class=&#8221;baltai_tekstas&#8221;][vc_column_inner width=&#8221;6\/12&#8243;][stm_icon icon_position=&#8221;icon_position_left&#8221; icon_size=&#8221;28&#8243; icon_width=&#8221;48&#8243; title_font_size=&#8221;28&#8243; title_font_weight=&#8221;700&#8243; icon=&#8221;fa fa-check-square&#8221; title=&#8221;PROFESSIONALITY&#8221; title_color=&#8221;#ff7b00&#8243; text_color=&#8221;#f7f7f7&#8243;][vc_empty_space][vc_column_text]<span style=\"color: #ffffff;\">We have formed a reliable team of skilled professionals who have been working with transportation for several years and know how to solve even the most difficult situations. <\/span>[\/vc_column_text][\/vc_column_inner][vc_column_inner width=&#8221;6\/12&#8243;][stm_icon icon_position=&#8221;icon_position_left&#8221; icon_size=&#8221;28&#8243; icon_width=&#8221;48&#8243; title_font_size=&#8221;28&#8243; title_font_weight=&#8221;700&#8243; icon=&#8221;fa fa-check-square&#8221; title=&#8221;OPERATIONALITY&#8221; title_color=&#8221;#ff7b00&#8243; text_color=&#8221;#f7f7f7&#8243;][vc_empty_space][vc_column_text]<span style=\"color: #ffffff;\">We respond to any situation in a timely manner with the help of specialists who can help ensure maximum efficiency of the services.<\/span>[\/vc_column_text][\/vc_column_inner][\/vc_row_inner][\/vc_column][\/vc_row][vc_row full_width=&#8221;stretch_row&#8221; css=&#8221;.vc_custom_1509533376724{background-color: #f4f4f4 !important;background-position: center !important;background-repeat: no-repeat !important;background-size: cover !important;}&#8221;][vc_column][vc_empty_space][vc_custom_heading text=&#8221;CONTACT US&#8221; use_theme_fonts=&#8221;yes&#8221;][vc_row_inner][vc_column_inner width=&#8221;4\/12&#8243;][vc_column_text css=&#8221;.vc_custom_1511016563840{margin-bottom: 0px !important;border-bottom-width: 0px !important;padding-bottom: 32px !important;}&#8221;]Not sure how to transport the cargo? Are you interested to find out the exact time of transportation? Contact personally or submit a request and we will contact you![\/vc_column_text][stm_icon icon_position=&#8221;icon_position_left&#8221; icon_size=&#8221;16&#8243; icon_width=&#8221;30&#8243; title_font_size=&#8221;14&#8243; title_font_weight=&#8221;500&#8243; text_color=&#8221;#333333&#8243; css=&#8221;.vc_custom_1580905575125{margin-top: 0px !important;margin-bottom: 0px !important;border-top-width: 0px !important;border-bottom-width: 0px !important;padding-top: 0px !important;padding-bottom: 0px !important;}&#8221; icon=&#8221;fa fa-map-marker&#8221; title=&#8221;Pa\u0161to g. 13, Pabrad\u0117, LT-18017 Lithuania&#8221;][vc_empty_space height=&#8221;16&#8243;][stm_icon icon_position=&#8221;icon_position_left&#8221; icon_size=&#8221;16&#8243; icon_width=&#8221;30&#8243; title_font_size=&#8221;14&#8243; title_font_weight=&#8221;500&#8243; icon=&#8221;fa fa-phone&#8221; text_color=&#8221;#333333&#8243; title=&#8221;+370 611 37771&#8243;][vc_empty_space height=&#8221;16&#8243;][stm_icon icon_position=&#8221;icon_position_left&#8221; icon_size=&#8221;14&#8243; icon_width=&#8221;30&#8243; title_font_size=&#8221;14&#8243; title_font_weight=&#8221;500&#8243; icon=&#8221;fa fa-envelope-o&#8221; text_color=&#8221;#333333&#8243; title=&#8221;info@rdksolutions.eu &#8220;][vc_empty_space][\/vc_column_inner][vc_column_inner width=&#8221;8\/12&#8221;]\n<div class=\"wpcf7 no-js\" id=\"wpcf7-f3450-o2\" lang=\"en-US\" dir=\"ltr\">\n<div class=\"screen-reader-response\"><p role=\"status\" aria-live=\"polite\" aria-atomic=\"true\"><\/p> <ul><\/ul><\/div>\n<form action=\"\/en\/wp-json\/wp\/v2\/pages\/2163#wpcf7-f3450-o2\" method=\"post\" class=\"wpcf7-form init\" aria-label=\"Contact form\" novalidate=\"novalidate\" data-status=\"init\">\n<div style=\"display: none;\">\n<input type=\"hidden\" name=\"_wpcf7\" value=\"3450\" \/>\n<input type=\"hidden\" name=\"_wpcf7_version\" value=\"5.7.7\" \/>\n<input type=\"hidden\" name=\"_wpcf7_locale\" value=\"en_US\" \/>\n<input type=\"hidden\" name=\"_wpcf7_unit_tag\" value=\"wpcf7-f3450-o2\" \/>\n<input type=\"hidden\" name=\"_wpcf7_container_post\" value=\"0\" \/>\n<input type=\"hidden\" name=\"_wpcf7_posted_data_hash\" value=\"\" \/>\n<\/div>\n<div class=\"request_quote\">\n\t<div class=\"row\">\n\t\t<div class=\"col-lg-6 col-md-6 col-sm-6 col-xs-12\">\n\t\t\t<div class=\"input-group\">\n\t\t\t\t<p><span class=\"wpcf7-form-control-wrap\" data-name=\"freight_type\"><select class=\"wpcf7-form-control wpcf7-select\" aria-invalid=\"false\" name=\"freight_type\"><option value=\"\">Type of cargo<\/option><option value=\"Full load\">Full load<\/option><option value=\"Partial load\">Partial load<\/option><\/select><\/span>\n\t\t\t\t<\/p>\n\t\t\t<\/div>\n\t\t\t<div class=\"input-group\">\n\t\t\t\t<p><span class=\"wpcf7-form-control-wrap\" data-name=\"departure_city\"><input size=\"40\" class=\"wpcf7-form-control wpcf7-text wpcf7-validates-as-required\" aria-required=\"true\" aria-invalid=\"false\" placeholder=\"Loading location\" value=\"\" type=\"text\" name=\"departure_city\" \/><\/span>\n\t\t\t\t<\/p>\n\t\t\t<\/div>\n\t\t\t<div class=\"input-group\">\n\t\t\t\t<p><span class=\"wpcf7-form-control-wrap\" data-name=\"delivery_city\"><input size=\"40\" class=\"wpcf7-form-control wpcf7-text\" aria-invalid=\"false\" placeholder=\"Unloading location\" value=\"\" type=\"text\" name=\"delivery_city\" \/><\/span>\n\t\t\t\t<\/p>\n\t\t\t<\/div>\n\t\t\t<div class=\"input-group\">\n\t\t\t\t<p><span class=\"wpcf7-form-control-wrap\" data-name=\"total_weight\"><input size=\"40\" class=\"wpcf7-form-control wpcf7-text\" aria-invalid=\"false\" placeholder=\"Weight (KG)\" value=\"\" type=\"text\" name=\"total_weight\" \/><\/span>\n\t\t\t\t<\/p>\n\t\t\t<\/div>\n\t\t<\/div>\n\t\t<div class=\"col-lg-6 col-md-6 col-sm-6 col-xs-12\">\n\t\t\t<div class=\"input-group\">\n\t\t\t\t<p><span class=\"wpcf7-form-control-wrap\" data-name=\"dimension\"><input size=\"40\" class=\"wpcf7-form-control wpcf7-text\" aria-invalid=\"false\" placeholder=\"Volumes\" value=\"\" type=\"text\" name=\"dimension\" \/><\/span>\n\t\t\t\t<\/p>\n\t\t\t<\/div>\n\t\t\t<div class=\"input-group\">\n\t\t\t\t<p><span class=\"wpcf7-form-control-wrap\" data-name=\"email\"><input size=\"40\" class=\"wpcf7-form-control wpcf7-text wpcf7-email wpcf7-validates-as-required wpcf7-validates-as-email\" aria-required=\"true\" aria-invalid=\"false\" placeholder=\"E. Mail\" value=\"\" type=\"email\" name=\"email\" \/><\/span>\n\t\t\t\t<\/p>\n\t\t\t<\/div>\n\t\t\t<div class=\"input-group\">\n\t\t\t\t<p><span class=\"wpcf7-form-control-wrap\" data-name=\"message\"><textarea cols=\"40\" rows=\"10\" class=\"wpcf7-form-control wpcf7-textarea\" aria-invalid=\"false\" placeholder=\"Message\" name=\"message\"><\/textarea><\/span>\n\t\t\t\t<\/p>\n\t\t\t<\/div>\n\t\t\t<div class=\"input-group\">\n\t\t\t\t<p><button class=\"button size-sm fullwidth white-text theme-wpcf7-submit\">Send <i class=\"stm-arrow-next\"><\/i><\/button>\n\t\t\t\t<\/p>\n\t\t\t<\/div>\n\t\t<\/div>\n\t<\/div>\n<\/div><div class=\"wpcf7-response-output\" aria-hidden=\"true\"><\/div>\n<\/form>\n<\/div>\n[\/vc_column_inner][\/vc_row_inner][vc_empty_space][\/vc_column][\/vc_row][vc_row full_width=&#8221;stretch_row_content_no_spaces&#8221;][vc_column][vc_gmaps link=&#8221;#E-8_JTNDaWZyYW1lJTIwc3JjJTNEJTIyaHR0cHMlM0ElMkYlMkZ3d3cuZ29vZ2xlLmNvbSUyRm1hcHMlMkZlbWJlZCUzRnBiJTNEJTIxMW0xOCUyMTFtMTIlMjExbTMlMjExZDIyODkuNDM1NDUxNTY1MDI2NiUyMTJkMjUuNzcyMzA5NzE1OTAwNzk2JTIxM2Q1NC45ODI5OTg4ODAzNTQ0OCUyMTJtMyUyMTFmMCUyMTJmMCUyMTNmMCUyMTNtMiUyMTFpMTAyNCUyMTJpNzY4JTIxNGYxMy4xJTIxM20zJTIxMW0yJTIxMXMweDQ2ZGQwYzkxNzMzMDVkMzclMjUzQTB4ODY1M2VlODg2YWI2Y2FlZSUyMTJzUGElMjVDNSUyNUExdG8lMjUyMGcuJTI1MjAxMyUyNTJDJTI1MjBQYWJyYWQlMjVDNCUyNTk3JTI1MjAxODE4MiUyNTJDJTI1MjBMaXR3YSUyMTVlMCUyMTNtMiUyMTFzcGwlMjEyc3BsJTIxNHYxNTgwOTA1MDM3NTkwJTIxNW0yJTIxMXNwbCUyMTJzcGwlMjIlMjB3aWR0aCUzRCUyMjIwMDAlMjIlMjBoZWlnaHQlM0QlMjI0MDAlMjIlMjBmcmFtZWJvcmRlciUzRCUyMjAlMjIlMjBzdHlsZSUzRCUyMmJvcmRlciUzQTAlM0IlMjIlMjBhbGxvd2Z1bGxzY3JlZW4lM0QlMjIlMjIlM0UlM0MlMkZpZnJhbWUlM0U=&#8221;][\/vc_column][\/vc_row]<\/p>","protected":false},"excerpt":{"rendered":"<p>[vc_row full_width=&#8221;stretch_row_content_no_spaces&#8221;][vc_column][rev_slider_vc alias=&#8221;main_slider&#8221;][\/vc_column][\/vc_row][vc_row full_width=&#8221;stretch_row&#8221; el_class=&#8221;base_bg_color no_overflow_hidden&#8221; css=&#8221;.vc_custom_1508348043553{background-color: #f7f7f7 !important;}&#8221;][vc_column width=&#8221;1\/4&#8243; offset=&#8221;vc_hidden-xs&#8221;][stm_rev_slider_nav icon=&#8221;stm-people-in-team-old&#8221; slide_number=&#8221;1&#8243; icon_height=&#8221;40&#8243;][\/vc_column][vc_column width=&#8221;1\/4&#8243; offset=&#8221;vc_hidden-xs&#8221;][stm_rev_slider_nav icon=&#8221;stm-clients-worldwide&#8221; slide_number=&#8221;2&#8243; icon_height=&#8221;40&#8243;][\/vc_column][vc_column width=&#8221;1\/4&#8243; offset=&#8221;vc_hidden-xs&#8221;][stm_rev_slider_nav icon=&#8221;stm-transport849&#8243; slide_number=&#8221;3&#8243; icon_height=&#8221;40&#8243;][\/vc_column][vc_column width=&#8221;1\/4&#8243; offset=&#8221;vc_hidden-xs&#8221;][stm_rev_slider_nav icon=&#8221;stm-projects-done&#8221; slide_number=&#8221;4&#8243; icon_height=&#8221;40&#8243;][\/vc_column][\/vc_row][vc_row full_width=&#8221;stretch_row&#8221; content_placement=&#8221;middle&#8221; css=&#8221;.vc_custom_1508408281896{margin-top: 0px&#8230;<\/p>\n","protected":false},"author":1,"featured_media":0,"parent":0,"menu_order":0,"comment_status":"closed","ping_status":"closed","template":"","meta":[],"yoast_head":"<!-- This site is optimized with the Yoast SEO plugin v21.1 - https:\/\/yoast.com\/wordpress\/plugins\/seo\/ -->\n<title>Logistika ir krovini\u0173 perve\u017eimas- UAB &quot;RDK Solutions&quot;<\/title>\n<meta name=\"description\" content=\"Logistika ir krovini\u0173 perve\u017eimas: perve\u017eame krovinius, teikiame sand\u0117liavimo, muitin\u0117s tarpinink\u0173 paslaugas- UAB &quot;RDK Solutions&quot;\" \/>\n<meta name=\"robots\" content=\"index, follow, max-snippet:-1, max-image-preview:large, max-video-preview:-1\" \/>\n<link rel=\"canonical\" href=\"https:\/\/rdksolutions.eu\/\" \/>\n<meta property=\"og:locale\" content=\"en_US\" \/>\n<meta property=\"og:type\" content=\"article\" \/>\n<meta property=\"og:title\" content=\"Logistika ir krovini\u0173 perve\u017eimas- UAB &quot;RDK Solutions&quot;\" \/>\n<meta property=\"og:description\" content=\"Logistika ir krovini\u0173 perve\u017eimas: perve\u017eame krovinius, teikiame sand\u0117liavimo, muitin\u0117s tarpinink\u0173 paslaugas- UAB &quot;RDK Solutions&quot;\" \/>\n<meta property=\"og:url\" content=\"https:\/\/rdksolutions.eu\/\" \/>\n<meta property=\"og:site_name\" content=\"www.rdksolutions.eu\" \/>\n<meta property=\"article:modified_time\" content=\"2021-12-16T08:21:56+00:00\" \/>\n<meta name=\"twitter:card\" content=\"summary_large_image\" \/>\n<meta name=\"twitter:label1\" content=\"Est. reading time\" \/>\n\t<meta name=\"twitter:data1\" content=\"4 minutes\" \/>\n<script type=\"application\/ld+json\" class=\"yoast-schema-graph\">{\"@context\":\"https:\/\/schema.org\",\"@graph\":[{\"@type\":\"WebPage\",\"@id\":\"https:\/\/rdksolutions.eu\/\",\"url\":\"https:\/\/rdksolutions.eu\/\",\"name\":\"Logistika ir krovini\u0173 perve\u017eimas- UAB \\\"RDK Solutions\\\"\",\"isPartOf\":{\"@id\":\"https:\/\/rdksolutions.eu\/pl\/#website\"},\"datePublished\":\"2015-10-21T07:42:32+00:00\",\"dateModified\":\"2021-12-16T08:21:56+00:00\",\"description\":\"Logistika ir krovini\u0173 perve\u017eimas: perve\u017eame krovinius, teikiame sand\u0117liavimo, muitin\u0117s tarpinink\u0173 paslaugas- UAB \\\"RDK Solutions\\\"\",\"breadcrumb\":{\"@id\":\"https:\/\/rdksolutions.eu\/#breadcrumb\"},\"inLanguage\":\"en-US\",\"potentialAction\":[{\"@type\":\"ReadAction\",\"target\":[\"https:\/\/rdksolutions.eu\/\"]}]},{\"@type\":\"BreadcrumbList\",\"@id\":\"https:\/\/rdksolutions.eu\/#breadcrumb\",\"itemListElement\":[{\"@type\":\"ListItem\",\"position\":1,\"name\":\"Home\",\"item\":\"https:\/\/rdksolutions.eu\/\"},{\"@type\":\"ListItem\",\"position\":2,\"name\":\"PRZEWOZY MI\u0118DZYNARODOWE I US\u0141UGI LOGISTYCZNE\"}]},{\"@type\":\"WebSite\",\"@id\":\"https:\/\/rdksolutions.eu\/pl\/#website\",\"url\":\"https:\/\/rdksolutions.eu\/pl\/\",\"name\":\"www.rdksolutions.eu\",\"description\":\"Logistics services - RDK Solutions\",\"publisher\":{\"@id\":\"https:\/\/rdksolutions.eu\/pl\/#organization\"},\"potentialAction\":[{\"@type\":\"SearchAction\",\"target\":{\"@type\":\"EntryPoint\",\"urlTemplate\":\"https:\/\/rdksolutions.eu\/pl\/?s={search_term_string}\"},\"query-input\":\"required name=search_term_string\"}],\"inLanguage\":\"en-US\"},{\"@type\":\"Organization\",\"@id\":\"https:\/\/rdksolutions.eu\/pl\/#organization\",\"name\":\"UAB \\\"RDK Solutions\\\"\",\"url\":\"https:\/\/rdksolutions.eu\/pl\/\",\"logo\":{\"@type\":\"ImageObject\",\"inLanguage\":\"en-US\",\"@id\":\"https:\/\/rdksolutions.eu\/pl\/#\/schema\/logo\/image\/\",\"url\":\"https:\/\/rdksolutions.eu\/wp-content\/uploads\/2017\/10\/logo_png_www.rdksolutions.eu_.png\",\"contentUrl\":\"https:\/\/rdksolutions.eu\/wp-content\/uploads\/2017\/10\/logo_png_www.rdksolutions.eu_.png\",\"width\":200,\"height\":90,\"caption\":\"UAB \\\"RDK Solutions\\\"\"},\"image\":{\"@id\":\"https:\/\/rdksolutions.eu\/pl\/#\/schema\/logo\/image\/\"}}]}<\/script>\n<!-- \/ Yoast SEO plugin. -->","yoast_head_json":{"title":"Logistika ir krovini\u0173 perve\u017eimas- UAB \"RDK Solutions\"","description":"Logistika ir krovini\u0173 perve\u017eimas: perve\u017eame krovinius, teikiame sand\u0117liavimo, muitin\u0117s tarpinink\u0173 paslaugas- UAB \"RDK Solutions\"","robots":{"index":"index","follow":"follow","max-snippet":"max-snippet:-1","max-image-preview":"max-image-preview:large","max-video-preview":"max-video-preview:-1"},"canonical":"https:\/\/rdksolutions.eu\/","og_locale":"en_US","og_type":"article","og_title":"Logistika ir krovini\u0173 perve\u017eimas- UAB \"RDK Solutions\"","og_description":"Logistika ir krovini\u0173 perve\u017eimas: perve\u017eame krovinius, teikiame sand\u0117liavimo, muitin\u0117s tarpinink\u0173 paslaugas- UAB \"RDK Solutions\"","og_url":"https:\/\/rdksolutions.eu\/","og_site_name":"www.rdksolutions.eu","article_modified_time":"2021-12-16T08:21:56+00:00","twitter_card":"summary_large_image","twitter_misc":{"Est. reading time":"4 minutes"},"schema":{"@context":"https:\/\/schema.org","@graph":[{"@type":"WebPage","@id":"https:\/\/rdksolutions.eu\/","url":"https:\/\/rdksolutions.eu\/","name":"Logistika ir krovini\u0173 perve\u017eimas- UAB \"RDK Solutions\"","isPartOf":{"@id":"https:\/\/rdksolutions.eu\/pl\/#website"},"datePublished":"2015-10-21T07:42:32+00:00","dateModified":"2021-12-16T08:21:56+00:00","description":"Logistika ir krovini\u0173 perve\u017eimas: perve\u017eame krovinius, teikiame sand\u0117liavimo, muitin\u0117s tarpinink\u0173 paslaugas- UAB \"RDK Solutions\"","breadcrumb":{"@id":"https:\/\/rdksolutions.eu\/#breadcrumb"},"inLanguage":"en-US","potentialAction":[{"@type":"ReadAction","target":["https:\/\/rdksolutions.eu\/"]}]},{"@type":"BreadcrumbList","@id":"https:\/\/rdksolutions.eu\/#breadcrumb","itemListElement":[{"@type":"ListItem","position":1,"name":"Home","item":"https:\/\/rdksolutions.eu\/"},{"@type":"ListItem","position":2,"name":"PRZEWOZY MI\u0118DZYNARODOWE I US\u0141UGI LOGISTYCZNE"}]},{"@type":"WebSite","@id":"https:\/\/rdksolutions.eu\/pl\/#website","url":"https:\/\/rdksolutions.eu\/pl\/","name":"www.rdksolutions.eu","description":"Logistics services - RDK Solutions","publisher":{"@id":"https:\/\/rdksolutions.eu\/pl\/#organization"},"potentialAction":[{"@type":"SearchAction","target":{"@type":"EntryPoint","urlTemplate":"https:\/\/rdksolutions.eu\/pl\/?s={search_term_string}"},"query-input":"required name=search_term_string"}],"inLanguage":"en-US"},{"@type":"Organization","@id":"https:\/\/rdksolutions.eu\/pl\/#organization","name":"UAB \"RDK Solutions\"","url":"https:\/\/rdksolutions.eu\/pl\/","logo":{"@type":"ImageObject","inLanguage":"en-US","@id":"https:\/\/rdksolutions.eu\/pl\/#\/schema\/logo\/image\/","url":"https:\/\/rdksolutions.eu\/wp-content\/uploads\/2017\/10\/logo_png_www.rdksolutions.eu_.png","contentUrl":"https:\/\/rdksolutions.eu\/wp-content\/uploads\/2017\/10\/logo_png_www.rdksolutions.eu_.png","width":200,"height":90,"caption":"UAB \"RDK Solutions\""},"image":{"@id":"https:\/\/rdksolutions.eu\/pl\/#\/schema\/logo\/image\/"}}]}},"_links":{"self":[{"href":"https:\/\/rdksolutions.eu\/en\/wp-json\/wp\/v2\/pages\/2163"}],"collection":[{"href":"https:\/\/rdksolutions.eu\/en\/wp-json\/wp\/v2\/pages"}],"about":[{"href":"https:\/\/rdksolutions.eu\/en\/wp-json\/wp\/v2\/types\/page"}],"author":[{"embeddable":true,"href":"https:\/\/rdksolutions.eu\/en\/wp-json\/wp\/v2\/users\/1"}],"replies":[{"embeddable":true,"href":"https:\/\/rdksolutions.eu\/en\/wp-json\/wp\/v2\/comments?post=2163"}],"version-history":[{"count":188,"href":"https:\/\/rdksolutions.eu\/en\/wp-json\/wp\/v2\/pages\/2163\/revisions"}],"predecessor-version":[{"id":4175,"href":"https:\/\/rdksolutions.eu\/en\/wp-json\/wp\/v2\/pages\/2163\/revisions\/4175"}],"wp:attachment":[{"href":"https:\/\/rdksolutions.eu\/en\/wp-json\/wp\/v2\/media?parent=2163"}],"curies":[{"name":"wp","href":"https:\/\/api.w.org\/{rel}","templated":true}]}}